{"id":22414,"date":"2025-10-16T17:52:23","date_gmt":"2025-10-16T09:52:23","guid":{"rendered":"https:\/\/yebodaglass.com\/?post_type=product&#038;p=22414"},"modified":"2026-04-13T09:49:20","modified_gmt":"2026-04-13T01:49:20","slug":"glass-milk-bottle-with-crimp-neck-for-dairy-drinks-bulk","status":"publish","type":"product","link":"https:\/\/yebodaglass.com\/hu\/glass-milk-bottle-with-crimp-neck-for-dairy-drinks-bulk\/","title":{"rendered":"200-1000 ml-es \u00fcveg tejespalack krimpelhet\u0151 nyakkal tejitalokhoz, \u00f6mlesztett"},"content":{"rendered":"<p>Az \u00fcveg tejespalack klasszikus diz\u00e1jnnal rendelkezik, letisztult \u00e9s letisztult megjelen\u00e9st k\u00f6lcs\u00f6n\u00f6z, amely illik tejterm\u00e9kekhez, gy\u00fcm\u00f6lcslevekhez \u00e9s minden m\u00e1s italt\u00e1rol\u00f3 ed\u00e9nyhez. A tejespalackok k\u00fcl\u00f6nb\u00f6z\u0151 m\u00e9retekben kaphat\u00f3k, bele\u00e9rtve a biztons\u00e1gos kupakokat is, amelyek megv\u00e9dik a term\u00e9ket az \u00fczletekben val\u00f3 bemutat\u00e1s sor\u00e1n, \u00e9s lehet\u0151v\u00e9 teszik a v\u00e1s\u00e1rl\u00f3k sz\u00e1m\u00e1ra, hogy hazavigy\u00e9k \u00e9s szem\u00e9lyre szabott m\u00e1rka\u00e9p\u00edt\u00e9shez haszn\u00e1lj\u00e1k.<\/p>\n<h2>Term\u00e9kjellemz\u0151k<\/h2>\n<ul>\n<li><strong>Er\u0151s krimpel\u0151 t\u00f6m\u00edt\u00e9s: <\/strong>A t\u00f6r\u00e9st nyak kialak\u00edt\u00e1sa kiz\u00e1rja, hogy a leveg\u0151\u2014a poh\u00e1r tej \u00fcveg tartja tej frissebb tov\u00e1bb.<\/li>\n<li><strong>Krist\u00e1lytiszta: <\/strong>A nagy vil\u00e1goss\u00e1g, az \u00fcveg vil\u00e1gosan mutatja, a frissess\u00e9g, a tej\u2014a poh\u00e1r tej \u00fcveg azonnal l\u00e9trehozza a bizalom a m\u00e1rka.<\/li>\n<li><strong>Tart\u00f3s \u00e9s \u00fajrafelhaszn\u00e1lhat\u00f3: <\/strong>A vastag fal ellen\u00e1ll a hat\u00e1sa bev\u00e1s\u00e1rl\u00f3kocsik\u2014\u00fcgyfelek \u00fajra felhaszn\u00e1lhatja a turmixokat t\u00f6bbet.<\/li>\n<li><strong>Rugalmas m\u00e9retek: <\/strong>Kaphat\u00f3 m\u00e9retek t\u00f3l 200 ml, 1000 ml, lehet tal\u00e1lkozni a kors\u00f3, liter, vagy gallon sz\u00fcks\u00e9ge van.<\/li>\n<\/ul>\n<h2>F\u0151bb specifik\u00e1ci\u00f3k<\/h2>\n<table style=\"border-collapse: collapse; width: 80%; margin-left: auto; margin-right: auto;\" border=\"0\" width=\"288\" cellspacing=\"0\" cellpadding=\"0\">\n<tbody>\n<tr style=\"height: 13.50pt;\">\n<td style=\"height: 13.5pt; width: 54pt; text-align: center;\" width=\"72\" height=\"18\">Modell<\/td>\n<td style=\"width: 54pt; text-align: center;\" width=\"72\">Kapacit\u00e1s (ml)<\/td>\n<td style=\"width: 54pt; text-align: center;\" width=\"72\">M\u00e9ret (cm)<\/td>\n<td style=\"width: 54pt; text-align: center;\" width=\"72\">Nyak t\u00edpusa<\/td>\n<\/tr>\n<tr style=\"height: 13.50pt;\">\n<td style=\"height: 13.5pt; text-align: center;\" align=\"right\" height=\"18\">64020006<\/td>\n<td style=\"text-align: center;\" align=\"right\">200<\/td>\n<td style=\"text-align: center;\">6.0&#215;12.0<\/td>\n<td class=\"et2\" style=\"text-align: center;\" rowspan=\"4\">Nyaki Red\u0151t<\/td>\n<\/tr>\n<tr style=\"height: 13.50pt;\">\n<td style=\"height: 13.5pt; text-align: center;\" align=\"right\" height=\"18\">62025007<\/td>\n<td style=\"text-align: center;\" align=\"right\">250<\/td>\n<td style=\"text-align: center;\">5.9&#215;14.05<\/td>\n<\/tr>\n<tr style=\"height: 13.50pt;\">\n<td style=\"height: 13.5pt; text-align: center;\" align=\"right\" height=\"18\">62050008<\/td>\n<td style=\"text-align: center;\" align=\"right\">500<\/td>\n<td style=\"text-align: center;\">7.32&#215;20.8<\/td>\n<\/tr>\n<tr style=\"height: 13.50pt;\">\n<td style=\"height: 13.5pt; text-align: center;\" align=\"right\" height=\"18\">64100009<\/td>\n<td style=\"text-align: center;\" align=\"right\">1000<\/td>\n<td style=\"text-align: center;\">8.5&#215;25.7<\/td>\n<\/tr>\n<\/tbody>\n<\/table>\n<h2>Sikeres eset<\/h2>\n<p>Szerves gazdas\u00e1g \u00daj-Z\u00e9land \u00f6ssze\u00e1llt egy csomagol\u00e1s friss\u00edt\u00e9s a pr\u00e9mium vonal szerves tej. K\u00e9sz\u00fclt poh\u00e1r tej palackok hull\u00e1m-nyak kialak\u00edt\u00e1sa \u00e9rdek\u00e9ben sapka t\u00f6m\u00edt\u00e9s volt z\u00f6kken\u0151mentes, hogy gyors\u00edts\u00e1k fel a k\u00f6zgy\u0171l\u00e9s a t\u00f6ltel\u00e9k sort. Minden egyes palack k\u00e9sz\u00fclt vastag, er\u0151sen \u00e1tl\u00e1tsz\u00f3 \u00fcveg, amely egy szil\u00e1rd \u00e9rzem magam, pedig krist\u00e1ly-tiszta befejez\u00e9s, ami a tej term\u00e9szetes, finom \u00edz\u0171 l\u00e1that\u00f3.<\/p>\n<p>Mint egy nagy meccs, a design, a m\u00e1rka log\u00f3ja, valamint a gazdas\u00e1g, embl\u00e9ma megjelenik, a megk\u00f6nnyebb\u00fcl\u00e9s, a kupak, ez\u00e1ltal egy eredeti, k\u00e9zzel gy\u00e1rtott \u00e9rzem, hogy vonz\u00f3, hogy k\u00f6rnyezetbar\u00e1t fogyaszt\u00f3k.<\/p>\n<p>Az \u00faj csomagol\u00e1s volt a hit, a helyi fogyaszt\u00f3k sz\u00e1m\u00e1ra, egy nagyon r\u00f6vid id\u0151 alatt, a sok jegy elkelt 48 \u00f3r\u00e1n bel\u00fcl.<\/p>\n<h2>Testreszab\u00e1si k\u00e9zik\u00f6nyved<\/h2>\n<ol>\n<li><strong>Fed\u00e9l Lehet\u0151s\u00e9gek:<\/strong> Bottiglie di yogurt in vetro trasparente all&#039;ingrosso, ideali per dessert, yogurt o candele. Vasetti di vetro resistenti e riutilizzabili, perfetti per confezioni in vetro.<\/li>\n<li><strong>Sz\u00edn M\u00f3dos\u00edt\u00e1s:<\/strong> N\u00e9gy k\u00fcl\u00f6nb\u00f6z\u0151 sz\u00ednben \u00e1llnak rendelkez\u00e9sre, azaz vil\u00e1gos, matt, borosty\u00e1n, sz\u00ednezett.<\/li>\n<li><strong>M\u00e1rka:<\/strong> K\u00f6lcs\u00f6n\u00f6z a m\u00e1rka log\u00f3 kereszt\u00fcl k\u00e9perny\u0151 nyomtat\u00e1s, matrica, vagy dombornyom\u00e1s.<\/li>\n<\/ol>","protected":false},"excerpt":{"rendered":"<p>Tart\u00f3s, \u00e1tl\u00e1tsz\u00f3 \u00fcveg tej \u00fcveg ide\u00e1lis tej, narancsl\u00e9, k\u00e1v\u00e9 csomagol\u00e1s. T\u00f6k\u00e9letes k\u00e1v\u00e9z\u00f3k, tejfeldolgoz\u00f3k, illetve otthoni haszn\u00e1latra. Egyedi log\u00f3k, majd fed\u0151 \u00e1ll rendelkez\u00e9sre.<\/p>","protected":false},"featured_media":22419,"template":"","meta":[],"product_brand":[],"product_cat":[123,122,131],"product_tag":[],"class_list":{"0":"post-22414","1":"product","2":"type-product","3":"status-publish","4":"has-post-thumbnail","6":"product_cat-custom-glass-bottles","7":"product_cat-custom-glass-packaging","8":"product_cat-glass-milk-bottles","10":"first","11":"instock","12":"shipping-taxable","13":"product-type-simple"},"jetpack_sharing_enabled":true,"_links":{"self":[{"href":"https:\/\/yebodaglass.com\/hu\/wp-json\/wp\/v2\/product\/22414","targetHints":{"allow":["GET"]}}],"collection":[{"href":"https:\/\/yebodaglass.com\/hu\/wp-json\/wp\/v2\/product"}],"about":[{"href":"https:\/\/yebodaglass.com\/hu\/wp-json\/wp\/v2\/types\/product"}],"version-history":[{"count":5,"href":"https:\/\/yebodaglass.com\/hu\/wp-json\/wp\/v2\/product\/22414\/revisions"}],"predecessor-version":[{"id":25756,"href":"https:\/\/yebodaglass.com\/hu\/wp-json\/wp\/v2\/product\/22414\/revisions\/25756"}],"wp:featuredmedia":[{"embeddable":true,"href":"https:\/\/yebodaglass.com\/hu\/wp-json\/wp\/v2\/media\/22419"}],"wp:attachment":[{"href":"https:\/\/yebodaglass.com\/hu\/wp-json\/wp\/v2\/media?parent=22414"}],"wp:term":[{"taxonomy":"product_brand","embeddable":true,"href":"https:\/\/yebodaglass.com\/hu\/wp-json\/wp\/v2\/product_brand?post=22414"},{"taxonomy":"product_cat","embeddable":true,"href":"https:\/\/yebodaglass.com\/hu\/wp-json\/wp\/v2\/product_cat?post=22414"},{"taxonomy":"product_tag","embeddable":true,"href":"https:\/\/yebodaglass.com\/hu\/wp-json\/wp\/v2\/product_tag?post=22414"}],"curies":[{"name":"wp","href":"https:\/\/api.w.org\/{rel}","templated":true}]}}