{"id":22391,"date":"2025-10-16T10:42:19","date_gmt":"2025-10-16T02:42:19","guid":{"rendered":"https:\/\/yebodaglass.com\/?post_type=product&#038;p=22391"},"modified":"2025-11-04T11:58:15","modified_gmt":"2025-11-04T03:58:15","slug":"glass-milk-bottles-for-milk-juice-smoothies","status":"publish","type":"product","link":"https:\/\/yebodaglass.com\/hu\/glass-milk-bottles-for-milk-juice-smoothies\/","title":{"rendered":"200-1000 ml-es \u00e1tl\u00e1tsz\u00f3 \u00fcveg tejpalackok tejhez, gy\u00fcm\u00f6lcsl\u00e9hez, turmixokhoz"},"content":{"rendered":"<p>Elege van a sziv\u00e1rg\u00f3 vagy reped\u0151 tejespalackokb\u00f3l? Vastag fal\u00fa tejes\u00fcvegeket k\u00e9sz\u00edt\u00fcnk \u2013 nincs t\u00f6bb\u00e9 \u00e1t\u00e1zott doboz. Ezek az \u00fcveg tejespalackok pr\u00e9mium pillanatokk\u00e1 var\u00e1zsolj\u00e1k az italok t\u00e1rol\u00e1s\u00e1t. Nagyobb megrendel\u00e9sek eset\u00e9n egyedi \u00fcvegpalackokat kap, amelyek megfelelnek a m\u00e1rk\u00e1ja frissess\u00e9gi \u00edg\u00e9ret\u00e9nek.<\/p>\n<h2>Term\u00e9kjellemz\u0151k<\/h2>\n<p><strong>A lez\u00e1rt kialak\u00edt\u00e1snak k\u00f6sz\u00f6nhet\u0151en egyszer\u0171en \u00e9s rendetlen\u00fcl tarthat\u00f3.<\/strong><\/p>\n<p>A menetes nyak hat\u00e9konyan kiz\u00e1rja a leveg\u0151t, kik\u00fcsz\u00f6b\u00f6lve a szagpanaszokat.<\/p>\n<p><strong>Vastag \u00fcveg a nulla hullad\u00e9k\u00e9rt<\/strong><\/p>\n<p>A vastag fal\u00fa kialak\u00edt\u00e1snak k\u00f6sz\u00f6nhet\u0151en m\u00e9g a bev\u00e1s\u00e1rl\u00f3kocsi \u00fct\u0151d\u00e9seit\u0151l is biztons\u00e1gos. A v\u00e1s\u00e1rl\u00f3k smoothie \u00fcvegk\u00e9nt is \u00fajrafelhaszn\u00e1lhatj\u00e1k, \u00edgy megtakar\u00edtva a csere k\u00f6lts\u00e9geit.<\/p>\n<p><strong>K\u00fcl\u00f6nb\u00f6z\u0151 m\u00e9retek kaphat\u00f3k<\/strong><\/p>\n<p>Kis m\u00e9reteket k\u00edn\u00e1lunk 200 ml-t\u0151l 310 ml-ig, amelyek t\u00f6k\u00e9letesek az egyadagos tejhez, \u00e9s nagy m\u00e9reteket 500 ml-t\u0151l 1000 ml-ig, amelyek t\u00f6k\u00e9letesek csal\u00e1di m\u00e9retek sz\u00e1m\u00e1ra.<\/p>\n<p><strong>A m\u00e1rk\u00e1d t\u00falmutat egy \u00fcvegen<\/strong><\/p>\n<p>Tedd r\u00e1 a log\u00f3dat az \u00fcveg tejespalackodra, \u00e9s a v\u00e1s\u00e1rl\u00f3k azonnal megtal\u00e1lnak a polcon.<\/p>\n<h2>F\u0151bb specifik\u00e1ci\u00f3k<\/h2>\n<table style=\"border-collapse: collapse; width: 80%; margin-left: auto; margin-right: auto;\" border=\"0\" width=\"360\" cellspacing=\"0\" cellpadding=\"0\">\n<tbody>\n<tr style=\"height: 13.50pt;\">\n<td style=\"height: 13.5pt; width: 54pt; text-align: center;\" width=\"72\" height=\"18\">Modell<\/td>\n<td style=\"width: 54pt; text-align: center;\" width=\"72\">Kapacit\u00e1s (ml)<\/td>\n<td style=\"width: 54pt; text-align: center;\" width=\"72\">M\u00e9ret (cm)<\/td>\n<td style=\"width: 54pt; text-align: center;\" width=\"72\">Sz\u00ednbe\u00e1ll\u00edt\u00e1sok<\/td>\n<td style=\"width: 54pt; text-align: center;\" width=\"72\">Nyak t\u00edpusa<\/td>\n<\/tr>\n<tr style=\"height: 13.50pt;\">\n<td style=\"height: 13.5pt; text-align: center;\" align=\"right\" height=\"18\">64020001<\/td>\n<td style=\"text-align: center;\" align=\"right\">200<\/td>\n<td style=\"text-align: center;\">5.8&#215;12.0<\/td>\n<td class=\"et2\" style=\"text-align: center;\" rowspan=\"5\">T\u00f6rl\u00e9s (Egy\u00e9ni)<\/td>\n<td class=\"et2\" style=\"text-align: center;\" rowspan=\"5\">Csavarmenetes<\/td>\n<\/tr>\n<tr style=\"height: 13.50pt;\">\n<td style=\"height: 13.5pt; text-align: center;\" align=\"right\" height=\"18\">64025002<\/td>\n<td style=\"text-align: center;\" align=\"right\">250<\/td>\n<td style=\"text-align: center;\">5.9&#215;13.7<\/td>\n<\/tr>\n<tr style=\"height: 13.50pt;\">\n<td style=\"height: 13.5pt; text-align: center;\" align=\"right\" height=\"18\">64031003<\/td>\n<td style=\"text-align: center;\" align=\"right\">310<\/td>\n<td style=\"text-align: center;\">6.4&#215;15.3<\/td>\n<\/tr>\n<tr style=\"height: 13.50pt;\">\n<td style=\"height: 13.5pt; text-align: center;\" align=\"right\" height=\"18\">64050004<\/td>\n<td style=\"text-align: center;\" align=\"right\">500<\/td>\n<td style=\"text-align: center;\">7.5&#215;20.85<\/td>\n<\/tr>\n<tr style=\"height: 13.50pt;\">\n<td style=\"height: 13.5pt; text-align: center;\" align=\"right\" height=\"18\">64100005<\/td>\n<td style=\"text-align: center;\" align=\"right\">1000<\/td>\n<td style=\"text-align: center;\">8.5&#215;26.0<\/td>\n<\/tr>\n<\/tbody>\n<\/table>\n<h2>Sikeres eset<\/h2>\n<p>Egy biogazdas\u00e1g azt szerette volna, ha \u00fajranevezz\u00fck pr\u00e9mium biotejcsal\u00e1djukat. Egyedi megrendel\u00e9st k\u00e9sz\u00edtettek \u00fcveg tejespalackokra, amelyek extra vastag, nagy felbont\u00e1s\u00fa sz\u00f3da\u00fcvegb\u0151l k\u00e9sz\u00fcltek, hogy a tej term\u00e9szetes sz\u00edne j\u00f3l l\u00e1that\u00f3 legyen. A gazdas\u00e1g log\u00f3ja \u00e9s a k\u00f6nny\u0171 \u00f6nt\u00e9st biztos\u00edt\u00f3 sima nyak d\u00edsz\u00edti az egyes palackokat. A megjelen\u00e9s kieg\u00e9sz\u00edt\u00e9sek\u00e9nt a m\u00e1rka ez\u00fcst sz\u00edn\u0171, csavaros f\u00e9mkupakot \u00e9s biztons\u00e1gi szilikonbet\u00e9tet is v\u00e1lasztott a frissess\u00e9g biztos\u00edt\u00e1sa \u00e9s a sz\u00e1ll\u00edt\u00e1s k\u00f6zbeni sziv\u00e1rg\u00e1s megakad\u00e1lyoz\u00e1sa \u00e9rdek\u00e9ben.<\/p>\n<p>Az egyedi csomagol\u00e1snak k\u00f6sz\u00f6nhet\u0151en a term\u00e9k bevezet\u00e9se ut\u00e1n 30 napon bel\u00fcl megdupl\u00e1z\u00f3dott az elad\u00e1s, ami arra k\u00e9sztette a gazdas\u00e1got, hogy tov\u00e1bbra is az egyedi \u00fcveg tejpalackjainkat haszn\u00e1lja a teljes bioterm\u00e9kcsal\u00e1dj\u00e1hoz, \u00e9s m\u00e1s tejterm\u00e9kkateg\u00f3ri\u00e1kba is bel\u00e9pjen.<\/p>\n<h2>Testreszab\u00e1si k\u00e9zik\u00f6nyved<\/h2>\n<ol>\n<li><strong>Palack kialak\u00edt\u00e1sa:<\/strong> A luxusabb megjelen\u00e9s \u00e9s text\u00fara \u00e9rdek\u00e9ben v\u00e1laszthat dombornyomott vagy festett mint\u00e1kat.<\/li>\n<li><strong>Sapka:<\/strong> V\u00e1laszd ki a term\u00e9ked kupakj\u00e1nak anyag\u00e1t, pl. m\u0171anyag, fa, f\u00e9m \u00e9s sok m\u00e1s, a kupak sz\u00edne pedig szem\u00e9lyre szabhat\u00f3.<\/li>\n<li><strong>Log\u00f3 nyomtat\u00e1s:<\/strong> Tedd egyediv\u00e9 a log\u00f3dat, ak\u00e1r a kupakra, ak\u00e1r a palackra nyomtatva.<\/li>\n<\/ol>","protected":false},"excerpt":{"rendered":"<p>Tart\u00f3s, \u00e1tl\u00e1tsz\u00f3 \u00fcveg tejespalackok \u00e9s klasszikus diz\u00e1jn\u00fa tejes\u00fcveg, t\u00f6k\u00e9letes tej, gy\u00fcm\u00f6lcsl\u00e9 vagy turmixok felszolg\u00e1l\u00e1s\u00e1ra. Ide\u00e1lis otthoni vagy k\u00e1v\u00e9z\u00f3i haszn\u00e1latra.<\/p>","protected":false},"featured_media":22410,"template":"","meta":[],"product_brand":[],"product_cat":[123,122,131],"product_tag":[],"class_list":{"0":"post-22391","1":"product","2":"type-product","3":"status-publish","4":"has-post-thumbnail","6":"product_cat-custom-glass-bottles","7":"product_cat-custom-glass-packaging","8":"product_cat-glass-milk-bottles","10":"first","11":"instock","12":"shipping-taxable","13":"product-type-simple"},"jetpack_sharing_enabled":true,"_links":{"self":[{"href":"https:\/\/yebodaglass.com\/hu\/wp-json\/wp\/v2\/product\/22391","targetHints":{"allow":["GET"]}}],"collection":[{"href":"https:\/\/yebodaglass.com\/hu\/wp-json\/wp\/v2\/product"}],"about":[{"href":"https:\/\/yebodaglass.com\/hu\/wp-json\/wp\/v2\/types\/product"}],"version-history":[{"count":3,"href":"https:\/\/yebodaglass.com\/hu\/wp-json\/wp\/v2\/product\/22391\/revisions"}],"predecessor-version":[{"id":22441,"href":"https:\/\/yebodaglass.com\/hu\/wp-json\/wp\/v2\/product\/22391\/revisions\/22441"}],"wp:featuredmedia":[{"embeddable":true,"href":"https:\/\/yebodaglass.com\/hu\/wp-json\/wp\/v2\/media\/22410"}],"wp:attachment":[{"href":"https:\/\/yebodaglass.com\/hu\/wp-json\/wp\/v2\/media?parent=22391"}],"wp:term":[{"taxonomy":"product_brand","embeddable":true,"href":"https:\/\/yebodaglass.com\/hu\/wp-json\/wp\/v2\/product_brand?post=22391"},{"taxonomy":"product_cat","embeddable":true,"href":"https:\/\/yebodaglass.com\/hu\/wp-json\/wp\/v2\/product_cat?post=22391"},{"taxonomy":"product_tag","embeddable":true,"href":"https:\/\/yebodaglass.com\/hu\/wp-json\/wp\/v2\/product_tag?post=22391"}],"curies":[{"name":"wp","href":"https:\/\/api.w.org\/{rel}","templated":true}]}}