{"id":22346,"date":"2025-10-13T17:04:42","date_gmt":"2025-10-13T09:04:42","guid":{"rendered":"https:\/\/yebodaglass.com\/?post_type=product&#038;p=22346"},"modified":"2025-11-28T15:41:38","modified_gmt":"2025-11-28T07:41:38","slug":"wholesale-dual-function-2-in-1-oil-dispenser-with-handle","status":"publish","type":"product","link":"https:\/\/yebodaglass.com\/hu\/wholesale-dual-function-2-in-1-oil-dispenser-with-handle\/","title":{"rendered":"Wholesale 530ml Dual Function 2 in 1 Oil Dispenser with Handle"},"content":{"rendered":"<p>Ergonomikus foganty\u00faj\u00e1val \u00e9s \u00e1tl\u00e1tsz\u00f3 \u00fcvegtest\u00e9vel, amelyen kereszt\u00fcl az aranysz\u00edn\u0171 olaj j\u00f3l l\u00e1that\u00f3, ez a 2 az 1-ben olajadagol\u00f3 ide\u00e1lis megold\u00e1s mind a permetez\u00e9shez, mind az \u00f6nt\u00e9shez. T\u00f6k\u00e9letesen \u00f6tv\u00f6zi a funkci\u00f3kat, \u00edgy konyh\u00e1ja m\u00e9g b\u00e1josabb lesz.<\/p>\n<h2>Term\u00e9kjellemz\u0151k<\/h2>\n<ul>\n<li><strong>Permetez\u00e9s vagy \u00f6nt\u00e9s:<\/strong> Egy kett\u0151 az egyben olajos flakon, k\u00e9t funkci\u00f3, nincs t\u00f6bb rendetlens\u00e9g.<\/li>\n<li><strong>Minden csepp l\u00e1that\u00f3:<\/strong> Az \u00e1tl\u00e1tsz\u00f3 \u00fcveg j\u00f3l mutatja az olajszintet \u00e9s a min\u0151s\u00e9get.<\/li>\n<li><strong>K\u00f6nnyen kezelhet\u0151:<\/strong> A narancss\u00e1rga gomb \u00e9s a t\u00f6bbi kezel\u0151elem a nyom\u00f3gombos mechanizmussal kombin\u00e1lva egyszer\u0171 kezel\u00e9st \u00e9s prec\u00edz olajszab\u00e1lyoz\u00e1st biztos\u00edt.<\/li>\n<li><strong>Felhaszn\u00e1l\u00f3bar\u00e1t foganty\u00fakialak\u00edt\u00e1s:<\/strong> A hurkolt foganty\u00fa k\u00e9nyelmes fog\u00e1st biztos\u00edt. A f\u00fav\u00f3ka gyorsan \u00e1tfordul a sima permetez\u00e9s \u00e9rdek\u00e9ben.<\/li>\n<\/ul>\n<h2>F\u0151bb specifik\u00e1ci\u00f3k<\/h2>\n<table style=\"border-collapse: collapse; margin-left: auto; margin-right: auto; width: 510.02pt;\" border=\"0\" width=\"680\" cellspacing=\"0\" cellpadding=\"0\">\n<tbody>\n<tr style=\"height: 13.50pt;\">\n<td style=\"height: 13.50pt; width: 99.75pt;\" width=\"133\" height=\"18\">Jellemz\u0151<\/td>\n<td style=\"width: 410.25pt;\" width=\"547\">Specifik\u00e1ci\u00f3<\/td>\n<\/tr>\n<tr style=\"height: 13.50pt;\">\n<td style=\"height: 13.50pt;\" height=\"18\">Kapacit\u00e1s<\/td>\n<td>530 ml<\/td>\n<\/tr>\n<tr style=\"height: 13.50pt;\">\n<td style=\"height: 13.50pt;\" height=\"18\">M\u00e9retek<\/td>\n<td>7,2 \u00d7 21,0 cm (\u00e1tm\u00e9r\u0151 \u00d7 magass\u00e1g)<\/td>\n<\/tr>\n<tr style=\"height: 13.50pt;\">\n<td style=\"height: 13.50pt;\" height=\"18\">Anyag<\/td>\n<td>\u00c1tl\u00e1tsz\u00f3 \u00fcveg test \u00e9s foganty\u00fa<\/td>\n<\/tr>\n<tr style=\"height: 13.50pt;\">\n<td style=\"height: 13.50pt;\" height=\"18\">Alak<\/td>\n<td>Hengeres, integr\u00e1lt foganty\u00faval<\/td>\n<\/tr>\n<tr style=\"height: 13.50pt;\">\n<td style=\"height: 13.50pt;\" height=\"18\">Fed\u00e9l opci\u00f3k<\/td>\n<td>Kett\u0151s \u00fczemm\u00f3d\u00fa 2 az 1-ben olajadagol\u00f3 kifoly\u00f3 (spray\/\u00f6nt\u00e9s)<\/td>\n<\/tr>\n<tr style=\"height: 13.50pt;\">\n<td style=\"height: 13.50pt;\" height=\"18\">Legjobb<\/td>\n<td>Ol\u00edvaolaj, ecet, f\u0151z\u0151spray-k, \u00f6ntetek<\/td>\n<\/tr>\n<tr style=\"height: 13.50pt;\">\n<td style=\"height: 13.50pt;\" height=\"18\">Ide\u00e1lis haszn\u00e1lat<\/td>\n<td>Ol\u00edvaolaj fr\u00f6ccs palack, olaj- \u00e9s ecettart\u00f3k, konyhai t\u00e1rol\u00f3<\/td>\n<\/tr>\n<\/tbody>\n<\/table>\n<h2>Val\u00f3di eset<\/h2>\n<p>Egy lengyelorsz\u00e1gi \u00e9tterem, amely t\u00f6bbnyire k\u00fcl\u00f6n olajos flakonokat haszn\u00e1lt a permetez\u00e9shez \u00e9s az \u00f6nt\u00e9shez, a mi kett\u0151 az egyben olajadagol\u00f3nkat v\u00e1lasztotta nagykereskedelemhez, kezdetben 600 darabos nagy t\u00e9telben rendelve. Az eredm\u00e9nyek maguk\u00e9rt besz\u00e9lnek. El\u0151sz\u00f6r is, a v\u00e1s\u00e1rl\u00f3ik 30%-os cs\u00f6kken\u00e9sr\u0151l sz\u00e1moltak be a pulton l\u00e9v\u0151 rendetlens\u00e9gben, miut\u00e1n k\u00e9t flakont egyre cser\u00e9ltek. M\u00e1sodszor, a permetez\u0151 funkci\u00f3 22%-kal cs\u00f6kkentette az ol\u00edvaolaj-felhaszn\u00e1l\u00e1st. Harmadszor, a foganty\u00fa megk\u00f6nny\u00edtette az alkalmazottak sz\u00e1m\u00e1ra a haszn\u00e1latot, 40%-kal cs\u00f6kkentette a ki\u00f6ml\u00e9seket, \u00e9s id\u0151t takar\u00edtott meg a takar\u00edt\u00e1ssal. Kilenc h\u00f3nappal k\u00e9s\u0151bb tov\u00e1bbi 150 000 flakonos rendel\u00e9st adtak le t\u0151l\u00fcnk.<\/p>\n<h2>Testreszab\u00e1si tipp<\/h2>\n<ul>\n<li><strong>Foganty\u00fa sz\u00edne:<\/strong> Szabja testre a foganty\u00fa sz\u00edn\u00e9t, hogy egyedi vizu\u00e1lis identit\u00e1st hozzon l\u00e9tre m\u00e1rk\u00e1ja sz\u00e1m\u00e1ra.<\/li>\n<li><strong>Gombd\u00edsz\u00edt\u00e9sek:<\/strong> V\u00e1lassza ki a sz\u00f3r\u00f3fej \u00e9s az egy\u00e9b kieg\u00e9sz\u00edt\u0151k sz\u00edn\u00e9t a m\u00e1rkajelz\u00e9s\u00e9nek megfelel\u0151en.<\/li>\n<li><strong>Szitanyom\u00e1s:<\/strong> Vigye fel log\u00f3j\u00e1t k\u00f6zvetlen\u00fcl az \u00fcveg testre a tart\u00f3s, kiv\u00e1l\u00f3 min\u0151s\u00e9g\u0171 fel\u00fclet \u00e9rdek\u00e9ben.<\/li>\n<li><strong>Sz\u00ednes \u00fcveg\u00e1rnyalatok:<\/strong> Sz\u00ednezd az \u00e1tl\u00e1tsz\u00f3 \u00fcveget halv\u00e1nyz\u00f6ldre vagy borosty\u00e1nsz\u00edn\u0171re, hogy megv\u00e9dd az ol\u00edvaolajokat az UV-f\u00e9nyt\u0151l, mik\u00f6zben passzol a m\u00e1rka sz\u00edneihez.<\/li>\n<\/ul>\n<p>K\u00e9szen \u00e1llsz friss\u00edteni olajospalackod csomagol\u00e1s\u00e1t? L\u00e9pj vel\u00fcnk kapcsolatba, hogy megtudd, milyen nagykereskedelmi \u00e1rakon v\u00e1s\u00e1rolhatsz innovat\u00edv ol\u00edvaolaj-adagol\u00f3t, \u00e9s kezdj el okosabb \u00fcvegcsomagol\u00e1sokat beszerezni m\u00e9g ma!<\/p>","protected":false},"excerpt":{"rendered":"<p>Kett\u0151s felhaszn\u00e1l\u00e1s\u00fa 2 az 1-ben olajadagol\u00f3 foganty\u00faval \u00e9s r\u00e1pattinthat\u00f3 kupakkal. \u00c1tl\u00e1tsz\u00f3 \u00fcveg kialak\u00edt\u00e1s, praktikus \u00e9s st\u00edlusos. Nagyobb megrendel\u00e9sek, testreszab\u00e1s \u00e9s gyors sz\u00e1ll\u00edt\u00e1s el\u00e9rhet\u0151.<\/p>","protected":false},"featured_media":22350,"template":"","meta":[],"product_brand":[],"product_cat":[122,123,126],"product_tag":[],"class_list":{"0":"post-22346","1":"product","2":"type-product","3":"status-publish","4":"has-post-thumbnail","6":"product_cat-custom-glass-packaging","7":"product_cat-custom-glass-bottles","8":"product_cat-olive-oil-bottles","10":"first","11":"instock","12":"shipping-taxable","13":"product-type-simple"},"jetpack_sharing_enabled":true,"_links":{"self":[{"href":"https:\/\/yebodaglass.com\/hu\/wp-json\/wp\/v2\/product\/22346","targetHints":{"allow":["GET"]}}],"collection":[{"href":"https:\/\/yebodaglass.com\/hu\/wp-json\/wp\/v2\/product"}],"about":[{"href":"https:\/\/yebodaglass.com\/hu\/wp-json\/wp\/v2\/types\/product"}],"version-history":[{"count":5,"href":"https:\/\/yebodaglass.com\/hu\/wp-json\/wp\/v2\/product\/22346\/revisions"}],"predecessor-version":[{"id":24180,"href":"https:\/\/yebodaglass.com\/hu\/wp-json\/wp\/v2\/product\/22346\/revisions\/24180"}],"wp:featuredmedia":[{"embeddable":true,"href":"https:\/\/yebodaglass.com\/hu\/wp-json\/wp\/v2\/media\/22350"}],"wp:attachment":[{"href":"https:\/\/yebodaglass.com\/hu\/wp-json\/wp\/v2\/media?parent=22346"}],"wp:term":[{"taxonomy":"product_brand","embeddable":true,"href":"https:\/\/yebodaglass.com\/hu\/wp-json\/wp\/v2\/product_brand?post=22346"},{"taxonomy":"product_cat","embeddable":true,"href":"https:\/\/yebodaglass.com\/hu\/wp-json\/wp\/v2\/product_cat?post=22346"},{"taxonomy":"product_tag","embeddable":true,"href":"https:\/\/yebodaglass.com\/hu\/wp-json\/wp\/v2\/product_tag?post=22346"}],"curies":[{"name":"wp","href":"https:\/\/api.w.org\/{rel}","templated":true}]}}