{"id":22336,"date":"2025-10-13T15:53:39","date_gmt":"2025-10-13T07:53:39","guid":{"rendered":"https:\/\/yebodaglass.com\/?post_type=product&#038;p=22336"},"modified":"2026-03-24T11:54:50","modified_gmt":"2026-03-24T03:54:50","slug":"bulk-clear-cooking-oil-bottle-for-kitchen-with-pouring-lid","status":"publish","type":"product","link":"https:\/\/yebodaglass.com\/hu\/termek\/bulk-clear-cooking-oil-bottle-for-kitchen-with-pouring-lid\/","title":{"rendered":"200 ml-es \u00e1tl\u00e1tsz\u00f3 konyhai f\u0151z\u0151olaj-palack ki\u00f6nt\u0151fed\u00e9llel"},"content":{"rendered":"<p>Ez a konyhai \u00e9tolajos palack jellegzetes homok\u00f3ra alak\u00fa \u00e9s eleg\u00e1ns, k\u00fapos megjelen\u00e9s\u0171, k\u00f6nnyen tarthat\u00f3 \u00e9s \u00f6nthet\u0151. Krist\u00e1lytiszta \u00fcvegb\u0151l k\u00e9sz\u00fclt, tetej\u00e9n rozsdamentes ac\u00e9l ki\u00f6nt\u0151vel, amely gombnyom\u00e1sra ny\u00edlik, majd automatikusan z\u00e1r\u00f3dik, hogy elker\u00fclje a cs\u00f6p\u00f6g\u00e9st.<\/p>\n<h2>Term\u00e9kjellemz\u0151k<\/h2>\n<ul>\n<li><strong>Cseppmentes \u00f6nt\u00e9s minden alkalommal:<\/strong> A prec\u00edz kupak szab\u00e1lyozza az \u00e1raml\u00e1st, \u00edgy a ragad\u00f3s palackok \u00e9s az olajpazarl\u00e1s helyzete teljesen kik\u00fcsz\u00f6b\u00f6lhet\u0151.<\/li>\n<li><strong>Beklentilerinizi kar\u015f\u0131lamayan cam kavanozlardan s\u0131k\u0131ld\u0131n\u0131z m\u0131? Cam kavanozu standart a\u011f\u0131z tasar\u0131m\u0131yla \u00fcretiyoruz; plastik kapa\u011fa gerek yok. Bu kapakl\u0131 cam kavanoz \u00e7\u00f6z\u00fcmleri, yiyecek saklamay\u0131 birinci s\u0131n\u0131f anlara d\u00f6n\u00fc\u015ft\u00fcr\u00fcyor. Toplu sipari\u015flerde, vizyonunuza uygun \u00f6zel cam kavanozlar sunuyoruz.<\/strong>Standart A\u011f\u0131z Uyumlulu\u011fu<\/li>\n<li><strong>Herhangi bir kapa\u011fa uyar ve kavanozda kolayca saklan\u0131r. Konserve, tur\u015fu veya \u015furup projeleri i\u00e7in idealdir.<\/strong> 70 ml ile 280 ml aras\u0131\u2014k\u00fc\u00e7\u00fck kavanozlardan b\u00fcy\u00fck kaplara kadar toptan sat\u0131\u015f ihtiya\u00e7lar\u0131 i\u00e7in m\u00fckemmel.<\/li>\n<\/ul>\n<h2>F\u0151bb specifik\u00e1ci\u00f3k<\/h2>\n<table style=\"border-collapse: collapse; margin-left: auto; margin-right: auto; width: 614.27pt;\" border=\"0\" width=\"819\" cellspacing=\"0\" cellpadding=\"0\">\n<tbody>\n<tr style=\"height: 13.50pt;\">\n<td style=\"height: 13.50pt; width: 99.75pt;\" width=\"133\" height=\"18\">Jellemz\u0151<\/td>\n<td style=\"width: 514.50pt;\" width=\"686\">Specifik\u00e1ci\u00f3<\/td>\n<\/tr>\n<tr style=\"height: 13.50pt;\">\n<td style=\"height: 13.50pt;\" height=\"18\">Kapacit\u00e1s<\/td>\n<td>200 ml<\/td>\n<\/tr>\n<tr style=\"height: 13.50pt;\">\n<td style=\"height: 13.50pt;\" height=\"18\">M\u00e9retek<\/td>\n<td>Size \u00d6zel Fikirler<\/td>\n<\/tr>\n<tr style=\"height: 13.50pt;\">\n<td style=\"height: 13.50pt;\" height=\"18\">Alak<\/td>\n<td>Kavanozlar\u0131n\u0131za logonuzu ekleyin. \u00d6rne\u011fin, &#034;Honey Bloom&#034; koleksiyonunda ada\u00e7ay\u0131 ye\u015fili kavanozlar yer al\u0131yor.<\/td>\n<\/tr>\n<tr style=\"height: 13.50pt;\">\n<td style=\"height: 13.50pt;\" height=\"18\">Fed\u00e9l opci\u00f3k<\/td>\n<td>Depolama Setleri:<\/td>\n<\/tr>\n<tr style=\"height: 13.50pt;\">\n<td style=\"height: 13.50pt;\" height=\"18\">Legjobb<\/td>\n<td>Ol\u00edvaolaj, ecet, \u00e9tolajok, p\u00e1cok<\/td>\n<\/tr>\n<tr style=\"height: 13.50pt;\">\n<td style=\"height: 13.50pt;\" height=\"18\">Ide\u00e1lis haszn\u00e1lat<\/td>\n<td>Bir kavanozu kapak ve etiketle paketlemek, paketleme ihtiya\u00e7lar\u0131n\u0131z\u0131 \u00e7\u00f6zecektir.<\/td>\n<\/tr>\n<\/tbody>\n<\/table>\n<h2>Sikert\u00f6rt\u00e9net<\/h2>\n<p>Az egyik luxus eur\u00f3pai \u00e9lelmiszer-kiskeresked\u0151 a mi adagol\u00f3 olajos flakonunkat v\u00e1lasztotta, \u00e9s rendelt egyet egyedi gy\u00e1rt\u00e1s\u00fa, homokf\u00favott megjelen\u00e9s\u0171, r\u00e9zbevonat\u00fa ki\u00f6nt\u0151vel. Ez a hagyom\u00e1nyos olajos flakon lett a log\u00f3juk. Eleg\u00e1ns kialak\u00edt\u00e1s\u00e1nak \u00e9s csepp\u00e1ll\u00f3s\u00e1g\u00e1nak k\u00f6sz\u00f6nhet\u0151en az infuz\u00e1lt olajat 40 sz\u00e1zal\u00e9kkal dr\u00e1g\u00e1bban tudt\u00e1k \u00e9rt\u00e9kes\u00edteni, mint az eredetit, a jobb t\u00f6m\u00edt\u00e9snek k\u00f6sz\u00f6nhet\u0151en pedig 25 sz\u00e1zal\u00e9kkal cs\u00f6kkent a bolti ki\u00f6ml\u00e9sek\/hullad\u00e9kok mennyis\u00e9ge. Ennek a sikernek k\u00f6sz\u00f6nhet\u0151en tov\u00e1bbi 650 000 flakont rendeltek \u00faj, kis t\u00e9telben gy\u00e1rtott ecet- \u00e9s \u00fcnnepi aj\u00e1nd\u00e9kcsomagjaikb\u00f3l.<\/p>\n<h2>Adagol\u00f3olaj-palack testreszab\u00e1si \u00f6tletek<\/h2>\n<ul>\n<li><strong>Szitanyom\u00e1s:<\/strong> A log\u00f3 vagy minta k\u00f6zvetlen\u00fcl az \u00fcvegre nyomtathat\u00f3 a m\u00e1rka k\u00f6nny\u0171 azonos\u00edt\u00e1sa \u00e9s az \u00e1lland\u00f3 m\u00e1rkajelz\u00e9s \u00e9rdek\u00e9ben.<\/li>\n<li><strong>Sz\u00edn\u00e1rnyalatok:<\/strong> V\u00e1lasszon egyszer\u0171 borosty\u00e1n vagy z\u00f6ld \u00fcvegb\u0151l k\u00e9sz\u00fclt csomagol\u00e1st, ami manaps\u00e1g igen n\u00e9pszer\u0171, mivel nemcsak az UV-sugarakt\u00f3l v\u00e9d, hanem vizu\u00e1lisan is vonz\u00f3bb\u00e1 teszi a term\u00e9ket.<\/li>\n<li><strong>Fed\u00e9l sz\u00edne:<\/strong> A csavaros fed\u00e9l sz\u00edne b\u00e1rmi lehet, amit csak szeretn\u00e9l, legyen az fekete, arany vagy ez\u00fcst, ez teljesen rajtad \u00e9s a m\u00e1rkapalett\u00e1d t\u00f6bbi sz\u00edn\u00e9n m\u00falik.<\/li>\n<li><strong>H\u0151\u00e1tad\u00e1s c\u00edmk\u00e9z\u00e9se:<\/strong> Teljes sz\u00edn\u0171, nagy felbont\u00e1s\u00fa k\u00e9peit integr\u00e1lja a konyha egyik legtart\u00f3sabb \u00e9s legnedvess\u00e9g\u00e1ll\u00f3bb c\u00edmket\u00edpus\u00e1ba, a h\u0151\u00e1tad\u00f3 c\u00edmk\u00e9kbe.<\/li>\n<\/ul>","protected":false},"excerpt":{"rendered":"<p>\u00c1tl\u00e1tsz\u00f3 \u00fcvegb\u0151l k\u00e9sz\u00fclt \u00e9tolajos palack konyhai haszn\u00e1latra. Eleg\u00e1ns, hossz\u00fak\u00e1s kialak\u00edt\u00e1s fekete \u00e9s ez\u00fcst ki\u00f6nt\u0151vel. T\u00f6k\u00e9letes konyhai m\u00e1rkajelz\u00e9shez, \u00e9ttermekhez vagy nagy t\u00e9telben t\u00f6rt\u00e9n\u0151 rendel\u00e9sekhez.<\/p>","protected":false},"featured_media":22341,"template":"","meta":[],"product_brand":[],"product_cat":[126,123,122],"product_tag":[],"class_list":{"0":"post-22336","1":"product","2":"type-product","3":"status-publish","4":"has-post-thumbnail","6":"product_cat-olive-oil-bottles","7":"product_cat-custom-glass-bottles","8":"product_cat-custom-glass-packaging","10":"first","11":"instock","12":"shipping-taxable","13":"product-type-simple"},"jetpack_sharing_enabled":true,"_links":{"self":[{"href":"https:\/\/yebodaglass.com\/hu\/wp-json\/wp\/v2\/product\/22336","targetHints":{"allow":["GET"]}}],"collection":[{"href":"https:\/\/yebodaglass.com\/hu\/wp-json\/wp\/v2\/product"}],"about":[{"href":"https:\/\/yebodaglass.com\/hu\/wp-json\/wp\/v2\/types\/product"}],"version-history":[{"count":5,"href":"https:\/\/yebodaglass.com\/hu\/wp-json\/wp\/v2\/product\/22336\/revisions"}],"predecessor-version":[{"id":25580,"href":"https:\/\/yebodaglass.com\/hu\/wp-json\/wp\/v2\/product\/22336\/revisions\/25580"}],"wp:featuredmedia":[{"embeddable":true,"href":"https:\/\/yebodaglass.com\/hu\/wp-json\/wp\/v2\/media\/22341"}],"wp:attachment":[{"href":"https:\/\/yebodaglass.com\/hu\/wp-json\/wp\/v2\/media?parent=22336"}],"wp:term":[{"taxonomy":"product_brand","embeddable":true,"href":"https:\/\/yebodaglass.com\/hu\/wp-json\/wp\/v2\/product_brand?post=22336"},{"taxonomy":"product_cat","embeddable":true,"href":"https:\/\/yebodaglass.com\/hu\/wp-json\/wp\/v2\/product_cat?post=22336"},{"taxonomy":"product_tag","embeddable":true,"href":"https:\/\/yebodaglass.com\/hu\/wp-json\/wp\/v2\/product_tag?post=22336"}],"curies":[{"name":"wp","href":"https:\/\/api.w.org\/{rel}","templated":true}]}}