{"id":22320,"date":"2025-10-13T11:40:39","date_gmt":"2025-10-13T03:40:39","guid":{"rendered":"https:\/\/yebodaglass.com\/?post_type=product&#038;p=22320"},"modified":"2026-03-26T14:43:27","modified_gmt":"2026-03-26T06:43:27","slug":"wholesale-olive-oil-mister-bottles-glass-oil-spray-bottles","status":"publish","type":"product","link":"https:\/\/yebodaglass.com\/hu\/termek\/wholesale-olive-oil-mister-bottles-glass-oil-spray-bottles\/","title":{"rendered":"Olive Oil Mister Bottles \u2013 200ml 300ml Glass Oil Spray Bottles with Trigger"},"content":{"rendered":"<p>This series of olive oil mister bottles features a modern, ergonomic design combining a clear glass bottle with a durable trigger spray head. The bottle is of high quality, food grade glass and the glass is smooth on the surface with a threaded neck that allows secure and leak proof connection of the sprayer. The spray head comes in various finishes including matte white and shiny black with a comfortable grip and touchy trigger that gives the hand worthy of functional reliability and a consistent look. Our clear bodies make it easy to monitor the level of liquid in it, and the whole body is stable and simple to manipulate.<\/p>\n<h2>F\u0151bb specifik\u00e1ci\u00f3k<\/h2>\n<table style=\"border-collapse: collapse; margin-left: auto; margin-right: auto; width: 614.27pt;\" border=\"0\" width=\"819\" cellspacing=\"0\" cellpadding=\"0\">\n<tbody>\n<tr style=\"height: 13.50pt;\">\n<td style=\"height: 13.50pt; width: 99.75pt;\" width=\"133\" height=\"18\">Jellemz\u0151<\/td>\n<td style=\"width: 514.50pt;\" width=\"686\">Specifik\u00e1ci\u00f3<\/td>\n<\/tr>\n<tr style=\"height: 13.50pt;\">\n<td style=\"height: 13.50pt;\" height=\"18\">M\u00e9retek<\/td>\n<td>6 \u00d7 20,5 cm (200 ml) vagy 6 \u00d7 22,5 cm (300 ml)<\/td>\n<\/tr>\n<tr style=\"height: 13.50pt;\">\n<td style=\"height: 13.50pt;\" height=\"18\">Alak<\/td>\n<td>Egyenes, kerek \u00fcveghenger<\/td>\n<\/tr>\n<tr style=\"height: 13.50pt;\">\n<td style=\"height: 13.50pt;\" height=\"18\">Fed\u00e9l opci\u00f3k<\/td>\n<td>Fekete vagy feh\u00e9r ol\u00edvaolaj-sz\u00f3r\u00f3fejes palack, t\u00f6m\u00f6r kupakkal<\/td>\n<\/tr>\n<tr style=\"height: 13.50pt;\">\n<td style=\"height: 13.50pt;\" height=\"18\">Legjobb<\/td>\n<td>Ol\u00edvaolaj, ecet, f\u0151z\u0151spray-k, p\u00e1cok, \u00f6ntetek<\/td>\n<\/tr>\n<tr style=\"height: 13.50pt;\">\n<td style=\"height: 13.50pt;\" height=\"18\">Ide\u00e1lis haszn\u00e1lat<\/td>\n<td>\u00dcveg olajsz\u00f3r\u00f3 flakon, olajos flakonok, konyhai t\u00e1rol\u00e1s, nagykereskedelmi palackoz\u00e1s<\/td>\n<\/tr>\n<\/tbody>\n<\/table>\n<h2>Alkalmaz\u00e1s<\/h2>\n<p>These glass oil spray bottles are widely used for dispensing olive oil, vinegar, soy sauce, and other liquid seasonings in kitchens, restaurants, and food processing environments. They can be used in controlled oil use when cooking, grilling, baking, and making salads, making sure to use a lot less oil and be able to control portions. In B2B, the product best fits kitchenware brands, own brand programs, and bulk supply to the hotel and retail clientele. The threaded glass bottle can also be customized by printing logos, coating them in colors and incorporating packaging options.<\/p>\n<h2>Sikert\u00f6rt\u00e9net: \u00c9tolaj-sorozat egy eg\u00e9szs\u00e9ges \u00e9lelmiszerm\u00e1rk\u00e1t\u00f3l<\/h2>\n<p>Egy ausztr\u00e1l bio\u00e9lelmiszer-m\u00e1rka a mi 250 ml-es ol\u00edvaolaj-sz\u00f3r\u00f3flakonunkat v\u00e1lasztotta, amely fekete sz\u00f3r\u00f3fejjel, egyedi szitanyomott \u201eZero Waste\u201d log\u00f3val \u00e9s kalibr\u00e1lt f\u00fav\u00f3k\u00e1val van felszerelve. Ez a sz\u00f3r\u00f3flakon seg\u00edt a felhaszn\u00e1l\u00f3knak \u00e9tkez\u00e9senk\u00e9nt \u00e1tlagos olajfogyaszt\u00e1sukat 50%-kal cs\u00f6kkenteni. A tart\u00f3s \u00fcvegszerkezet biztos\u00edtja, hogy az \u00fczletekben az olaj t\u00f6r\u00e9si ar\u00e1nya kevesebb, mint 1%. Ennek a sikernek k\u00f6sz\u00f6nhet\u0151en a m\u00e1rka tov\u00e1bbi 200 000 palack ol\u00edvaolajat rendelt \u00faj \u00edzes\u00edt\u0151 spray-f\u0151z\u0151sor\u00e1hoz.<\/p>\n<h2>Testreszab\u00e1si javaslatok<\/h2>\n<ul>\n<li>Maratott m\u00e1rkalog\u00f3k: K\u00e9sz\u00edtsen egy\u00e9rtelm\u0171, ravaszul maratott log\u00f3t az \u00e1tl\u00e1tsz\u00f3 \u00fcvegre \u2013 t\u00f6k\u00e9letes B2B \u00fcgyfelek sz\u00e1m\u00e1ra, akik a nev\u00fcket szeretn\u00e9k felt\u00fcntetni egy term\u00e9ken, p\u00e9ld\u00e1ul az ol\u00edvaolaj-p\u00e1rologtat\u00f3 \u00fcveg\u00e9n.<\/li>\n<li>Matt m\u00e9r\u0151jelek: V\u00e1gjon apr\u00f3 vonalakat (pl. 50 ml, 100 ml, 150 ml) az \u00fcvegre, hogy a felhaszn\u00e1l\u00f3k k\u00f6nnyen ellen\u0151rizhess\u00e9k, mennyi olajat haszn\u00e1ltak.<\/li>\n<li>Sz\u00f3r\u00f3fej sz\u00edne: A sz\u00f3r\u00f3fej sz\u00edn\u00e9nek megv\u00e1ltoztat\u00e1sa, amelyik a legjobban tetszik (p\u00e9ld\u00e1ul fekete, feh\u00e9r vagy ez\u00fcst), egy nagyon egyszer\u0171, m\u00e9gis hat\u00e9kony m\u00f3dja annak, hogy egy vizu\u00e1lisan felt\u0171n\u0151 term\u00e9ket kapjunk a piacon.<\/li>\n<\/ul>\n<p>Emeld \u00faj szintre olaj- \u00e9s ecetcsomagol\u00e1sodat els\u0151 oszt\u00e1ly\u00fa ol\u00edvaolaj-adagol\u00f3 flakonjainkkal. Szerezz versenyk\u00e9pes nagykereskedelmi \u00e1rakat, l\u00e9pj kapcsolatba vel\u00fcnk, az eredeti gy\u00e1rt\u00f3val, \u00e9s kezdd el a t\u00f6k\u00e9letes \u00fcvegcsomagol\u00e1s beszerz\u00e9s\u00e9t m\u00e9g ma!<\/p>","protected":false},"excerpt":{"rendered":"<p>Olive oil mister bottles with threaded top design. Durable glass oil spray bottles for cooking, kitchens, and wholesale customization.<\/p>","protected":false},"featured_media":25634,"template":"","meta":[],"product_brand":[],"product_cat":[126,123,122],"product_tag":[],"class_list":{"0":"post-22320","1":"product","2":"type-product","3":"status-publish","4":"has-post-thumbnail","6":"product_cat-olive-oil-bottles","7":"product_cat-custom-glass-bottles","8":"product_cat-custom-glass-packaging","10":"first","11":"instock","12":"shipping-taxable","13":"product-type-simple"},"jetpack_sharing_enabled":true,"_links":{"self":[{"href":"https:\/\/yebodaglass.com\/hu\/wp-json\/wp\/v2\/product\/22320","targetHints":{"allow":["GET"]}}],"collection":[{"href":"https:\/\/yebodaglass.com\/hu\/wp-json\/wp\/v2\/product"}],"about":[{"href":"https:\/\/yebodaglass.com\/hu\/wp-json\/wp\/v2\/types\/product"}],"version-history":[{"count":5,"href":"https:\/\/yebodaglass.com\/hu\/wp-json\/wp\/v2\/product\/22320\/revisions"}],"predecessor-version":[{"id":25609,"href":"https:\/\/yebodaglass.com\/hu\/wp-json\/wp\/v2\/product\/22320\/revisions\/25609"}],"wp:featuredmedia":[{"embeddable":true,"href":"https:\/\/yebodaglass.com\/hu\/wp-json\/wp\/v2\/media\/25634"}],"wp:attachment":[{"href":"https:\/\/yebodaglass.com\/hu\/wp-json\/wp\/v2\/media?parent=22320"}],"wp:term":[{"taxonomy":"product_brand","embeddable":true,"href":"https:\/\/yebodaglass.com\/hu\/wp-json\/wp\/v2\/product_brand?post=22320"},{"taxonomy":"product_cat","embeddable":true,"href":"https:\/\/yebodaglass.com\/hu\/wp-json\/wp\/v2\/product_cat?post=22320"},{"taxonomy":"product_tag","embeddable":true,"href":"https:\/\/yebodaglass.com\/hu\/wp-json\/wp\/v2\/product_tag?post=22320"}],"curies":[{"name":"wp","href":"https:\/\/api.w.org\/{rel}","templated":true}]}}