{"id":22277,"date":"2025-10-11T16:41:58","date_gmt":"2025-10-11T08:41:58","guid":{"rendered":"https:\/\/yebodaglass.com\/?post_type=product&#038;p=22277"},"modified":"2025-10-11T17:35:40","modified_gmt":"2025-10-11T09:35:40","slug":"wholesale-glass-olive-oil-spray-bottle-with-metal-press-pump","status":"publish","type":"product","link":"https:\/\/yebodaglass.com\/hu\/wholesale-glass-olive-oil-spray-bottle-with-metal-press-pump\/","title":{"rendered":"Nagykereskedelmi 100 ml-es \u00fcveg ol\u00edvaolaj spray-palack f\u00e9m pr\u00e9spump\u00e1val"},"content":{"rendered":"<p>Ez a 100 ml-es \u00fcveg ol\u00edvaolajos sz\u00f3r\u00f3fejes flakon eleg\u00e1ns, hengeres form\u00e1j\u00fa, \u00e1tl\u00e1tsz\u00f3 \u00fcveg testtel \u00e9s ez\u00fcst f\u00e9m nyom\u00f3gombos olajsz\u00f3r\u00f3 mechanizmussal rendelkezik. T\u00f6k\u00e9letesen \u00f6tv\u00f6zi a modern eszt\u00e9tik\u00e1t \u00e9s a kulin\u00e1ris praktikumot.<\/p>\n<h2>Term\u00e9kjellemz\u0151k<\/h2>\n<ul>\n<li><strong>V\u00e9kony hengeres kialak\u00edt\u00e1s:<\/strong> A karcs\u00fa, hengeres test nemcsak k\u00f6nnyen megfoghat\u00f3, de nagyszer\u0171 helyet takar\u00edt meg a konyh\u00e1ban, mivel b\u00e1rhol t\u00e1rolhat\u00f3.<\/li>\n<li><strong>F\u00e9mes sz\u00f3r\u00f3szerkezet:<\/strong> Az ez\u00fcst sz\u00edn\u0171 f\u00e9m fels\u0151 permetez\u0151 mechanizmus nemcsak eszt\u00e9tikus megjelen\u00e9st k\u00f6lcs\u00f6n\u00f6z, hanem a permet egyenletes eloszl\u00e1s\u00e1nak f\u0151 oka is.<\/li>\n<li><strong>\u00c1tl\u00e1tsz\u00f3 \u00fcveg:<\/strong> Az \u00e1tl\u00e1tsz\u00f3 \u00fcveg lehet\u0151v\u00e9 teszi, hogy teljesen l\u00e1that\u00f3 legyen a palackban maradt olaj.<\/li>\n<\/ul>\n<h2>F\u0151bb specifik\u00e1ci\u00f3k<\/h2>\n<table style=\"border-collapse: collapse; margin-left: auto; margin-right: auto; width: 510.77pt;\" border=\"0\" width=\"681\" cellspacing=\"0\" cellpadding=\"0\">\n<tbody>\n<tr style=\"height: 13.50pt;\">\n<td style=\"height: 13.50pt; width: 99.75pt;\" width=\"133\" height=\"18\">Jellemz\u0151<\/td>\n<td style=\"width: 411.00pt;\" width=\"548\">Specifik\u00e1ci\u00f3<\/td>\n<\/tr>\n<tr style=\"height: 13.50pt;\">\n<td style=\"height: 13.50pt;\" height=\"18\">Kapacit\u00e1s<\/td>\n<td>100 ml<\/td>\n<\/tr>\n<tr style=\"height: 13.50pt;\">\n<td style=\"height: 13.50pt;\" height=\"18\">M\u00e9retek<\/td>\n<td>4,0 \u00d7 18,5 cm (\u00e1tm\u00e9r\u0151 \u00d7 magass\u00e1g)<\/td>\n<\/tr>\n<tr style=\"height: 13.50pt;\">\n<td style=\"height: 13.50pt;\" height=\"18\">Anyag<\/td>\n<td>\u00c1tl\u00e1tsz\u00f3 \u00fcveg test, rozsdamentes ac\u00e9l pumpa<\/td>\n<\/tr>\n<tr style=\"height: 13.50pt;\">\n<td style=\"height: 13.50pt;\" height=\"18\">Alak<\/td>\n<td>Egyenes henger<\/td>\n<\/tr>\n<tr style=\"height: 13.50pt;\">\n<td style=\"height: 13.50pt;\" height=\"18\">Fed\u00e9l opci\u00f3k<\/td>\n<td>Finom permet\u0171 ol\u00edvaolaj sz\u00f3r\u00f3fejes flakon, t\u00f6m\u00f6r kupakkal<\/td>\n<\/tr>\n<tr style=\"height: 13.50pt;\">\n<td style=\"height: 13.50pt;\" height=\"18\">Legjobb<\/td>\n<td>Olaj, ecet, f\u0151z\u0151spray-k<\/td>\n<\/tr>\n<tr style=\"height: 13.50pt;\">\n<td style=\"height: 13.50pt;\" height=\"18\">Ide\u00e1lis haszn\u00e1lat<\/td>\n<td>Ol\u00edvaolaj spray flakon, olaj- \u00e9s ecettart\u00f3k, konyhai t\u00e1rol\u00f3<\/td>\n<\/tr>\n<\/tbody>\n<\/table>\n<h2>Marka Renkleri:<\/h2>\n<p>Egy region\u00e1lis ol\u00edvaolaj-l\u00e1nc k\u00e9t probl\u00e9m\u00e1t oldott meg nagyon egyszer\u0171 \u00e9s hat\u00e9kony m\u00f3don: a m\u0171anyag sz\u00f3r\u00f3fejes flakonok t\u00falt\u00f6lt\u00e9s\u00e9t \u00e9s t\u00f6r\u00e9s\u00e9t azzal, hogy a mi olajsz\u00f3r\u00f3fejes flakonjainkra v\u00e1ltott. A tov\u00e1bbfejlesztett ol\u00edvaolaj-sz\u00f3r\u00f3fejes flakon f\u00fav\u00f3k\u00e1ja drasztikusan, 30%-kal cs\u00f6kkenti az olajfelhaszn\u00e1l\u00e1st, ami viszont jelent\u0151sen minimaliz\u00e1lja a hullad\u00e9kot; ugyanakkor az olajsz\u00f3r\u00f3fejes flakon megold\u00e1st jelent a t\u00f6r\u00e9si probl\u00e9m\u00e1ra. Ez a v\u00e1ltoz\u00e1s nemcsak felgyors\u00edtja a konyhai munk\u00e1t, hanem a kifinomult diz\u00e1jn a v\u00e1s\u00e1rl\u00f3k legpozit\u00edvabb visszajelz\u00e9seit is kiv\u00e1ltotta, kijelentve, hogy a m\u00e1rka pr\u00e9mium hangulatot \u00e1raszt. A f\u0151z\u0151olaj-l\u00e1nc jelenleg \u00e9vente n\u00e9gyszer rendel ilyen \u00fcveg olajsz\u00f3r\u00f3fejes flakonokat, s\u0151t, m\u00e1r az ol\u00edvaolaj-besz\u00e1ll\u00edt\u00f3j\u00e1nak is aj\u00e1nlja \u0151ket. Ez a kis v\u00e1ltoz\u00e1s jelent\u0151s v\u00e1ltoz\u00e1st hozott a v\u00e9geredm\u00e9ny\u00fckben!<\/p>\n<h2>Testreszab\u00e1si javaslatok<\/h2>\n<ul>\n<li>Maratott m\u00e1rkalog\u00f3k: Hozzon l\u00e9tre egy visszafogott, m\u00e1rk\u00e1zott, maratott log\u00f3t vagy diz\u00e1jnt az \u00e1tl\u00e1tsz\u00f3 \u00fcvegre \u2013 ide\u00e1lis nagykereskedelmi \u00fcgyfelek sz\u00e1m\u00e1ra, akik szeretn\u00e9k, hogy m\u00e1rk\u00e1juk jobban l\u00e1that\u00f3 legyen a konyhai eszk\u00f6z\u00f6k\u00f6n.<\/li>\n<li>Matt \u00fcvegfel\u00fclet: Vonja be az \u00fcveget matt fel\u00fclettel, hogy kev\u00e9sb\u00e9 legyen hajlamos az ujjlenyomatok kialakul\u00e1s\u00e1ra, \u00e9s a palack tisztas\u00e1ga megmaradjon akkor is, ha gyakran haszn\u00e1lj\u00e1k egy forgalmas konyh\u00e1ban.<\/li>\n<li>Maratott m\u00e9r\u00e9si jel\u00f6l\u00e9sek: Helyezzen n\u00e9h\u00e1ny apr\u00f3 maratott vonalat, pl. 50ml, 100ml, az \u00fcvegre, hogy a felhaszn\u00e1l\u00f3k nyomon k\u00f6vethess\u00e9k az olajfogyaszt\u00e1st \u00e9s az ut\u00e1nt\u00f6lt\u00e9si folyamatot.<\/li>\n<\/ul>","protected":false},"excerpt":{"rendered":"<p>\u00c1tl\u00e1tsz\u00f3 \u00fcveg ol\u00edvaolaj sz\u00f3r\u00f3fejes flakon ez\u00fcst pump\u00e1val. Modern diz\u00e1jn, gyors sz\u00e1ll\u00edt\u00e1s, ingyenes mint\u00e1k \u00e9s szem\u00e9lyre szabott szolg\u00e1ltat\u00e1sok el\u00e9rhet\u0151k.<\/p>","protected":false},"featured_media":22279,"template":"","meta":[],"product_brand":[],"product_cat":[122,123,126],"product_tag":[],"class_list":{"0":"post-22277","1":"product","2":"type-product","3":"status-publish","4":"has-post-thumbnail","6":"product_cat-custom-glass-packaging","7":"product_cat-custom-glass-bottles","8":"product_cat-olive-oil-bottles","10":"first","11":"instock","12":"shipping-taxable","13":"product-type-simple"},"jetpack_sharing_enabled":true,"_links":{"self":[{"href":"https:\/\/yebodaglass.com\/hu\/wp-json\/wp\/v2\/product\/22277","targetHints":{"allow":["GET"]}}],"collection":[{"href":"https:\/\/yebodaglass.com\/hu\/wp-json\/wp\/v2\/product"}],"about":[{"href":"https:\/\/yebodaglass.com\/hu\/wp-json\/wp\/v2\/types\/product"}],"version-history":[{"count":4,"href":"https:\/\/yebodaglass.com\/hu\/wp-json\/wp\/v2\/product\/22277\/revisions"}],"predecessor-version":[{"id":22286,"href":"https:\/\/yebodaglass.com\/hu\/wp-json\/wp\/v2\/product\/22277\/revisions\/22286"}],"wp:featuredmedia":[{"embeddable":true,"href":"https:\/\/yebodaglass.com\/hu\/wp-json\/wp\/v2\/media\/22279"}],"wp:attachment":[{"href":"https:\/\/yebodaglass.com\/hu\/wp-json\/wp\/v2\/media?parent=22277"}],"wp:term":[{"taxonomy":"product_brand","embeddable":true,"href":"https:\/\/yebodaglass.com\/hu\/wp-json\/wp\/v2\/product_brand?post=22277"},{"taxonomy":"product_cat","embeddable":true,"href":"https:\/\/yebodaglass.com\/hu\/wp-json\/wp\/v2\/product_cat?post=22277"},{"taxonomy":"product_tag","embeddable":true,"href":"https:\/\/yebodaglass.com\/hu\/wp-json\/wp\/v2\/product_tag?post=22277"}],"curies":[{"name":"wp","href":"https:\/\/api.w.org\/{rel}","templated":true}]}}