{"id":22245,"date":"2025-10-15T09:36:05","date_gmt":"2025-10-15T01:36:05","guid":{"rendered":"https:\/\/yebodaglass.com\/?post_type=product&#038;p=22245"},"modified":"2026-03-19T18:12:33","modified_gmt":"2026-03-19T10:12:33","slug":"clear-mason-glass-jars-with-handles-bulk","status":"publish","type":"product","link":"https:\/\/yebodaglass.com\/hu\/termek\/clear-mason-glass-jars-with-handles-bulk\/","title":{"rendered":"40 ml \u2013 600 ml \u00e1tl\u00e1tsz\u00f3, f\u00fcles bef\u0151ttes\u00fcvegek, \u00f6mlesztett kiszerel\u00e9sben"},"content":{"rendered":"<p>Ezek a f\u00fcles bef\u0151ttes\u00fcvegek \u00e1tl\u00e1tsz\u00f3, hengeres testb\u0151l \u00e9s sima, lekerek\u00edtett oldals\u00f3 f\u00fcllel k\u00e9sz\u00fcltek, \u00edgy k\u00f6nnyen megfoghat\u00f3k akkor is, ha tele van. A palack szabv\u00e1nyos menetes nyakkal rendelkezik, amelyre arany vagy ez\u00fcst sz\u00edn\u0171 f\u00e9mcsavar is felhelyezhet\u0151.<\/p>\n<h2>Term\u00e9kjellemz\u0151k<\/h2>\n<ul>\n<li><strong>Oldals\u00f3 foganty\u00fa kialak\u00edt\u00e1sa:<\/strong> Az \u00fcveg \u00e1tl\u00e1tsz\u00f3 \u00fcvegfoganty\u00faval rendelkezik, amelyet \u00fagy terveztek, hogy k\u00e9nyelmes, h\u0151\u00e1ll\u00f3 foganty\u00faval rendelkezzen, \u00edgy az \u00fcveg k\u00f6nnyen kezelhet\u0151 \u00e9s hordozhat\u00f3, ez\u00e1ltal n\u00f6velve a haszn\u00e1lhat\u00f3s\u00e1g\u00e1t.<\/li>\n<li><strong>K\u00fcl\u00f6nb\u00f6z\u0151 m\u00e9retv\u00e1laszt\u00e9kok:<\/strong> K\u00fcl\u00f6nb\u00f6z\u0151 m\u00e9retekben kaphat\u00f3, bele\u00e9rtve a mini, kicsi, k\u00f6zepes \u00e9s nagy kiszerel\u00e9st, att\u00f3l f\u00fcgg\u0151en, hogy milyen ig\u00e9nyeket kell kiel\u00e9g\u00edteni, bele\u00e9rtve a kis adagokat, az egyetlen italban elkevert italokat \u00e9s az eg\u00e9sz csal\u00e1d sz\u00e1m\u00e1ra k\u00e9sz\u00fclt italokat.<\/li>\n<li><strong>Nagy \u00e1tl\u00e1tsz\u00f3s\u00e1g\u00fa \u00fcveg:<\/strong> Az \u00e9lelmiszeripari min\u0151s\u00e9g\u0171, nagy \u00e1tl\u00e1tsz\u00f3s\u00e1g\u00fa \u00fcveg nagyfok\u00fa \u00e1tl\u00e1tsz\u00f3s\u00e1ga az eszt\u00e9tika \u00e9s a praktikum \u00f6tv\u00f6zete, mivel a tartalom tiszt\u00e1n l\u00e1that\u00f3.<\/li>\n<\/ul>\n<h2>F\u0151bb specifik\u00e1ci\u00f3k<\/h2>\n<table style=\"border-collapse: collapse; width: 80%; margin-left: auto; margin-right: auto;\" border=\"0\" width=\"288\" cellspacing=\"0\" cellpadding=\"0\">\n<tbody>\n<tr style=\"height: 13.50pt;\">\n<td style=\"height: 13.5pt; width: 54pt; text-align: center;\" width=\"72\" height=\"18\">Modell<\/td>\n<td style=\"width: 54pt; text-align: center;\" width=\"72\">Kapacit\u00e1s (ml)<\/td>\n<td style=\"width: 54pt; text-align: center;\" width=\"72\">M\u00e9ret (cm)<\/td>\n<td style=\"width: 54pt; text-align: center;\" width=\"72\">Sz\u00ednbe\u00e1ll\u00edt\u00e1sok<\/td>\n<\/tr>\n<tr style=\"height: 13.50pt;\">\n<td style=\"height: 13.5pt; text-align: center;\" align=\"right\" height=\"18\">63004054<\/td>\n<td style=\"text-align: center;\" align=\"right\">40<\/td>\n<td style=\"text-align: center;\">4.9&#215;3.6&#215;6.1<\/td>\n<td class=\"et2\" style=\"text-align: center;\" rowspan=\"7\">T\u00f6rl\u00e9s (Egy\u00e9ni)<\/td>\n<\/tr>\n<tr style=\"height: 13.50pt;\">\n<td style=\"height: 13.5pt; text-align: center;\" align=\"right\" height=\"18\">63013055<\/td>\n<td style=\"text-align: center;\" align=\"right\">130<\/td>\n<td style=\"text-align: center;\">7.4&#215;5.4&#215;8.4<\/td>\n<\/tr>\n<tr style=\"height: 13.50pt;\">\n<td style=\"height: 13.5pt; text-align: center;\" align=\"right\" height=\"18\">63020056<\/td>\n<td style=\"text-align: center;\" align=\"right\">200<\/td>\n<td style=\"text-align: center;\">8,4 \u00d7 6,0 \u00d7 10,3<\/td>\n<\/tr>\n<tr style=\"height: 13.50pt;\">\n<td style=\"height: 13.5pt; text-align: center;\" align=\"right\" height=\"18\">63030057<\/td>\n<td style=\"text-align: center;\" align=\"right\">300<\/td>\n<td style=\"text-align: center;\">\u2014<\/td>\n<\/tr>\n<tr style=\"height: 13.50pt;\">\n<td style=\"height: 13.5pt; text-align: center;\" align=\"right\" height=\"18\">63040058<\/td>\n<td style=\"text-align: center;\" align=\"right\">400<\/td>\n<td style=\"text-align: center;\">\u2014<\/td>\n<\/tr>\n<tr style=\"height: 13.50pt;\">\n<td style=\"height: 13.5pt; text-align: center;\" align=\"right\" height=\"18\">63048059<\/td>\n<td style=\"text-align: center;\" align=\"right\">480<\/td>\n<td style=\"text-align: center;\">10.7&#215;7.8&#215;13.2<\/td>\n<\/tr>\n<tr style=\"height: 13.50pt;\">\n<td style=\"height: 13.5pt; text-align: center;\" align=\"right\" height=\"18\">63060060<\/td>\n<td style=\"text-align: center;\" align=\"right\">600<\/td>\n<td style=\"text-align: center;\">12.4&#215;8.8&#215;14.5<\/td>\n<\/tr>\n<\/tbody>\n<\/table>\n<h2>Sikert\u00f6rt\u00e9net<\/h2>\n<p>Az egyik d\u00e9l-kaliforniai gy\u00fcm\u00f6lcsl\u00e9b\u00e1r-l\u00e1nc a mi 470 grammos, f\u00fcles bef\u0151ttes\u00fcveg\u00fcnket v\u00e1lasztotta, \u00e9s l\u00e9zerrel oszt\u00e1lyozta. Ezek az egyedi tervez\u00e9s\u0171 \u00fcvegek hatalmas sikert arattak: nemcsak azt tett\u00e9k lehet\u0151v\u00e9 az alkalmazottak sz\u00e1m\u00e1ra, hogy a recepteket ugyanazon a szinten tarts\u00e1k, ami 10 sz\u00e1zal\u00e9kos megtakar\u00edt\u00e1st jelentett az alapanyagok k\u00f6lts\u00e9g\u00e9ben, hanem a foganty\u00faknak k\u00f6sz\u00f6nhet\u0151en k\u00f6nnyen mozgathat\u00f3k is, \u00e9s ennek eredm\u00e9nyek\u00e9nt 25 sz\u00e1zal\u00e9kkal cs\u00f6kkent a ki\u00f6ml\u00e9s. A l\u00e1nc nagyon sikeres volt, \u00e9s ezut\u00e1n 250 000 \u00fcveget rendelt kiskereskedelmi \u00e9s \u00faj el\u0151fizet\u00e9ses term\u00e9keinek f\u0151 csomagol\u00e1sak\u00e9nt.<\/p>\n<h2>Mason \u00fcveged\u00e9nyek foganty\u00faval testreszabhat\u00f3<\/h2>\n<ul>\n<li>Foganty\u00fa anyaga \u00e9s st\u00edlusa \u2013 A foganty\u00fak lehetnek az \u00fcveggel megegyez\u0151 sz\u00edn\u0171 \u00fcvegb\u0151l, sz\u00ednes zom\u00e1ncozott foganty\u00fak, vagy juta vagy b\u0151r anyaggal bor\u00edtva.<\/li>\n<li>Fed\u00e9l funkci\u00f3k: az italfed\u0151k t\u00f6bbf\u00e9le st\u00edlusban kaphat\u00f3k, bele\u00e9rtve a pattinthat\u00f3 tetej\u0171 sz\u00edv\u00f3sz\u00e1las fedeleket, a lyukas sz\u00edv\u00f3sz\u00e1las fedeleket, a shakerpoh\u00e1r-bet\u00e9teket \u00e9s a sal\u00e1t\u00e1kat.<\/li>\n<li>M\u00e9ret testreszab\u00e1sa: Egyedi m\u00e9retek is biztos\u00edthat\u00f3k a piacon jelentkez\u0151 speci\u00e1lis ig\u00e9nyeknek megfelel\u0151en (pl. 300 ml-es k\u00e1v\u00e9s\u00fcvegek, 900 ml-es limon\u00e1d\u00e9s\u00fcvegek).<\/li>\n<\/ul>","protected":false},"excerpt":{"rendered":"<p>St\u00edlusos bef\u0151ttes\u00fcveg \u00e1tl\u00e1tsz\u00f3 \u00fcvegb\u0151l k\u00e9sz\u00fclt f\u00fcllel \u00e9s f\u00e9m fed\u00e9llel. F\u00fcles bef\u0151ttes\u00fcvegek, amelyek t\u00f6k\u00e9letesek italok, desszertek \u00e9s t\u00e1rol\u00e1shoz. Ingyenes mint\u00e1k.<\/p>","protected":false},"featured_media":25529,"template":"","meta":[],"product_brand":[],"product_cat":[124,122,125],"product_tag":[],"class_list":{"0":"post-22245","1":"product","2":"type-product","3":"status-publish","4":"has-post-thumbnail","6":"product_cat-custom-glass-jars","7":"product_cat-custom-glass-packaging","8":"product_cat-mason-glass-jars","10":"first","11":"instock","12":"shipping-taxable","13":"product-type-simple"},"jetpack_sharing_enabled":true,"_links":{"self":[{"href":"https:\/\/yebodaglass.com\/hu\/wp-json\/wp\/v2\/product\/22245","targetHints":{"allow":["GET"]}}],"collection":[{"href":"https:\/\/yebodaglass.com\/hu\/wp-json\/wp\/v2\/product"}],"about":[{"href":"https:\/\/yebodaglass.com\/hu\/wp-json\/wp\/v2\/types\/product"}],"version-history":[{"count":5,"href":"https:\/\/yebodaglass.com\/hu\/wp-json\/wp\/v2\/product\/22245\/revisions"}],"predecessor-version":[{"id":25532,"href":"https:\/\/yebodaglass.com\/hu\/wp-json\/wp\/v2\/product\/22245\/revisions\/25532"}],"wp:featuredmedia":[{"embeddable":true,"href":"https:\/\/yebodaglass.com\/hu\/wp-json\/wp\/v2\/media\/25529"}],"wp:attachment":[{"href":"https:\/\/yebodaglass.com\/hu\/wp-json\/wp\/v2\/media?parent=22245"}],"wp:term":[{"taxonomy":"product_brand","embeddable":true,"href":"https:\/\/yebodaglass.com\/hu\/wp-json\/wp\/v2\/product_brand?post=22245"},{"taxonomy":"product_cat","embeddable":true,"href":"https:\/\/yebodaglass.com\/hu\/wp-json\/wp\/v2\/product_cat?post=22245"},{"taxonomy":"product_tag","embeddable":true,"href":"https:\/\/yebodaglass.com\/hu\/wp-json\/wp\/v2\/product_tag?post=22245"}],"curies":[{"name":"wp","href":"https:\/\/api.w.org\/{rel}","templated":true}]}}