{"id":22238,"date":"2025-10-11T13:14:08","date_gmt":"2025-10-11T05:14:08","guid":{"rendered":"https:\/\/yebodaglass.com\/?post_type=product&#038;p=22238"},"modified":"2026-03-26T14:45:20","modified_gmt":"2026-03-26T06:45:20","slug":"rectangular-amber-glass-olive-oil-bottles-for-cooking-bulk","status":"publish","type":"product","link":"https:\/\/yebodaglass.com\/hu\/termek\/rectangular-amber-glass-olive-oil-bottles-for-cooking-bulk\/","title":{"rendered":"250ml 500ml 750ml t\u00e9glalap alak\u00fa borosty\u00e1nsz\u00edn\u0171 \u00fcveg ol\u00edvaolaj-palackok \u00f6mlesztett f\u0151z\u00e9shez"},"content":{"rendered":"<p>Ezek borosty\u00e1nsz\u00edn\u0171 \u00fcvegb\u0151l k\u00e9sz\u00fclt ol\u00edvaolaj-palackok, karcs\u00fa form\u00e1jukkal, ahol a palack t\u00e9glalap alak\u00fa, \u00edgy j\u00f3 v\u00e9delmet ny\u00fajt a j\u00f3 min\u0151s\u00e9g\u0171 ol\u00edvaolaj f\u00e9ny okozta leboml\u00e1sa ellen. Minden m\u00e9retben kaphat\u00f3k, \u00e9s biztons\u00e1gos, megb\u00edzhat\u00f3 fekete csavaros kupakkal rendelkeznek.<\/p>\n<h2>Term\u00e9kjellemz\u0151k<\/h2>\n<ul>\n<li><strong>Test borosty\u00e1nsz\u00edn\u0171 f\u00e9ny\u00e1ll\u00f3 palack:<\/strong> A borosty\u00e1nsz\u00edn\u0171 \u00fcveg rendk\u00edv\u00fcl \u00e1tl\u00e1tsz\u00f3, \u00e9s az \u00e1tl\u00e1tsz\u00f3 \u00fcveg hat\u00e9konyan kisz\u0171ri az UV-sugarakat, ami n\u00f6veli az olaj eltarthat\u00f3s\u00e1g\u00e1t.<\/li>\n<li><strong>Lekerek\u00edtett n\u00e9gyzet alak\u00fa palackforma:<\/strong> A palackok lekerek\u00edtett, sz\u00f6gletes form\u00e1ja k\u00f6nny\u0171 fog\u00e1st biztos\u00edt; nem cs\u00fasz\u00f3s, \u00e9s ez megk\u00f6nny\u00edti az egym\u00e1sra rak\u00e1st.<\/li>\n<li><strong>Fekete z\u00e1r\u00f3csavaros kupak:<\/strong> A fekete csavaros kupak nagyon j\u00f3 t\u00f6m\u00edt\u0151hat\u00e1st biztos\u00edt, \u00edgy megakad\u00e1lyozza az olaj sziv\u00e1rg\u00e1s\u00e1t \u00e9s p\u00e1rolg\u00e1s\u00e1t.<\/li>\n<\/ul>\n<h2>F\u0151bb specifik\u00e1ci\u00f3k<\/h2>\n<table style=\"border-collapse: collapse; margin-left: auto; margin-right: auto; width: 642.77pt;\" border=\"0\" width=\"857\" cellspacing=\"0\" cellpadding=\"0\">\n<tbody>\n<tr style=\"height: 13.50pt;\">\n<td style=\"height: 13.50pt; width: 99.75pt;\" width=\"133\" height=\"18\">Jellemz\u0151<\/td>\n<td style=\"width: 543.00pt;\" width=\"724\">Specifik\u00e1ci\u00f3<\/td>\n<\/tr>\n<tr style=\"height: 13.50pt;\">\n<td style=\"height: 13.50pt;\" height=\"18\">M\u00e9retek<\/td>\n<td>4,7 \u00d7 4,7 \u00d7 21 cm (250 ml), 5,8 \u00d7 5,8 \u00d7 26,4 cm (500 ml), 6,5 \u00d7 6,5 \u00d7 30,2 cm (750 ml)<\/td>\n<\/tr>\n<tr style=\"height: 13.50pt;\">\n<td style=\"height: 13.50pt;\" height=\"18\">Nyakm\u00e9ret<\/td>\n<td>19 mm * 30 mm-es csavarmenet<\/td>\n<\/tr>\n<tr style=\"height: 13.50pt;\">\n<td style=\"height: 13.50pt;\" height=\"18\">Anyag<\/td>\n<td>UV-v\u00e9d\u0151 borosty\u00e1nsz\u00edn\u0171 \u00fcveg<\/td>\n<\/tr>\n<tr style=\"height: 13.50pt;\">\n<td style=\"height: 13.50pt;\" height=\"18\">Alak<\/td>\n<td>T\u00e9glalap alak\u00fa (n\u00e9gyzet alak\u00fa \u00fcveg)<\/td>\n<\/tr>\n<tr style=\"height: 13.50pt;\">\n<td style=\"height: 13.50pt;\" height=\"18\">Legjobb<\/td>\n<td>Ol\u00edvaolaj, ecet, \u00e9tolajok, p\u00e1cok<\/td>\n<\/tr>\n<tr style=\"height: 13.50pt;\">\n<td style=\"height: 13.50pt;\" height=\"18\">Ide\u00e1lis haszn\u00e1lat<\/td>\n<td>F\u0151z\u0151olajos palackok, olaj- \u00e9s ecettart\u00f3k, nagykereskedelmi palackoz\u00e1s, konyhai t\u00e1rol\u00e1s<\/td>\n<\/tr>\n<\/tbody>\n<\/table>\n<h2>Sikeres eset: Egy olasz ol\u00edvaolaj-import\u0151r luxusm\u00e1rk\u00e1ja<\/h2>\n<p>500 ml-es borosty\u00e1nsz\u00edn\u0171 \u00fcveg ol\u00edvaolaj-palackjainkat egy olasz ol\u00edvaolaj-import\u0151r v\u00e1lasztotta ki az Egyes\u00fclt \u00c1llamok nyugati partj\u00e1n, \u00e9s a vintage szitanyomott c\u00edmk\u00e9k \u00e9s csepp\u00e1ll\u00f3 b\u00e9l\u00e9s diz\u00e1jnj\u00e1t testre szabtuk. Az UV-v\u00e9delem elengedhetetlen volt, amely 6 h\u00f3nappal meghosszabb\u00edtotta az ol\u00edvaolaj optim\u00e1lis eltarthat\u00f3s\u00e1g\u00e1t, \u00e9s 65 sz\u00e1zal\u00e9kkal n\u00f6velte az elad\u00e1sokat. Az import\u0151r ennek \u00f6r\u00fclve tov\u00e1bbi 500 000 palackot rendelt \u00faj szarvasgomb\u00e1s \u00e9s chilis \u00edz\u0171 ol\u00edvaolaj-sorozat\u00e1b\u00f3l.<\/p>\n<h2>Testreszab\u00e1si javaslatok<\/h2>\n<ul>\n<li><strong>Log\u00f3k marat\u00e1sa:<\/strong> A m\u00e1rka eleganci\u00e1j\u00e1nak n\u00f6vel\u00e9s\u00e9re a legjobb m\u00f3dszer a m\u00e1rkalog\u00f3 grav\u00edroz\u00e1sa a n\u00e9gyzet alak\u00fa \u00fcvegre. Ez t\u00f6k\u00e9letes megold\u00e1s nagykereskedelmi \u00fcgyfelek sz\u00e1m\u00e1ra, akik fokozni szeretn\u00e9k a m\u00e1rkaismerts\u00e9get.<\/li>\n<li><strong>Sz\u00ednes \u00fcveg\u00e1rnyalatok:<\/strong> Ha szokatlan borosty\u00e1nsz\u00edn\u0171 olajpalackokat szeretn\u00e9l a f\u0151z\u00e9shez, akkor a jelenlegi z\u00f6ld sz\u00ednt s\u00f6t\u00e9tebb vagy vil\u00e1gosabb z\u00f6ld \u00e1rnyalat\u00fara kell cser\u00e9lni, a m\u00e1rka sz\u00edneihez igaz\u00edtva.<\/li>\n<li><strong>Ballag\u00e1si jegyek:<\/strong> A felhaszn\u00e1l\u00f3k sz\u00e1m\u00e1ra a pontos folyad\u00e9kmennyis\u00e9g ki\u00f6nt\u00e9s\u00e9nek megk\u00f6nny\u00edt\u00e9se \u00e9rdek\u00e9ben p\u00e9ldak\u00e9nt grav\u00edrozhatjuk a t\u00e9rfogati h\u00e9zagokat a f\u0151z\u0151olaj pohar\u00e1ra, ami ide\u00e1liss\u00e1 teszi azt a konyh\u00e1ba.<\/li>\n<li><strong>Matt:<\/strong> Az \u00fcveg fel\u00fclete matt bevonattal rendelkezik, ujjlenyomat-\u00e1ll\u00f3, az \u00fcveg pedig meg\u0151rzi puha \u00e9s eleg\u00e1ns jelleg\u00e9t \u2013 ez a tulajdons\u00e1g els\u0151sorban a kiemelked\u0151 ol\u00edvaolaj-piacnak sz\u00f3l.<\/li>\n<\/ul>","protected":false},"excerpt":{"rendered":"<p>Pr\u00e9mium min\u0151s\u00e9g\u0171, t\u00e9glalap alak\u00fa, borosty\u00e1nsz\u00edn\u0171 \u00fcvegb\u0151l k\u00e9sz\u00fclt ol\u00edvaolaj-palackok f\u0151z\u00e9shez, fekete kupakkal. Tart\u00f3s, st\u00edlusos olajpalackok f\u0151z\u00e9shez. K\u00f6zvetlen gy\u00e1ri \u00e9rt\u00e9kes\u00edt\u00e9s, gyors sz\u00e1ll\u00edt\u00e1s.<\/p>","protected":false},"featured_media":25637,"template":"","meta":[],"product_brand":[],"product_cat":[126,123,122],"product_tag":[],"class_list":{"0":"post-22238","1":"product","2":"type-product","3":"status-publish","4":"has-post-thumbnail","6":"product_cat-olive-oil-bottles","7":"product_cat-custom-glass-bottles","8":"product_cat-custom-glass-packaging","10":"first","11":"instock","12":"shipping-taxable","13":"product-type-simple"},"jetpack_sharing_enabled":true,"_links":{"self":[{"href":"https:\/\/yebodaglass.com\/hu\/wp-json\/wp\/v2\/product\/22238","targetHints":{"allow":["GET"]}}],"collection":[{"href":"https:\/\/yebodaglass.com\/hu\/wp-json\/wp\/v2\/product"}],"about":[{"href":"https:\/\/yebodaglass.com\/hu\/wp-json\/wp\/v2\/types\/product"}],"version-history":[{"count":5,"href":"https:\/\/yebodaglass.com\/hu\/wp-json\/wp\/v2\/product\/22238\/revisions"}],"predecessor-version":[{"id":25573,"href":"https:\/\/yebodaglass.com\/hu\/wp-json\/wp\/v2\/product\/22238\/revisions\/25573"}],"wp:featuredmedia":[{"embeddable":true,"href":"https:\/\/yebodaglass.com\/hu\/wp-json\/wp\/v2\/media\/25637"}],"wp:attachment":[{"href":"https:\/\/yebodaglass.com\/hu\/wp-json\/wp\/v2\/media?parent=22238"}],"wp:term":[{"taxonomy":"product_brand","embeddable":true,"href":"https:\/\/yebodaglass.com\/hu\/wp-json\/wp\/v2\/product_brand?post=22238"},{"taxonomy":"product_cat","embeddable":true,"href":"https:\/\/yebodaglass.com\/hu\/wp-json\/wp\/v2\/product_cat?post=22238"},{"taxonomy":"product_tag","embeddable":true,"href":"https:\/\/yebodaglass.com\/hu\/wp-json\/wp\/v2\/product_tag?post=22238"}],"curies":[{"name":"wp","href":"https:\/\/api.w.org\/{rel}","templated":true}]}}