{"id":22237,"date":"2025-10-11T13:14:04","date_gmt":"2025-10-11T05:14:04","guid":{"rendered":"https:\/\/yebodaglass.com\/?post_type=product&#038;p=22237"},"modified":"2025-10-11T16:34:58","modified_gmt":"2025-10-11T08:34:58","slug":"bulk-stainless-steel-oil-glass-container-with-glass-base","status":"publish","type":"product","link":"https:\/\/yebodaglass.com\/hu\/bulk-stainless-steel-oil-glass-container-with-glass-base\/","title":{"rendered":"Nagy kiszerel\u00e9s\u0171 rozsdamentes ac\u00e9l olajos \u00fcvegtart\u00e1ly \u00fcveg talppal \u2013 200 ml 300 ml 500 ml"},"content":{"rendered":"<p>Ezek az olajos \u00fcveged\u00e9nyek k\u00fcl\u00f6n ki\u00f6nt\u0151vel rendelkeznek, \u00e1tl\u00e1tsz\u00f3 \u00fcvegb\u0151l k\u00e9sz\u00fcltek, ez\u00fcst\u00f6s f\u00e9m d\u00edsz\u00edt\u00e9ssel. K\u00fcl\u00f6nb\u00f6z\u0151 m\u00e9retekben kaphat\u00f3k.<\/p>\n<h2>Term\u00e9kjellemz\u0151k<\/h2>\n<ul>\n<li><strong>Kort\u00e1rs, minimalista diz\u00e1jn:<\/strong> Az \u00fcveg \u00e9s a f\u00e9m \u00f6tv\u00f6zete egyszer\u0171s\u00e9g\u00e9vel b\u00e1rmilyen konyhast\u00edlushoz j\u00f3l illik, \u00edgy a t\u00e1rgy a sz\u00e9ps\u00e9g \u00e9s a praktikum t\u00f6k\u00e9letes kever\u00e9ke.<\/li>\n<li><strong>Dedik\u00e1lt ki\u00f6nt\u0151ny\u00edl\u00e1s:<\/strong> K\u00fcl\u00f6nb\u00f6z\u0151 f\u00e9m ki\u00f6nt\u0151ny\u00edl\u00e1sokkal kaphat\u00f3k, amelyek nemcsak pontosan szab\u00e1lyozz\u00e1k az \u00e1raml\u00e1st, hanem cs\u00f6kkentik a ki\u00f6ml\u00e9st \u00e9s maxim\u00e1lisan n\u00f6velik a felhaszn\u00e1l\u00f3bar\u00e1t jelleget.<\/li>\n<li><strong>\u00dcveg-f\u00e9m kombin\u00e1ci\u00f3:<\/strong> A palack als\u00f3 fele \u00e1tl\u00e1tsz\u00f3 \u00fcvegb\u0151l k\u00e9sz\u00fclt, hogy a marad\u00e9k olajszint k\u00f6nnyen l\u00e1that\u00f3 legyen, m\u00edg a fels\u0151 fele f\u00e9mb\u0151l k\u00e9sz\u00fclt, ami min\u0151s\u00e9gi \u00e9s tart\u00f3s \u00e9rzetet kelt.<\/li>\n<\/ul>\n<h2>F\u0151bb specifik\u00e1ci\u00f3k<\/h2>\n<table style=\"border-collapse: collapse; margin-left: auto; margin-right: auto; width: 642.77pt;\" border=\"0\" width=\"857\" cellspacing=\"0\" cellpadding=\"0\">\n<tbody>\n<tr style=\"height: 13.50pt;\">\n<td style=\"height: 13.50pt; width: 99.75pt;\" width=\"133\" height=\"18\">Jellemz\u0151<\/td>\n<td style=\"width: 543.00pt;\" width=\"724\">Specifik\u00e1ci\u00f3<\/td>\n<\/tr>\n<tr style=\"height: 13.50pt;\">\n<td style=\"height: 13.50pt;\" height=\"18\">M\u00e9retek<\/td>\n<td>3,0 \u00d7 6,5 \u00d7 15,0 cm (200 ml), 3,0 \u00d7 6,5 \u00d7 21,0 cm (300 ml), 3,0 \u00d7 7,4 \u00d7 24,7 cm (500 ml)<\/td>\n<\/tr>\n<tr style=\"height: 13.50pt;\">\n<td style=\"height: 13.50pt;\" height=\"18\">Anyag<\/td>\n<td>\u00c1tl\u00e1tsz\u00f3 \u00fcveg test, rozsdamentes ac\u00e9l kifoly\u00f3<\/td>\n<\/tr>\n<tr style=\"height: 13.50pt;\">\n<td style=\"height: 13.50pt;\" height=\"18\">Fed\u00e9l opci\u00f3k<\/td>\n<td>Felpattinthat\u00f3 tetej\u0171 rozsdamentes ac\u00e9l ki\u00f6nt\u0151, t\u00f6m\u00f6r kupak<\/td>\n<\/tr>\n<tr style=\"height: 13.50pt;\">\n<td style=\"height: 13.50pt;\" height=\"18\">Legjobb<\/td>\n<td>Ol\u00edvaolaj, ecet, \u00f6ntetek, olaj- \u00e9s ecetk\u00e9szletek<\/td>\n<\/tr>\n<tr style=\"height: 13.50pt;\">\n<td style=\"height: 13.50pt;\" height=\"18\">Ide\u00e1lis haszn\u00e1lat<\/td>\n<td>Rozsdamentes ac\u00e9lb\u00f3l k\u00e9sz\u00fclt olajpalack, konyhai t\u00e1rol\u00f3, nagykereskedelmi olaj\u00fcveg tart\u00e1ly<\/td>\n<\/tr>\n<\/tbody>\n<\/table>\n<h2>Sikert\u00f6rt\u00e9net: \u00c1talakul\u00f3 d\u00f6nt\u00e9s a vend\u00e9gl\u00e1t\u00f3iparban<\/h2>\n<p>A k\u00f6zepes m\u00e9ret\u0171 catering c\u00e9g csal\u00f3dott volt a sziv\u00e1rg\u00f3 \u00e9s s\u00e9r\u00fcl\u00e9keny olajospalackok folyamatos haszn\u00e1lata miatt. Miut\u00e1n \u00e1t\u00e1lltak a nagy kiszerel\u00e9s\u0171 \u00fcveg olajospalackjainkra, minden megv\u00e1ltozott. El\u0151sz\u00f6r is, a rozsdamentes ac\u00e9l palackok er\u0151sebbek lettek, mivel a t\u00f6r\u00e9sek sz\u00e1ma 40%-kal cs\u00f6kkent. M\u00e1sodszor, a pontos \u00f6nt\u0151cs\u0151 lehet\u0151v\u00e9 teszi a szak\u00e1csok sz\u00e1m\u00e1ra, hogy k\u00f6nnyen adagoljanak olajat vagy ecetet, \u00edgy jelent\u0151s id\u0151megtakar\u00edt\u00e1st \u00e9rtek el a tiszt\u00edt\u00e1si folyamat sor\u00e1n. A fogyaszt\u00f3k legink\u00e1bb a palack modern megjelen\u00e9se miatt voltak d\u00fch\u00f6sek, aminek eredm\u00e9nyek\u00e9nt az ism\u00e9tl\u0151d\u0151 v\u00e1s\u00e1rl\u00e1sok sz\u00e1ma 25%-kal n\u0151tt. S\u0151t, n\u00e9h\u00e1nyan k\u00f6z\u00fcl\u00fck azt is elmondt\u00e1k, hogy t\u00f6bb palackot szeretn\u00e9nek otthonukba! Jelenleg a catering csapatunk negyed\u00e9vente ad le nagy t\u00e9telben rendel\u00e9st.<\/p>\n<h2>Testreszab\u00e1si \u00f6tletek<\/h2>\n<p>Szeretn\u00e9d egyediv\u00e9 tenni az \u00fcveg olajospalackodat? Pr\u00f3b\u00e1ld ki ezeket az \u00e1talak\u00edt\u00e1sokat!<\/p>\n<ul>\n<li>Sz\u00ednes \u00fcveg\u00e1rnyalatok: Az ol\u00edvaolaj-palackok m\u00e1rk\u00e1j\u00e1nak sz\u00ednez\u00e9s\u00e9hez sz\u00ednezze az \u00e1tl\u00e1tsz\u00f3 \u00fcveget l\u00e1gy z\u00f6ldre vagy k\u00e9kre (a sima \u00e1tl\u00e1tsz\u00f3 helyett).<\/li>\n<li>Matt log\u00f3k: Hozzon l\u00e9tre egy matt ter\u00fcletet az \u00fcvegen az \u00fcgyfelei log\u00f3inak \u2013 ez pr\u00e9mium megjelen\u00e9st k\u00f6lcs\u00f6n\u00f6z, \u00e9s nem v\u00e1lik le, mint a matric\u00e1k.<\/li>\n<li>L\u00e9zerrel maratott t\u00f6lt\u0151vonalak \u2013 A poh\u00e1rba ml-jel\u00f6l\u00e9seket \u00e9get. Seg\u00edt a palackoz\u00e1s sor\u00e1n, \u00e9s prec\u00edz ir\u00e1ny\u00edt\u00e1st biztos\u00edt a felhaszn\u00e1l\u00f3knak.<\/li>\n<\/ul>\n<p>K\u00e9szen \u00e1ll arra, hogy b\u0151v\u00edtse olajpalack-v\u00e1laszt\u00e9k\u00e1t? Vegye fel vel\u00fcnk a kapcsolatot m\u00e9g ma, hogy megbesz\u00e9lhess\u00fck nagy t\u00e9telben t\u00f6rt\u00e9n\u0151 megrendel\u00e9s\u00e9t vagy szem\u00e9lyre szab\u00e1si ig\u00e9nyeit \u2013 itt vagyunk, hogy seg\u00edts\u00fcnk \u00d6nnek sikerrel j\u00e1rni!<\/p>","protected":false},"excerpt":{"rendered":"<p>Modern \u00fcveg olajos tart\u00e1ly rozsdamentes ac\u00e9l fed\u00e9llel \u00e9s ki\u00f6nt\u0151vel. Tart\u00f3s, testreszabhat\u00f3 \u00e9s ide\u00e1lis konyhai m\u00e1rkajelz\u00e9shez. Nagyobb mennyis\u00e9gben kaphat\u00f3 kedvezm\u00e9nyek.<\/p>","protected":false},"featured_media":22262,"template":"","meta":[],"product_brand":[],"product_cat":[122,123,126],"product_tag":[],"class_list":{"0":"post-22237","1":"product","2":"type-product","3":"status-publish","4":"has-post-thumbnail","6":"product_cat-custom-glass-packaging","7":"product_cat-custom-glass-bottles","8":"product_cat-olive-oil-bottles","10":"first","11":"instock","12":"shipping-taxable","13":"product-type-simple"},"jetpack_sharing_enabled":true,"_links":{"self":[{"href":"https:\/\/yebodaglass.com\/hu\/wp-json\/wp\/v2\/product\/22237","targetHints":{"allow":["GET"]}}],"collection":[{"href":"https:\/\/yebodaglass.com\/hu\/wp-json\/wp\/v2\/product"}],"about":[{"href":"https:\/\/yebodaglass.com\/hu\/wp-json\/wp\/v2\/types\/product"}],"version-history":[{"count":5,"href":"https:\/\/yebodaglass.com\/hu\/wp-json\/wp\/v2\/product\/22237\/revisions"}],"predecessor-version":[{"id":22270,"href":"https:\/\/yebodaglass.com\/hu\/wp-json\/wp\/v2\/product\/22237\/revisions\/22270"}],"wp:featuredmedia":[{"embeddable":true,"href":"https:\/\/yebodaglass.com\/hu\/wp-json\/wp\/v2\/media\/22262"}],"wp:attachment":[{"href":"https:\/\/yebodaglass.com\/hu\/wp-json\/wp\/v2\/media?parent=22237"}],"wp:term":[{"taxonomy":"product_brand","embeddable":true,"href":"https:\/\/yebodaglass.com\/hu\/wp-json\/wp\/v2\/product_brand?post=22237"},{"taxonomy":"product_cat","embeddable":true,"href":"https:\/\/yebodaglass.com\/hu\/wp-json\/wp\/v2\/product_cat?post=22237"},{"taxonomy":"product_tag","embeddable":true,"href":"https:\/\/yebodaglass.com\/hu\/wp-json\/wp\/v2\/product_tag?post=22237"}],"curies":[{"name":"wp","href":"https:\/\/api.w.org\/{rel}","templated":true}]}}