{"id":22236,"date":"2025-10-11T17:47:19","date_gmt":"2025-10-11T09:47:19","guid":{"rendered":"https:\/\/yebodaglass.com\/?post_type=product&#038;p=22236"},"modified":"2026-03-19T15:32:24","modified_gmt":"2026-03-19T07:32:24","slug":"cylindrical-clear-small-glass-mason-jars-bulk","status":"publish","type":"product","link":"https:\/\/yebodaglass.com\/hu\/termek\/cylindrical-clear-small-glass-mason-jars-bulk\/","title":{"rendered":"100 ml \u2013 480 ml-es hengeres, \u00e1tl\u00e1tsz\u00f3 kis \u00fcveg bef\u0151ttes\u00fcvegek, \u00f6mlesztett kiszerel\u00e9sben"},"content":{"rendered":"<p>Ezek kis, sima \u00e9s egyenes oldal\u00fa, \u00e1tl\u00e1tsz\u00f3 \u00fcvegb\u0151l k\u00e9sz\u00fclt bef\u0151ttes\u00fcvegek. A sz\u00e9les sz\u00e1jnak \u00e9s az egyenletes menetnek k\u00f6sz\u00f6nhet\u0151en a t\u00f6lt\u00e9s \u00e9s a lez\u00e1r\u00e1s egyszer\u0171 \u00e9s k\u00e9nyelmes. Ezek az \u00fcvegek ez\u00fcst, arany vagy fekete f\u00e9m csavaros kupakkal is haszn\u00e1lhat\u00f3k.<\/p>\n<h2>Term\u00e9kjellemz\u0151k<\/h2>\n<ul>\n<li><strong>Sz\u00e9les sz\u00e1j\u00fa menetes kialak\u00edt\u00e1s:<\/strong> K\u00f6nnyen t\u00f6lthet\u0151, kanalazhat\u00f3 \u00e9s tiszt\u00edthat\u00f3 a sz\u00e9les sz\u00e1j\u00fa kialak\u00edt\u00e1snak k\u00f6sz\u00f6nhet\u0151en, amely olyan eszk\u00f6z\u00f6kkel is haszn\u00e1lhat\u00f3, mint a m\u00e9zeskan\u00e1l.<\/li>\n<li><strong>T\u00f6bbsz\u00edn\u0171 f\u00e9mkupakok:<\/strong> A k\u00fcl\u00f6nb\u00f6z\u0151 term\u00e9kek k\u00f6nnyen megk\u00fcl\u00f6nb\u00f6ztethet\u0151k a f\u00e9mkupakok v\u00e1ltozatos kivitel\u00e9nek (ez\u00fcst, arany, fekete) k\u00f6sz\u00f6nhet\u0151en, ami magas pr\u00e9mium min\u0151s\u00e9get k\u00f6lcs\u00f6n\u00f6z.<\/li>\n<li><strong>Krist\u00e1lytiszta kijelz\u0151\u00fcveg:<\/strong> Az \u00fcveg annyira \u00e1tl\u00e1tsz\u00f3, hogy l\u00e1that\u00f3 a benne l\u00e9v\u0151 aranyl\u00f3 m\u00e9z \u00e9s a sz\u00ednes f\u0171szerek, \u00e9s leny\u0171g\u00f6z a sz\u00e9ps\u00e9g\u00fck.<\/li>\n<\/ul>\n<h2><strong data-spm-anchor-id=\"5176.28103460.0.i18.29ab2e31DydezZ\">F\u0151bb specifik\u00e1ci\u00f3k <\/strong><\/h2>\n<table style=\"border-collapse: collapse; width: 80%; margin-left: auto; margin-right: auto;\" border=\"0\" width=\"288\" cellspacing=\"0\" cellpadding=\"0\">\n<tbody>\n<tr style=\"height: 13.50pt;\">\n<td style=\"height: 13.5pt; width: 54pt; text-align: center;\" width=\"72\" height=\"18\">Modell<\/td>\n<td style=\"width: 54pt; text-align: center;\" width=\"72\">Kapacit\u00e1s (ml)<\/td>\n<td style=\"width: 54pt; text-align: center;\" width=\"72\">M\u00e9ret (cm)<\/td>\n<td style=\"width: 54pt; text-align: center;\" width=\"72\">Sz\u00ednbe\u00e1ll\u00edt\u00e1sok<\/td>\n<\/tr>\n<tr style=\"height: 13.50pt;\">\n<td style=\"height: 13.5pt; text-align: center;\" align=\"right\" height=\"18\">63010050<\/td>\n<td style=\"text-align: center;\" align=\"right\">100<\/td>\n<td style=\"text-align: center;\">7.4&#215;4.2<\/td>\n<td class=\"et2\" style=\"text-align: center;\" rowspan=\"4\">T\u00f6rl\u00e9s (Egy\u00e9ni)<\/td>\n<\/tr>\n<tr style=\"height: 13.50pt;\">\n<td style=\"height: 13.5pt; text-align: center;\" align=\"right\" height=\"18\">63028051<\/td>\n<td style=\"text-align: center;\" align=\"right\">280<\/td>\n<td style=\"text-align: center;\">7.4&#215;9.5<\/td>\n<\/tr>\n<tr style=\"height: 13.50pt;\">\n<td style=\"height: 13.5pt; text-align: center;\" align=\"right\" height=\"18\">63035052<\/td>\n<td style=\"text-align: center;\" align=\"right\">350<\/td>\n<td style=\"text-align: center;\">7.4&#215;12.0<\/td>\n<\/tr>\n<tr style=\"height: 13.50pt;\">\n<td style=\"height: 13.5pt; text-align: center;\" align=\"right\" height=\"18\">63048053<\/td>\n<td style=\"text-align: center;\" align=\"right\">480<\/td>\n<td style=\"text-align: center;\">7.4&#215;15.0<\/td>\n<\/tr>\n<\/tbody>\n<\/table>\n<h2>Sikert\u00f6rt\u00e9net: A Vermont Bee Farm aj\u00e1nd\u00e9kterm\u00e9k-k\u00edn\u00e1lat\u00e1nak b\u0151v\u00edt\u00e9se<\/h2>\n<p>Kis m\u00e9zes bef\u0151ttes\u00fcveg\u00fcnket egy vermonti csal\u00e1di m\u00e9h\u00e9szet v\u00e1lasztotta, \u00e9s a borosty\u00e1nsz\u00edn\u0171 \u00fcvegtestet szem\u00e9lyre szabtuk. Ezek az egyedi \u00fcvegek hatalmas sikert arattak: a borosty\u00e1nsz\u00edn\u0171 \u00fcveg \u00e9ppen annyi UV-v\u00e9delmet biztos\u00edtott, hogy a fogyaszt\u00f3k 30 sz\u00e1zal\u00e9kkal jobban meg\u00edt\u00e9lt\u00e9k a term\u00e9k min\u0151s\u00e9g\u00e9t, maga az \u00fcveg pedig krist\u00e1lytiszta volt, \u00e9s az exkluz\u00edv aj\u00e1nd\u00e9kt\u00e1rgyak elad\u00e1sai a fel\u00e9re n\u0151ttek. Ez volt a m\u00e9h\u00e9sz sikere, aki \u00fajabb 550 000 \u00fcveget rendelt, hogy szezon\u00e1lis m\u00e9z\u00e9t az \u00faj-angliai butikoknak \u00e9rt\u00e9kes\u00edtse.<\/p>\n<h2>Kis \u00fcveges bef\u0151ttes\u00fcvegek testreszab\u00e1sa<\/h2>\n<ul>\n<li>\u00dcvegsz\u00ednek: Sima \u00fcvegekben (hagyom\u00e1nyos \u00e1tl\u00e1tsz\u00f3), borosty\u00e1nsz\u00edn\u0171 \u00fcvegekben \u00e9s k\u00e9k \u00fcvegekben (f\u00e9ny\u00e9rz\u00e9keny term\u00e9kekhez megfelel\u0151) kaphat\u00f3k.<\/li>\n<li>Fed\u00e9l anyaga B\u0151v\u00edtm\u00e9nyek: A fed\u00e9l lehet r\u00e9z, roz\u00e9arany vagy matt.<\/li>\n<li>M\u00e9ret testreszab\u00e1sa: Az \u00fcvegek m\u00e9rete h\u00e1rom-n\u00e9gy m\u00e9retre m\u00f3dos\u00edthat\u00f3, \u00edgy komplett aj\u00e1nd\u00e9kk\u00e9szletk\u00e9nt vagy t\u00e1rol\u00f3k\u00e9szletk\u00e9nt is haszn\u00e1lhat\u00f3k.<\/li>\n<\/ul>","protected":false},"excerpt":{"rendered":"<p>\u00c1tl\u00e1tsz\u00f3, kis \u00fcveg bef\u0151ttes\u00fcvegek sz\u00e9les sz\u00e1j\u00fa kialak\u00edt\u00e1ssal a k\u00f6nny\u0171 megt\u00f6lt\u00e9s \u00e9rdek\u00e9ben. M\u00e9zes bef\u0151ttes\u00fcveg, t\u00f6k\u00e9letes konyhai t\u00e1rol\u00e1shoz \u00e9s kiskereskedelmi csomagol\u00e1shoz. K\u00f6zvetlen gy\u00e1ri sz\u00e1ll\u00edt\u00e1s.<\/p>","protected":false},"featured_media":25525,"template":"","meta":[],"product_brand":[],"product_cat":[122,124,125],"product_tag":[],"class_list":{"0":"post-22236","1":"product","2":"type-product","3":"status-publish","4":"has-post-thumbnail","6":"product_cat-custom-glass-packaging","7":"product_cat-custom-glass-jars","8":"product_cat-mason-glass-jars","10":"first","11":"instock","12":"shipping-taxable","13":"product-type-simple"},"jetpack_sharing_enabled":true,"_links":{"self":[{"href":"https:\/\/yebodaglass.com\/hu\/wp-json\/wp\/v2\/product\/22236","targetHints":{"allow":["GET"]}}],"collection":[{"href":"https:\/\/yebodaglass.com\/hu\/wp-json\/wp\/v2\/product"}],"about":[{"href":"https:\/\/yebodaglass.com\/hu\/wp-json\/wp\/v2\/types\/product"}],"version-history":[{"count":5,"href":"https:\/\/yebodaglass.com\/hu\/wp-json\/wp\/v2\/product\/22236\/revisions"}],"predecessor-version":[{"id":25526,"href":"https:\/\/yebodaglass.com\/hu\/wp-json\/wp\/v2\/product\/22236\/revisions\/25526"}],"wp:featuredmedia":[{"embeddable":true,"href":"https:\/\/yebodaglass.com\/hu\/wp-json\/wp\/v2\/media\/25525"}],"wp:attachment":[{"href":"https:\/\/yebodaglass.com\/hu\/wp-json\/wp\/v2\/media?parent=22236"}],"wp:term":[{"taxonomy":"product_brand","embeddable":true,"href":"https:\/\/yebodaglass.com\/hu\/wp-json\/wp\/v2\/product_brand?post=22236"},{"taxonomy":"product_cat","embeddable":true,"href":"https:\/\/yebodaglass.com\/hu\/wp-json\/wp\/v2\/product_cat?post=22236"},{"taxonomy":"product_tag","embeddable":true,"href":"https:\/\/yebodaglass.com\/hu\/wp-json\/wp\/v2\/product_tag?post=22236"}],"curies":[{"name":"wp","href":"https:\/\/api.w.org\/{rel}","templated":true}]}}