{"id":22178,"date":"2025-10-10T17:32:34","date_gmt":"2025-10-10T09:32:34","guid":{"rendered":"https:\/\/yebodaglass.com\/?post_type=product&#038;p=22178"},"modified":"2026-03-19T14:42:13","modified_gmt":"2026-03-19T06:42:13","slug":"clear-wide-mouth-mason-jar-with-lid-bulk","status":"publish","type":"product","link":"https:\/\/yebodaglass.com\/hu\/termek\/clear-wide-mouth-mason-jar-with-lid-bulk\/","title":{"rendered":"220 ml \u2013 480 ml \u00e1tl\u00e1tsz\u00f3, sz\u00e9les sz\u00e1j\u00fa bef\u0151ttes\u00fcveg tet\u0151vel, \u00f6mlesztett kiszerel\u00e9sben"},"content":{"rendered":"<p>Ez a sz\u00e9les sz\u00e1j\u00fa bef\u0151ttes\u00fcveg eleg\u00e1ns, lapos oldal\u00fa, \u00e1tl\u00e1tsz\u00f3 \u00fcvegtesttel \u00e9s sz\u00e9les sz\u00e1jny\u00edl\u00e1ssal rendelkezik, mer\u00e9sz \u00e9s vonz\u00f3 f\u00e9mfed\u00e9llel piros, fekete, r\u00e9z \u00e9s arany sz\u00ednben. Az \u00e1tl\u00e1tsz\u00f3 testen kereszt\u00fcl a tartalom j\u00f3l l\u00e1that\u00f3.<\/p>\n<h2>Term\u00e9kjellemz\u0151k<\/h2>\n<ul>\n<li><strong>Klasszikus egyenes oldal\u00fa \u00fcveged\u00e9ny:<\/strong> Ez egy alapvet\u0151, hengeres forma, tart\u00f3s \u00e9s massz\u00edv, k\u00f6nnyen tiszt\u00edthat\u00f3, \u00e9s \u00e1tl\u00e1that\u00f3 k\u00e9pet ad a term\u00e9k belsej\u00e9r\u0151l.<\/li>\n<li><strong>Cser\u00e9lhet\u0151 sz\u00ednes f\u00e9m fedelek:<\/strong> A csavaros kupakok piros, fekete, r\u00e9z vagy arany sz\u00ednben kaphat\u00f3k, hogy szoros illeszked\u00e9st \u00e9s egyedi testreszab\u00e1st biztos\u00edtsanak.<\/li>\n<li><strong>Krist\u00e1lytiszta kijelz\u0151\u00fcveg:<\/strong> Ez a nagy \u00e1tl\u00e1tsz\u00f3s\u00e1g\u00fa \u00fcveg teszi ezeket az \u00fcvegeket ide\u00e1liss\u00e1 a kiskereskedelemben, mivel a term\u00e9k min\u0151s\u00e9ge \u00e9s sz\u00edne t\u00f6k\u00e9letesen l\u00e1tszik az \u00fcvegen kereszt\u00fcl.<\/li>\n<\/ul>\n<h2><strong data-spm-anchor-id=\"5176.28103460.0.i28.29ab2e31SnOOuR\">F\u0151bb specifik\u00e1ci\u00f3k<\/strong><\/h2>\n<table style=\"border-collapse: collapse; width: 80%; margin-left: auto; margin-right: auto;\" border=\"0\" width=\"360\" cellspacing=\"0\" cellpadding=\"0\">\n<tbody>\n<tr style=\"height: 13.50pt;\">\n<td style=\"height: 13.5pt; width: 54pt; text-align: center;\" width=\"72\" height=\"18\">Modell<\/td>\n<td style=\"width: 54pt; text-align: center;\" width=\"72\">Kapacit\u00e1s (ml)<\/td>\n<td style=\"width: 54pt; text-align: center;\" width=\"72\">M\u00e9ret (cm)<\/td>\n<td style=\"width: 54pt; text-align: center;\" width=\"72\">Sz\u00ednbe\u00e1ll\u00edt\u00e1sok<\/td>\n<td style=\"width: 54pt; text-align: center;\" width=\"72\">Alak<\/td>\n<\/tr>\n<tr style=\"height: 13.50pt;\">\n<td style=\"height: 13.5pt; text-align: center;\" align=\"right\" height=\"18\">63022046<\/td>\n<td style=\"text-align: center;\" align=\"right\">220<\/td>\n<td style=\"text-align: center;\">9.3&#215;5.2<\/td>\n<td class=\"et2\" style=\"text-align: center;\" rowspan=\"4\">T\u00f6rl\u00e9s (Egy\u00e9ni)<\/td>\n<td class=\"et2\" style=\"text-align: center;\" rowspan=\"4\">R\u00f6vid \u00e9s vastag, kerek \u00fcveg<\/td>\n<\/tr>\n<tr style=\"height: 13.50pt;\">\n<td style=\"height: 13.5pt; text-align: center;\" align=\"right\" height=\"18\">63028047<\/td>\n<td style=\"text-align: center;\" align=\"right\">280<\/td>\n<td style=\"text-align: center;\">9.3&#215;6.6<\/td>\n<\/tr>\n<tr style=\"height: 13.50pt;\">\n<td style=\"height: 13.5pt; text-align: center;\" align=\"right\" height=\"18\">63037048<\/td>\n<td style=\"text-align: center;\" align=\"right\">370<\/td>\n<td style=\"text-align: center;\">9.3&#215;8.0<\/td>\n<\/tr>\n<tr style=\"height: 13.50pt;\">\n<td style=\"height: 13.5pt; text-align: center;\" align=\"right\" height=\"18\">63048049<\/td>\n<td style=\"text-align: center;\" align=\"right\">480<\/td>\n<td style=\"text-align: center;\">9.3&#215;9.6<\/td>\n<\/tr>\n<\/tbody>\n<\/table>\n<h2>Sikeres eset<\/h2>\n<p>Egy texasi cs\u00edp\u0151s sz\u00f3szokat gy\u00e1rt\u00f3 c\u00e9g v\u00e1lasztotta 230 grammos, fedeles \u00fcveged\u00e9nyeinket, amelyekre egy r\u00e9gim\u00f3di st\u00edlus\u00fa szitanyom\u00e1ssal, matt fekete fed\u00e9llel tervezt\u00e9k az \u00fcveg test\u00e9t. Ez a pr\u00e9mium diz\u00e1jn\u00fa csomagol\u00e1s hatalmas sikert aratott: magas, polcra helyezhet\u0151 megjelen\u00e9s\u00e9vel 500 \u00faj butik \u00e9lelmiszerboltba jutottak be, a jellegzetes \u00fcvegdiz\u00e1jn pedig 300 sz\u00e1zal\u00e9kkal t\u00f6bb felhaszn\u00e1l\u00f3 \u00e1ltal gener\u00e1lt k\u00f6z\u00f6ss\u00e9gi m\u00e9dia tartalmat gener\u00e1lt. A sikerre \u00e9p\u00edtve \u00fajabb 200 000 \u00fcvegnyi megrendel\u00e9st adtak le \u00faj cs\u00edp\u0151s savany\u00fas\u00e1g- \u00e9s italkever\u00e9k-kollekci\u00f3jukb\u00f3l.<\/p>\n<h2>\u00dcveg bef\u0151ttes\u00fcvegek fed\u00e9llel \u2013 testreszab\u00e1si aj\u00e1nl\u00e1sok<\/h2>\n<ul>\n<li>K\u00f6zvetlen \u00fcvegnyomtat\u00e1s: Nyomtasson teljes sz\u00edn\u0171, \u00e1lland\u00f3 grafik\u00e1kat, log\u00f3kat vagy t\u00e1p\u00e9rt\u00e9kinform\u00e1ci\u00f3kat az \u00fcvegre, hogy pr\u00e9mium, c\u00edmkementes megjelen\u00e9st biztos\u00edtson.<\/li>\n<li>Kiemelked\u0151 jel\u00f6l\u00e9sek: Jel\u00f6l\u00e9sek Kiemelked\u0151 beoszt\u00e1sokat (cs\u00e9sze, uncia, milliliter) kapunk, \u00e9s az \u00fcveg oldal\u00e1ra helyezz\u00fck, hogy azok k\u00f6nnyen felhaszn\u00e1lhat\u00f3k legyenek a konyh\u00e1ban.<\/li>\n<li>Speci\u00e1lis fed\u00e9l tartoz\u00e9kok: Biztos\u00edtson olyan fed\u0151ket, amelyekkel az \u00fcveg shakerr\u00e9, ki\u00f6nt\u0151cs\u0151rr\u00e9, iv\u00f3fed\u00e9ll\u00e9 vagy erjeszt\u0151szelepp\u00e9 alak\u00edthat\u00f3.<\/li>\n<\/ul>","protected":false},"excerpt":{"rendered":"<p>Pr\u00e9mium min\u0151s\u00e9g\u0171, sz\u00e9les sz\u00e1j\u00fa bef\u0151ttes\u00fcveg fed\u00e9llel, er\u0151s z\u00e1r\u00f3d\u00e1ssal. \u00dcveg bef\u0151ttes\u00fcvegek fed\u00e9llel, t\u00f6k\u00e9letesek nagy t\u00e9telben t\u00f6rt\u00e9n\u0151 t\u00e1rol\u00e1sra \u00e9s kiskereskedelmi csomagol\u00e1sra. K\u00e9szleten.<\/p>","protected":false},"featured_media":25520,"template":"","meta":[],"product_brand":[],"product_cat":[122,124,125],"product_tag":[],"class_list":{"0":"post-22178","1":"product","2":"type-product","3":"status-publish","4":"has-post-thumbnail","6":"product_cat-custom-glass-packaging","7":"product_cat-custom-glass-jars","8":"product_cat-mason-glass-jars","10":"first","11":"instock","12":"shipping-taxable","13":"product-type-simple"},"jetpack_sharing_enabled":true,"_links":{"self":[{"href":"https:\/\/yebodaglass.com\/hu\/wp-json\/wp\/v2\/product\/22178","targetHints":{"allow":["GET"]}}],"collection":[{"href":"https:\/\/yebodaglass.com\/hu\/wp-json\/wp\/v2\/product"}],"about":[{"href":"https:\/\/yebodaglass.com\/hu\/wp-json\/wp\/v2\/types\/product"}],"version-history":[{"count":5,"href":"https:\/\/yebodaglass.com\/hu\/wp-json\/wp\/v2\/product\/22178\/revisions"}],"predecessor-version":[{"id":25523,"href":"https:\/\/yebodaglass.com\/hu\/wp-json\/wp\/v2\/product\/22178\/revisions\/25523"}],"wp:featuredmedia":[{"embeddable":true,"href":"https:\/\/yebodaglass.com\/hu\/wp-json\/wp\/v2\/media\/25520"}],"wp:attachment":[{"href":"https:\/\/yebodaglass.com\/hu\/wp-json\/wp\/v2\/media?parent=22178"}],"wp:term":[{"taxonomy":"product_brand","embeddable":true,"href":"https:\/\/yebodaglass.com\/hu\/wp-json\/wp\/v2\/product_brand?post=22178"},{"taxonomy":"product_cat","embeddable":true,"href":"https:\/\/yebodaglass.com\/hu\/wp-json\/wp\/v2\/product_cat?post=22178"},{"taxonomy":"product_tag","embeddable":true,"href":"https:\/\/yebodaglass.com\/hu\/wp-json\/wp\/v2\/product_tag?post=22178"}],"curies":[{"name":"wp","href":"https:\/\/api.w.org\/{rel}","templated":true}]}}