{"id":22177,"date":"2025-10-10T16:03:50","date_gmt":"2025-10-10T08:03:50","guid":{"rendered":"https:\/\/yebodaglass.com\/?post_type=product&#038;p=22177"},"modified":"2025-10-17T16:27:52","modified_gmt":"2025-10-17T08:27:52","slug":"bulk-glass-olive-oil-dispensers-with-scale-and-metal-lid","status":"publish","type":"product","link":"https:\/\/yebodaglass.com\/hu\/termek\/bulk-glass-olive-oil-dispensers-with-scale-and-metal-lid\/","title":{"rendered":"\u00dcveg ol\u00edvaolaj-adagol\u00f3k sk\u00e1l\u00e1val \u00e9s f\u00e9m fed\u00e9llel \u2013 270ml 300ml 450ml"},"content":{"rendered":"<p>Ezek az ol\u00edvaolaj-adagol\u00f3k \u00e1tl\u00e1tsz\u00f3 \u00fcvegb\u0151l k\u00e9sz\u00fcltek, j\u00f3l l\u00e1that\u00f3 beoszt\u00e1ssal, \u00e9s k\u00fcl\u00f6nf\u00e9le st\u00edlusos f\u00e9mkupakkal rendelkeznek. K\u00fcl\u00f6nb\u00f6z\u0151 m\u00e9retekben kaphat\u00f3k, egyszerre sz\u00e9pek \u00e9s praktikusak, bemutatva a benn\u00fck rejl\u0151 aranyl\u00f3 olajat.<\/p>\n<h2>Term\u00e9kjellemz\u0151k<\/h2>\n<ul>\n<li><strong>Diplom\u00e1s tervez\u00e9s:<\/strong> A fokozatos kialak\u00edt\u00e1s lehet\u0151v\u00e9 teszi az \u00f6nt\u00e9s pontos szab\u00e1lyoz\u00e1s\u00e1t, t\u00f6k\u00e9letes a mennyis\u00e9gi olajfelhaszn\u00e1l\u00e1shoz.<\/li>\n<li><strong>K\u00fcl\u00f6nb\u00f6z\u0151 fed\u00e9lst\u00edlusok:<\/strong> K\u00fcl\u00f6nb\u00f6z\u0151 st\u00edlus\u00fa f\u00e9mkupakok k\u00f6z\u00fcl v\u00e1laszthat, hogy melyik illik a bels\u0151\u00e9p\u00edt\u00e9szet\u00e9hez \u00e9s \u00edzl\u00e9s\u00e9hez, valamint szorosan z\u00e1r\u00f3dik.<\/li>\n<li><strong>K\u00fcl\u00f6nb\u00f6z\u0151 m\u00e9retek kaphat\u00f3k:<\/strong> A h\u00e1rom palack k\u00fcl\u00f6nb\u00f6z\u0151 m\u00e9ret\u0171, ami azt jelenti, hogy kiv\u00e1laszthatja a felhaszn\u00e1l\u00e1s\u00e1nak megfelel\u0151 m\u00e9retet, ami nagyszer\u0171 otthoni napi haszn\u00e1latra vagy kis t\u00e9tel\u0171 gy\u00e1rt\u00e1shoz.<\/li>\n<\/ul>\n<h2>F\u0151bb specifik\u00e1ci\u00f3k<\/h2>\n<table style=\"border-collapse: collapse; margin-left: auto; margin-right: auto; width: 642.77pt;\" border=\"0\" width=\"857\" cellspacing=\"0\" cellpadding=\"0\">\n<tbody>\n<tr style=\"height: 13.50pt;\">\n<td style=\"height: 13.50pt; width: 99.75pt;\" width=\"133\" height=\"18\">Jellemz\u0151<\/td>\n<td style=\"width: 543.00pt;\" width=\"724\">Specifik\u00e1ci\u00f3<\/td>\n<\/tr>\n<tr style=\"height: 13.50pt;\">\n<td style=\"height: 13.50pt;\" height=\"18\">M\u00e9retek<\/td>\n<td>6 x 15,6 cm (270 ml), 6,7 x 14,5 cm (300 ml), 6,5 x 19,8 cm (450 ml)<\/td>\n<\/tr>\n<tr style=\"height: 13.50pt;\">\n<td style=\"height: 13.50pt;\" height=\"18\">Anyag<\/td>\n<td>Nagy tisztas\u00e1g\u00fa \u00fcveg<\/td>\n<\/tr>\n<tr style=\"height: 13.50pt;\">\n<td style=\"height: 13.50pt;\" height=\"18\">Fed\u00e9l opci\u00f3k<\/td>\n<td>Massz\u00edv kupak, ki\u00f6nt\u0151cs\u0151, f\u00e9m csavaros fed\u00e9l<\/td>\n<\/tr>\n<tr style=\"height: 13.50pt;\">\n<td style=\"height: 13.50pt;\" height=\"18\">Legjobb<\/td>\n<td>Ol\u00edvaolaj, ecet, \u00f6ntetek, inf\u00fazi\u00f3s olajok<\/td>\n<\/tr>\n<tr style=\"height: 13.50pt;\">\n<td style=\"height: 13.50pt;\" height=\"18\">Ide\u00e1lis haszn\u00e1lat<\/td>\n<td>Ol\u00edvaolaj adagol\u00f3, \u00fcveg olajpalack adagol\u00f3, olaj- \u00e9s ecetk\u00e9szletek, nagykereskedelmi palackoz\u00e1s<\/td>\n<\/tr>\n<\/tbody>\n<\/table>\n<h2>Sikert\u00f6rt\u00e9net<\/h2>\n<p>Egy kis ol\u00edvaolaj-termel\u0151 szabv\u00e1nyos kerek \u00fcvegpalackokban \u00e1rulta az olaj\u00e1t. A term\u00e9k\u00fck kiv\u00e1l\u00f3 min\u0151s\u00e9g\u0171 volt \u2013 de a v\u00e1s\u00e1rl\u00f3k azt mondt\u00e1k, hogy \u201et\u00fal sokat haszn\u00e1ltak\u201d, vagy \u201enem tudt\u00e1k szab\u00e1lyozni az \u00f6nt\u00e9st\u201d. \u00c1t\u00e1lltak erre az ol\u00edvaolaj-adagol\u00f3ra, amelyen jelz\u00e9sek voltak a mennyis\u00e9gr\u0151l. Ugyanaz az olaj. \u00daj \u00fcveg. Hirtelen a felhaszn\u00e1l\u00f3k dics\u00e9rni kezdt\u00e9k az \u201eokos kialak\u00edt\u00e1st\u201d. Az egyik\u00fck ezt \u00edrta: \u201eV\u00e9gre abbahagytam a t\u00fal\u00f6nt\u00e9st a sal\u00e1t\u00e1imra.\u201d Egy f\u0151z\u0151iskola elkezdte haszn\u00e1lni ezeket az \u00f3r\u00e1kon \u2013 a di\u00e1kok pontosan k\u00f6vetni tudt\u00e1k a recepteket.<\/p>\n<h2>\u00dcveg olajpalack adagol\u00f3 testreszab\u00e1si \u00f6tletek<\/h2>\n<ul>\n<li>Sz\u00ednezett \u00fcveg opci\u00f3k \u2013 Borosty\u00e1n vagy z\u00f6ld \u00fcveggel v\u00e9dheti az \u00e9rz\u00e9keny olajokat az UV-f\u00e9nyt\u0151l.<\/li>\n<li>L\u00e9zerrel grav\u00edrozott log\u00f3 \u2013 \u00c9gesd a m\u00e1rk\u00e1dat az \u00fcvegbe a m\u00e9r\u00e9si vonal alatt. Tart\u00f3s. Professzion\u00e1lis.<\/li>\n<li>Textur\u00e1lt alap \u2013 R\u00e1csos vagy hull\u00e1mos mint\u00e1zat az alj\u00e1n. Jav\u00edtja a tapad\u00e1st \u00e9s megakad\u00e1lyozza a cs\u00fasz\u00e1st nedves pulton.<\/li>\n<li>Antisztatikus bevonat \u2013 Cs\u00f6kkenti a porlerak\u00f3d\u00e1st az \u00fcvegfel\u00fcleten a tiszt\u00e1bb megjelen\u00e9s \u00e9rdek\u00e9ben.<\/li>\n<\/ul>\n<p>Ezek a finomhangol\u00e1sok nem kozmetikai lappang\u00e1sok. Nagy teljes\u00edtm\u00e9ny\u0171 adagol\u00f3kk\u00e1 var\u00e1zsolj\u00e1k az \u00fcveg olajospalackokat \u2013 funkcion\u00e1lisak, m\u00e1rk\u00e1sak \u00e9s nagykereskedelmi sikerre tervezve.<\/p>","protected":false},"excerpt":{"rendered":"<p>Tart\u00f3s \u00fcveg ol\u00edvaolaj-adagol\u00f3 fokozatokkal ell\u00e1tott jelz\u00e9sekkel \u00e9s f\u00e9m fed\u00e9llel. Eleg\u00e1ns \u00e9s praktikus kialak\u00edt\u00e1s, nagykereskedelmi k\u00e9szlet, t\u00f6k\u00e9letes konyhai \u00e9s \u00e9ttermi haszn\u00e1latra.<\/p>","protected":false},"featured_media":22190,"template":"","meta":[],"product_brand":[],"product_cat":[122,123,126],"product_tag":[],"class_list":{"0":"post-22177","1":"product","2":"type-product","3":"status-publish","4":"has-post-thumbnail","6":"product_cat-custom-glass-packaging","7":"product_cat-custom-glass-bottles","8":"product_cat-olive-oil-bottles","10":"first","11":"instock","12":"shipping-taxable","13":"product-type-simple"},"jetpack_sharing_enabled":true,"_links":{"self":[{"href":"https:\/\/yebodaglass.com\/hu\/wp-json\/wp\/v2\/product\/22177","targetHints":{"allow":["GET"]}}],"collection":[{"href":"https:\/\/yebodaglass.com\/hu\/wp-json\/wp\/v2\/product"}],"about":[{"href":"https:\/\/yebodaglass.com\/hu\/wp-json\/wp\/v2\/types\/product"}],"version-history":[{"count":5,"href":"https:\/\/yebodaglass.com\/hu\/wp-json\/wp\/v2\/product\/22177\/revisions"}],"predecessor-version":[{"id":22460,"href":"https:\/\/yebodaglass.com\/hu\/wp-json\/wp\/v2\/product\/22177\/revisions\/22460"}],"wp:featuredmedia":[{"embeddable":true,"href":"https:\/\/yebodaglass.com\/hu\/wp-json\/wp\/v2\/media\/22190"}],"wp:attachment":[{"href":"https:\/\/yebodaglass.com\/hu\/wp-json\/wp\/v2\/media?parent=22177"}],"wp:term":[{"taxonomy":"product_brand","embeddable":true,"href":"https:\/\/yebodaglass.com\/hu\/wp-json\/wp\/v2\/product_brand?post=22177"},{"taxonomy":"product_cat","embeddable":true,"href":"https:\/\/yebodaglass.com\/hu\/wp-json\/wp\/v2\/product_cat?post=22177"},{"taxonomy":"product_tag","embeddable":true,"href":"https:\/\/yebodaglass.com\/hu\/wp-json\/wp\/v2\/product_tag?post=22177"}],"curies":[{"name":"wp","href":"https:\/\/api.w.org\/{rel}","templated":true}]}}