{"id":22169,"date":"2025-10-10T16:03:40","date_gmt":"2025-10-10T08:03:40","guid":{"rendered":"https:\/\/yebodaglass.com\/?post_type=product&#038;p=22169"},"modified":"2026-03-24T11:32:52","modified_gmt":"2026-03-24T03:32:52","slug":"bulk-cooking-vinegar-oil-dispensers-with-measuring-spout","status":"publish","type":"product","link":"https:\/\/yebodaglass.com\/hu\/bulk-cooking-vinegar-oil-dispensers-with-measuring-spout\/","title":{"rendered":"T\u00f6meges 300ml 500ml f\u0151z\u0151ecet-olaj adagol\u00f3k m\u00e9r\u0151cs\u0151vel"},"content":{"rendered":"<p>Ezek az ecetolaj-adagol\u00f3k hengeres \u00e9s \u00e1tl\u00e1tsz\u00f3 \u00fcvegpalackkal rendelkeznek, amelynek tetej\u00e9n ez\u00fcst beoszt\u00e1sok \u00e9s egy beoszt\u00e1sos ablak tal\u00e1lhat\u00f3 a f\u0151z\u0151olaj kit\u00f6lt\u00e9s\u00e9hez.<\/p>\n<h2>Term\u00e9kjellemz\u0151k<\/h2>\n<ul>\n<li><strong>Fokozatos adagol\u00f3eszk\u00f6z:<\/strong> A fokozatos jel\u00f6l\u00e9sekkel ell\u00e1tott fels\u0151 r\u00e9sz lehet\u0151v\u00e9 teszi a pontos \u00e1raml\u00e1sszab\u00e1lyoz\u00e1st; \u00edgy a felhaszn\u00e1l\u00f3 a k\u00edv\u00e1nt mennyis\u00e9g\u0171 olajat adagolhatja.<\/li>\n<li><strong>Billenthet\u0151 fed\u00e9l:<\/strong> Az egyed\u00fcl\u00e1ll\u00f3, d\u00f6nt\u00f6tt nyit\u00e1s\u00fa kialak\u00edt\u00e1s jobb hozz\u00e1f\u00e9r\u00e9st biztos\u00edt a tartalomhoz, \u00e9s a kit\u00f6lt\u00e9s is praktikusabb\u00e1 teszi.<\/li>\n<li><strong>\u00c1tl\u00e1tsz\u00f3 \u00fcveg:<\/strong> Egy csinos \u00e9s egyszer\u0171 poh\u00e1r lehet\u0151v\u00e9 teszi a felhaszn\u00e1l\u00f3 sz\u00e1m\u00e1ra, hogy vizu\u00e1lisan ellen\u0151rizze az \u00fcvegben maradt olaj mennyis\u00e9g\u00e9t, \u00e9s hogy mikor van sz\u00fcks\u00e9g ut\u00e1nt\u00f6lt\u00e9sre.<\/li>\n<\/ul>\n<h2>F\u0151bb specifik\u00e1ci\u00f3k<\/h2>\n<table style=\"border-collapse: collapse; margin-left: auto; margin-right: auto; width: 448.52pt;\" border=\"0\" width=\"598\" cellspacing=\"0\" cellpadding=\"0\">\n<tbody>\n<tr style=\"height: 13.50pt;\">\n<td style=\"height: 13.50pt; width: 92.25pt;\" width=\"123\" height=\"18\">Jellemz\u0151<\/td>\n<td style=\"width: 356.25pt;\" width=\"475\">Specifik\u00e1ci\u00f3<\/td>\n<\/tr>\n<tr style=\"height: 13.50pt;\">\n<td style=\"height: 13.50pt;\" height=\"18\">M\u00e9retek<\/td>\n<td>7,5 \u00d7 22 cm (300 ml), 7,5 \u00d7 28 cm (500 ml)<\/td>\n<\/tr>\n<tr style=\"height: 13.50pt;\">\n<td style=\"height: 13.50pt;\" height=\"18\">Anyag<\/td>\n<td>Nagy tisztas\u00e1g\u00fa \u00fcveg<\/td>\n<\/tr>\n<tr style=\"height: 13.50pt;\">\n<td style=\"height: 13.50pt;\" height=\"18\">Alak<\/td>\n<td>Hengeres<\/td>\n<\/tr>\n<tr style=\"height: 13.50pt;\">\n<td style=\"height: 13.50pt;\" height=\"18\">Fed\u00e9l t\u00edpusa<\/td>\n<td>Be\u00e9p\u00edtett adagol\u00f3 m\u00e9r\u0151sk\u00e1l\u00e1val (ml)<\/td>\n<\/tr>\n<tr style=\"height: 13.50pt;\">\n<td style=\"height: 13.50pt;\" height=\"18\">Legjobb<\/td>\n<td>Ol\u00edvaolaj, ecet, \u00f6ntetek, p\u00e1cok<\/td>\n<\/tr>\n<tr style=\"height: 13.50pt;\">\n<td style=\"height: 13.50pt;\" height=\"18\">Ide\u00e1lis haszn\u00e1lat<\/td>\n<td>Olaj- \u00e9s ecettart\u00f3k, konyhai eszk\u00f6z\u00f6k, nagykereskedelmi csomagol\u00e1s<\/td>\n<\/tr>\n<\/tbody>\n<\/table>\n<h2>Sikeres eset: Egy \u00e9telsz\u00e1ll\u00edt\u00f3 c\u00e9g prec\u00edzi\u00f3s receptjei<\/h2>\n<p>Az egyik nagy \u00e9telkisz\u00e1ll\u00edt\u00e1si szolg\u00e1ltat\u00f3 a mi \u00e9tolaj-adagol\u00f3nkat v\u00e1lasztotta, amelyet szitanyomott log\u00f3val \u00e9s 1 ev\u0151kan\u00e1lnyi adagokkal m\u00f3dos\u00edtottak. Az adagol\u00f3rendszer pontosabban tudta kim\u00e9rni a recepteket, ami 25 sz\u00e1zal\u00e9kkal cs\u00f6kkentette az olaj helytelen kim\u00e9r\u00e9se miatti hib\u00e1k sz\u00e1m\u00e1t a recept k\u00f6vet\u00e9sekor, az \u00fcveg pedig tart\u00f3s volt, \u00edgy a recept kevesebb mint 1 sz\u00e1zal\u00e9kos t\u00f6r\u00e9si ar\u00e1nyt mutatott sz\u00e1ll\u00edt\u00e1s k\u00f6zben. A kiemelked\u0151 hat\u00e9konys\u00e1gnak k\u00f6sz\u00f6nhet\u0151en a c\u00e9g tov\u00e1bbi 500 000 adagol\u00f3t rendelt pr\u00e9mium \u00e9telkisz\u00e1ll\u00edt\u00e1si csomagjaihoz, valamint k\u00fcl\u00f6n t\u00e9telk\u00e9nt is.<\/p>\n<h2>Testreszab\u00e1si tippek az ecetolaj-adagol\u00f3hoz<\/h2>\n<ul>\n<li>Sz\u00ednezett \u00fcveg opci\u00f3k \u2013 V\u00e9dje olaj\u00e1t az \u00e1tl\u00e1tsz\u00f3 \u00fcveg borosty\u00e1nsz\u00edn\u0171re vagy z\u00f6ldre cser\u00e9l\u00e9s\u00e9vel a f\u00e9ny\u00e9rz\u00e9kenys\u00e9g \u00e9rdek\u00e9ben.<\/li>\n<li>L\u00e9zergrav\u00edrozott m\u00e9r\u0151jelek \u2013 Maratja a vonalakat az adagol\u00f3n, hogy tart\u00f3s \u00e9s eleg\u00e1ns sk\u00e1l\u00e1t hozzon l\u00e9tre.<\/li>\n<li>Textur\u00e1lt markolatz\u00f3na \u2013 F\u00fcgg\u0151leges bar\u00e1zd\u00e1kat a talp k\u00f6zel\u00e9ben a jobb kezelhet\u0151s\u00e9g \u00e9rdek\u00e9ben, k\u00fcl\u00f6n\u00f6sen olajos k\u00e9zzel.<\/li>\n<li>Csepeg\u00e9sg\u00e1tl\u00f3 ajak\u00e1pol\u00f3 \u2013 Vigyen fel egy mikroferd\u00edt\u00e9st a ki\u00f6nt\u0151cs\u0151rre, hogy megakad\u00e1lyozza az utols\u00f3 csepp lecsepeg\u00e9s\u00e9t<\/li>\n<\/ul>\n<p>Tegy\u00fck a k\u00f6vetkez\u0151 \u00fcvegpalackodat t\u00f6bb\u00e9, mint puszt\u00e1n t\u00e1rol\u00f3ed\u00e9nys\u00e9. Tegy\u00fck okos tervez\u00e9s\u0171 k\u00e9zm\u0171ves term\u00e9kk\u00e9.<\/p>","protected":false},"excerpt":{"rendered":"<p>Modern ecet-olaj adagol\u00f3 flakonok m\u00e9r\u0151kupakkal \u00e9s billen\u0151 tet\u0151vel. T\u00f6k\u00e9letes konyhai haszn\u00e1latra. Ingyenes mint\u00e1k, rendel\u00e9s nagy t\u00e9telben a legjobb aj\u00e1nlatok\u00e9rt.<\/p>","protected":false},"featured_media":22172,"template":"","meta":[],"product_brand":[],"product_cat":[126,123,122],"product_tag":[],"class_list":{"0":"post-22169","1":"product","2":"type-product","3":"status-publish","4":"has-post-thumbnail","6":"product_cat-olive-oil-bottles","7":"product_cat-custom-glass-bottles","8":"product_cat-custom-glass-packaging","10":"first","11":"instock","12":"shipping-taxable","13":"product-type-simple"},"jetpack_sharing_enabled":true,"_links":{"self":[{"href":"https:\/\/yebodaglass.com\/hu\/wp-json\/wp\/v2\/product\/22169","targetHints":{"allow":["GET"]}}],"collection":[{"href":"https:\/\/yebodaglass.com\/hu\/wp-json\/wp\/v2\/product"}],"about":[{"href":"https:\/\/yebodaglass.com\/hu\/wp-json\/wp\/v2\/types\/product"}],"version-history":[{"count":4,"href":"https:\/\/yebodaglass.com\/hu\/wp-json\/wp\/v2\/product\/22169\/revisions"}],"predecessor-version":[{"id":25578,"href":"https:\/\/yebodaglass.com\/hu\/wp-json\/wp\/v2\/product\/22169\/revisions\/25578"}],"wp:featuredmedia":[{"embeddable":true,"href":"https:\/\/yebodaglass.com\/hu\/wp-json\/wp\/v2\/media\/22172"}],"wp:attachment":[{"href":"https:\/\/yebodaglass.com\/hu\/wp-json\/wp\/v2\/media?parent=22169"}],"wp:term":[{"taxonomy":"product_brand","embeddable":true,"href":"https:\/\/yebodaglass.com\/hu\/wp-json\/wp\/v2\/product_brand?post=22169"},{"taxonomy":"product_cat","embeddable":true,"href":"https:\/\/yebodaglass.com\/hu\/wp-json\/wp\/v2\/product_cat?post=22169"},{"taxonomy":"product_tag","embeddable":true,"href":"https:\/\/yebodaglass.com\/hu\/wp-json\/wp\/v2\/product_tag?post=22169"}],"curies":[{"name":"wp","href":"https:\/\/api.w.org\/{rel}","templated":true}]}}