{"id":22150,"date":"2025-10-10T17:26:27","date_gmt":"2025-10-10T09:26:27","guid":{"rendered":"https:\/\/yebodaglass.com\/?post_type=product&#038;p=22150"},"modified":"2026-03-20T15:31:19","modified_gmt":"2026-03-20T07:31:19","slug":"cylindrical-mason-glass-jars-with-lids-bulk","status":"publish","type":"product","link":"https:\/\/yebodaglass.com\/hu\/termek\/cylindrical-mason-glass-jars-with-lids-bulk\/","title":{"rendered":"70 ml \u2013 380 ml hengeres bef\u0151ttes\u00fcvegek fed\u00e9llel, \u00f6mlesztett kiszerel\u00e9sben"},"content":{"rendered":"<p>Ezek krist\u00e1lytiszta \u00fcvegb\u0151l k\u00e9sz\u00fclt, henger alak\u00fa, fedeles bef\u0151ttes\u00fcvegek, pol\u00edrozott ez\u00fcst f\u00e9m fed\u00e9llel. Testreszabhat\u00f3 bef\u0151ttes\u00fcvegek, nyitott t\u00e1rol\u00f3ed\u00e9nyeik k\u00f6nnyen feliratozhat\u00f3k \u00e9s megjelen\u00edthet\u0151k a tartalmukkal egy\u00fctt.<\/p>\n<h2>Term\u00e9kjellemz\u0151k<\/h2>\n<ul>\n<li><strong>Egyszer\u0171 hengeres forma:<\/strong> A lapos alj\u00fa hengeres testek egyenesek vagy sz\u00e9lesek a stabilit\u00e1s biztos\u00edt\u00e1sa \u00e9s a k\u00f6nny\u0171 egym\u00e1sra rak\u00e1s \u00e9rdek\u00e9ben, valamint nagyon minimalista megjelen\u00e9s\u0171ek.<\/li>\n<li><strong>Matt ez\u00fcst f\u00e9m fed\u00e9l:<\/strong> A matt f\u00e9m lapos ez\u00fcst fedelek szorosan z\u00e1r\u00f3dnak \u00e9s eleg\u00e1ns, modern megjelen\u00e9s\u0171ek.<\/li>\n<li><strong>\u00c1tl\u00e1tsz\u00f3 \u00fcveg nagy \u00e1tl\u00e1tsz\u00f3s\u00e1ggal:<\/strong> A t\u00f6k\u00e9letes \u00e1tl\u00e1tsz\u00f3 \u00fcveg lehet\u0151v\u00e9 teszi, hogy k\u00f6nnyen l\u00e1ssa, mi van bel\u00fcl, valamint nyomon k\u00f6vesse a k\u00e9szletet.<\/li>\n<\/ul>\n<h2>F\u0151bb specifik\u00e1ci\u00f3k<\/h2>\n<table style=\"border-collapse: collapse; width: 80%; margin-left: auto; margin-right: auto;\" border=\"0\" width=\"360\" cellspacing=\"0\" cellpadding=\"0\">\n<tbody>\n<tr style=\"height: 13.50pt;\">\n<td style=\"height: 13.5pt; width: 54pt; text-align: center;\" width=\"72\" height=\"18\">Modell<\/td>\n<td style=\"width: 54pt; text-align: center;\" width=\"72\">Kapacit\u00e1s (ml)<\/td>\n<td style=\"width: 54pt; text-align: center;\" width=\"72\">Alak<\/td>\n<td style=\"width: 54pt; text-align: center;\" width=\"72\">M\u00e9ret (cm)<\/td>\n<td style=\"width: 54pt; text-align: center;\" width=\"72\">Sz\u00ednbe\u00e1ll\u00edt\u00e1sok<\/td>\n<\/tr>\n<tr style=\"height: 13.50pt;\">\n<td style=\"height: 13.5pt; text-align: center;\" align=\"right\" height=\"18\">63007040<\/td>\n<td style=\"text-align: center;\" align=\"right\">70<\/td>\n<td class=\"et2\" style=\"text-align: center;\" rowspan=\"6\">Egyenes kerek palack<\/td>\n<td style=\"text-align: center;\">6.1&#215;4.5<\/td>\n<td class=\"et2\" style=\"text-align: center;\" rowspan=\"6\">T\u00f6rl\u00e9s (Egy\u00e9ni)<\/td>\n<\/tr>\n<tr style=\"height: 13.50pt;\">\n<td style=\"height: 13.5pt; text-align: center;\" align=\"right\" height=\"18\">63015041<\/td>\n<td style=\"text-align: center;\" align=\"right\">150<\/td>\n<td style=\"text-align: center;\">6.1&#215;8.1<\/td>\n<\/tr>\n<tr style=\"height: 13.50pt;\">\n<td style=\"height: 13.5pt; text-align: center;\" align=\"right\" height=\"18\">63020042<\/td>\n<td style=\"text-align: center;\" align=\"right\">200<\/td>\n<td style=\"text-align: center;\">6.1&#215;10.0<\/td>\n<\/tr>\n<tr style=\"height: 13.50pt;\">\n<td style=\"height: 13.5pt; text-align: center;\" align=\"right\" height=\"18\">63024043<\/td>\n<td style=\"text-align: center;\" align=\"right\">240<\/td>\n<td style=\"text-align: center;\">6.1&#215;12.1<\/td>\n<\/tr>\n<tr style=\"height: 13.50pt;\">\n<td style=\"height: 13.5pt; text-align: center;\" align=\"right\" height=\"18\">63028044<\/td>\n<td style=\"text-align: center;\" align=\"right\">280<\/td>\n<td style=\"text-align: center;\">6.1&#215;13.7<\/td>\n<\/tr>\n<tr style=\"height: 13.50pt;\">\n<td style=\"height: 13.5pt; text-align: center;\" align=\"right\" height=\"18\">63038045<\/td>\n<td style=\"text-align: center;\" align=\"right\">380<\/td>\n<td style=\"text-align: center;\">6.1&#215;17.3<\/td>\n<\/tr>\n<\/tbody>\n<\/table>\n<h2>Sikeres eset: Egy orsz\u00e1gos bio\u00e9lelmiszer-kiskeresked\u0151l\u00e1nc egyedi megrendel\u00e9se<\/h2>\n<p>Az egyik legnagyobb biobolt a mi egyedi bef\u0151ttes\u00fcveg\u00fcnket v\u00e1lasztotta l\u00e9zergrav\u00edrozott beoszt\u00e1sokkal \u00e9s f\u00e9m fed\u00e9llel. Ennek a testreszab\u00e1si rendszernek az eredm\u00e9nye jelent\u0151s volt: az \u00e1tl\u00e1tsz\u00f3 \u00fcvegfel\u00fcleten l\u00e9v\u0151 beoszt\u00e1sok sz\u00e1ma 20 sz\u00e1zal\u00e9kkal cs\u00f6kkent, a zagyvas\u00e1g \u00e9s a ki\u00f6ml\u00e9s sz\u00e1ma a nagykereskedelmi \u00e9lelmiszerek ter\u00fclet\u00e9n. Az \u00fcvegek egym\u00e1sra rak\u00e1sa \u00e9s egyenletes elrendez\u00e9se 15 sz\u00e1zal\u00e9kkal s\u0171r\u0171bb\u00e9 tette az \u00fcvegek elrendez\u00e9s\u00e9t a polcokon. Ezzel a teljes\u00edtm\u00e9nnyel tov\u00e1bbi 300 000 \u00fcveget rendeltek egys\u00e9ges nagykereskedelmi \u00e9lelmiszer-r\u00e9szlegeikre az orsz\u00e1g szupermarketjeiben.<\/p>\n<h2>\u00dcvegbef\u0151ttes\u00fcveg fed\u00e9llel \u2013 testreszab\u00e1si javaslatok<\/h2>\n<ul>\n<li>Egyedi \u00fcvegmarat\u00e1s\/nyomtat\u00e1s: L\u00e9zerrel marathatja log\u00f3j\u00e1t, mint\u00e1j\u00e1t vagy ter\u00fcletrajz\u00e1t az \u00fcvegre, hogy tart\u00f3s, kiv\u00e1l\u00f3 min\u0151s\u00e9g\u0171 m\u00e1rk\u00e1t hozzon l\u00e9tre egyedi bef\u0151ttes\u00fcvegein.<\/li>\n<li>Fed\u00e9l anyaga \u00e9s fel\u00fcletkezel\u00e9se: Fel\u00fcletek \u00e9s anyagok: A lapos fedelek sz\u00e9les v\u00e1laszt\u00e9k\u00e1ban kaphat\u00f3 fel\u00fcletek \u00e9s anyagok, bele\u00e9rtve a bambusz anyagot, matt fekete m\u0171anyagot, rezet vagy roz\u00e9arany f\u00e9met.<\/li>\n<li>N\u00e9gyzet\/hatsz\u00f6glet\u0171 kialak\u00edt\u00e1s A n\u00e9gyzet vagy hatsz\u00f6glet\u0171 bef\u0151ttes\u00fcvegek modern, helytakar\u00e9kos, n\u00e9gyzet vagy hatsz\u00f6glet\u0171 form\u00e1j\u00faak, fed\u00e9llel rendelkeznek, \u00e9s a polcokon helyezhet\u0151k el a legjobban.<\/li>\n<\/ul>","protected":false},"excerpt":{"rendered":"<p>Pr\u00e9mium min\u0151s\u00e9g\u0171, egyedi bef\u0151ttes\u00fcvegek \u00e9s bef\u0151ttes\u00fcvegek tet\u0151vel. Sz\u00e9les sz\u00e1j\u00fa, nagykereskedelmi \u00e9lelmiszert\u00e1rol\u00f3 m\u00e9z, sz\u00f3szok, f\u0171szerek sz\u00e1m\u00e1ra. Egyedi m\u00e9retek. M\u00e1rkak\u00e9sz csomagol\u00e1s.<\/p>","protected":false},"featured_media":25542,"template":"","meta":[],"product_brand":[],"product_cat":[125,124,122],"product_tag":[],"class_list":{"0":"post-22150","1":"product","2":"type-product","3":"status-publish","4":"has-post-thumbnail","6":"product_cat-mason-glass-jars","7":"product_cat-custom-glass-jars","8":"product_cat-custom-glass-packaging","10":"first","11":"instock","12":"shipping-taxable","13":"product-type-simple"},"jetpack_sharing_enabled":true,"_links":{"self":[{"href":"https:\/\/yebodaglass.com\/hu\/wp-json\/wp\/v2\/product\/22150","targetHints":{"allow":["GET"]}}],"collection":[{"href":"https:\/\/yebodaglass.com\/hu\/wp-json\/wp\/v2\/product"}],"about":[{"href":"https:\/\/yebodaglass.com\/hu\/wp-json\/wp\/v2\/types\/product"}],"version-history":[{"count":5,"href":"https:\/\/yebodaglass.com\/hu\/wp-json\/wp\/v2\/product\/22150\/revisions"}],"predecessor-version":[{"id":25543,"href":"https:\/\/yebodaglass.com\/hu\/wp-json\/wp\/v2\/product\/22150\/revisions\/25543"}],"wp:featuredmedia":[{"embeddable":true,"href":"https:\/\/yebodaglass.com\/hu\/wp-json\/wp\/v2\/media\/25542"}],"wp:attachment":[{"href":"https:\/\/yebodaglass.com\/hu\/wp-json\/wp\/v2\/media?parent=22150"}],"wp:term":[{"taxonomy":"product_brand","embeddable":true,"href":"https:\/\/yebodaglass.com\/hu\/wp-json\/wp\/v2\/product_brand?post=22150"},{"taxonomy":"product_cat","embeddable":true,"href":"https:\/\/yebodaglass.com\/hu\/wp-json\/wp\/v2\/product_cat?post=22150"},{"taxonomy":"product_tag","embeddable":true,"href":"https:\/\/yebodaglass.com\/hu\/wp-json\/wp\/v2\/product_tag?post=22150"}],"curies":[{"name":"wp","href":"https:\/\/api.w.org\/{rel}","templated":true}]}}