{"id":22112,"date":"2025-10-10T17:24:25","date_gmt":"2025-10-10T09:24:25","guid":{"rendered":"https:\/\/yebodaglass.com\/?post_type=product&#038;p=22112"},"modified":"2026-03-20T13:59:59","modified_gmt":"2026-03-20T05:59:59","slug":"clear-glass-mason-jars-with-diamond-pattern-bulk","status":"publish","type":"product","link":"https:\/\/yebodaglass.com\/hu\/termek\/clear-glass-mason-jars-with-diamond-pattern-bulk\/","title":{"rendered":"120 ml \u2013 620 ml \u00e1tl\u00e1tsz\u00f3 \u00fcveg bef\u0151ttes\u00fcvegek rombusz mint\u00e1val, \u00f6mlesztett kiszerel\u00e9sben"},"content":{"rendered":"<p>Ezek az \u00fcveg bef\u0151ttes\u00fcvegek a gy\u00e9m\u00e1ntmint\u00e1s, illetve az \u00e1tl\u00e1tsz\u00f3 \u00e9s sima \u00fcveg kever\u00e9k\u00e9b\u0151l \u00e1llnak, hagyom\u00e1nyos ez\u00fcst f\u00e9m csavaros kupakkal. K\u00fcl\u00f6nb\u00f6z\u0151 m\u00e9retekben kaphat\u00f3k, dekorat\u00edvak \u00e9s praktikusak.<\/p>\n<h2>Term\u00e9kjellemz\u0151k<\/h2>\n<ul>\n<li><strong>Gy\u00e9m\u00e1ntmint\u00e1s text\u00fara:<\/strong> Az \u00fcvegen egy kiemelked\u0151 rombuszminta tal\u00e1lhat\u00f3, amely vizu\u00e1lis vonzer\u0151t k\u00f6lcs\u00f6n\u00f6z az \u00fcvegnek, valamint jav\u00edtja a fog\u00e1st \u00e9s gy\u00f6ny\u00f6r\u0171 f\u00e9nyt\u00f6r\u00e9st hoz l\u00e9tre.<\/li>\n<li><strong>Klasszikus sz\u00e9les sz\u00e1j\u00fa kialak\u00edt\u00e1s:<\/strong> Ez a kialak\u00edt\u00e1s megk\u00f6nny\u00edti az \u00fcveg megt\u00f6lt\u00e9s\u00e9t, kimer\u00e9s\u00e9t \u00e9s tiszt\u00edt\u00e1s\u00e1t, \u00edgy az \u00fcveg magja igen hasznos.<\/li>\n<li><strong>K\u00fcl\u00f6nb\u00f6z\u0151 kapacit\u00e1sok:<\/strong> K\u00fcl\u00f6nb\u00f6z\u0151 m\u00e9retekben kaphat\u00f3, minit\u0151l a nagyig, hogy megfeleljen a k\u00fcl\u00f6nf\u00e9le ig\u00e9nyeknek, kis adagokhoz \u00e9s napi t\u00e1rol\u00e1shoz, valamint nagy kapacit\u00e1s\u00fa szervezetek sz\u00e1m\u00e1ra is.<\/li>\n<\/ul>\n<h2><strong data-spm-anchor-id=\"5176.28103460.0.i9.29ab2e316PlIRp\">F\u0151bb specifik\u00e1ci\u00f3k<\/strong><\/h2>\n<table style=\"border-collapse: collapse; width: 80%; margin-left: auto; margin-right: auto;\" border=\"0\" width=\"288\" cellspacing=\"0\" cellpadding=\"0\">\n<tbody>\n<tr style=\"height: 13.50pt;\">\n<td style=\"height: 13.5pt; width: 54pt; text-align: center;\" width=\"72\" height=\"18\">Modell<\/td>\n<td style=\"width: 54pt; text-align: center;\" width=\"72\">Kapacit\u00e1s (ml)<\/td>\n<td style=\"width: 54pt; text-align: center;\" width=\"72\">M\u00e9ret (cm)<\/td>\n<td style=\"width: 54pt; text-align: center;\" width=\"72\">St\u00edlus<\/td>\n<\/tr>\n<tr style=\"height: 13.50pt;\">\n<td style=\"height: 13.5pt; text-align: center;\" align=\"right\" height=\"18\">63012026<\/td>\n<td style=\"text-align: center;\" align=\"right\">120<\/td>\n<td style=\"text-align: center;\">6.4&#215;5.5&#215;6.9<\/td>\n<td class=\"et2\" style=\"text-align: center;\" rowspan=\"7\">\u00c1tl\u00e1tsz\u00f3, egyedi (gy\u00e9m\u00e1ntmint\u00e1val)<\/td>\n<\/tr>\n<tr style=\"height: 13.50pt;\">\n<td style=\"height: 13.50pt; text-align: center;\" align=\"right\" height=\"18\">63020027<\/td>\n<td style=\"text-align: center;\" align=\"right\">200<\/td>\n<td style=\"text-align: center;\">6.5&#215;8.7&#215;6.9<\/td>\n<\/tr>\n<tr style=\"height: 13.50pt;\">\n<td style=\"height: 13.50pt; text-align: center;\" align=\"right\" height=\"18\">63027028<\/td>\n<td style=\"text-align: center;\" align=\"right\">270<\/td>\n<td style=\"text-align: center;\">7.5&#215;8.4&#215;8.5<\/td>\n<\/tr>\n<tr style=\"height: 13.50pt;\">\n<td style=\"height: 13.50pt; text-align: center;\" align=\"right\" height=\"18\">63050029<\/td>\n<td style=\"text-align: center;\" align=\"right\">430<\/td>\n<td style=\"text-align: center;\">7.3&#215;11.7&#215;8.5<\/td>\n<\/tr>\n<tr style=\"height: 13.50pt;\">\n<td style=\"height: 13.50pt; text-align: center;\" align=\"right\" height=\"18\">63025030<\/td>\n<td style=\"text-align: center;\" align=\"right\">250<\/td>\n<td style=\"text-align: center;\">6.3&#215;10.5&#215;6.9<\/td>\n<\/tr>\n<tr style=\"height: 13.50pt;\">\n<td style=\"height: 13.50pt; text-align: center;\" align=\"right\" height=\"18\">63035031<\/td>\n<td style=\"text-align: center;\" align=\"right\">350<\/td>\n<td style=\"text-align: center;\">6.6&#215;13.3&#215;6.9<\/td>\n<\/tr>\n<tr style=\"height: 13.50pt;\">\n<td style=\"height: 13.50pt; text-align: center;\" align=\"right\" height=\"18\">63062032<\/td>\n<td style=\"text-align: center;\" align=\"right\">620<\/td>\n<td style=\"text-align: center;\">7.7&#215;16.2&#215;8.5<\/td>\n<\/tr>\n<\/tbody>\n<\/table>\n<h2>Sikert\u00f6rt\u00e9net Egy k\u00f6z\u00e9pnyugati aj\u00e1nd\u00e9kkosarakat gy\u00e1rt\u00f3 c\u00e9g Legn\u00e9pszer\u0171bb term\u00e9ke<\/h2>\n<p>Gy\u00e9m\u00e1ntmint\u00e1s bef\u0151ttes\u00fcveg\u00fcnket egy k\u00f6z\u00e9pnyugati aj\u00e1nd\u00e9kkos\u00e1r-gy\u00e1rt\u00f3 c\u00e9g v\u00e1lasztotta ki, \u00e9s vil\u00e1gos borosty\u00e1nsz\u00edn\u0171re szabtuk. Az \u00fcveg text\u00far\u00e1ja k\u00e9zm\u0171ves hangulatot k\u00f6lcs\u00f6n\u00f6z a term\u00e9knek, \u00e9s 40%-kal n\u00f6veli az \u00e1rat. Az er\u0151s \u00e9s neh\u00e9z \u00fcveganyag kevesebb, mint 0,3-as sz\u00e1ll\u00edt\u00e1si t\u00f6r\u00e9si ar\u00e1nyt eredm\u00e9nyez. Az aj\u00e1nd\u00e9kk\u00e9szlet olyan sikeres volt, hogy a c\u00e9g tov\u00e1bbi 850 000 \u00fcveget rendelt, hogy \u00fajra elk\u00e9sz\u00edts\u00e9k aj\u00e1nd\u00e9kk\u00e9szleteiket a k\u00f6vetkez\u0151 k\u00e9t \u00fcnnepi szezonban val\u00f3 felhaszn\u00e1l\u00e1sra.<\/p>\n<h2>Testreszab\u00e1si alternat\u00edv\u00e1k az \u00fcveg bef\u0151ttes\u00fcvegekben<\/h2>\n<ul>\n<li>Mintav\u00e1ltozatok: a dombornyomott mint\u00e1k k\u00fcl\u00f6nb\u00f6z\u0151 v\u00e1ltozatokban kaphat\u00f3k, p\u00e9ld\u00e1ul m\u00e9hsejt, steppelt vagy hull\u00e1mos kivitelben.<\/li>\n<li>Fed\u00e9l fel\u00fcletkezel\u00e9se: A fed\u00e9l m\u00e1s fel\u00fcletkezel\u00e9sekkel is kaphat\u00f3, p\u00e9ld\u00e1ul r\u00e9z, arany, fekete vagy matt.<\/li>\n<li>Szitanyom\u00e1s: Nyomtasson m\u00e9retar\u00e1nyokat, dekorat\u00edv szeg\u00e9lyeket vagy rusztikus illusztr\u00e1ci\u00f3kat az \u00fcvegre.<\/li>\n<\/ul>","protected":false},"excerpt":{"rendered":"<p>\u00c1tl\u00e1tsz\u00f3 \u00fcveg bef\u0151ttes\u00fcvegek klasszikus dombornyomott mint\u00e1zattal \u00e9s er\u0151s fed\u00e9llel. Praktikus bef\u0151ttes\u00fcveg \u00e9lelmiszerek t\u00e1rol\u00e1s\u00e1ra \u00e9s csomagol\u00e1s\u00e1ra. K\u00f6zvetlen gy\u00e1ri sz\u00e1ll\u00edt\u00e1s.<\/p>","protected":false},"featured_media":25534,"template":"","meta":[],"product_brand":[],"product_cat":[125,124,122],"product_tag":[],"class_list":{"0":"post-22112","1":"product","2":"type-product","3":"status-publish","4":"has-post-thumbnail","6":"product_cat-mason-glass-jars","7":"product_cat-custom-glass-jars","8":"product_cat-custom-glass-packaging","10":"first","11":"instock","12":"shipping-taxable","13":"product-type-simple"},"jetpack_sharing_enabled":true,"_links":{"self":[{"href":"https:\/\/yebodaglass.com\/hu\/wp-json\/wp\/v2\/product\/22112","targetHints":{"allow":["GET"]}}],"collection":[{"href":"https:\/\/yebodaglass.com\/hu\/wp-json\/wp\/v2\/product"}],"about":[{"href":"https:\/\/yebodaglass.com\/hu\/wp-json\/wp\/v2\/types\/product"}],"version-history":[{"count":5,"href":"https:\/\/yebodaglass.com\/hu\/wp-json\/wp\/v2\/product\/22112\/revisions"}],"predecessor-version":[{"id":25536,"href":"https:\/\/yebodaglass.com\/hu\/wp-json\/wp\/v2\/product\/22112\/revisions\/25536"}],"wp:featuredmedia":[{"embeddable":true,"href":"https:\/\/yebodaglass.com\/hu\/wp-json\/wp\/v2\/media\/25534"}],"wp:attachment":[{"href":"https:\/\/yebodaglass.com\/hu\/wp-json\/wp\/v2\/media?parent=22112"}],"wp:term":[{"taxonomy":"product_brand","embeddable":true,"href":"https:\/\/yebodaglass.com\/hu\/wp-json\/wp\/v2\/product_brand?post=22112"},{"taxonomy":"product_cat","embeddable":true,"href":"https:\/\/yebodaglass.com\/hu\/wp-json\/wp\/v2\/product_cat?post=22112"},{"taxonomy":"product_tag","embeddable":true,"href":"https:\/\/yebodaglass.com\/hu\/wp-json\/wp\/v2\/product_tag?post=22112"}],"curies":[{"name":"wp","href":"https:\/\/api.w.org\/{rel}","templated":true}]}}