{"id":22104,"date":"2025-10-10T15:01:45","date_gmt":"2025-10-10T07:01:45","guid":{"rendered":"https:\/\/yebodaglass.com\/?post_type=product&#038;p=22104"},"modified":"2026-03-26T15:44:18","modified_gmt":"2026-03-26T07:44:18","slug":"wholesale-green-oil-olive-bottles-with-cylindrical-shape","status":"publish","type":"product","link":"https:\/\/yebodaglass.com\/hu\/wholesale-green-oil-olive-bottles-with-cylindrical-shape\/","title":{"rendered":"Nagykereskedelmi z\u00f6ld ol\u00edvaolaj palackok hengeres form\u00e1val \u2013 250ml 500ml 750ml"},"content":{"rendered":"<p>Ez az ol\u00edvaolajos palack egyenes hengeres, karcs\u00fa \u00e9s \u00edv n\u00e9lk\u00fcli kialak\u00edt\u00e1s\u00fa. A palack teste m\u00e9ly ol\u00edvaz\u00f6ld \u00fcvegb\u0151l k\u00e9sz\u00fclt, amely j\u00f3 f\u00e9nyv\u00e9delmet biztos\u00edt. A nyak menetes \u00e9s csavaros kupakkal rendelkezik, arany vagy fekete sz\u00ednben kaphat\u00f3.<\/p>\n<h2>Term\u00e9kjellemz\u0151k<\/h2>\n<ul>\n<li><strong>UV-v\u00e9delem m\u00e9rt\u00e9kegys\u00e9ge:<\/strong> Az olajos\u00fcvegek z\u00f6ld \u00fcvege v\u00e9delmet ny\u00fajt a benn\u00fck l\u00e9v\u0151 ol\u00edvaolajnak, mivel megakad\u00e1lyozza a napsugarak okozta fakul\u00e1st \u00e9s avasod\u00e1st, \u00edgy az olaj hosszabb ideig eltarthat\u00f3.<\/li>\n<li><strong>V\u00e9kony hengeres forma:<\/strong> A karcs\u00fa, hengeres forma nemcsak helyet takar\u00edt meg, de k\u00f6nnyen kezelhet\u0151 is, \u00e9s ennek eredm\u00e9nyek\u00e9nt k\u00f6nnyebb szab\u00e1lyozni a folyad\u00e9k \u00e1raml\u00e1s\u00e1t \u00f6nt\u00e9s k\u00f6zben.<\/li>\n<li><strong>T\u00f6bb m\u00e9ret:<\/strong> K\u00fcl\u00f6nb\u00f6z\u0151 m\u00e9ret\u0171 palackokat k\u00edn\u00e1lunk, hogy kiel\u00e9g\u00edts\u00fck a napi kis- \u00e9s nagy mennyis\u00e9g\u0171 ig\u00e9nyeket is.<\/li>\n<\/ul>\n<h2>F\u0151bb specifik\u00e1ci\u00f3k<\/h2>\n<table style=\"border-collapse: collapse; margin-left: auto; margin-right: auto; width: 448.52pt;\" border=\"0\" width=\"598\" cellspacing=\"0\" cellpadding=\"0\">\n<tbody>\n<tr style=\"height: 13.50pt;\">\n<td style=\"height: 13.50pt; width: 92.25pt;\" width=\"123\" height=\"18\">Jellemz\u0151<\/td>\n<td style=\"width: 356.25pt;\" width=\"475\">Specifik\u00e1ci\u00f3<\/td>\n<\/tr>\n<tr style=\"height: 13.50pt;\">\n<td style=\"height: 13.50pt;\" height=\"18\">M\u00e9retek<\/td>\n<td>5,0 \u00d7 23,2 cm (250 ml), 6,1 \u00d7 28 cm (500 ml), 6,9 \u00d7 30,9 cm (750 ml)<\/td>\n<\/tr>\n<tr style=\"height: 13.50pt;\">\n<td style=\"height: 13.50pt;\" height=\"18\">Nyakm\u00e9ret<\/td>\n<td>19x30 mm-es csavarmenet<\/td>\n<\/tr>\n<tr style=\"height: 13.50pt;\">\n<td style=\"height: 13.50pt;\" height=\"18\">Anyag<\/td>\n<td>UV-sz\u0171r\u0151s z\u00f6ld \u00fcveg<\/td>\n<\/tr>\n<tr style=\"height: 13.50pt;\">\n<td style=\"height: 13.50pt;\" height=\"18\">Alak<\/td>\n<td>Magas hengeres (kerek \u00fcveg)<\/td>\n<\/tr>\n<tr style=\"height: 13.50pt;\">\n<td style=\"height: 13.50pt;\" height=\"18\">Legjobb<\/td>\n<td>Ol\u00edvaolaj, \u00e9tolaj, \u00f6ntetek<\/td>\n<\/tr>\n<\/tbody>\n<\/table>\n<h2>Sikeres eset<\/h2>\n<p>Egyik spanyol csal\u00e1di tulajdonban l\u00e9v\u0151 ol\u00edvaolaj-gy\u00e1rt\u00f3 a mi 750 ml-es z\u00f6ld olajos palackunkat v\u00e1lasztotta, amelynek arany kupakj\u00e1ra l\u00e9zergrav\u00edrozt\u00e1k a sz\u00fcreti d\u00e1tumot \u00e9s a gy\u00e1rt\u00e1si k\u00f3dot. Az UV-\u00e1ll\u00f3 \u00fcveg test a pontos gy\u00e1rt\u00e1si k\u00f3ddal kombin\u00e1lva lehet\u0151v\u00e9 tette sz\u00e1mukra, hogy 42 sz\u00e1zal\u00e9kkal cs\u00f6kkents\u00e9k a lej\u00e1rt k\u00e9szletekb\u0151l sz\u00e1rmaz\u00f3 vesztes\u00e9geiket, a kiv\u00e1l\u00f3 min\u0151s\u00e9g\u0171 csomagol\u00e1s pedig 20 sz\u00e1zal\u00e9kkal t\u00f6bb exportbev\u00e9telt eredm\u00e9nyezett. A termel\u0151 200 000 palackot rendelt \u00faj, korai sz\u00fcretel\u00e9s\u0171 ol\u00edvaolaj-sorozat\u00e1b\u00f3l, ami sikeres volt, \u00edgy t\u00f6bb megrendel\u00e9st kapott.<\/p>\n<h2>Tippek az \u00fcvegolaj-ol\u00edvapalackok testreszab\u00e1s\u00e1hoz<\/h2>\n<ul>\n<li>Matt \u00fcveg \u2013 Homokf\u00fav\u00e1s a teljes fel\u00fcleten a puha, matt hat\u00e1s\u00e9rt. Megtartja a z\u00f6ld sz\u00ednt, de divatos \u00e9s textur\u00e1lt fel\u00fcletet ad neki.<\/li>\n<li>Textur\u00e1lt alap \u2013 Helyezzen koncentrikus gy\u0171r\u0171ket vagy napkit\u00f6r\u00e9s mint\u00e1t a palack alj\u00e1ra, \u00edgy gazdag \u00e9s textur\u00e1lt mint\u00e1t hoz l\u00e9tre, mik\u00f6zben egyedi megjelen\u00e9st k\u00f6lcs\u00f6n\u00f6z neki.<\/li>\n<li>Ferde v\u00e1ll \u2013 Ferde \u00edvet alkot a nyakt\u00f3l a tart\u00e1ly test\u00e9ig. Ez az egyszer\u0171 r\u00e9szlet csillog\u00e1st k\u00f6lcs\u00f6n\u00f6z, mik\u00f6zben t\u00f6k\u00e9letesen \u00e1tengedi a f\u00e9nyt.<\/li>\n<li>L\u00e9zergrav\u00edroz\u00e1s \u2013 Haszn\u00e1lja ki a prec\u00edzi\u00f3s l\u00e9zer el\u0151nyeit, \u00e9s grav\u00edrozza m\u00e1rkalog\u00f3j\u00e1t vagy b\u00e1rmilyen k\u00e9pet k\u00f6zvetlen\u00fcl az \u00fcvegbe.<\/li>\n<\/ul>","protected":false},"excerpt":{"rendered":"<p>S\u00f6t\u00e9tz\u00f6ld \u00fcveg ol\u00edvaolaj-palackok csavaros kupakkal, amelyek megv\u00e9dik az olaj min\u0151s\u00e9g\u00e9t. T\u00f6k\u00e9letes ol\u00edvaolajhoz, \u00e9tolajhoz \u00e9s \u00ednyenc olajokhoz. K\u00f6zvetlen gy\u00e1ri sz\u00e1ll\u00edt\u00e1s.<\/p>","protected":false},"featured_media":25642,"template":"","meta":[],"product_brand":[],"product_cat":[126,123,122],"product_tag":[],"class_list":{"0":"post-22104","1":"product","2":"type-product","3":"status-publish","4":"has-post-thumbnail","6":"product_cat-olive-oil-bottles","7":"product_cat-custom-glass-bottles","8":"product_cat-custom-glass-packaging","10":"first","11":"instock","12":"shipping-taxable","13":"product-type-simple"},"jetpack_sharing_enabled":true,"_links":{"self":[{"href":"https:\/\/yebodaglass.com\/hu\/wp-json\/wp\/v2\/product\/22104","targetHints":{"allow":["GET"]}}],"collection":[{"href":"https:\/\/yebodaglass.com\/hu\/wp-json\/wp\/v2\/product"}],"about":[{"href":"https:\/\/yebodaglass.com\/hu\/wp-json\/wp\/v2\/types\/product"}],"version-history":[{"count":5,"href":"https:\/\/yebodaglass.com\/hu\/wp-json\/wp\/v2\/product\/22104\/revisions"}],"predecessor-version":[{"id":25556,"href":"https:\/\/yebodaglass.com\/hu\/wp-json\/wp\/v2\/product\/22104\/revisions\/25556"}],"wp:featuredmedia":[{"embeddable":true,"href":"https:\/\/yebodaglass.com\/hu\/wp-json\/wp\/v2\/media\/25642"}],"wp:attachment":[{"href":"https:\/\/yebodaglass.com\/hu\/wp-json\/wp\/v2\/media?parent=22104"}],"wp:term":[{"taxonomy":"product_brand","embeddable":true,"href":"https:\/\/yebodaglass.com\/hu\/wp-json\/wp\/v2\/product_brand?post=22104"},{"taxonomy":"product_cat","embeddable":true,"href":"https:\/\/yebodaglass.com\/hu\/wp-json\/wp\/v2\/product_cat?post=22104"},{"taxonomy":"product_tag","embeddable":true,"href":"https:\/\/yebodaglass.com\/hu\/wp-json\/wp\/v2\/product_tag?post=22104"}],"curies":[{"name":"wp","href":"https:\/\/api.w.org\/{rel}","templated":true}]}}