{"id":22079,"date":"2025-10-09T16:44:16","date_gmt":"2025-10-09T08:44:16","guid":{"rendered":"https:\/\/yebodaglass.com\/?post_type=product&#038;p=22079"},"modified":"2026-03-26T15:22:44","modified_gmt":"2026-03-26T07:22:44","slug":"wholesale-clear-olive-oil-bottle-for-kitchen","status":"publish","type":"product","link":"https:\/\/yebodaglass.com\/hu\/wholesale-clear-olive-oil-bottle-for-kitchen\/","title":{"rendered":"Nagykereskedelmi \u00e1tl\u00e1tsz\u00f3 ol\u00edvaolaj-palack konyh\u00e1ba 250ml 500ml 750ml 1000ml"},"content":{"rendered":"<p>Ezek \u00e1tl\u00e1tsz\u00f3 ol\u00edvaolajos palackok, sima \u00e9s hossz\u00fak\u00e1s hengeres kialak\u00edt\u00e1ssal, krist\u00e1lytiszta \u00fcvegb\u0151l k\u00e9sz\u00fcltek, \u00e9s k\u00fcl\u00f6nb\u00f6z\u0151 m\u00e9retekben kaphat\u00f3k, fekete vagy z\u00f6ld csavaros kupakkal.<\/p>\n<h2>Term\u00e9kjellemz\u0151k<\/h2>\n<ul>\n<li><strong>K\u00fcl\u00f6nb\u00f6z\u0151 kapacit\u00e1si lehet\u0151s\u00e9gek:<\/strong> 4 k\u00fcl\u00f6nb\u00f6z\u0151 magass\u00e1gm\u00e9retben kaphat\u00f3, hogy kiel\u00e9g\u00edtse a k\u00fcl\u00f6nb\u00f6z\u0151 ig\u00e9nyeket, p\u00e9ld\u00e1ul kis mint\u00e1k tesztel\u00e9s\u00e9t, a napi otthoni \u00e9s kereskedelmi\/\u00e9ttermi felt\u00f6lt\u00e9st.<\/li>\n<li><strong>K\u00e9tsz\u00edn\u0171 csavaros kupakos megold\u00e1sok:<\/strong> Fekete \u00e9s z\u00f6ld csavaros kupakkal rendelkezik a kiv\u00e1l\u00f3 t\u00f6m\u00edt\u00e9s \u00e9rdek\u00e9ben.<\/li>\n<li><strong>Palack alakja: V\u00e9kony, hengeres:<\/strong> A v\u00e9kony, hengeres \u00fcvegforma j\u00f3 fog\u00e1st \u00e9s k\u00f6nny\u0171 ki\u00f6nt\u00e9st biztos\u00edt, mik\u00f6zben helyet takar\u00edt meg t\u00e1rol\u00e1s \u00e9s sz\u00e1ll\u00edt\u00e1s k\u00f6zben.<\/li>\n<\/ul>\n<h2 style=\"text-align: left;\">F\u0151bb specifik\u00e1ci\u00f3k<\/h2>\n<table class=\"aligncenter\" style=\"border-collapse: collapse; width: 534.02pt;\" border=\"0\" width=\"712\" cellspacing=\"0\" cellpadding=\"0\">\n<tbody>\n<tr style=\"height: 13.50pt;\">\n<td style=\"height: 13.50pt; width: 69.75pt;\" width=\"93\" height=\"18\">Jellemz\u0151<\/td>\n<td style=\"width: 464.25pt;\" width=\"619\">Specifik\u00e1ci\u00f3<\/td>\n<\/tr>\n<tr style=\"height: 13.50pt;\">\n<td style=\"height: 13.50pt;\" height=\"18\">M\u00e9retek<\/td>\n<td>5 \u00d7 23,2 cm (250 ml), 6,1 \u00d7 28 cm (500 ml), 6,9 \u00d7 31,2 cm (750 ml), 7,8 \u00d7 32,5 cm (1000 ml)<\/td>\n<\/tr>\n<tr style=\"height: 13.50pt;\">\n<td style=\"height: 13.50pt;\" height=\"18\">Nyakm\u00e9ret<\/td>\n<td>19\u00d730 mm (szabv\u00e1nyos menet)<\/td>\n<\/tr>\n<tr style=\"height: 13.50pt;\">\n<td style=\"height: 13.50pt;\" height=\"18\">Anyag<\/td>\n<td>\u00c1tl\u00e1tsz\u00f3 \u00fcveg<\/td>\n<\/tr>\n<tr style=\"height: 13.50pt;\">\n<td style=\"height: 13.50pt;\" height=\"18\">Alak<\/td>\n<td>Hengeres<\/td>\n<\/tr>\n<tr style=\"height: 13.50pt;\">\n<td style=\"height: 13.50pt;\" height=\"18\">Fed\u00e9l opci\u00f3k<\/td>\n<td>Massz\u00edv csavaros kupak, ki\u00f6nt\u0151, pump\u00e1s adagol\u00f3<\/td>\n<\/tr>\n<tr style=\"height: 13.50pt;\">\n<td style=\"height: 13.50pt;\" height=\"18\">Legjobb<\/td>\n<td>Ol\u00edvaolaj, ecet, sz\u00f3szok<\/td>\n<\/tr>\n<\/tbody>\n<\/table>\n<h2>Sikert\u00f6rt\u00e9net<\/h2>\n<p>A konyhai olajpalackjainkat egy kaliforniai ol\u00edva\u00fcltetv\u00e9nyen v\u00e1lasztottuk ki, \u00e9s speci\u00e1lis kupakokkal l\u00e1ttuk el, amelyekbe \u00fcveg ki\u00f6nt\u0151fejek vannak be\u00e1gyazva. A szem\u00e9lyre szabott palackok kifog\u00e1stalan \u00e9rt\u00e9ket k\u00e9pviseltek: a krist\u00e1lytiszta \u00fcveg t\u00f6k\u00e9letesen visszaadta az ol\u00edvaolaj min\u0151s\u00e9gi sz\u00edn\u00e9t, \u00e9s elmond\u00e1suk szerint ez 25 sz\u00e1zal\u00e9kkal n\u00f6velte az impulzusv\u00e1s\u00e1rl\u00e1sokat a termel\u0151i piacokon. \u00c1tlagosan 30 sz\u00e1zal\u00e9kkal cs\u00f6kkent a ki\u00f6nt\u0151fejek okozta ki\u00f6ml\u00e9s. Ennek az eredm\u00e9nynek k\u00f6sz\u00f6nhet\u0151en a k\u00f6zelm\u00faltban tov\u00e1bbi 120 000 palackkal rendeltek \u00faj \u00edzes\u00edtett olajcsal\u00e1djukb\u00f3l, \u00e9s az egyik luxushotell\u00e1nccal egy\u00fcttm\u0171k\u00f6dve aj\u00e1nd\u00e9kcsomagokat dobtak piacra.<\/p>\n<h2>\u00c1tl\u00e1tsz\u00f3 ol\u00edvaolaj-palackok testreszab\u00e1sa<\/h2>\n<ul>\n<li>Matt savas mos\u00e1s \u2013 Puha, matt hat\u00e1st k\u00f6lcs\u00f6n\u00f6z a teljes fel\u00fcletnek. Dr\u00e1ga hat\u00e1st kelt, \u00e9s elrejti az ujjlenyomatokat.<\/li>\n<li>Log\u00f3 homokf\u00fav\u00e1s \u2013 Maratja az embl\u00e9m\u00e1j\u00e1t az el\u0151lapba. Tart\u00f3s \u00e9s pr\u00e9mium min\u0151s\u00e9g\u0171 kivitelez\u00e9st sugall.<\/li>\n<li>Sz\u00ednm\u00e9lys\u00e9g-szab\u00e1lyoz\u00e1s \u2013 V\u00e1lasszon s\u00f6t\u00e9tebbet a standard z\u00f6ldn\u00e9l az extra UV-v\u00e9delem \u00e9s a mer\u00e9szebb megjelen\u00e9s \u00e9rdek\u00e9ben.<\/li>\n<\/ul>\n<p>Mi gy\u00e1rt\u00f3k vagyunk. Ez azt jelenti, hogy ezek\u00e9rt a finomhangol\u00e1sok\u00e9rt nem kell k\u00fcl\u00f6n fizetnie. Az els\u0151 napt\u00f3l kezdve be\u00e9p\u00edtj\u00fck \u0151ket a nagykereskedelmi k\u00edn\u00e1lat\u00e1ba.<\/p>","protected":false},"excerpt":{"rendered":"<p>Pr\u00e9mium min\u0151s\u00e9g\u0171, \u00e1tl\u00e1tsz\u00f3 ol\u00edvaolaj-palackok, nagy \u00e1tl\u00e1tsz\u00f3s\u00e1g\u00fa \u00fcvegb\u0151l. Ide\u00e1lis konyh\u00e1ba \u00e9s \u00e9lelmiszerek t\u00e1rol\u00e1s\u00e1ra. Gyors sz\u00e1ll\u00edt\u00e1s \u00e9s nagykereskedelmi \u00e1rak el\u00e9rhet\u0151k.<\/p>","protected":false},"featured_media":25640,"template":"","meta":[],"product_brand":[],"product_cat":[126,123,122],"product_tag":[],"class_list":{"0":"post-22079","1":"product","2":"type-product","3":"status-publish","4":"has-post-thumbnail","6":"product_cat-olive-oil-bottles","7":"product_cat-custom-glass-bottles","8":"product_cat-custom-glass-packaging","10":"first","11":"instock","12":"shipping-taxable","13":"product-type-simple"},"jetpack_sharing_enabled":true,"_links":{"self":[{"href":"https:\/\/yebodaglass.com\/hu\/wp-json\/wp\/v2\/product\/22079","targetHints":{"allow":["GET"]}}],"collection":[{"href":"https:\/\/yebodaglass.com\/hu\/wp-json\/wp\/v2\/product"}],"about":[{"href":"https:\/\/yebodaglass.com\/hu\/wp-json\/wp\/v2\/types\/product"}],"version-history":[{"count":5,"href":"https:\/\/yebodaglass.com\/hu\/wp-json\/wp\/v2\/product\/22079\/revisions"}],"predecessor-version":[{"id":25569,"href":"https:\/\/yebodaglass.com\/hu\/wp-json\/wp\/v2\/product\/22079\/revisions\/25569"}],"wp:featuredmedia":[{"embeddable":true,"href":"https:\/\/yebodaglass.com\/hu\/wp-json\/wp\/v2\/media\/25640"}],"wp:attachment":[{"href":"https:\/\/yebodaglass.com\/hu\/wp-json\/wp\/v2\/media?parent=22079"}],"wp:term":[{"taxonomy":"product_brand","embeddable":true,"href":"https:\/\/yebodaglass.com\/hu\/wp-json\/wp\/v2\/product_brand?post=22079"},{"taxonomy":"product_cat","embeddable":true,"href":"https:\/\/yebodaglass.com\/hu\/wp-json\/wp\/v2\/product_cat?post=22079"},{"taxonomy":"product_tag","embeddable":true,"href":"https:\/\/yebodaglass.com\/hu\/wp-json\/wp\/v2\/product_tag?post=22079"}],"curies":[{"name":"wp","href":"https:\/\/api.w.org\/{rel}","templated":true}]}}