{"id":22032,"date":"2025-10-09T11:57:30","date_gmt":"2025-10-09T03:57:30","guid":{"rendered":"https:\/\/yebodaglass.com\/?post_type=product&#038;p=22032"},"modified":"2026-03-26T14:47:01","modified_gmt":"2026-03-26T06:47:01","slug":"wholesale-clear-olive-oil-dispenser-bottles-with-square-base-150ml-250ml-500ml","status":"publish","type":"product","link":"https:\/\/yebodaglass.com\/hu\/wholesale-clear-olive-oil-dispenser-bottles-with-square-base-150ml-250ml-500ml\/","title":{"rendered":"Nagykereskedelmi \u00e1tl\u00e1tsz\u00f3 ol\u00edvaolaj-adagol\u00f3 palackok n\u00e9gyzet alak\u00fa talppal \u2013 150ml 250ml 500ml"},"content":{"rendered":"<p>It is a functional as well as a modern glass framed set of oil dispensers bottles in a transparent square shape. Constructed of glass of extreme clarity, the bottle is designed with clean straight lines and the profile of bare squares with minimalist appearance, rich in a premium and professional look that will suit retail and hospitality venues.<\/p>\n<h2>Term\u00e9kjellemz\u0151k<\/h2>\n<ul>\n<li><strong>T\u00f6bbf\u00e9le m\u00e9retben kaphat\u00f3:<\/strong> Nagy, k\u00f6zepes \u00e9s kicsi m\u00e9retben is kaphat\u00f3, hogy sokf\u00e9le helyzet ig\u00e9nyeit kiel\u00e9g\u00edtse, p\u00e9ld\u00e1ul otthoni csal\u00e1di f\u0151z\u00e9skor, egy kereskedelmi \u00e9tteremben vagy \u00fatk\u00f6zben.<\/li>\n<li><strong>\u00d6nz\u00e1r\u00f3 ki\u00f6nt\u0151cs\u0151:<\/strong> Ez egy rug\u00f3s szeleppel ell\u00e1tott v\u00e1ltozat, amely lehet\u0151v\u00e9 teszi a szab\u00e1lyozott \u00f6nt\u00e9st, ha megd\u00f6ntik, \u00e9s automatikusan bez\u00e1r\u00f3dik, hogy megakad\u00e1lyozza a cs\u00f6p\u00f6g\u00e9st \u00e9s a sziv\u00e1rg\u00e1st.<\/li>\n<li><strong>Lekerek\u00edtett n\u00e9gyzet alak\u00fa palackforma:<\/strong> Bottles of this shape have another advantage, the square shape makes the bottle a comfortable and non-slip grip and also they can be stacked and save the space in the kitchen store.<\/li>\n<\/ul>\n<h2 style=\"text-align: left;\">F\u0151bb specifik\u00e1ci\u00f3k<\/h2>\n<table class=\"aligncenter\" style=\"border-collapse: collapse; width: 429.77pt;\" border=\"0\" width=\"573\" cellspacing=\"0\" cellpadding=\"0\">\n<tbody>\n<tr style=\"height: 13.50pt;\">\n<td style=\"height: 13.50pt; width: 69.75pt;\" width=\"93\" height=\"18\">Jellemz\u0151<\/td>\n<td style=\"width: 360.00pt;\" width=\"480\">Specifik\u00e1ci\u00f3<\/td>\n<\/tr>\n<tr style=\"height: 13.50pt;\">\n<td style=\"height: 13.50pt;\" height=\"18\">M\u00e9retek<\/td>\n<td>4.8\u00d74.8\u00d715.8cm (150ml), 4.7\u00d74.7\u00d721cm (250ml), 5.8\u00d75.8\u00d726.1cm (500ml)<\/td>\n<\/tr>\n<tr style=\"height: 13.50pt;\">\n<td style=\"height: 13.50pt;\" height=\"18\">Nyakm\u00e9ret<\/td>\n<td>17\u00d729mm<\/td>\n<\/tr>\n<tr style=\"height: 13.50pt;\">\n<td style=\"height: 13.50pt;\" height=\"18\">Anyag<\/td>\n<td>Lead-free Soda-lime Transparent Glass<\/td>\n<\/tr>\n<tr style=\"height: 13.50pt;\">\n<td style=\"height: 13.50pt;\" height=\"18\">Alak<\/td>\n<td>Square base<\/td>\n<\/tr>\n<tr style=\"height: 13.50pt;\">\n<td style=\"height: 13.50pt;\" height=\"18\">Legjobb<\/td>\n<td>Ol\u00edvaolaj, ecet, \u00f6ntetek, \u00ednyenc olajok<\/td>\n<\/tr>\n<tr style=\"height: 13.50pt;\">\n<td style=\"height: 13.50pt;\" height=\"18\">Ide\u00e1lis haszn\u00e1lat<\/td>\n<td>Nagykereskedelmi csomagol\u00e1s, k\u00e9zm\u0171ves palackoz\u00e1s, kiskereskedelmi konyhai k\u00e9szletek<\/td>\n<\/tr>\n<\/tbody>\n<\/table>\n<h2>Sikert\u00f6rt\u00e9net<\/h2>\n<p>500 ml-es ol\u00edvaolaj-adagol\u00f3nkat, szitanyomott beoszt\u00e1sainkat \u00e9s rozsdamentes ac\u00e9l ki\u00f6nt\u0151cs\u00f6v\u00fcnket egy k\u00f6z\u00e9pnyugati vend\u00e9gl\u00e1t\u00f3ipari kell\u00e9keket forgalmaz\u00f3 c\u00e9g v\u00e1lasztotta \u00e9s szabta testre. Az automatikus ki\u00f6nt\u0151cs\u0151r a konyh\u00e1ban pazarolt olaj 15 sz\u00e1zal\u00e9k\u00e1t megtakar\u00edtja, az \u00e1tl\u00e1tsz\u00f3 kialak\u00edt\u00e1s lehet\u0151v\u00e9 teszi a k\u00e9szlet gyors ellen\u0151rz\u00e9s\u00e9t, \u00edgy a term\u00e9k visszanyer\u00e9si ideje 15 sz\u00e1zal\u00e9kkal r\u00f6videbb lesz. Kiemelked\u0151 teljes\u00edtm\u00e9ny\u00e9nek k\u00f6sz\u00f6nhet\u0151en a v\u00e1llalat tov\u00e1bbi 75 000 palackkal rendelt \u00faj, pr\u00e9mium kateg\u00f3ri\u00e1s, szem\u00e9lyes haszn\u00e1latra sz\u00e1nt olajcsal\u00e1dj\u00e1b\u00f3l, amelyet pr\u00e9mium \u00e9ttermeknek forgalmaznak.<\/p>\n<h2>Testreszab\u00e1si tippek az olajadagol\u00f3hoz<\/h2>\n<ul>\n<li>Matt \u00fcvegfel\u00fclet \u2013 A matt marat\u00e1s puha, luxus \u00e9rzetet k\u00f6lcs\u00f6n\u00f6z, \u00e9s elrejti a kisebb ujjlenyomatokat.<\/li>\n<li>Sz\u00ednezett \u00fcveg opci\u00f3 \u2013 Pr\u00f3b\u00e1ljon ki borosty\u00e1n vagy barna \u00fcveget a f\u00e9ny\u00e9rz\u00e9keny olajok v\u00e9delme \u00e9rdek\u00e9ben.<\/li>\n<li>Egyedi adagol\u00f3sz\u00edn \u2013 Cser\u00e9lje le az aranyat feket\u00e9re, ez\u00fcstre vagy sz\u00e1lcsiszolt r\u00e9zre a m\u00e1rkajelz\u00e9s kedv\u00e9\u00e9rt.<\/li>\n<li>L\u00e9zerrel grav\u00edrozott log\u00f3 \u2013 Jel\u00f6lje v\u00e9glegesen log\u00f3j\u00e1t vagy t\u00e9rfogatvonalait k\u00f6zvetlen\u00fcl az \u00fcvegpalackon.<\/li>\n<\/ul>\n<p>Ezek a m\u00f3dos\u00edt\u00e1sok meg\u0151rzik az alapvet\u0151 k\u00e9zm\u0171vess\u00e9get \u00e9s a funkci\u00f3t \u2013 de az ol\u00edvaolaj-adagol\u00f3 palackokat f\u00e9lre\u00e9rthetetlen\u00fcl a ti\u00e9dd\u00e9 teszik.<\/p>","protected":false},"excerpt":{"rendered":"<p>\u00c1tl\u00e1tsz\u00f3 \u00fcveg ol\u00edvaolaj-adagol\u00f3 palackok sz\u00f6gletes talppal. Eleg\u00e1ns kialak\u00edt\u00e1s, ide\u00e1lis nagy t\u00e9telben t\u00f6rt\u00e9n\u0151 megrendel\u00e9sekhez \u00e9s egyedi m\u00e1rkajelz\u00e9shez. Ingyenes mint\u00e1k \u00e9s gyors sz\u00e1ll\u00edt\u00e1s el\u00e9rhet\u0151.<\/p>","protected":false},"featured_media":25639,"template":"","meta":[],"product_brand":[],"product_cat":[126,123,122],"product_tag":[],"class_list":{"0":"post-22032","1":"product","2":"type-product","3":"status-publish","4":"has-post-thumbnail","6":"product_cat-olive-oil-bottles","7":"product_cat-custom-glass-bottles","8":"product_cat-custom-glass-packaging","10":"first","11":"instock","12":"shipping-taxable","13":"product-type-simple"},"jetpack_sharing_enabled":true,"_links":{"self":[{"href":"https:\/\/yebodaglass.com\/hu\/wp-json\/wp\/v2\/product\/22032","targetHints":{"allow":["GET"]}}],"collection":[{"href":"https:\/\/yebodaglass.com\/hu\/wp-json\/wp\/v2\/product"}],"about":[{"href":"https:\/\/yebodaglass.com\/hu\/wp-json\/wp\/v2\/types\/product"}],"version-history":[{"count":5,"href":"https:\/\/yebodaglass.com\/hu\/wp-json\/wp\/v2\/product\/22032\/revisions"}],"predecessor-version":[{"id":25614,"href":"https:\/\/yebodaglass.com\/hu\/wp-json\/wp\/v2\/product\/22032\/revisions\/25614"}],"wp:featuredmedia":[{"embeddable":true,"href":"https:\/\/yebodaglass.com\/hu\/wp-json\/wp\/v2\/media\/25639"}],"wp:attachment":[{"href":"https:\/\/yebodaglass.com\/hu\/wp-json\/wp\/v2\/media?parent=22032"}],"wp:term":[{"taxonomy":"product_brand","embeddable":true,"href":"https:\/\/yebodaglass.com\/hu\/wp-json\/wp\/v2\/product_brand?post=22032"},{"taxonomy":"product_cat","embeddable":true,"href":"https:\/\/yebodaglass.com\/hu\/wp-json\/wp\/v2\/product_cat?post=22032"},{"taxonomy":"product_tag","embeddable":true,"href":"https:\/\/yebodaglass.com\/hu\/wp-json\/wp\/v2\/product_tag?post=22032"}],"curies":[{"name":"wp","href":"https:\/\/api.w.org\/{rel}","templated":true}]}}