{"id":22031,"date":"2025-10-09T11:57:24","date_gmt":"2025-10-09T03:57:24","guid":{"rendered":"https:\/\/yebodaglass.com\/?post_type=product&#038;p=22031"},"modified":"2025-10-09T14:54:29","modified_gmt":"2025-10-09T06:54:29","slug":"wholesale-unique-olive-oil-dispensers-with-glass-handle-100ml-250ml-500ml","status":"publish","type":"product","link":"https:\/\/yebodaglass.com\/hu\/wholesale-unique-olive-oil-dispensers-with-glass-handle-100ml-250ml-500ml\/","title":{"rendered":"Nagykereskedelmi egyedi ol\u00edvaolaj-adagol\u00f3k \u00fcvegfoganty\u00faval \u2013 100ml 250ml 500ml"},"content":{"rendered":"<div data-elementor-type=\"product-post\" data-elementor-id=\"22031\" class=\"elementor elementor-22031\" data-elementor-settings=\"{&quot;ha_cmc_init_switcher&quot;:&quot;no&quot;}\" data-elementor-post-type=\"product\">\n\t\t\t\t<div class=\"elementor-element elementor-element-7cc6e53 e-flex e-con-boxed e-con e-parent\" data-id=\"7cc6e53\" data-element_type=\"container\" data-e-type=\"container\" data-settings=\"{&quot;_ha_eqh_enable&quot;:false}\">\n\t\t\t\t\t<div class=\"e-con-inner\">\n\t\t\t\t<div class=\"elementor-element elementor-element-b9ffd68 elementor-widget elementor-widget-text-editor\" data-id=\"b9ffd68\" data-element_type=\"widget\" data-e-type=\"widget\" data-widget_type=\"text-editor.default\">\n\t\t\t\t<div class=\"elementor-widget-container\">\n\t\t\t\t\t\t\t\t\t<p>Ezek az \u00fcveg olajadagol\u00f3k egyedi, \u00edvelt testtel \u00e9s k\u00f6nnyen megfoghat\u00f3 \u00fcvegfoganty\u00fakkal rendelkeznek, \u00e9s \u00e1tl\u00e1tsz\u00f3 \u00fcvegb\u0151l k\u00e9sz\u00fcltek. St\u00edlusuk \u00e9s haszn\u00e1latuk k\u00e9z a k\u00e9zben j\u00e1rnak, \u00edgy t\u00f6k\u00e9letesen kieg\u00e9sz\u00edtik konyh\u00e1j\u00e1t.<\/p><h2>Term\u00e9kjellemz\u0151k<\/h2><ul><li><strong>Foganty\u00faval:<\/strong> A k\u00f6nny\u0171 kiold\u00e1s \u00e9s \u00f6nt\u00e9s \u00e9rdek\u00e9ben a foganty\u00fa minden alkalommal egy kis \u00fcvegfoganty\u00faval rendelkezik, \u00edgy a felhaszn\u00e1l\u00f3nak nem kell az olaj felfed\u00e9s\u00e9nek kellemetlens\u00e9g\u00e9t\u0151l megk\u00edm\u00e9lnie mag\u00e1t.<\/li><li><strong>Cseppmentes:<\/strong> A prec\u00edzi\u00f3s csavaros kupaknak k\u00f6sz\u00f6nhet\u0151en ezek az ill\u00f3olajos palackok garant\u00e1lj\u00e1k a folyad\u00e9k sim\u00e1n t\u00f6rt\u00e9n\u0151 \u00e1raml\u00e1s\u00e1t minden alkalommal. Pontosan erre van sz\u00fcks\u00e9ged a f\u0171szertart\u00f3k vagy az \u00e9tkez\u0151asztal legegyszer\u0171bb haszn\u00e1lat\u00e1hoz.<\/li><li><strong>Tiszta \u00fcveg:<\/strong> Az \u00e1tl\u00e1tsz\u00f3 \u00fcvegen kereszt\u00fcl r\u00e1pillanthatsz a palackban maradt olajra, \u00edgy az ut\u00e1nt\u00f6lt\u00e9s gond n\u00e9lk\u00fcl elv\u00e9gezhet\u0151.<\/li><\/ul>\t\t\t\t\t\t\t\t<\/div>\n\t\t\t\t<\/div>\n\t\t\t\t<div class=\"elementor-element elementor-element-920ae84 elementor-widget elementor-widget-text-editor\" data-id=\"920ae84\" data-element_type=\"widget\" data-e-type=\"widget\" data-widget_type=\"text-editor.default\">\n\t\t\t\t<div class=\"elementor-widget-container\">\n\t\t\t\t\t\t\t\t\t<h2 style=\"text-align: center;\">F\u0151bb jellemz\u0151k:<\/h2><table class=\"aligncenter\" style=\"border-collapse: collapse; width: 470.27pt;\" border=\"0\" width=\"627\" cellspacing=\"0\" cellpadding=\"0\"><tbody><tr style=\"height: 13.50pt;\"><td style=\"height: 13.50pt; width: 86.25pt;\" width=\"115\" height=\"18\">Jellemz\u0151<\/td><td style=\"width: 384.00pt;\" width=\"512\">Specifik\u00e1ci\u00f3<\/td><\/tr><tr style=\"height: 13.50pt;\"><td style=\"height: 13.50pt;\" height=\"18\">M\u00e9retek<\/td><td>5,4 \u00d7 13,9 cm (100 ml), 7,1 \u00d7 17,3 cm (250 ml), 8,8 \u00d7 21,9 cm (500 ml)<\/td><\/tr><tr style=\"height: 13.50pt;\"><td style=\"height: 13.50pt;\" height=\"18\">Anyag<\/td><td>Nagy tisztas\u00e1g\u00fa \u00fcveg<\/td><\/tr><tr style=\"height: 13.50pt;\"><td style=\"height: 13.50pt;\" height=\"18\">Alak<\/td><td>K\u00fapos kerek, integr\u00e1lt foganty\u00faval<\/td><\/tr><tr style=\"height: 13.50pt;\"><td style=\"height: 13.50pt;\" height=\"18\">Fed\u00e9l t\u00edpusa<\/td><td>Massz\u00edv csavaros fed\u00e9l<\/td><\/tr><tr style=\"height: 13.50pt;\"><td style=\"height: 13.50pt;\" height=\"18\">Legjobb<\/td><td>Ol\u00edvaolaj, ecet, \u00f6ntetek, \u00ednyenc olajok<\/td><\/tr><\/tbody><\/table><h2>Igaz t\u00f6rt\u00e9net<\/h2><p>Egy kis mennyis\u00e9g\u0171 hidegen sajtolt ol\u00edvaolajat termel\u0151 c\u00e9g, amely f\u0151k\u00e9nt termel\u0151i piacokon \u00e9rt\u00e9kes\u00edtett, kiv\u00e1l\u00f3 min\u0151s\u00e9g\u0171 ol\u00edvaolajjal rendelkezett, de a csomagol\u00e1s csak egy \u00fajabb \u00fcvegpalackra hasonl\u00edtott a polcon. Ezt az egyedi ol\u00edvaolaj-adagol\u00f3t v\u00e1lasztott\u00e1k. Ugyanaz az ol\u00edvaolaj, m\u00e1s \u00fcvegben. Azt\u00e1n n\u00e9h\u00e1ny h\u00f3nap m\u00falva a v\u00e1s\u00e1rl\u00f3k elkezdt\u00e9k emlegetni a \u201efoganty\u00fasat\u201d. St\u00edlusosabbnak t\u0171nt, k\u00e9nyelmesebb volt haszn\u00e1lni, \u00e9s a kit\u00f6lt\u00e9s nem okozott ki\u00f6ml\u00e9st, \u00edgy az embereknek tetszett.<\/p><h2>Egyedi \u00fcveg olajadagol\u00f3k<\/h2><ul><li>Matt foganty\u00fa \u2013 A foganty\u00fa az egyetlen, amely homokf\u00fav\u00e1ssal kezelt, \u00edgy enyhe, cs\u00fasz\u00e1smentes fog\u00e1st biztos\u00edt, amely kellemes kontrasztot alkot az \u00e1tl\u00e1tsz\u00f3 palackkal.<\/li><li>Maratott jel\u00f6l\u00e9s \u2013 A palack nyak\u00e1hoz k\u00f6zel egy kis jel\u00f6l\u00e9s jelzi az ide\u00e1lis t\u00f6lt\u00f6tts\u00e9gi szintet. Professzion\u00e1lisnak t\u0171nik \u00e9s kifinomult \u00e9rzetet kelt.<\/li><li>Als\u00f3 dombornyom\u00e1s \u2013 Log\u00f3j\u00e1t vagy m\u00e1rkat\u00f6rt\u00e9net\u00e9t a palack alj\u00e1ra dombor\u00edtjuk. Az ikonok akkor v\u00e1lnak l\u00e1that\u00f3v\u00e1, amikor a palack majdnem \u00fcres, \u00edgy a m\u00e1rk\u00e1ja k\u00f6zvetlen\u00fcl a v\u00e1s\u00e1rl\u00f3k el\u0151tt van.<\/li><\/ul>\t\t\t\t\t\t\t\t<\/div>\n\t\t\t\t<\/div>\n\t\t\t\t\t<\/div>\n\t\t\t\t<\/div>\n\t\t\t\t<\/div>","protected":false},"excerpt":{"rendered":"<p>Egyedi \u00fcveg ol\u00edvaolaj-adagol\u00f3k diszkr\u00e9t foganty\u00faval, pr\u00e9mium megjelen\u00e9ssel, ide\u00e1lis konyhai m\u00e1rk\u00e1k sz\u00e1m\u00e1ra. Testreszabhat\u00f3 ingyenes mint\u00e1kkal \u00e9s nagykereskedelmi kedvezm\u00e9nyekkel.<\/p>","protected":false},"featured_media":22060,"template":"","meta":[],"product_brand":[],"product_cat":[122,123,126],"product_tag":[],"class_list":{"0":"post-22031","1":"product","2":"type-product","3":"status-publish","4":"has-post-thumbnail","6":"product_cat-custom-glass-packaging","7":"product_cat-custom-glass-bottles","8":"product_cat-olive-oil-bottles","10":"first","11":"instock","12":"shipping-taxable","13":"product-type-simple"},"jetpack_sharing_enabled":true,"_links":{"self":[{"href":"https:\/\/yebodaglass.com\/hu\/wp-json\/wp\/v2\/product\/22031","targetHints":{"allow":["GET"]}}],"collection":[{"href":"https:\/\/yebodaglass.com\/hu\/wp-json\/wp\/v2\/product"}],"about":[{"href":"https:\/\/yebodaglass.com\/hu\/wp-json\/wp\/v2\/types\/product"}],"version-history":[{"count":5,"href":"https:\/\/yebodaglass.com\/hu\/wp-json\/wp\/v2\/product\/22031\/revisions"}],"predecessor-version":[{"id":22078,"href":"https:\/\/yebodaglass.com\/hu\/wp-json\/wp\/v2\/product\/22031\/revisions\/22078"}],"wp:featuredmedia":[{"embeddable":true,"href":"https:\/\/yebodaglass.com\/hu\/wp-json\/wp\/v2\/media\/22060"}],"wp:attachment":[{"href":"https:\/\/yebodaglass.com\/hu\/wp-json\/wp\/v2\/media?parent=22031"}],"wp:term":[{"taxonomy":"product_brand","embeddable":true,"href":"https:\/\/yebodaglass.com\/hu\/wp-json\/wp\/v2\/product_brand?post=22031"},{"taxonomy":"product_cat","embeddable":true,"href":"https:\/\/yebodaglass.com\/hu\/wp-json\/wp\/v2\/product_cat?post=22031"},{"taxonomy":"product_tag","embeddable":true,"href":"https:\/\/yebodaglass.com\/hu\/wp-json\/wp\/v2\/product_tag?post=22031"}],"curies":[{"name":"wp","href":"https:\/\/api.w.org\/{rel}","templated":true}]}}