{"id":22010,"date":"2025-10-10T09:07:57","date_gmt":"2025-10-10T01:07:57","guid":{"rendered":"https:\/\/yebodaglass.com\/?post_type=product&#038;p=22010"},"modified":"2026-03-18T17:48:37","modified_gmt":"2026-03-18T09:48:37","slug":"wide-mouth-mason-jars-and-lids-canning-jars","status":"publish","type":"product","link":"https:\/\/yebodaglass.com\/hu\/termek\/wide-mouth-mason-jars-and-lids-canning-jars\/","title":{"rendered":"Sz\u00e9les sz\u00e1j\u00fa bef\u0151ttes\u00fcvegek \u00e9s fed\u0151k \u2013 200\u2013730 ml-es bef\u0151ttes\u00fcvegek"},"content":{"rendered":"<p>Ezek a sz\u00e9les sz\u00e1j\u00fa bef\u0151ttes\u00fcvegek \u00e9s fed\u0151k klasszikus hengeres \u00fcvegdiz\u00e1jnnal rendelkeznek, sima, \u00e1tl\u00e1tsz\u00f3 testtel \u00e9s sz\u00e9les sz\u00e1jny\u00edl\u00e1ssal a k\u00f6nny\u0171 t\u00f6lt\u00e9s \u00e9s tiszt\u00edt\u00e1s \u00e9rdek\u00e9ben. Minden bef\u0151ttes\u00fcveg t\u00f6m\u00f6r alum\u00ednium fed\u00e9llel rendelkezik, amely biztons\u00e1gosan lez\u00e1rhat\u00f3, ak\u00e1r sz\u00e1raz, ak\u00e1r foly\u00e9kony term\u00e9kekkel. Ez egy olyan gy\u00e1rt\u00f3 term\u00e9ke, amely g\u00e9pi f\u00fav\u00e1si technol\u00f3gi\u00e1t alkalmaz, ez\u00e9rt alkalmas t\u00e1rol\u00e1sra, csomagol\u00e1sra \u00e9s bemutat\u00e1sra. Savany\u00fas\u00e1gok, sz\u00f3szok, szirupok, snackek, tea, gabonaf\u00e9l\u00e9k, s\u0151t gyertya vagy dekor\u00e1ci\u00f3s felhaszn\u00e1l\u00e1sra is alkalmasak, ezek a sz\u00e9les sz\u00e1j\u00fa bef\u0151ttes\u00fcvegek mind az \u00e9lelmiszeripari, mind a kiskereskedelmi bemutat\u00e1si ig\u00e9nyeket kiel\u00e9g\u00edtik.<\/p>\n<h2>F\u0151bb specifik\u00e1ci\u00f3k<\/h2>\n<table style=\"border-collapse: collapse; width: 80%; margin-left: auto; margin-right: auto;\" border=\"0\" width=\"794\" cellspacing=\"0\" cellpadding=\"0\">\n<tbody>\n<tr style=\"height: 13.50pt;\">\n<td style=\"height: 13.50pt; width: 122.25pt;\" width=\"163\" height=\"18\">Term\u00e9k neve<\/td>\n<td style=\"width: 473.25pt;\" width=\"631\">Sz\u00e9les sz\u00e1j\u00fa bef\u0151ttes\u00fcveg<\/td>\n<\/tr>\n<tr style=\"height: 13.50pt;\">\n<td style=\"height: 13.50pt;\" height=\"18\">Anyag<\/td>\n<td>BPA-mentes sz\u00f3da\u00fcveg + alum\u00ednium fed\u00e9l<\/td>\n<\/tr>\n<tr style=\"height: 13.50pt;\">\n<td style=\"height: 13.50pt;\" height=\"18\">Kapacit\u00e1sbe\u00e1ll\u00edt\u00e1sok<\/td>\n<td>200 ml, 230 ml, 280 ml, 350 ml, 380 ml, 470 ml, 620 ml, 730 ml (unci\u00e1s v\u00e1ltozatok is kaphat\u00f3k)<\/td>\n<\/tr>\n<tr style=\"height: 13.50pt;\">\n<td style=\"height: 13.50pt;\" height=\"18\">Alak<\/td>\n<td>Kerek, sz\u00e9les sz\u00e1j<\/td>\n<\/tr>\n<tr style=\"height: 13.50pt;\">\n<td style=\"height: 13.50pt;\" height=\"18\">Fed\u00e9l t\u00edpusok<\/td>\n<td>Felpattinthat\u00f3, szabv\u00e1nyos, sz\u00edv\u00f3lyukas, osztott \u00fcvegfed\u0151k<\/td>\n<\/tr>\n<tr style=\"height: 13.50pt;\">\n<td style=\"height: 13.50pt;\" height=\"18\">Sz\u00edn<\/td>\n<td>\u00c1tl\u00e1tsz\u00f3 \u00fcveg + ez\u00fcst, arany, fekete fed\u00e9l<\/td>\n<\/tr>\n<tr style=\"height: 13.50pt;\">\n<td style=\"height: 13.50pt;\" height=\"18\">Folyamat<\/td>\n<td>G\u00e9pi f\u00fav\u00e1s<\/td>\n<\/tr>\n<tr style=\"height: 13.50pt;\">\n<td style=\"height: 13.50pt;\" height=\"18\">Alkalmaz\u00e1s<\/td>\n<td>\u00c9lelmiszert\u00e1rol\u00e1s, bef\u0151ttes\u00fcveg, csomagol\u00e1s, dekor\u00e1ci\u00f3s felhaszn\u00e1l\u00e1s<\/td>\n<\/tr>\n<tr style=\"height: 13.50pt;\">\n<td style=\"height: 13.50pt;\" height=\"18\">Ell\u00e1t\u00e1si k\u00e9pess\u00e9g<\/td>\n<td>T\u00f6meges, nagykereskedelmi, k\u00f6zvetlen gy\u00e1ri besz\u00e1ll\u00edt\u00f3<\/td>\n<\/tr>\n<tr style=\"height: 13.50pt;\">\n<td style=\"height: 13.50pt;\" height=\"18\">Egy\u00e9ni be\u00e1ll\u00edt\u00e1sok<\/td>\n<td>Log\u00f3, m\u00e9ret, sz\u00edn, kieg\u00e9sz\u00edt\u0151k, fel\u00fcletkezel\u00e9s<\/td>\n<\/tr>\n<tr style=\"height: 13.50pt;\">\n<td style=\"height: 13.50pt;\" height=\"18\">Sz\u00e1ll\u00edt\u00e1s<\/td>\n<td>Stabil k\u00e9szlet + rugalmas sz\u00e1ll\u00edt\u00e1si hat\u00e1rid\u0151<\/td>\n<\/tr>\n<\/tbody>\n<\/table>\n<h2>F\u0151bb jellemz\u0151k<\/h2>\n<ol>\n<li><strong>Sz\u00e9les sz\u00e1j k\u00e9nyelem<\/strong>A sz\u00e9les sz\u00e1j\u00fa bef\u0151ttes\u00fcveg kialak\u00edt\u00e1s\u00e1nak k\u00f6sz\u00f6nhet\u0151en k\u00f6nnyen megt\u00f6lthet\u0151, tiszt\u00edthat\u00f3 \u00e9s hozz\u00e1f\u00e9rhet\u0151 mind a szil\u00e1rd, mind a foly\u00e9kony anyagokhoz.<\/li>\n<li><strong>Biztons\u00e1gos felpattinthat\u00f3 fed\u00e9lrendszer<\/strong>A strapab\u00edr\u00f3 alum\u00ednium fed\u00e9l garant\u00e1lja a szoros lez\u00e1r\u00e1st, ez\u00e9rt konzerv\u00e1l\u00e1shoz, sz\u00e1ll\u00edt\u00e1shoz \u00e9s hossz\u00fa t\u00e1v\u00fa t\u00e1rol\u00e1shoz is haszn\u00e1lhat\u00f3.<\/li>\n<li><strong>Rugalmas csomagol\u00e1si megold\u00e1s<\/strong>Egy tipikus \u00e9s szabv\u00e1nyos \u00fcveged\u00e9ny, amely haszn\u00e1lhat\u00f3 mind \u00e9lelmiszeripari m\u00e1rk\u00e1khoz, mind kiskereskedelmi csomagol\u00e1sokhoz, vagy t\u00f6bbc\u00e9l\u00fa projektekhez.<\/li>\n<\/ol>\n<h2>Sikeres esettanulm\u00e1ny<\/h2>\n<p>Egy n\u00e9metorsz\u00e1gi, bio f\u0171szerekre szakosodott \u00e9lelmiszerm\u00e1rka-tulajdonos k\u00f6zvetlen\u00fcl a gy\u00e1runkb\u00f3l szerezte be ezeket a sz\u00e9les sz\u00e1j\u00fa bef\u0151ttes\u00fcvegeket.<\/p>\n<ul>\n<li>V\u00e1llalkoz\u00e1s t\u00edpusa: Bio\u00e9lelmiszer m\u00e1rka (kiskereskedelem \u00e9s online \u00e9rt\u00e9kes\u00edt\u00e9s)<\/li>\n<li>Rendel\u00e9si mennyis\u00e9g: Az els\u0151 nagy t\u00e9telben t\u00f6rt\u00e9n\u0151 rendel\u00e9s 50 000 db (350 ml \u00e9s 470 ml) mennyis\u00e9g.<\/li>\n<li>Tov\u00e1bbi k\u00f6vetelm\u00e9nyek: Arany fed\u00e9l, dombornyomott log\u00f3, egyedi, c\u00edmk\u00e9zhet\u0151 fel\u00fclet.<\/li>\n<li>Alkalmaz\u00e1s: Pr\u00e9mium savany\u00fas\u00e1gm\u00e1rt\u00e1s csomagol\u00e1s.<\/li>\n<li>Eredm\u00e9ny: A term\u00e9kcsal\u00e1d polcainak vonzereje 30 sz\u00e1zal\u00e9kkal, az elad\u00e1sai pedig 22 sz\u00e1zal\u00e9kkal n\u0151ttek 6 h\u00f3nap alatt.<\/li>\n<li>\u00dajrarendel\u00e9s: Ugyanaz, de negyed\u00e9ves nagykereskedelemmel \u00e9s 3 m\u00e1sik m\u00e9retre n\u00f6velve a gyakoris\u00e1got.<\/li>\n<\/ul>\n<h2>Szem\u00e9lyre szab\u00e1si aj\u00e1nl\u00e1sok B2B v\u00e1s\u00e1rl\u00f3k sz\u00e1m\u00e1ra<\/h2>\n<ol>\n<li><strong>M\u00e1rka\u00e9p\u00edt\u00e9s \u00e9s kiskereskedelmi csomagol\u00e1s optimaliz\u00e1l\u00e1sa<\/strong>Haszn\u00e1ljon szitanyom\u00e1st vagy dombornyom\u00e1st, hogy a bef\u0151ttes\u00fcveg m\u00e1rk\u00e1s, kiskereskedelmi min\u0151s\u00e9g\u0171 csomagol\u00e1ss\u00e1 v\u00e1ljon.<\/li>\n<li><strong>Funkcion\u00e1lis fed\u00e9lv\u00e1laszt\u00e1s<\/strong>V\u00e1lasszon a k\u00fcl\u00f6nf\u00e9le bef\u0151ttes\u00fcveg-fed\u0151k (hagyom\u00e1nyos fed\u00e9l, sz\u00edv\u00f3sz\u00e1las fed\u00e9l, osztott fed\u00e9l) k\u00f6z\u00fcl a felhaszn\u00e1l\u00e1st\u00f3l f\u00fcgg\u0151en, p\u00e9ld\u00e1ul italok, sz\u00e1raz\u00e1ruk vagy gyertyatart\u00f3k.<\/li>\n<li><strong>T\u00f6bbm\u00e9ret\u0171 term\u00e9kcsal\u00e1d-strat\u00e9gia<\/strong>T\u00f6bb uncia-m\u00e9ret\u0171 kiszerel\u00e9s egyes\u00edt\u00e9se egyetlen term\u00e9kcsal\u00e1dd\u00e1 szirupok \u00e9s gabonaf\u00e9l\u00e9k, snackek \u00e9s k\u00fcl\u00f6nleges \u00e9lelmiszerek eset\u00e9ben a kereszt\u00e9rt\u00e9kes\u00edt\u00e9s lehet\u0151s\u00e9g\u00e9nek n\u00f6vel\u00e9se \u00e9rdek\u00e9ben.<\/li>\n<\/ol>\n<p>Ha megb\u00edzhat\u00f3 besz\u00e1ll\u00edt\u00f3t vagy forr\u00e1st keres nagykereskedelmi, sz\u00e9les sz\u00e1j\u00fa \u00fcvegekhez, ez a term\u00e9k rugalmass\u00e1got, k\u00f6vetkezetess\u00e9get \u00e9s er\u0151s testreszab\u00e1si t\u00e1mogat\u00e1st k\u00edn\u00e1l k\u00f6zvetlen\u00fcl egy professzion\u00e1lis gy\u00e1rt\u00f3t\u00f3l.<\/p>","protected":false},"excerpt":{"rendered":"<p>Nagykereskedelmi sz\u00e9les sz\u00e1j\u00fa bef\u0151ttes\u00fcvegek \u00e9s fed\u0151k \u00e9lelmiszer-konzerv\u00e1l\u00e1shoz, t\u00e1rol\u00e1shoz, csomagol\u00e1shoz \u00e9s egyedi m\u00e1rkajelz\u00e9shez. Megb\u00edzhat\u00f3 gy\u00e1ri besz\u00e1ll\u00edt\u00e1s nagykereskedelmi opci\u00f3kkal.<\/p>","protected":false},"featured_media":25507,"template":"","meta":[],"product_brand":[],"product_cat":[125,124,122],"product_tag":[],"class_list":{"0":"post-22010","1":"product","2":"type-product","3":"status-publish","4":"has-post-thumbnail","6":"product_cat-mason-glass-jars","7":"product_cat-custom-glass-jars","8":"product_cat-custom-glass-packaging","10":"first","11":"instock","12":"shipping-taxable","13":"product-type-simple"},"jetpack_sharing_enabled":true,"_links":{"self":[{"href":"https:\/\/yebodaglass.com\/hu\/wp-json\/wp\/v2\/product\/22010","targetHints":{"allow":["GET"]}}],"collection":[{"href":"https:\/\/yebodaglass.com\/hu\/wp-json\/wp\/v2\/product"}],"about":[{"href":"https:\/\/yebodaglass.com\/hu\/wp-json\/wp\/v2\/types\/product"}],"version-history":[{"count":5,"href":"https:\/\/yebodaglass.com\/hu\/wp-json\/wp\/v2\/product\/22010\/revisions"}],"predecessor-version":[{"id":25510,"href":"https:\/\/yebodaglass.com\/hu\/wp-json\/wp\/v2\/product\/22010\/revisions\/25510"}],"wp:featuredmedia":[{"embeddable":true,"href":"https:\/\/yebodaglass.com\/hu\/wp-json\/wp\/v2\/media\/25507"}],"wp:attachment":[{"href":"https:\/\/yebodaglass.com\/hu\/wp-json\/wp\/v2\/media?parent=22010"}],"wp:term":[{"taxonomy":"product_brand","embeddable":true,"href":"https:\/\/yebodaglass.com\/hu\/wp-json\/wp\/v2\/product_brand?post=22010"},{"taxonomy":"product_cat","embeddable":true,"href":"https:\/\/yebodaglass.com\/hu\/wp-json\/wp\/v2\/product_cat?post=22010"},{"taxonomy":"product_tag","embeddable":true,"href":"https:\/\/yebodaglass.com\/hu\/wp-json\/wp\/v2\/product_tag?post=22010"}],"curies":[{"name":"wp","href":"https:\/\/api.w.org\/{rel}","templated":true}]}}