{"id":22002,"date":"2025-10-09T17:33:25","date_gmt":"2025-10-09T09:33:25","guid":{"rendered":"https:\/\/yebodaglass.com\/?post_type=product&#038;p=22002"},"modified":"2026-03-19T13:42:18","modified_gmt":"2026-03-19T05:42:18","slug":"empty-clear-mason-jar-with-lid-wholesale","status":"publish","type":"product","link":"https:\/\/yebodaglass.com\/hu\/termek\/empty-clear-mason-jar-with-lid-wholesale\/","title":{"rendered":"70ml \u2013 280ml \u00fcres, \u00e1tl\u00e1tsz\u00f3 bef\u0151ttes\u00fcveg fed\u00e9llel, nagykereskedelem"},"content":{"rendered":"<p>Ez a bef\u0151ttes\u00fcveg \u00e9s fed\u00e9l klasszikus hengeres alak\u00fa, \u00e1tl\u00e1tsz\u00f3 \u00fcvegb\u0151l k\u00e9sz\u00fclt, \u00e9s nagyon sz\u00e9les, k\u00f6nnyen tiszt\u00edthat\u00f3 ny\u00edl\u00e1ssal rendelkezik. A teteje norm\u00e1l menetes, hogy k\u00f6nnyen egym\u00e1sra rakhat\u00f3 legyen. K\u00fcl\u00f6nb\u00f6z\u0151 m\u00e9retekben kaphat\u00f3, sz\u00ednes f\u00e9m csavaros kupakkal, fekete, arany, ez\u00fcst \u00e9s piros sz\u00ednben.<\/p>\n<h2>Term\u00e9kjellemz\u0151k<\/h2>\n<ul>\n<li><strong>Klasszikus hengeres kialak\u00edt\u00e1s:<\/strong> Az \u00fcveghenger az egyszer\u0171, sz\u00e9les sz\u00e1j\u00fa henger, amely k\u00f6nnyen tiszt\u00edthat\u00f3, t\u00f6lthet\u0151 \u00e9s haszn\u00e1lhat\u00f3.<\/li>\n<li><strong>Cser\u00e9lhet\u0151 sz\u00ednes sapk\u00e1k:<\/strong> Fekete, arany, ez\u00fcst vagy piros f\u00e9m csavaros kupakkal rendelkeznek, \u00edgy a csavaros teteje szorosan z\u00e1r\u00f3dik, \u00e9s m\u00e9gis eleg\u00e1ns megjelen\u00e9st biztos\u00edt.<\/li>\n<li><strong>K\u00fcl\u00f6nb\u00f6z\u0151 m\u00e9retek:<\/strong> Minit\u0151l a k\u00f6zepes nagy kapacit\u00e1sig, minden ig\u00e9nyt kiel\u00e9g\u00edt, a f\u0171szerek t\u00e1rol\u00e1s\u00e1t\u00f3l n\u00e9h\u00e1ny nagy \u00e9lelmiszercsomagig.<\/li>\n<\/ul>\n<h2><strong data-spm-anchor-id=\"5176.28103460.0.i15.29ab2e31JfkVXT\">F\u0151bb specifik\u00e1ci\u00f3k <\/strong><\/h2>\n<table style=\"border-collapse: collapse; width: 80%; margin-left: auto; margin-right: auto;\" border=\"0\" width=\"288\" cellspacing=\"0\" cellpadding=\"0\">\n<tbody>\n<tr style=\"height: 13.50pt;\">\n<td style=\"height: 13.5pt; width: 54pt; text-align: center;\" width=\"72\" height=\"18\">Term\u00e9k<\/td>\n<td style=\"width: 54pt; text-align: center;\" width=\"72\">Kapacit\u00e1s (ml)<\/td>\n<td style=\"width: 54pt; text-align: center;\" width=\"72\">M\u00e9ret (cm)<\/td>\n<td style=\"width: 54pt; text-align: center;\" width=\"72\">Sz\u00ednbe\u00e1ll\u00edt\u00e1sok<\/td>\n<\/tr>\n<tr style=\"height: 13.50pt;\">\n<td style=\"height: 13.5pt; text-align: center;\" align=\"right\" height=\"18\">63007014<\/td>\n<td style=\"text-align: center;\" align=\"right\">70<\/td>\n<td style=\"text-align: center;\">4.7&#215;4.5&#215;6.7<\/td>\n<td class=\"et2\" rowspan=\"6\">T\u00f6rl\u00e9s (Egy\u00e9ni)<\/td>\n<\/tr>\n<tr style=\"height: 13.50pt;\">\n<td style=\"height: 13.5pt; text-align: center;\" align=\"right\" height=\"18\">63007015<\/td>\n<td style=\"text-align: center;\" align=\"right\">70<\/td>\n<td style=\"text-align: center;\">6.5&#215;4.5&#215;6.7<\/td>\n<\/tr>\n<tr style=\"height: 13.50pt;\">\n<td style=\"height: 13.5pt; text-align: center;\" align=\"right\" height=\"18\">63012016<\/td>\n<td style=\"text-align: center;\" align=\"right\">120<\/td>\n<td style=\"text-align: center;\">5.4&#215;6.15&#215;6.6<\/td>\n<\/tr>\n<tr style=\"height: 13.50pt;\">\n<td style=\"height: 13.5pt; text-align: center;\" align=\"right\" height=\"18\">63012517<\/td>\n<td style=\"text-align: center;\" align=\"right\">125<\/td>\n<td style=\"text-align: center;\">6.3&#215;5.6&#215;6.9<\/td>\n<\/tr>\n<tr style=\"height: 13.50pt;\">\n<td style=\"height: 13.5pt; text-align: center;\" align=\"right\" height=\"18\">63020018<\/td>\n<td style=\"text-align: center;\" align=\"right\">200<\/td>\n<td style=\"text-align: center;\">6.0&#215;8.6&#215;6.9<\/td>\n<\/tr>\n<tr style=\"height: 13.50pt;\">\n<td style=\"height: 13.5pt; text-align: center;\" align=\"right\" height=\"18\">63028019<\/td>\n<td style=\"text-align: center;\" align=\"right\">280<\/td>\n<td style=\"text-align: center;\">7.5&#215;8.4&#215;8.5<\/td>\n<\/tr>\n<\/tbody>\n<\/table>\n<h2>Sikert\u00f6rt\u00e9net<\/h2>\n<p>Az egyik nagy kanadai k\u00e9zm\u0171ves \u00e9lelmiszeripari v\u00e1llalat a mi fedeles bef\u0151ttes\u00fcveg\u00fcnket v\u00e1lasztotta, \u00e9s rusztikus, vir\u00e1gos szitanyom\u00e1ssal k\u00e9sz\u00edtett r\u00e1 egyedi diz\u00e1jnt. Ezek az egyedi bef\u0151ttes\u00fcvegek sikeresek a piacon: exkluz\u00edv megjelen\u00e9s\u00fck negyed\u00e9vel emelte a lekv\u00e1rok kiskereskedelmi \u00e1r\u00e1t, a j\u00f3l felismerhet\u0151 bef\u0151ttes\u00fcvegek pedig egyharmaddal n\u00f6velt\u00e9k a m\u00e1rka ismerts\u00e9g\u00e9t a kiskereskedelmi \u00fczletekben \u2013 \u00e1ll\u00edtja a c\u00e9g. Ennek az eredm\u00e9nynek k\u00f6sz\u00f6nhet\u0151en tov\u00e1bbi 250 000 \u00fcveget rendeltek \u00faj italszirup-csal\u00e1djuk \u00e9s egy orsz\u00e1gos szupermarketl\u00e1nccal k\u00f6t\u00f6tt szerz\u0151d\u00e9s kiszolg\u00e1l\u00e1s\u00e1ra.<\/p>\n<h2>A Mason Jar testreszab\u00e1si javaslatai<\/h2>\n<ul>\n<li>Palackgy\u0171r\u0171 fel\u00fcletek \u00e9s sz\u00ednek: Nagyobb v\u00e1laszt\u00e9kot k\u00edn\u00e1l spir\u00e1lis palackgy\u0171r\u0171k egyedi sz\u00edneiben \u00e9s mint\u00e1iban matt\/f\u00e9nyes fel\u00fcletekben.<\/li>\n<li>Palackkupak testreszab\u00e1sa: Egyedi nyomatok, log\u00f3k vagy mint\u00e1k nyomtathat\u00f3k lapos f\u00e9m palackkupakokra.<\/li>\n<li>Dombornyomott r\u00e1csok: Marasson finom dombornyomott beoszt\u00e1sokat (cs\u00e9sz\u00e9k, milliliterek, unci\u00e1k) az \u00fcveg oldal\u00e1ra, \u00e9s az \u00fcveg minden eddigin\u00e9l hasznosabb lesz.<\/li>\n<li>Egyedi m\u00e9retek: Bizonyos term\u00e9kek egyedi m\u00e9retekben is kaphat\u00f3k (pl. magas, keskeny \u00fcvegek m\u00e9z t\u00e1rol\u00e1s\u00e1ra).<\/li>\n<\/ul>","protected":false},"excerpt":{"rendered":"<p>T\u00f6bb m\u00e9ret\u0171 bef\u0151ttes\u00fcveg fed\u00e9llel, kiv\u00e1l\u00f3 min\u0151s\u00e9g\u0171 \u00fcvegb\u0151l k\u00e9sz\u00fclt. T\u00f6k\u00e9letes bef\u0151ttes\u00fcveg konzerv\u00e1l\u00e1shoz, t\u00e1rol\u00e1shoz \u00e9s csomagol\u00e1shoz. K\u00f6zvetlen gy\u00e1ri sz\u00e1ll\u00edt\u00e1s. Gyors sz\u00e1ll\u00edt\u00e1s.<\/p>","protected":false},"featured_media":25516,"template":"","meta":[],"product_brand":[],"product_cat":[122,124,125],"product_tag":[],"class_list":{"0":"post-22002","1":"product","2":"type-product","3":"status-publish","4":"has-post-thumbnail","6":"product_cat-custom-glass-packaging","7":"product_cat-custom-glass-jars","8":"product_cat-mason-glass-jars","10":"first","11":"instock","12":"shipping-taxable","13":"product-type-simple"},"jetpack_sharing_enabled":true,"_links":{"self":[{"href":"https:\/\/yebodaglass.com\/hu\/wp-json\/wp\/v2\/product\/22002","targetHints":{"allow":["GET"]}}],"collection":[{"href":"https:\/\/yebodaglass.com\/hu\/wp-json\/wp\/v2\/product"}],"about":[{"href":"https:\/\/yebodaglass.com\/hu\/wp-json\/wp\/v2\/types\/product"}],"version-history":[{"count":5,"href":"https:\/\/yebodaglass.com\/hu\/wp-json\/wp\/v2\/product\/22002\/revisions"}],"predecessor-version":[{"id":25518,"href":"https:\/\/yebodaglass.com\/hu\/wp-json\/wp\/v2\/product\/22002\/revisions\/25518"}],"wp:featuredmedia":[{"embeddable":true,"href":"https:\/\/yebodaglass.com\/hu\/wp-json\/wp\/v2\/media\/25516"}],"wp:attachment":[{"href":"https:\/\/yebodaglass.com\/hu\/wp-json\/wp\/v2\/media?parent=22002"}],"wp:term":[{"taxonomy":"product_brand","embeddable":true,"href":"https:\/\/yebodaglass.com\/hu\/wp-json\/wp\/v2\/product_brand?post=22002"},{"taxonomy":"product_cat","embeddable":true,"href":"https:\/\/yebodaglass.com\/hu\/wp-json\/wp\/v2\/product_cat?post=22002"},{"taxonomy":"product_tag","embeddable":true,"href":"https:\/\/yebodaglass.com\/hu\/wp-json\/wp\/v2\/product_tag?post=22002"}],"curies":[{"name":"wp","href":"https:\/\/api.w.org\/{rel}","templated":true}]}}