{"id":21965,"date":"2025-10-08T15:17:10","date_gmt":"2025-10-08T07:17:10","guid":{"rendered":"https:\/\/yebodaglass.com\/?post_type=product&#038;p=21965"},"modified":"2026-03-26T15:55:16","modified_gmt":"2026-03-26T07:55:16","slug":"wholesale-green-oil-olive-bottles-with-square-bases","status":"publish","type":"product","link":"https:\/\/yebodaglass.com\/hu\/wholesale-green-oil-olive-bottles-with-square-bases\/","title":{"rendered":"Nagykereskedelmi z\u00f6ld olajbogy\u00f3 palackok n\u00e9gyzet alak\u00fa talppal \u2013 500ml 750ml 1000ml"},"content":{"rendered":"<p>Ezek a z\u00f6ld ol\u00edvaolajos palackok eleg\u00e1ns, lekerek\u00edtett n\u00e9gyzet alak\u00faak, \u00e9s s\u00f6t\u00e9t ol\u00edva sz\u00edn\u0171 \u00fcvegb\u0151l k\u00e9sz\u00fcltek, hogy megakad\u00e1lyozz\u00e1k az olaj f\u00e9ny hat\u00e1s\u00e1ra t\u00f6rt\u00e9n\u0151 roml\u00e1s\u00e1t. Fekete, arany vagy z\u00f6ld csavaros kupakkal rendelkeznek, \u00e9s sz\u00e1mos m\u00e9retben kaphat\u00f3k.<\/p>\n<h2>Term\u00e9kjellemz\u0151k<\/h2>\n<ul>\n<li><strong>Term\u00e9szetesen UV-v\u00e9d\u0151:<\/strong> A Green Glass f\u00e9nyv\u00e9d\u0151k\u00e9nt m\u0171k\u00f6dik, amely hossz\u00fa ideig meg\u0151rzi a folyad\u00e9kot. A hagyom\u00e1nyos \u00fcveggel ellent\u00e9tben sok\u00e1ig meg\u0151rzi az ol\u00edvaolaj frissess\u00e9g\u00e9t, \u00edgy ide\u00e1lis az \u00e9rz\u00e9keny, pr\u00e9mium kateg\u00f3ri\u00e1s ol\u00edvaolajokhoz.<\/li>\n<li><strong>T\u00e9glalap m\u00e9rete:<\/strong> A palack t\u00e9glalap alak\u00fa form\u00e1ja megk\u00f6nny\u00edti a bemutat\u00e1st \u00e9s t\u00e1rol\u00e1st, mik\u00f6zben j\u00f3l l\u00e1that\u00f3 az egyens\u00faly.<\/li>\n<li><strong>\u00dajrat\u00f6lthet\u0151:<\/strong> Ezek az \u00fajrat\u00f6lthet\u0151 \u00fcveg ol\u00edvaolaj-palackok er\u0151sek \u00e9s tart\u00f3sak. Az \u00e9ttermek \u00e9s az ut\u00e1nt\u00f6lt\u0151 \u00fczletek szeretik \u0151ket a tart\u00f3ss\u00e1guk miatt.<\/li>\n<\/ul>\n<h2 style=\"text-align: left;\">F\u0151bb specifik\u00e1ci\u00f3k<\/h2>\n<table class=\"aligncenter\" style=\"border-collapse: collapse; width: 429.77pt;\" border=\"0\" width=\"573\" cellspacing=\"0\" cellpadding=\"0\">\n<tbody>\n<tr style=\"height: 13.50pt;\">\n<td style=\"height: 13.50pt; width: 69.75pt;\" width=\"93\" height=\"18\">Jellemz\u0151<\/td>\n<td style=\"width: 360.00pt;\" width=\"480\">Specifik\u00e1ci\u00f3<\/td>\n<\/tr>\n<tr style=\"height: 13.50pt;\">\n<td style=\"height: 13.50pt;\" height=\"18\">M\u00e9retek<\/td>\n<td>5,8 \u00d7 5,8 \u00d7 26,4 cm (500 ml), 6,5 \u00d7 6,5 \u00d7 30,2 cm (750 ml), 7,4 \u00d7 7,4 \u00d7 30 cm (1000 ml)<\/td>\n<\/tr>\n<tr style=\"height: 13.50pt;\">\n<td style=\"height: 13.50pt;\" height=\"18\">Nyakm\u00e9ret<\/td>\n<td>19\u00d730 mm (szabv\u00e1nyos menet)<\/td>\n<\/tr>\n<tr style=\"height: 13.50pt;\">\n<td style=\"height: 13.50pt;\" height=\"18\">Anyag<\/td>\n<td>Z\u00f6ld \u00fcveg (s\u00f6t\u00e9t \u00fcveg v\u00e1ltozatban is kaphat\u00f3)<\/td>\n<\/tr>\n<tr style=\"height: 13.50pt;\">\n<td style=\"height: 13.50pt;\" height=\"18\">Alak<\/td>\n<td>N\u00e9gyzet \/ t\u00e9glalap alak\u00fa prizma<\/td>\n<\/tr>\n<tr style=\"height: 13.50pt;\">\n<td style=\"height: 13.50pt;\" height=\"18\">Fed\u00e9l opci\u00f3k<\/td>\n<td>Massz\u00edv csavaros kupak, ki\u00f6nt\u0151, pump\u00e1s adagol\u00f3<\/td>\n<\/tr>\n<tr style=\"height: 13.50pt;\">\n<td style=\"height: 13.50pt;\" height=\"18\">Legjobb<\/td>\n<td>Ol\u00edvaolaj, ecet, sz\u00f3szok, konyhai t\u00e1rol\u00f3k<\/td>\n<\/tr>\n<\/tbody>\n<\/table>\n<h2>Sikert\u00f6rt\u00e9net: Kaliforniai ol\u00edvaolaj-gy\u00e1rt\u00f3 export r\u00e9szlege<\/h2>\n<p>750 ml-es z\u00f6ld ol\u00edvaolaj-palackjainkat egy kaliforniai ol\u00edvaolaj-termel\u0151 v\u00e1lasztotta, aki szitanyomott aranyf\u00f3li\u00e1val \u00e9s fekete cs\u00f6p\u00f6g\u00e9sg\u00e1tl\u00f3 ki\u00f6nt\u0151vel tervezte meg azokat. Ezek az UV-bevonat\u00fa \u00fcvegpalackok hat\u00e9konyan meg\u0151rizt\u00e9k az ol\u00edvaolaj min\u0151s\u00e9g\u00e9t a t\u00e1vols\u00e1gi sz\u00e1ll\u00edt\u00e1sok sor\u00e1n is, \u00e9s ez 40-szeres\u00e9re cs\u00f6kkentette a roml\u00e1si panaszok sz\u00e1m\u00e1t. Palackjaik 99,9 sz\u00e1zal\u00e9kos sikerar\u00e1nnyal teljes\u00edtett\u00e9k a nemzetk\u00f6zi sz\u00e1ll\u00edt\u00e1s pr\u00f3b\u00e1j\u00e1t. A leny\u0171g\u00f6z\u0151 teljes\u00edtm\u00e9ny alapj\u00e1n a gy\u00e1rt\u00f3 tov\u00e1bbi 200 000 palack \u00faj \u00edzes\u00edtett \u00e9s infuz\u00e1lt ol\u00edvaolajat rendelt.<\/p>\n<h2>Testreszab\u00e1si \u00f6tletek<\/h2>\n<ul>\n<li>Matt savas mos\u00e1s \u2013 Puha, matt hat\u00e1st k\u00f6lcs\u00f6n\u00f6z a teljes fel\u00fcletnek. Dr\u00e1ga hat\u00e1st kelt, \u00e9s elrejti az ujjlenyomatokat.<\/li>\n<li>Log\u00f3 homokf\u00fav\u00e1s \u2013 Maratja az embl\u00e9m\u00e1j\u00e1t az el\u0151lapba. Tart\u00f3s \u00e9s pr\u00e9mium min\u0151s\u00e9g\u0171 kivitelez\u00e9st sugall.<\/li>\n<li>Sz\u00ednm\u00e9lys\u00e9g-szab\u00e1lyoz\u00e1s \u2013 V\u00e1lasszon s\u00f6t\u00e9tebbet a standard z\u00f6ldn\u00e9l az extra UV-v\u00e9delem \u00e9s a mer\u00e9szebb megjelen\u00e9s \u00e9rdek\u00e9ben.<\/li>\n<\/ul>","protected":false},"excerpt":{"rendered":"<p>Klasszikus, sz\u00f6gletes, z\u00f6ld sz\u00edn\u0171 \u00fcveg ol\u00edvaolaj-palackok fekete, arany vagy z\u00f6ld csavaros kupakkal. T\u00f6k\u00e9letes az olaj min\u0151s\u00e9g\u00e9nek meg\u0151rz\u00e9s\u00e9re. Gy\u00e1ri k\u00f6zvetlen sz\u00e1ll\u00edt\u00e1s, gyors sz\u00e1ll\u00edt\u00e1s.<\/p>","protected":false},"featured_media":25644,"template":"","meta":[],"product_brand":[],"product_cat":[126,123,122],"product_tag":[],"class_list":{"0":"post-21965","1":"product","2":"type-product","3":"status-publish","4":"has-post-thumbnail","6":"product_cat-olive-oil-bottles","7":"product_cat-custom-glass-bottles","8":"product_cat-custom-glass-packaging","10":"first","11":"instock","12":"shipping-taxable","13":"product-type-simple"},"jetpack_sharing_enabled":true,"_links":{"self":[{"href":"https:\/\/yebodaglass.com\/hu\/wp-json\/wp\/v2\/product\/21965","targetHints":{"allow":["GET"]}}],"collection":[{"href":"https:\/\/yebodaglass.com\/hu\/wp-json\/wp\/v2\/product"}],"about":[{"href":"https:\/\/yebodaglass.com\/hu\/wp-json\/wp\/v2\/types\/product"}],"version-history":[{"count":5,"href":"https:\/\/yebodaglass.com\/hu\/wp-json\/wp\/v2\/product\/21965\/revisions"}],"predecessor-version":[{"id":25561,"href":"https:\/\/yebodaglass.com\/hu\/wp-json\/wp\/v2\/product\/21965\/revisions\/25561"}],"wp:featuredmedia":[{"embeddable":true,"href":"https:\/\/yebodaglass.com\/hu\/wp-json\/wp\/v2\/media\/25644"}],"wp:attachment":[{"href":"https:\/\/yebodaglass.com\/hu\/wp-json\/wp\/v2\/media?parent=21965"}],"wp:term":[{"taxonomy":"product_brand","embeddable":true,"href":"https:\/\/yebodaglass.com\/hu\/wp-json\/wp\/v2\/product_brand?post=21965"},{"taxonomy":"product_cat","embeddable":true,"href":"https:\/\/yebodaglass.com\/hu\/wp-json\/wp\/v2\/product_cat?post=21965"},{"taxonomy":"product_tag","embeddable":true,"href":"https:\/\/yebodaglass.com\/hu\/wp-json\/wp\/v2\/product_tag?post=21965"}],"curies":[{"name":"wp","href":"https:\/\/api.w.org\/{rel}","templated":true}]}}