{"id":21951,"date":"2025-10-08T18:01:24","date_gmt":"2025-10-08T10:01:24","guid":{"rendered":"https:\/\/yebodaglass.com\/?post_type=product&#038;p=21951"},"modified":"2026-03-20T15:03:01","modified_gmt":"2026-03-20T07:03:01","slug":"empty-glass-mason-jar-storage-containers-bulk","status":"publish","type":"product","link":"https:\/\/yebodaglass.com\/hu\/termek\/empty-glass-mason-jar-storage-containers-bulk\/","title":{"rendered":"150 ml \u2013 1100 ml \u00fcres \u00fcveg bef\u0151ttes\u00fcveg t\u00e1rol\u00f3ed\u00e9nyek, \u00f6mlesztett kiszerel\u00e9sben"},"content":{"rendered":"<p>Ezek az \u00fcveg bef\u0151ttes\u00fcvegbe csomagolt t\u00e1rol\u00f3ed\u00e9nyek krist\u00e1lytiszta \u00fcvegb\u0151l k\u00e9sz\u00fcltek, szokatlan, lekerek\u00edtett form\u00e1j\u00faak, enyh\u00e9n kiemelked\u0151 k\u00f6zep\u00fckkel, amely a nyak \u00e9s az alj fel\u00e9 sz\u0171k\u00fcl. Szab\u00e1lyos menetes nyakkal \u00e9s arany sz\u00edn\u0171 f\u00e9m csavaros kupakkal rendelkeznek.<\/p>\n<h2>Term\u00e9kjellemz\u0151k<\/h2>\n<ul>\n<li><strong>\u00c1tl\u00e1tsz\u00f3 \u00fcveg:<\/strong> Az \u00fcveg krist\u00e1lytiszta, \u00edgy k\u00f6nnyen l\u00e1that\u00f3 a tartalom, \u00e9s a term\u00e9k vonz\u00f3bb\u00e1 v\u00e1lik az \u00e9lelmiszeripar \u00e9s a k\u00e9zm\u0171vesipar sz\u00e1m\u00e1ra.<\/li>\n<li><strong>Egyenruh\u00e1s arany sapka:<\/strong> A hozz\u00e1 tartoz\u00f3 arany sz\u00edn\u0171 csavaros kupak f\u00e9mb\u0151l k\u00e9sz\u00fclt, szoros illeszked\u00e9st biztos\u00edt, \u00e9s mindk\u00e9t st\u00edlusnak egys\u00e9ges, eleg\u00e1ns megjelen\u00e9st k\u00f6lcs\u00f6n\u00f6z.<\/li>\n<li><strong>T\u00f6bb m\u00e9ret:<\/strong> K\u00fcl\u00f6nb\u00f6z\u0151 m\u00e9retekben kaphat\u00f3, bele\u00e9rtve a mini-t \u00e9s a hatalmasat is, a minta t\u00e1rol\u00e1si ig\u00e9nyeit\u0151l f\u00fcgg\u0151en.<\/li>\n<\/ul>\n<h2><strong data-spm-anchor-id=\"5176.28103460.0.i8.29ab2e31Xe3rbZ\">F\u0151bb specifik\u00e1ci\u00f3k<\/strong><\/h2>\n<table style=\"border-collapse: collapse; width: 80%; margin-left: auto; margin-right: auto;\" border=\"0\" width=\"363\" cellspacing=\"0\" cellpadding=\"0\">\n<tbody>\n<tr style=\"height: 13.50pt;\">\n<td class=\"et2\" style=\"height: 13.5pt; width: 56.25pt; text-align: center;\" width=\"75\" height=\"18\">Term\u00e9k<\/td>\n<td class=\"et2\" style=\"width: 54pt; text-align: center;\" width=\"72\">Kapacit\u00e1s (ml)<\/td>\n<td class=\"et2\" style=\"width: 54pt; text-align: center;\" width=\"72\">M\u00e9ret (cm)<\/td>\n<td class=\"et2\" style=\"width: 54pt; text-align: center;\" width=\"72\">Sz\u00ednbe\u00e1ll\u00edt\u00e1sok<\/td>\n<\/tr>\n<tr style=\"height: 13.50pt;\">\n<td class=\"et2\" style=\"height: 13.5pt; text-align: center;\" height=\"18\">63015008<\/td>\n<td class=\"et2\" style=\"text-align: center;\">150<\/td>\n<td class=\"et2\" style=\"text-align: center;\">6.1&#215;6.1&#215;8.2<\/td>\n<td class=\"et2\" style=\"text-align: center;\" rowspan=\"6\">\u00c1tl\u00e1tsz\u00f3 vagy egyedi (faragott text\u00fara)<\/td>\n<\/tr>\n<tr style=\"height: 13.50pt;\">\n<td class=\"et2\" style=\"height: 13.5pt; text-align: center;\" height=\"18\">63030009<\/td>\n<td class=\"et2\" style=\"text-align: center;\">300<\/td>\n<td class=\"et2\" style=\"text-align: center;\">8.1&#215;8.1&#215;8.9<\/td>\n<\/tr>\n<tr style=\"height: 13.50pt;\">\n<td class=\"et2\" style=\"height: 13.5pt; text-align: center;\" height=\"18\">63038010<\/td>\n<td class=\"et2\" style=\"text-align: center;\">380<\/td>\n<td class=\"et2\" style=\"text-align: center;\">Potes de vidro Diamond Glass Mason. Venda por atacado. Perfeitos para mel, molhos e presentes. Tamanhos personalizados. Entrega r\u00e1pida. Aumente suas vendas!<\/td>\n<\/tr>\n<tr style=\"height: 13.50pt;\">\n<td class=\"et2\" style=\"height: 13.5pt; text-align: center;\" height=\"18\">63050011<\/td>\n<td class=\"et2\" style=\"text-align: center;\">500<\/td>\n<td class=\"et2\" style=\"text-align: center;\">8.2&#215;8.2&#215;13.0<\/td>\n<\/tr>\n<tr style=\"height: 13.50pt;\">\n<td class=\"et2\" style=\"height: 13.5pt; text-align: center;\" height=\"18\">63103012<\/td>\n<td class=\"et2\" style=\"text-align: center;\">1030<\/td>\n<td class=\"et2\" style=\"text-align: center;\">9.9&#215;9.9&#215;16.7<\/td>\n<\/tr>\n<tr style=\"height: 13.50pt;\">\n<td class=\"et2\" style=\"height: 13.5pt; text-align: center;\" height=\"18\">63110013<\/td>\n<td class=\"et2\" style=\"text-align: center;\">1100<\/td>\n<td class=\"et2\" style=\"text-align: center;\">9.7&#215;9.7&#215;17.5<\/td>\n<\/tr>\n<\/tbody>\n<\/table>\n<h2>Sikert\u00f6rt\u00e9net<\/h2>\n<p>Az egyik utahi m\u00e9zgy\u00e1rt\u00f3 a mi \u00fcveged\u00e9ny\u00fcnket v\u00e1lasztotta, \u00e9s vil\u00e1gos borosty\u00e1nsz\u00edn\u0171re, m\u00e9hsejt mint\u00e1val d\u00edsz\u00edtette. Az \u00fcveg hagyom\u00e1nyos megjelen\u00e9se jav\u00edtotta a m\u00e1rka im\u00e1zs\u00e1t, mint \u00f6r\u00f6ks\u00e9get, ami 60 sz\u00e1zal\u00e9kos n\u00f6veked\u00e9st jelentett az online elad\u00e1sokban, az \u00fcvegre nyomtatott m\u00e9hsejt minta pedig 300 sz\u00e1zal\u00e9kkal n\u00f6velte a k\u00f6z\u00f6ss\u00e9gi m\u00e9di\u00e1ban val\u00f3 eml\u00edt\u00e9seiket. A gy\u00e1rt\u00f3 tov\u00e1bbi 720 000 \u00fcveg m\u00e9zet rendelt, mivel rendk\u00edv\u00fcli sikereket \u00e9rt el az egyik orsz\u00e1gos bio\u00e9lelmiszerl\u00e1ncnak t\u00f6rt\u00e9n\u0151 m\u00e9zelad\u00e1s ter\u00e9n.<\/p>\n<h2>Bef\u0151ttes\u00fcveg t\u00e1rol\u00f3ed\u00e9nyek testreszab\u00e1sa<\/h2>\n<ul>\n<li>Dombor\u00edt\u00e1s: Textur\u00e1lt mint\u00e1k (pl. b\u00fazakal\u00e1szok, m\u00e9hek) helyezhet\u0151k az \u00fcvegek v\u00e1ll\u00e1ra.<\/li>\n<li>Emelt t\u00e9rfogatjel\u00f6l\u00e9sek: N\u00f6velje az \u00fcveg vagy palack oldal\u00e1n l\u00e9v\u0151 k\u00fcl\u00f6n\u00e1ll\u00f3, kiemelt t\u00e9rfogatokat (uncia, cs\u00e9sze, milliliter) a sokoldal\u00fabb felhaszn\u00e1l\u00e1s \u00e9rdek\u00e9ben.<\/li>\n<li>N\u00e9gyzet alak\u00fa \u00fcvegdiz\u00e1jn: Tervezzen n\u00e9gyzet alak\u00fa bef\u0151ttes\u00fcvegeket, amelyek helyet takar\u00edtanak meg, hogy maximaliz\u00e1lj\u00e1k a polcokon val\u00f3 elhelyez\u00e9st \u00e9s a sz\u00e1ll\u00edt\u00e1si tart\u00e1lyokat.<\/li>\n<\/ul>","protected":false},"excerpt":{"rendered":"<p>Pr\u00e9mium min\u0151s\u00e9g\u0171 \u00fcveg bef\u0151ttes\u00fcveg t\u00e1rol\u00f3ed\u00e9nyek tart\u00f3s \u00fcveg testtel \u00e9s f\u00e9m fed\u00e9llel. T\u00f6k\u00e9letes \u00e9lelmiszerek, italok \u00e9s csomagol\u00e1s t\u00e1rol\u00e1s\u00e1ra. Gyors sz\u00e1ll\u00edt\u00e1ssal is el\u00e9rhet\u0151.<\/p>","protected":false},"featured_media":25538,"template":"","meta":[],"product_brand":[],"product_cat":[125,124,122],"product_tag":[],"class_list":{"0":"post-21951","1":"product","2":"type-product","3":"status-publish","4":"has-post-thumbnail","6":"product_cat-mason-glass-jars","7":"product_cat-custom-glass-jars","8":"product_cat-custom-glass-packaging","10":"first","11":"instock","12":"shipping-taxable","13":"product-type-simple"},"jetpack_sharing_enabled":true,"_links":{"self":[{"href":"https:\/\/yebodaglass.com\/hu\/wp-json\/wp\/v2\/product\/21951","targetHints":{"allow":["GET"]}}],"collection":[{"href":"https:\/\/yebodaglass.com\/hu\/wp-json\/wp\/v2\/product"}],"about":[{"href":"https:\/\/yebodaglass.com\/hu\/wp-json\/wp\/v2\/types\/product"}],"version-history":[{"count":5,"href":"https:\/\/yebodaglass.com\/hu\/wp-json\/wp\/v2\/product\/21951\/revisions"}],"predecessor-version":[{"id":25540,"href":"https:\/\/yebodaglass.com\/hu\/wp-json\/wp\/v2\/product\/21951\/revisions\/25540"}],"wp:featuredmedia":[{"embeddable":true,"href":"https:\/\/yebodaglass.com\/hu\/wp-json\/wp\/v2\/media\/25538"}],"wp:attachment":[{"href":"https:\/\/yebodaglass.com\/hu\/wp-json\/wp\/v2\/media?parent=21951"}],"wp:term":[{"taxonomy":"product_brand","embeddable":true,"href":"https:\/\/yebodaglass.com\/hu\/wp-json\/wp\/v2\/product_brand?post=21951"},{"taxonomy":"product_cat","embeddable":true,"href":"https:\/\/yebodaglass.com\/hu\/wp-json\/wp\/v2\/product_cat?post=21951"},{"taxonomy":"product_tag","embeddable":true,"href":"https:\/\/yebodaglass.com\/hu\/wp-json\/wp\/v2\/product_tag?post=21951"}],"curies":[{"name":"wp","href":"https:\/\/api.w.org\/{rel}","templated":true}]}}