{"id":21914,"date":"2025-10-08T18:02:42","date_gmt":"2025-10-08T10:02:42","guid":{"rendered":"https:\/\/yebodaglass.com\/?post_type=product&#038;p=21914"},"modified":"2026-03-20T16:27:24","modified_gmt":"2026-03-20T08:27:24","slug":"clear-mason-glass-jars-with-lids-bulk","status":"publish","type":"product","link":"https:\/\/yebodaglass.com\/hu\/termek\/clear-mason-glass-jars-with-lids-bulk\/","title":{"rendered":"150 ml \u2013 1000 ml \u00e1tl\u00e1tsz\u00f3 bef\u0151ttes\u00fcvegek fed\u00e9llel, \u00f6mlesztett kiszerel\u00e9sben"},"content":{"rendered":"<p>Ezek a bef\u0151ttes\u00fcvegek eredeti, lekerek\u00edtett n\u00e9gyzet alak\u00fa diz\u00e1jnnal rendelkeznek, krist\u00e1lytiszta \u00fcvegb\u0151l \u00e9s egy elb\u0171v\u00f6l\u0151, ez\u00fcst sz\u00edn\u0171 ac\u00e9l csavaros tetejjel. A sz\u00e9les sz\u00e1j\u00fa szerkezet szabv\u00e1nyos csavaros kupakkal \u00e9s lapos, matt ez\u00fcst f\u00e9mz\u00e1rral rendelkezik.<\/p>\n<h2>Term\u00e9kjellemz\u0151k<\/h2>\n<ul>\n<li><strong>Klasszikus vintage forma:<\/strong> A der\u00e9ksz\u00f6g\u0171, egyenes hengeres forma megegyezik a klasszikus k\u0151m\u0171vesform\u00e1val, \u00e9s a vintage sz\u00e9ps\u00e9g kever\u00e9k\u00e9t kelti, k\u00f6nnyen felvehet\u0151, k\u00f6nnyen haszn\u00e1lhat\u00f3 \u00e9s k\u00f6nnyen felismerhet\u0151.<\/li>\n<li><strong>T\u00f6bbkapacit\u00e1s\u00fa kialak\u00edt\u00e1s:<\/strong> Mini, norm\u00e1l \u00e9s magas kiszerel\u00e9sben kaphat\u00f3, hogy megfeleljen a kis adagok, a napi t\u00e1rol\u00e1s \u00e9s a nagy kapacit\u00e1s\u00fa t\u00e1rol\u00e1s ir\u00e1nti ig\u00e9nyeknek.<\/li>\n<li><strong>T\u00f6bb f\u00e9m fed\u00e9l vari\u00e1ci\u00f3:<\/strong> Lapos vagy szell\u0151z\u0151ny\u00edl\u00e1ssal ell\u00e1tott fed\u00e9llel rendelkezik, mindkett\u0151 ez\u00fcst sz\u00ednben, \u00e9s kiv\u00e1l\u00f3 t\u00f6m\u00edt\u00e9si teljes\u00edtm\u00e9nyt \u00e9s rugalmass\u00e1got biztos\u00edt sz\u00e1mos tart\u00f3s\u00edt\u00e1si \u00e9s felhaszn\u00e1l\u00e1si ig\u00e9nyhez.<\/li>\n<\/ul>\n<h2><strong data-spm-anchor-id=\"5176.28103460.0.i14.29ab2e31M0MCxV\">F\u0151bb specifik\u00e1ci\u00f3k<\/strong><\/h2>\n<table style=\"border-collapse: collapse; width: 80%; margin-left: auto; margin-right: auto;\" border=\"0\" width=\"360\" cellspacing=\"0\" cellpadding=\"0\">\n<tbody>\n<tr style=\"height: 13.50pt;\">\n<td style=\"height: 13.5pt; width: 54pt; text-align: center;\" width=\"72\" height=\"18\">Term\u00e9k<\/td>\n<td style=\"width: 54pt; text-align: center;\" width=\"72\">Kapacit\u00e1s (ml)<\/td>\n<td style=\"width: 54pt; text-align: center;\" width=\"72\">M\u00e9ret (cm)<\/td>\n<td style=\"width: 54pt; text-align: center;\" width=\"72\">Sz\u00ednbe\u00e1ll\u00edt\u00e1sok<\/td>\n<\/tr>\n<tr style=\"height: 13.50pt;\">\n<td style=\"height: 13.5pt; text-align: center;\" align=\"right\" height=\"18\">63015001<\/td>\n<td style=\"text-align: center;\" align=\"right\">150<\/td>\n<td style=\"text-align: center;\">7.8&#215;7.8&#215;5.1<\/td>\n<td class=\"et2\" style=\"text-align: center;\" rowspan=\"7\">T\u00f6rl\u00e9s (Egy\u00e9ni)<\/td>\n<\/tr>\n<tr style=\"height: 13.50pt;\">\n<td style=\"height: 13.5pt; text-align: center;\" align=\"right\" height=\"18\">63025002<\/td>\n<td style=\"text-align: center;\" align=\"right\">250<\/td>\n<td style=\"text-align: center;\">7.8&#215;7.8&#215;8.0<\/td>\n<\/tr>\n<tr style=\"height: 13.50pt;\">\n<td style=\"height: 13.5pt; text-align: center;\" align=\"right\" height=\"18\">63038003<\/td>\n<td style=\"text-align: center;\" align=\"right\">380<\/td>\n<td style=\"text-align: center;\">7.5&#215;7.5&#215;12.0<\/td>\n<\/tr>\n<tr style=\"height: 13.50pt;\">\n<td style=\"height: 13.5pt; text-align: center;\" align=\"right\" height=\"18\">63050004<\/td>\n<td style=\"text-align: center;\" align=\"right\">500<\/td>\n<td style=\"text-align: center;\">8.2&#215;8.2&#215;12.7<\/td>\n<\/tr>\n<tr style=\"height: 13.50pt;\">\n<td style=\"height: 13.5pt; text-align: center;\" align=\"right\" height=\"18\">63075005<\/td>\n<td style=\"text-align: center;\" align=\"right\">750<\/td>\n<td style=\"text-align: center;\">8.6&#215;8.6&#215;16.3<\/td>\n<\/tr>\n<tr style=\"height: 13.50pt;\">\n<td style=\"height: 13.5pt; text-align: center;\" align=\"right\" height=\"18\">63085006<\/td>\n<td style=\"text-align: center;\" align=\"right\">850<\/td>\n<td style=\"text-align: center;\">\u2014<\/td>\n<\/tr>\n<tr style=\"height: 13.50pt;\">\n<td style=\"height: 13.5pt; text-align: center;\" align=\"right\" height=\"18\">63100007<\/td>\n<td style=\"text-align: center;\" align=\"right\">1000<\/td>\n<td style=\"text-align: center;\">9.7&#215;9.7&#215;17.5<\/td>\n<\/tr>\n<\/tbody>\n<\/table>\n<h2>Sikert\u00f6rt\u00e9net<\/h2>\n<p>Az egyik portland-i k\u00e1v\u00e9p\u00f6rk\u00f6l\u0151 a mi t\u00f6bbm\u00e9ret\u0171 bef\u0151ttes\u00fcveg-t\u00e1rol\u00f3inkat \u00e9s a k\u00e1v\u00e9bab mint\u00e1kkal d\u00edsz\u00edtett, szem\u00e9lyre szabott \u00fcvegeinket v\u00e1lasztotta. Az \u00e1tl\u00e1tsz\u00f3 \u00fcvegek t\u00f6k\u00e9letesen bemutatt\u00e1k a k\u00e1v\u00e9babot, ami 35%-kal n\u00f6velte az elad\u00e1sokat \u00e9s 62%-kal az ism\u00e9telt v\u00e1s\u00e1rl\u00e1sokat. Maga a csomagol\u00e1s annyira el\u00e9gedett\u00e9 tette a cukr\u00e1szt, hogy \u00fajabb 250 000 \u00fcveget rendelt, hogy passzoljon az \u00faj f\u0171szer- \u00e9s teaital-kollekci\u00f3jukhoz.<\/p>\n<h2>Mason \u00fcveged\u00e9ny testreszab\u00e1si alternat\u00edv\u00e1i<\/h2>\n<ul>\n<li>N\u00e9gyzet alak\u00fa bef\u0151ttes\u00fcveg kialak\u00edt\u00e1s: Tervezzen helytakar\u00e9kos, n\u00e9gyzet alak\u00fa Mason \u00fcvegeket a polcok megjelen\u00edt\u00e9s\u00e9nek hat\u00e9konys\u00e1g\u00e1nak n\u00f6vel\u00e9se \u00e9rdek\u00e9ben a kiskereskedelmi \u00e9s az otthoni kamr\u00e1kban.<\/li>\n<li>Dombornyom\u00e1s: Dombor\u00edtson vagy b\u00e9lyegezzen dekorat\u00edv kezd\u0151bet\u0171ket vagy mint\u00e1kat az \u00fcveg v\u00e1ll\u00e1ra.<\/li>\n<li>Fed\u00e9l anyaga: F\u00e9mfed\u0151k haszn\u00e1lhat\u00f3k m\u0171anyag, parafa vagy bambuszfed\u0151k helyett.<\/li>\n<\/ul>","protected":false},"excerpt":{"rendered":"<p>T\u00e1rol\u00e1sra alkalmas, sz\u00e9les sz\u00e1j\u00fa, tart\u00f3s fed\u00e9llel ell\u00e1tott, Mason bef\u0151ttes\u00fcvegek. T\u00f6k\u00e9letes csomagol\u00e1shoz \u00e9s rendszerez\u00e9shez. Nagykereskedelmi kedvezm\u00e9nyek \u00e9s k\u00f6zvetlen gy\u00e1ri kisz\u00e1ll\u00edt\u00e1s.<\/p>","protected":false},"featured_media":25546,"template":"","meta":[],"product_brand":[],"product_cat":[125,124,122],"product_tag":[],"class_list":{"0":"post-21914","1":"product","2":"type-product","3":"status-publish","4":"has-post-thumbnail","6":"product_cat-mason-glass-jars","7":"product_cat-custom-glass-jars","8":"product_cat-custom-glass-packaging","10":"first","11":"instock","12":"shipping-taxable","13":"product-type-simple"},"jetpack_sharing_enabled":true,"_links":{"self":[{"href":"https:\/\/yebodaglass.com\/hu\/wp-json\/wp\/v2\/product\/21914","targetHints":{"allow":["GET"]}}],"collection":[{"href":"https:\/\/yebodaglass.com\/hu\/wp-json\/wp\/v2\/product"}],"about":[{"href":"https:\/\/yebodaglass.com\/hu\/wp-json\/wp\/v2\/types\/product"}],"version-history":[{"count":5,"href":"https:\/\/yebodaglass.com\/hu\/wp-json\/wp\/v2\/product\/21914\/revisions"}],"predecessor-version":[{"id":25545,"href":"https:\/\/yebodaglass.com\/hu\/wp-json\/wp\/v2\/product\/21914\/revisions\/25545"}],"wp:featuredmedia":[{"embeddable":true,"href":"https:\/\/yebodaglass.com\/hu\/wp-json\/wp\/v2\/media\/25546"}],"wp:attachment":[{"href":"https:\/\/yebodaglass.com\/hu\/wp-json\/wp\/v2\/media?parent=21914"}],"wp:term":[{"taxonomy":"product_brand","embeddable":true,"href":"https:\/\/yebodaglass.com\/hu\/wp-json\/wp\/v2\/product_brand?post=21914"},{"taxonomy":"product_cat","embeddable":true,"href":"https:\/\/yebodaglass.com\/hu\/wp-json\/wp\/v2\/product_cat?post=21914"},{"taxonomy":"product_tag","embeddable":true,"href":"https:\/\/yebodaglass.com\/hu\/wp-json\/wp\/v2\/product_tag?post=21914"}],"curies":[{"name":"wp","href":"https:\/\/api.w.org\/{rel}","templated":true}]}}