{"id":21833,"date":"2025-09-29T11:46:29","date_gmt":"2025-09-29T03:46:29","guid":{"rendered":"https:\/\/yebodaglass.com\/?post_type=product&#038;p=21833"},"modified":"2025-10-09T18:01:44","modified_gmt":"2025-10-09T10:01:44","slug":"custom-olive-oil-bottles-high-quality-glass-oil-bottles-for-wholesale","status":"publish","type":"product","link":"https:\/\/yebodaglass.com\/hu\/custom-olive-oil-bottles-high-quality-glass-oil-bottles-for-wholesale\/","title":{"rendered":"Egyedi 60-1000 ml-es \u00e1tl\u00e1tsz\u00f3 \u00fcveg ol\u00edvaolaj-palackok \u2013 n\u00e9gyzet alak\u00fa palackok csavaros fed\u00e9llel"},"content":{"rendered":"<div data-elementor-type=\"product-post\" data-elementor-id=\"21833\" class=\"elementor elementor-21833\" data-elementor-settings=\"{&quot;ha_cmc_init_switcher&quot;:&quot;no&quot;}\" data-elementor-post-type=\"product\">\n\t\t\t\t<div class=\"elementor-element elementor-element-7cc6e53 e-flex e-con-boxed e-con e-parent\" data-id=\"7cc6e53\" data-element_type=\"container\" data-e-type=\"container\" data-settings=\"{&quot;_ha_eqh_enable&quot;:false}\">\n\t\t\t\t\t<div class=\"e-con-inner\">\n\t\t\t\t<div class=\"elementor-element elementor-element-b9ffd68 elementor-widget elementor-widget-text-editor\" data-id=\"b9ffd68\" data-element_type=\"widget\" data-e-type=\"widget\" data-widget_type=\"text-editor.default\">\n\t\t\t\t<div class=\"elementor-widget-container\">\n\t\t\t\t\t\t\t\t\t<p>Pr\u00e9mium \u00fcvegcsomagol\u00e1sok egyik vezet\u0151 gy\u00e1rt\u00f3jak\u00e9nt \u00e9s sz\u00e1ll\u00edt\u00f3jak\u00e9nt meg\u00e9rtj\u00fck az olyan kiv\u00e1l\u00f3 min\u0151s\u00e9g\u0171, egyedi ol\u00edvaolaj-palackok ir\u00e1nti ig\u00e9nyt, amelyek kiemelik olajm\u00e1rk\u00e1j\u00e1t. Nagykereskedelmi \u00e9s t\u00f6meges megrendel\u00e9sek eset\u00e9n is sokoldal\u00fa bemutat\u00f3term\u00fcnkben bemutatjuk az \u00e1tl\u00e1tsz\u00f3 \u00fcveg ol\u00edvaolaj-palackokat, \u00e9s bemutatjuk az ol\u00edvaolaj tisztas\u00e1g\u00e1t. Ak\u00e1r standard olajadagol\u00f3 palackra, ak\u00e1r teljesen egyedi megold\u00e1sra van sz\u00fcks\u00e9ge, \u00fcvegpalackjaink sz\u00e1mos m\u00e9retben kaphat\u00f3k, hogy minden felhaszn\u00e1l\u00e1si c\u00e9lnak megfeleljenek.<\/p><h2>Term\u00e9kjellemz\u0151k<\/h2><ul><li><strong>N\u00e9gyzet alak\u00fa modern diz\u00e1jn<\/strong>: A modern oszt\u00e1lym\u00e9ret n\u00f6veli a polcok vonzerej\u00e9t \u00e9s helyet takar\u00edt meg, \u00edgy ide\u00e1lis kiskereskedelem sz\u00e1m\u00e1ra.<\/li><li><strong>\u00c9lelmiszeripari min\u0151s\u00e9g\u0171 \u00e1tl\u00e1tsz\u00f3 \u00fcveg<\/strong>: Kiv\u00e1l\u00f3 min\u0151s\u00e9g\u0171 olajpalack \u00fcvegb\u0151l k\u00e9sz\u00fclt, \u00edgy az \u00fcgyfelek l\u00e1thatj\u00e1k az ol\u00edvaolaj gazdag sz\u00edn\u00e9t, konstrukci\u00f3s hit\u00e9t \u00e9s v\u00e1gy\u00e1t.<\/li><li><strong>Biztons\u00e1gos csavaros nyak<\/strong>: K\u00fcl\u00f6nb\u00f6z\u0151 fed\u00e9l opci\u00f3kkal kompatibilis, bele\u00e9rtve a f\u00e9met \u00e9s a m\u0171anyagot is, \u00edgy biztos\u00edtva a sziv\u00e1rg\u00e1smentes ol\u00edvaolaj-tart\u00e1lyt a k\u00f6nny\u0171 behelyez\u00e9s \u00e9rdek\u00e9ben.<\/li><li><strong>T\u00f6bb kapacit\u00e1si lehet\u0151s\u00e9g<\/strong>: A nagy, 1000 ml-es kiszerel\u00e9sekt\u0151l a mint\u00e1khoz haszn\u00e1lt kis, 60 ml-es palackokig terjed\u0151 mennyis\u00e9gekig rugalmasan tudunk alkalmazkodni a k\u00fcl\u00f6nf\u00e9le ig\u00e9nyekhez.<\/li><\/ul>\t\t\t\t\t\t\t\t<\/div>\n\t\t\t\t<\/div>\n\t\t\t\t<div class=\"elementor-element elementor-element-920ae84 elementor-widget elementor-widget-text-editor\" data-id=\"920ae84\" data-element_type=\"widget\" data-e-type=\"widget\" data-widget_type=\"text-editor.default\">\n\t\t\t\t<div class=\"elementor-widget-container\">\n\t\t\t\t\t\t\t\t\t<h2>F\u0151bb jellemz\u0151k:<\/h2><table border=\"0\" width=\"100%\" cellspacing=\"0\" cellpadding=\"0\"><tbody><tr><td class=\"et2\" style=\"text-align: center;\" colspan=\"4\" width=\"100%\" height=\"18\"><strong>N\u00e9gyzet alak\u00fa, \u00e1tl\u00e1tsz\u00f3 \u00fcveg ol\u00edvaolaj-palack csavaros nyakkal<\/strong><\/td><\/tr><tr><td class=\"et2\" style=\"text-align: left;\" height=\"24\"><strong>Modell<\/strong><\/td><td class=\"et2\" style=\"text-align: left;\"><strong>Kapacit\u00e1s\/ml<\/strong><\/td><td class=\"et2\" style=\"text-align: left;\"><strong>m\u00e9ret\/cm<\/strong><\/td><td class=\"et2\" style=\"text-align: left;\"><strong>bels\u0151\/k\u00fcls\u0151 \u00e1tm\u00e9r\u0151k\/mm<\/strong><\/td><\/tr><tr><td class=\"et2\" style=\"text-align: center;\" height=\"24\">11006001<\/td><td class=\"et2\">60<\/td><td class=\"et2\">3.5*3.5*12.4<\/td><td class=\"et2\">9.5*18<\/td><\/tr><tr><td class=\"et2\" style=\"text-align: center;\" height=\"18\">11010002<\/td><td class=\"et2\">100<\/td><td class=\"et2\">4.1*4.1*14.0<\/td><td class=\"et2\">13.5*24<\/td><\/tr><tr><td class=\"et2\" style=\"text-align: center;\" height=\"18\">11010003<\/td><td class=\"et2\">100<\/td><td class=\"et2\">4.3*4.3*14.0<\/td><td class=\"et2\">13.5*24<\/td><\/tr><tr><td class=\"et2\" style=\"text-align: center;\" height=\"20\">11015004<\/td><td class=\"et2\">150<\/td><td class=\"et2\">4.9*4.9*15.6<\/td><td class=\"et2\">19*30<\/td><\/tr><tr><td class=\"et2\" style=\"text-align: center;\" height=\"20\">11025005<\/td><td class=\"et2\">250<\/td><td class=\"et2\">4.7*4.7*21.0<\/td><td class=\"et2\">19*30<\/td><\/tr><tr><td class=\"et2\" style=\"text-align: center;\" height=\"20\">11050006<\/td><td class=\"et2\">500<\/td><td class=\"et2\">5.8*5.8*26.4<\/td><td class=\"et2\">19*30<\/td><\/tr><tr><td class=\"et2\" style=\"text-align: center;\" height=\"20\">11075007<\/td><td class=\"et2\">750<\/td><td class=\"et2\">6.5*6.5*30.2<\/td><td class=\"et2\">19*30<\/td><\/tr><tr><td class=\"et2\" style=\"text-align: center;\" height=\"20\">11100008<\/td><td class=\"et2\">1000<\/td><td class=\"et2\">7.4*7.4*30<\/td><td class=\"et2\">19*30<\/td><\/tr><\/tbody><\/table><p>Kieg\u00e9sz\u00edt\u0151k: Minden palack csavaros nyakkal rendelkezik, amely kompatibilis a k\u00fcl\u00f6nf\u00e9le fed\u00e9lt\u00edpusokkal (f\u00e9m vagy m\u0171anyag), bels\u0151 t\u00f6m\u00edt\u00e9sekkel, ki\u00f6nt\u0151fejekkel (olajadagol\u00f3) \u00e9s k\u00fcls\u0151 f\u00f3li\u00e1kkal. A testreszab\u00e1si lehet\u0151s\u00e9gek k\u00f6z\u00e9 tartoznak a fed\u00e9l vagy a c\u00edmk\u00e9z\u00e9s sz\u00ednv\u00e1ltozatai.<\/p><h2>Esettanulm\u00e1ny:<\/h2><p>Egyik pr\u00e9mium olajm\u00e1rk\u00e1nk 30%-os online \u00e9rt\u00e9kes\u00edt\u00e9si n\u00f6veked\u00e9st tapasztalt, miut\u00e1n \u00e1tt\u00e9rt egyedi ol\u00edvaolaj-palackjainkra. Nagy mennyis\u00e9gben rendeltek 500 ml-es, n\u00e9gyzet alak\u00fa \u00fcveg ol\u00edvaolaj-palackot egyedi fed\u00e9llel \u00e9s olajadagol\u00f3 ki\u00f6nt\u0151vel. Az \u00e1tl\u00e1tsz\u00f3 \u00fcvegcsomagol\u00e1s seg\u00edtett kiemelni term\u00e9keik min\u0151s\u00e9g\u00e9t, a megb\u00edzhat\u00f3 sz\u00e1ll\u00edt\u00e1sunk pedig biztos\u00edtotta az id\u0151ben t\u00f6rt\u00e9n\u0151 kisz\u00e1ll\u00edt\u00e1st az \u00fcnnepi kamp\u00e1nyukhoz.<\/p><h2>Testreszab\u00e1si tippek<\/h2><p>Azoknak a m\u00e1rk\u00e1knak, amelyek ki szeretn\u00e9nek t\u0171nni a t\u00f6megb\u0151l, javasoljuk, hogy a fed\u00e9l sz\u00edn\u00e9t a m\u00e1rkajelz\u00e9s\u00fckh\u00f6z igaz\u00edts\u00e1k, vagy adjanak hozz\u00e1 egy k\u00fcl\u00f6n olajadagol\u00f3t a szab\u00e1lyozott ki\u00f6nt\u00e9shez. A nagy t\u00e9telben t\u00f6rt\u00e9n\u0151 rendel\u00e9sekre nagykereskedelmi kedvezm\u00e9nyek vonatkoznak, \u00e9s ingyenes mintaprogramot k\u00edn\u00e1lunk, amellyel a rendel\u00e9s el\u0151tt kipr\u00f3b\u00e1lhatja az \u00fcveg olajospalackot fed\u00e9llel. Egyedi szolg\u00e1ltat\u00e1saink k\u00f6z\u00e9 tartozik a log\u00f3nyomtat\u00e1s \u00e9s a m\u00e9retkorrekci\u00f3 \u2013 egyszer\u0171en vegye fel vel\u00fcnk a kapcsolatot ig\u00e9nyeivel.<\/p><p><strong>Rendel\u00e9si inform\u00e1ci\u00f3k<\/strong>Adja le rendel\u00e9s\u00e9t m\u00e9g ma a gyors sz\u00e1ll\u00edt\u00e1s\u00e9rt. Ezek az \u00fcveg ol\u00edvaolajos palackok \u00e1tl\u00e1tsz\u00f3 kivitelben kaphat\u00f3k, \u00edgy t\u00f6k\u00e9letesek b\u00e1rmilyen olajos palackoz\u00e1si alkalmaz\u00e1shoz.<\/p>\t\t\t\t\t\t\t\t<\/div>\n\t\t\t\t<\/div>\n\t\t\t\t\t<\/div>\n\t\t\t\t<\/div>\n\t\t\t\t<\/div>","protected":false},"excerpt":{"rendered":"<p>Fedezzen fel pr\u00e9mium, egyedi ol\u00edvaolajos palackokat \u00e9s \u00fcveg olajos palackokat fed\u00e9llel a m\u00e1rk\u00e1j\u00e1hoz. Nagykereskedelmi \u00e1rak, t\u00f6meges rendel\u00e9sek \u00e9s ingyenes mint\u00e1k el\u00e9rhet\u0151k.<\/p>","protected":false},"featured_media":21837,"template":"","meta":[],"product_brand":[],"product_cat":[122,123],"product_tag":[],"class_list":{"0":"post-21833","1":"product","2":"type-product","3":"status-publish","4":"has-post-thumbnail","6":"product_cat-custom-glass-packaging","7":"product_cat-custom-glass-bottles","9":"first","10":"instock","11":"shipping-taxable","12":"product-type-simple"},"jetpack_sharing_enabled":true,"_links":{"self":[{"href":"https:\/\/yebodaglass.com\/hu\/wp-json\/wp\/v2\/product\/21833","targetHints":{"allow":["GET"]}}],"collection":[{"href":"https:\/\/yebodaglass.com\/hu\/wp-json\/wp\/v2\/product"}],"about":[{"href":"https:\/\/yebodaglass.com\/hu\/wp-json\/wp\/v2\/types\/product"}],"version-history":[{"count":5,"href":"https:\/\/yebodaglass.com\/hu\/wp-json\/wp\/v2\/product\/21833\/revisions"}],"predecessor-version":[{"id":21848,"href":"https:\/\/yebodaglass.com\/hu\/wp-json\/wp\/v2\/product\/21833\/revisions\/21848"}],"wp:featuredmedia":[{"embeddable":true,"href":"https:\/\/yebodaglass.com\/hu\/wp-json\/wp\/v2\/media\/21837"}],"wp:attachment":[{"href":"https:\/\/yebodaglass.com\/hu\/wp-json\/wp\/v2\/media?parent=21833"}],"wp:term":[{"taxonomy":"product_brand","embeddable":true,"href":"https:\/\/yebodaglass.com\/hu\/wp-json\/wp\/v2\/product_brand?post=21833"},{"taxonomy":"product_cat","embeddable":true,"href":"https:\/\/yebodaglass.com\/hu\/wp-json\/wp\/v2\/product_cat?post=21833"},{"taxonomy":"product_tag","embeddable":true,"href":"https:\/\/yebodaglass.com\/hu\/wp-json\/wp\/v2\/product_tag?post=21833"}],"curies":[{"name":"wp","href":"https:\/\/api.w.org\/{rel}","templated":true}]}}