{"id":17170,"date":"2025-07-15T15:21:45","date_gmt":"2025-07-15T07:21:45","guid":{"rendered":"https:\/\/yebodaglass.com\/?post_type=product&#038;p=17170"},"modified":"2026-03-05T13:19:39","modified_gmt":"2026-03-05T05:19:39","slug":"yeboda-32oz-amber-glass-swing-top-beer-bottles-wholesale","status":"publish","type":"product","link":"https:\/\/yebodaglass.com\/hu\/termek\/yeboda-32oz-amber-glass-swing-top-beer-bottles-wholesale\/","title":{"rendered":"YEBODA 32oz borosty\u00e1nsz\u00edn\u0171 \u00fcveg leng\u0151tetej\u0171 s\u00f6r\u00f6s\u00fcvegek nagykereskedelme"},"content":{"rendered":"<p>Ez a borosty\u00e1nsz\u00edn\u0171 \u00fcvegpalack magas \u00e9s hagyom\u00e1nyos form\u00e1j\u00fa, lekerek\u00edtett v\u00e1ll\u00fa \u00e9s hossz\u00fa, hengeres test\u0171, \u00e9s 1000 ml folyad\u00e9kot k\u00e9pes befogadni. A leng\u0151tetej\u0171 s\u00f6r\u00f6spalackok er\u0151s, rozsdamentes ac\u00e9l dr\u00f3tb\u00f3l k\u00e9sz\u00fclt, k\u00f6nnyen nyithat\u00f3 kupakkal, kem\u00e9ny gumi\/szilikon t\u00f6m\u00edt\u00e9ssel \u00e9s ker\u00e1mia st\u00edlus\u00fa dug\u00f3val rendelkeznek, amely pattint\u00e1ssal er\u0151s fedelet k\u00e9pez. Maga a palack borosty\u00e1nsz\u00edn\u0171 \u00fcvegb\u0151l k\u00e9sz\u00fclt, amely az UV-f\u00e9ny elleni v\u00e9delemnek k\u00f6sz\u00f6nhet\u0151en megakad\u00e1lyozza az ital oxid\u00e1ci\u00f3j\u00e1t, \u00e9s frissen tartja azt. Ezek a leng\u0151tetej\u0171 s\u00f6r\u00f6spalackok n\u00e9pszer\u0171ek az otthoni s\u00f6rf\u0151z\u00e9sben, kombucha, sz\u00f3daf\u0151zd\u00e9kben \u00e9s k\u00fcl\u00f6nleges italok, ecet- \u00e9s bork\u00e9sz\u00edt\u00e9s, valamint k\u00fcl\u00f6nleges italok csomagol\u00e1s\u00e1ban. Az \u00fajrafelhaszn\u00e1lhat\u00f3, pattinthat\u00f3 tetej\u0171 palackok kialak\u00edt\u00e1sa lehet\u0151v\u00e9 teszi, hogy t\u00f6bbsz\u00f6r is ki lehessen nyitni \u00e9s z\u00e1rni a sz\u00e9nsavas \u00fcd\u00edt\u0151italok vesztes\u00e9ge n\u00e9lk\u00fcl, \u00edgy praktikusak mind kereskedelmi, mind h\u00e1ztart\u00e1si k\u00f6rnyezetben.<\/p>\n<h2>F\u0151bb specifik\u00e1ci\u00f3k<\/h2>\n<table style=\"border-collapse: collapse; width: 80%; margin-left: auto; margin-right: auto;\" border=\"0\" width=\"80%\" cellspacing=\"0\" cellpadding=\"0\">\n<tbody>\n<tr style=\"height: 13.50pt;\">\n<td style=\"height: 13.50pt; width: 144.75pt;\" width=\"193\" height=\"18\"><strong>Specifik\u00e1ci\u00f3<\/strong><\/td>\n<td style=\"width: 546.75pt;\" width=\"729\"><strong>R\u00e9szletek<\/strong><\/td>\n<\/tr>\n<tr style=\"height: 13.50pt;\">\n<td style=\"height: 13.50pt;\" height=\"18\">Kapacit\u00e1s<\/td>\n<td>32 oz\/1000ml<\/td>\n<\/tr>\n<tr style=\"height: 13.50pt;\">\n<td style=\"height: 13.50pt;\" height=\"18\">Csomagol\u00e1si m\u00e9ret<\/td>\n<td>7,3 \u00d7 7,3 \u00d7 12 h\u00fcvelyk<\/td>\n<\/tr>\n<tr style=\"height: 13.50pt;\">\n<td style=\"height: 13.50pt;\" height=\"18\">Anyag<\/td>\n<td>\u00d3lommentes sz\u00f3da\u00fcveg, rozsdamentes ac\u00e9l billen\u0151tet\u0151, szilikon t\u00f6m\u00edt\u00e9s<\/td>\n<\/tr>\n<tr style=\"height: 13.50pt;\">\n<td style=\"height: 13.50pt;\" height=\"18\">Csomagol\u00e1s<\/td>\n<td>4 \u00fcveg csomagonk\u00e9nt<\/td>\n<\/tr>\n<tr style=\"height: 13.50pt;\">\n<td style=\"height: 13.50pt;\" height=\"18\">Sz\u00edn<\/td>\n<td>Borosty\u00e1n (UV-sz\u0171r\u0151)<\/td>\n<\/tr>\n<tr style=\"height: 13.50pt;\">\n<td style=\"height: 13.50pt;\" height=\"18\">Bez\u00e1r\u00e1s<\/td>\n<td>Mechanikus felpattinthat\u00f3\/leng\u0151 tet\u0151 t\u00f6m\u00edt\u00e9ssel<\/td>\n<\/tr>\n<tr style=\"height: 13.50pt;\">\n<td style=\"height: 13.50pt;\" height=\"18\">\u00dajrafelhaszn\u00e1lhat\u00f3s\u00e1g<\/td>\n<td>Teljesen \u00fajrafelhaszn\u00e1lhat\u00f3<\/td>\n<\/tr>\n<tr style=\"height: 13.50pt;\">\n<td style=\"height: 13.50pt;\" height=\"18\">Gy\u00e1rt\u00f3<\/td>\n<td>OEM \u00fcvegpalack gy\u00e1rt\u00f3 \u00e9s sz\u00e1ll\u00edt\u00f3<\/td>\n<\/tr>\n<tr style=\"height: 13.50pt;\">\n<td style=\"height: 13.50pt;\" height=\"18\">Testreszab\u00e1s<\/td>\n<td>Log\u00f3, csomagol\u00e1s \u00e9s egyedi z\u00e1r\u00e1si lehet\u0151s\u00e9gek<\/td>\n<\/tr>\n<\/tbody>\n<\/table>\n<h2>F\u0151bb term\u00e9kjellemz\u0151k<\/h2>\n<ul>\n<li><strong>Er\u0151s karboniz\u00e1ci\u00f3s pecs\u00e9t<\/strong>A rozsdamentes ac\u00e9lb\u00f3l k\u00e9sz\u00fclt, k\u00f6nnyen z\u00e1r\u00f3d\u00f3 kupakrendszer egy szorosan illeszked\u0151 gumit\u00f6m\u00edt\u00e9st tartalmaz, amely szoros t\u00f6m\u00edt\u00e9st biztos\u00edt, \u00e9s seg\u00edt meg\u0151rizni az ital sz\u00e9nsavtartalm\u00e1t.<\/li>\n<li><strong>UV-v\u00e9d\u0151 borosty\u00e1nsz\u00edn\u0171 \u00fcveg<\/strong>A borosty\u00e1nsz\u00edn\u0171 \u00fcvegb\u0151l k\u00e9sz\u00fclt palackok kisz\u0171rik az UV-sugarakat az \u00e1tl\u00e1tsz\u00f3 \u00fcveggel vagy unci\u00e1s kiszerel\u00e9s\u0171 tart\u00e1lyokkal ellent\u00e9tben, \u00e9s meg\u0151rzik a s\u00f6r, a kombucha \u00e9s a sz\u00f3da \u00edz\u00e9nek stabilit\u00e1s\u00e1t.<\/li>\n<li><strong>\u00dajrafelhaszn\u00e1lhat\u00f3, felpattinthat\u00f3 tet\u0151 k\u00e9nyelme<\/strong>A palackok kialak\u00edt\u00e1sa nagyon k\u00e9nyelmes, k\u00f6nnyen nyithat\u00f3k \u00e9s z\u00e1rhat\u00f3k a fed\u00e9l elt\u00e1vol\u00edt\u00e1sa n\u00e9lk\u00fcl, \u00edgy tart\u00f3s, \u00fajrafelhaszn\u00e1lhat\u00f3 kupakkal ell\u00e1tott palackk\u00e1 v\u00e1lnak, amely hossz\u00fa f\u0151z\u00e9si ciklusok sor\u00e1n is haszn\u00e1lhat\u00f3.<\/li>\n<\/ul>\n<h2>\u00dcgyf\u00e9lsiker esettanulm\u00e1ny<\/h2>\n<p>Egy n\u00e9metorsz\u00e1gi k\u00e9zm\u0171ves italm\u00e1rka egyik tulajdonosa, amely hagyom\u00e1nyos grolsch st\u00edlus\u00fa palackokat haszn\u00e1lt, szerz\u0151d\u00e9st k\u00f6t\u00f6tt \u00fcvegpalackgy\u00e1rt\u00f3 c\u00e9g\u00fcnkkel, hogy 10 000 darab 32 unci\u00e1s (1000 ml) leng\u0151tetej\u0171 \u00fcvegpalackot v\u00e1s\u00e1roljon. Az \u00fcgyf\u00e9lnek egyedi csomagol\u00e1sra, m\u00e1rk\u00e1s dobozokra \u00e9s tov\u00e1bbfejlesztett szilikon t\u00f6m\u00edt\u00e9sekre volt sz\u00fcks\u00e9ge, hogy a kis t\u00e9telben gy\u00e1rtott kombucha term\u00e9kcsal\u00e1dj\u00e1ban nagyobb ellen\u00e1ll\u00e1st biztos\u00edtson a sz\u00e9nsavasod\u00e1ssal szemben. A piact\u00f3l f\u00fcgg\u0151en a term\u00e9ket speci\u00e1lis italboltokban \u00e9s online kiskereskedelmi \u00fczletekben \u00e9rt\u00e9kes\u00edtett\u00e9k. A borosty\u00e1nsz\u00edn\u0171 leng\u0151tetej\u0171 csomagol\u00e1s mind\u00f6ssze hat h\u00f3nap alatt luxus k\u00e9zm\u0171ves itall\u00e1 tette az italt. A m\u00e1rka megjegyezte, hogy az ism\u00e9telt megrendel\u00e9sek 35 sz\u00e1zal\u00e9kkal n\u0151ttek, \u00e9s az \u00fcgyf\u00e9l egy m\u00e1sodik, 35 000 darabos nagykereskedelmi csomagot rendelt, amely egy tiszt\u00edt\u00f3kefe-tartoz\u00e9kot \u00e9s egy tov\u00e1bbi s\u00f6r\u00f6spalackot tartalmazott.<\/p>\n<h2>Egyedies\u00edt\u00e9si aj\u00e1nl\u00e1sok B2B v\u00e1s\u00e1rl\u00f3knak<\/h2>\n<ol>\n<li><strong>M\u00e1rka\u00e9p\u00edt\u00e9s \u00e9s palackdekor\u00e1ci\u00f3<\/strong>Az \u00fcvegpalack tetej\u00e9re egyedi log\u00f3nyomtat\u00e1s, dombornyom\u00e1s vagy c\u00edmk\u00e9z\u00e9s k\u00e9sz\u00edthet\u0151 a kombucha, sz\u00f3da vagy k\u00e9zm\u0171ves s\u00f6r\u00f6k csomagol\u00e1s\u00e1nak m\u00e1rkaidentit\u00e1s\u00e1nak fokoz\u00e1sa \u00e9rdek\u00e9ben.<\/li>\n<li><strong>Z\u00e1r\u00f3elemek \u00e9s t\u00f6m\u00edt\u00e9sek v\u00e1laszt\u00e9ka<\/strong>: Jav\u00edtsa a dug\u00f3, gumi vagy szilikon t\u00f6m\u00edt\u0151anyag italig\u00e9ny\u00e9t, p\u00e9ld\u00e1ul a magas sz\u00e9nsavtartalm\u00fa s\u00f6rt vagy az erjesztett sz\u00e9nsavtartalm\u00fa italokat.<\/li>\n<li><strong>Kiskereskedelmi csomagol\u00e1si megold\u00e1sok<\/strong>Tervezzen m\u00e1rk\u00e1zott csomagol\u00e1sokat (4\/6 darabos dobozok) kiskereskedelmi piacokra. Ez egy tipikus strat\u00e9gia a grolsch palackokn\u00e1l, a bortermel\u00e9sn\u00e9l \u00e9s a k\u00e9zm\u0171ves italok forgalmaz\u00e1s\u00e1n\u00e1l.<\/li>\n<\/ol>","protected":false},"excerpt":{"rendered":"<p>Nagykereskedelmi 32oz-os (946 ml-es) leng\u0151tetej\u0171 s\u00f6r\u00f6s\u00fcvegek UV-sz\u0171r\u0151s borosty\u00e1nsz\u00edn\u0171 \u00fcvegb\u0151l, t\u00f6m\u00edt\u00e9ssel. Ide\u00e1lis s\u00f6rh\u00f6z, kombuch\u00e1hoz \u00e9s sz\u00f3daitalokhoz. OEM gy\u00e1rt\u00f3.<\/p>","protected":false},"featured_media":17180,"template":"","meta":[],"product_brand":[],"product_cat":[81,80,20],"product_tag":[],"class_list":{"0":"post-17170","1":"product","2":"type-product","3":"status-publish","4":"has-post-thumbnail","6":"product_cat-flip-top-bottles","7":"product_cat-glass-bottles","8":"product_cat-glass-containers","10":"first","11":"instock","12":"shipping-taxable","13":"product-type-grouped"},"jetpack_sharing_enabled":true,"_links":{"self":[{"href":"https:\/\/yebodaglass.com\/hu\/wp-json\/wp\/v2\/product\/17170","targetHints":{"allow":["GET"]}}],"collection":[{"href":"https:\/\/yebodaglass.com\/hu\/wp-json\/wp\/v2\/product"}],"about":[{"href":"https:\/\/yebodaglass.com\/hu\/wp-json\/wp\/v2\/types\/product"}],"version-history":[{"count":6,"href":"https:\/\/yebodaglass.com\/hu\/wp-json\/wp\/v2\/product\/17170\/revisions"}],"predecessor-version":[{"id":25272,"href":"https:\/\/yebodaglass.com\/hu\/wp-json\/wp\/v2\/product\/17170\/revisions\/25272"}],"wp:featuredmedia":[{"embeddable":true,"href":"https:\/\/yebodaglass.com\/hu\/wp-json\/wp\/v2\/media\/17180"}],"wp:attachment":[{"href":"https:\/\/yebodaglass.com\/hu\/wp-json\/wp\/v2\/media?parent=17170"}],"wp:term":[{"taxonomy":"product_brand","embeddable":true,"href":"https:\/\/yebodaglass.com\/hu\/wp-json\/wp\/v2\/product_brand?post=17170"},{"taxonomy":"product_cat","embeddable":true,"href":"https:\/\/yebodaglass.com\/hu\/wp-json\/wp\/v2\/product_cat?post=17170"},{"taxonomy":"product_tag","embeddable":true,"href":"https:\/\/yebodaglass.com\/hu\/wp-json\/wp\/v2\/product_tag?post=17170"}],"curies":[{"name":"wp","href":"https:\/\/api.w.org\/{rel}","templated":true}]}}