{"id":17145,"date":"2025-07-15T14:55:46","date_gmt":"2025-07-15T06:55:46","guid":{"rendered":"https:\/\/yebodaglass.com\/?post_type=product&#038;p=17145"},"modified":"2025-09-15T11:25:13","modified_gmt":"2025-09-15T03:25:13","slug":"18-oz-glass-water-bottles-with-metal-lids-in-bulk","status":"publish","type":"product","link":"https:\/\/yebodaglass.com\/hu\/18-oz-glass-water-bottles-with-metal-lids-in-bulk\/","title":{"rendered":"18 unci\u00e1s \u00fcveg vizes palackok f\u00e9m fed\u00e9llel, \u00f6mlesztett kiszerel\u00e9sben"},"content":{"rendered":"<div data-elementor-type=\"wp-post\" data-elementor-id=\"17145\" class=\"elementor elementor-17145\" data-elementor-settings=\"{&quot;ha_cmc_init_switcher&quot;:&quot;no&quot;}\" data-elementor-post-type=\"product\">\n\t\t\t\t<div class=\"elementor-element elementor-element-bb0d695 e-flex e-con-boxed e-con e-parent\" data-id=\"bb0d695\" data-element_type=\"container\" data-e-type=\"container\" data-settings=\"{&quot;_ha_eqh_enable&quot;:false}\">\n\t\t\t\t\t<div class=\"e-con-inner\">\n\t\t\t\t<div class=\"elementor-element elementor-element-732f179 elementor-widget elementor-widget-text-editor\" data-id=\"732f179\" data-element_type=\"widget\" data-e-type=\"widget\" data-widget_type=\"text-editor.default\">\n\t\t\t\t<div class=\"elementor-widget-container\">\n\t\t\t\t\t\t\t\t\t<p>Ez a 18 unci\u00e1s, \u00e1tl\u00e1tsz\u00f3 \u00fcveg kulacs ez\u00fcst f\u00e9mkupakkal rendelkezik, \u00e9s k\u00fcl\u00f6nf\u00e9le sz\u00f6veth\u00fcvelyekben kaphat\u00f3. A h\u00fcvely hat\u00e9konyan v\u00e9di az \u00fcvegpalackot a t\u00f6r\u00e9st\u0151l, m\u00edg a nyakp\u00e1nt k\u00e9nyelmes hordozhat\u00f3s\u00e1got biztos\u00edt, ak\u00e1r t\u00e1sk\u00e1ban, ak\u00e1r a csukl\u00f3n. Ez a sportkulacs a legkelend\u0151bb modell\u00fcnk \u00c9szak-Amerik\u00e1ban. Sz\u00e1mos testreszab\u00e1si lehet\u0151s\u00e9get \u00e9s csomagol\u00e1si megold\u00e1st k\u00edn\u00e1lunk.<\/p>\t\t\t\t\t\t\t\t<\/div>\n\t\t\t\t<\/div>\n\t\t\t\t<div class=\"elementor-element elementor-element-54c8d6c elementor-widget elementor-widget-heading\" data-id=\"54c8d6c\" data-element_type=\"widget\" data-e-type=\"widget\" data-widget_type=\"heading.default\">\n\t\t\t\t<div class=\"elementor-widget-container\">\n\t\t\t\t\t<h2 class=\"elementor-heading-title elementor-size-default\">F\u0151bb specifik\u00e1ci\u00f3k<\/h2>\t\t\t\t<\/div>\n\t\t\t\t<\/div>\n\t\t\t\t<div class=\"elementor-element elementor-element-14509d8 elementor-widget elementor-widget-text-editor\" data-id=\"14509d8\" data-element_type=\"widget\" data-e-type=\"widget\" data-widget_type=\"text-editor.default\">\n\t\t\t\t<div class=\"elementor-widget-container\">\n\t\t\t\t\t\t\t\t\t<table style=\"border-collapse: collapse; margin-left: auto; margin-right: auto; width: 928.52pt;\" border=\"0\" width=\"1238\" cellspacing=\"0\" cellpadding=\"0\"><tbody><tr style=\"height: 13.50pt;\"><td style=\"height: 13.50pt; width: 144.75pt;\" width=\"193\" height=\"18\">Specifik\u00e1ci\u00f3<\/td><td style=\"width: 783.75pt;\" width=\"1045\">R\u00e9szletek<\/td><\/tr><tr style=\"height: 13.50pt;\"><td style=\"height: 13.50pt;\" height=\"18\">Kapacit\u00e1s<\/td><td>18oz\/500ml<\/td><\/tr><tr style=\"height: 13.50pt;\"><td style=\"height: 13.50pt;\" height=\"18\">Kaliber<\/td><td>1,5 h\u00fcvelyk<\/td><\/tr><tr style=\"height: 13.50pt;\"><td style=\"height: 13.50pt;\" height=\"18\">Palack test \u00e1tm\u00e9r\u0151je<\/td><td>2,6 h\u00fcvelyk<\/td><\/tr><tr style=\"height: 13.50pt;\"><td style=\"height: 13.50pt;\" height=\"18\">Palack magass\u00e1ga<\/td><td>9,6 h\u00fcvelyk<\/td><\/tr><tr style=\"height: 13.50pt;\"><td style=\"height: 13.50pt;\" height=\"18\">Anyag<\/td><td>Magas \u2013 boroszilik\u00e1t \u00fcveg (palack test); rozsdamentes ac\u00e9l (palack kupak); sz\u00f6vet (h\u00fcvely)<\/td><\/tr><tr style=\"height: 13.50pt;\"><td style=\"height: 13.50pt;\" height=\"18\">Csomagol\u00e1s<\/td><td>6 darab kartononk\u00e9nt<\/td><\/tr><tr style=\"height: 13.50pt;\"><td style=\"height: 13.50pt;\" height=\"18\">T\u00f6m\u00edt\u00e9si teljes\u00edtm\u00e9ny<\/td><td>J\u00f3 t\u00f6m\u00edt\u00e9s, nincs sziv\u00e1rg\u00e1s ford\u00edtott \u00e1llapotban<\/td><\/tr><tr style=\"height: 13.50pt;\"><td style=\"height: 13.50pt;\" height=\"18\">H\u0151m\u00e9rs\u00e9klet-ellen\u00e1ll\u00e1s<\/td><td>150 \u2103 magas h\u0151m\u00e9rs\u00e9kletnek \u00e9s \u201310 \u2103 alacsony h\u0151m\u00e9rs\u00e9kletnek ellen\u00e1ll<\/td><\/tr><tr style=\"height: 13.50pt;\"><td style=\"height: 13.50pt;\" height=\"18\">Ujj funkci\u00f3<\/td><td>Minden palackhoz tartozik egy hozz\u00e1 ill\u0151 sz\u00f6vettok (sz\u00ednek: lila, z\u00f6ld, sz\u00fcrke, piros, fekete) \u00e9s foganty\u00fa, amely \u00f6tv\u00f6zi a praktikumot \u00e9s a st\u00edlust.<\/td><\/tr><\/tbody><\/table>\t\t\t\t\t\t\t\t<\/div>\n\t\t\t\t<\/div>\n\t\t\t\t\t<\/div>\n\t\t\t\t<\/div>\n\t\t<div class=\"elementor-element elementor-element-55e31eb e-flex e-con-boxed e-con e-parent\" data-id=\"55e31eb\" data-element_type=\"container\" data-e-type=\"container\" data-settings=\"{&quot;_ha_eqh_enable&quot;:false}\">\n\t\t\t\t\t<div class=\"e-con-inner\">\n\t\t\t\t<div class=\"elementor-element elementor-element-fc0900e elementor-widget elementor-widget-heading\" data-id=\"fc0900e\" data-element_type=\"widget\" data-e-type=\"widget\" data-widget_type=\"heading.default\">\n\t\t\t\t<div class=\"elementor-widget-container\">\n\t\t\t\t\t<h2 class=\"elementor-heading-title elementor-size-default\">Kiemelt szerepl\u0151k<\/h2>\t\t\t\t<\/div>\n\t\t\t\t<\/div>\n\t\t\t\t\t<\/div>\n\t\t\t\t<\/div>\n\t\t<div class=\"elementor-element elementor-element-723cd80 e-flex e-con-boxed e-con e-parent\" data-id=\"723cd80\" data-element_type=\"container\" data-e-type=\"container\" data-settings=\"{&quot;_ha_eqh_enable&quot;:false}\">\n\t\t\t\t\t<div class=\"e-con-inner\">\n\t\t<div class=\"elementor-element elementor-element-bf4cb81 e-con-full e-flex e-con e-child\" data-id=\"bf4cb81\" data-element_type=\"container\" data-e-type=\"container\" data-settings=\"{&quot;_ha_eqh_enable&quot;:false}\">\n\t\t\t\t<div class=\"elementor-element elementor-element-202a3f6 elementor-widget elementor-widget-image\" data-id=\"202a3f6\" data-element_type=\"widget\" data-e-type=\"widget\" data-widget_type=\"image.default\">\n\t\t\t\t<div class=\"elementor-widget-container\">\n\t\t\t\t\t\t\t\t\t\t\t\t\t\t\t<img decoding=\"async\" src=\"https:\/\/yebodaglass.com\/wp-content\/uploads\/elementor\/thumbs\/6-\u62f7\u8d1d-r8s8sm51b9w2lsn8g7drc635mxfr2m6yrh3xitxpcw.webp\" title=\"18 unci\u00e1s \u00fcveg vizes palackok f\u00e9m fed\u00e9llel, \u00f6mlesztett kiszerel\u00e9sben\" alt=\"18 unci\u00e1s \u00fcveg vizes palackok f\u00e9m fed\u00e9llel, \u00f6mlesztett kiszerel\u00e9sben\" loading=\"lazy\" \/>\t\t\t\t\t\t\t\t\t\t\t\t\t\t\t<\/div>\n\t\t\t\t<\/div>\n\t\t\t\t<div class=\"elementor-element elementor-element-fc1fd2d elementor-widget elementor-widget-text-editor\" data-id=\"fc1fd2d\" data-element_type=\"widget\" data-e-type=\"widget\" data-widget_type=\"text-editor.default\">\n\t\t\t\t<div class=\"elementor-widget-container\">\n\t\t\t\t\t\t\t\t\t<p>\u00c1tl\u00e1tsz\u00f3s\u00e1g: Az \u00e1tl\u00e1tsz\u00f3 \u00fcvegsz\u00f6vet lehet\u0151v\u00e9 teszi a palack tartalm\u00e1nak tiszta l\u00e1that\u00f3s\u00e1g\u00e1t, term\u00e9szetes, makul\u00e1tlan \u00e9lm\u00e9nyt ny\u00fajtva, \u00e9s megk\u00f6nny\u00edtve a v\u00edzszint ellen\u0151rz\u00e9s\u00e9t.<\/p>\t\t\t\t\t\t\t\t<\/div>\n\t\t\t\t<\/div>\n\t\t\t\t<\/div>\n\t\t<div class=\"elementor-element elementor-element-73418b7 e-con-full e-flex e-con e-child\" data-id=\"73418b7\" data-element_type=\"container\" data-e-type=\"container\" data-settings=\"{&quot;_ha_eqh_enable&quot;:false}\">\n\t\t\t\t<div class=\"elementor-element elementor-element-490e976 elementor-widget elementor-widget-image\" data-id=\"490e976\" data-element_type=\"widget\" data-e-type=\"widget\" data-widget_type=\"image.default\">\n\t\t\t\t<div class=\"elementor-widget-container\">\n\t\t\t\t\t\t\t\t\t\t\t\t\t\t\t<img decoding=\"async\" src=\"https:\/\/yebodaglass.com\/wp-content\/uploads\/elementor\/thumbs\/7-\u62f7\u8d1d-1-r8s8so0poxyn90ki5870h5m2tp6hi0effqewhdux0g.webp\" title=\"18 unci\u00e1s \u00fcveg vizes palackok f\u00e9m fed\u00e9llel, \u00f6mlesztett kiszerel\u00e9sben\" alt=\"18 unci\u00e1s \u00fcveg vizes palackok f\u00e9m fed\u00e9llel, \u00f6mlesztett kiszerel\u00e9sben\" loading=\"lazy\" \/>\t\t\t\t\t\t\t\t\t\t\t\t\t\t\t<\/div>\n\t\t\t\t<\/div>\n\t\t\t\t<div class=\"elementor-element elementor-element-28d6163 elementor-widget elementor-widget-text-editor\" data-id=\"28d6163\" data-element_type=\"widget\" data-e-type=\"widget\" data-widget_type=\"text-editor.default\">\n\t\t\t\t<div class=\"elementor-widget-container\">\n\t\t\t\t\t\t\t\t\t<p>H\u0151\u00e1ll\u00f3s\u00e1g \u00e9s kiegyens\u00falyozotts\u00e1g: A palack ak\u00e1r 150\u00b0C-os sz\u00e9ls\u0151s\u00e9ges \u00e9s -10\u00b0C-os alacsony h\u0151m\u00e9rs\u00e9kletet is elvisel, \u00edgy sz\u00e1mos k\u00f6rnyezethez \u00e9s felhaszn\u00e1l\u00e1si helyzethez alkalmazkodik.<\/p>\t\t\t\t\t\t\t\t<\/div>\n\t\t\t\t<\/div>\n\t\t\t\t<\/div>\n\t\t\t\t\t<\/div>\n\t\t\t\t<\/div>\n\t\t<div class=\"elementor-element elementor-element-d5c6ee3 e-flex e-con-boxed e-con e-parent\" data-id=\"d5c6ee3\" data-element_type=\"container\" data-e-type=\"container\" data-settings=\"{&quot;_ha_eqh_enable&quot;:false}\">\n\t\t\t\t\t<div class=\"e-con-inner\">\n\t\t<div class=\"elementor-element elementor-element-886f509 e-con-full e-flex e-con e-child\" data-id=\"886f509\" data-element_type=\"container\" data-e-type=\"container\" data-settings=\"{&quot;_ha_eqh_enable&quot;:false}\">\n\t\t\t\t<div class=\"elementor-element elementor-element-7036805 elementor-widget elementor-widget-image\" data-id=\"7036805\" data-element_type=\"widget\" data-e-type=\"widget\" data-widget_type=\"image.default\">\n\t\t\t\t<div class=\"elementor-widget-container\">\n\t\t\t\t\t\t\t\t\t\t\t\t\t\t\t<img decoding=\"async\" src=\"https:\/\/yebodaglass.com\/wp-content\/uploads\/elementor\/thumbs\/17-\u62f7\u8d1d-r8s8spwe2m17w8hru909m5500gx7xelw3zpvfxs4o0.webp\" title=\"\u00dcveg vizes palackok f\u00e9m fed\u00e9llel, \u00f6mlesztett kiszerel\u00e9sben\" alt=\"\u00dcveg vizes palackok f\u00e9m fed\u00e9llel, \u00f6mlesztett kiszerel\u00e9sben\" loading=\"lazy\" \/>\t\t\t\t\t\t\t\t\t\t\t\t\t\t\t<\/div>\n\t\t\t\t<\/div>\n\t\t\t\t<div class=\"elementor-element elementor-element-05721bf elementor-widget elementor-widget-text-editor\" data-id=\"05721bf\" data-element_type=\"widget\" data-e-type=\"widget\" data-widget_type=\"text-editor.default\">\n\t\t\t\t<div class=\"elementor-widget-container\">\n\t\t\t\t\t\t\t\t\t<p>Megb\u00edzhat\u00f3 t\u00f6m\u00edt\u00e9s: Kiv\u00e1l\u00f3 t\u00f6m\u00edt\u00e9s, m\u00e9g megford\u00edtva sem sziv\u00e1rog, \u00edgy sikeresen megakad\u00e1lyozza a tartalom ki\u00f6ml\u00e9s\u00e9t<\/p>\t\t\t\t\t\t\t\t<\/div>\n\t\t\t\t<\/div>\n\t\t\t\t<\/div>\n\t\t<div class=\"elementor-element elementor-element-826245e e-con-full e-flex e-con e-child\" data-id=\"826245e\" data-element_type=\"container\" data-e-type=\"container\" data-settings=\"{&quot;_ha_eqh_enable&quot;:false}\">\n\t\t\t\t<div class=\"elementor-element elementor-element-65bbe9c elementor-widget elementor-widget-image\" data-id=\"65bbe9c\" data-element_type=\"widget\" data-e-type=\"widget\" data-widget_type=\"image.default\">\n\t\t\t\t<div class=\"elementor-widget-container\">\n\t\t\t\t\t\t\t\t\t\t\t\t\t\t\t<img decoding=\"async\" src=\"https:\/\/yebodaglass.com\/wp-content\/uploads\/elementor\/thumbs\/23-\u62f7\u8d1d-r8s8squ89g2i7ugeorew6mwglusl53pmg4dcx7qqhs.webp\" title=\"YEBODA 17oz k\u00f6rnyezetbar\u00e1t \u00fcveg vizespalack \u2013 Tart\u00f3s \u00fcveg iv\u00f3palack\" alt=\"YEBODA 17oz k\u00f6rnyezetbar\u00e1t \u00fcveg vizespalack \u2013 Tart\u00f3s \u00fcveg iv\u00f3palack\" loading=\"lazy\" \/>\t\t\t\t\t\t\t\t\t\t\t\t\t\t\t<\/div>\n\t\t\t\t<\/div>\n\t\t\t\t<div class=\"elementor-element elementor-element-0d5e45d elementor-widget elementor-widget-text-editor\" data-id=\"0d5e45d\" data-element_type=\"widget\" data-e-type=\"widget\" data-widget_type=\"text-editor.default\">\n\t\t\t\t<div class=\"elementor-widget-container\">\n\t\t\t\t\t\t\t\t\t<p>A palack speci\u00e1lis tiszt\u00edt\u00f3kef\u00e9vel \u00e9s 304-es rozsdamentes ac\u00e9l fed\u00e9llel van felszerelve, amely lehet\u0151v\u00e9 teszi, hogy m\u00e9lyen bed\u00f6rzs\u00f6ld a palackot an\u00e9lk\u00fcl, hogy elhalt sarkok maradn\u00e1nak. A sima \u00fcveganyag m\u00e9g a legmakacsabb foltokat is elt\u00e1vol\u00edtja, \u00e9s egyetlen tiszta v\u00edzzel t\u00f6rt\u00e9n\u0151 \u00f6bl\u00edt\u00e9ssel \u00fajj\u00e1 var\u00e1zsolja azt. A tiszt\u00edt\u00e1s egyszer\u0171 \u00e9s hat\u00e9kony.<\/p>\t\t\t\t\t\t\t\t<\/div>\n\t\t\t\t<\/div>\n\t\t\t\t<\/div>\n\t\t\t\t\t<\/div>\n\t\t\t\t<\/div>\n\t\t<div class=\"elementor-element elementor-element-88b472e e-con-full e-flex e-con e-parent\" data-id=\"88b472e\" data-element_type=\"container\" data-e-type=\"container\" data-settings=\"{&quot;_ha_eqh_enable&quot;:false}\">\n\t\t\t\t<div class=\"elementor-element elementor-element-3582c55 elementor-widget elementor-widget-text-editor\" data-id=\"3582c55\" data-element_type=\"widget\" data-e-type=\"widget\" data-widget_type=\"text-editor.default\">\n\t\t\t\t<div class=\"elementor-widget-container\">\n\t\t\t\t\t\t\t\t\t<p>\u00a0 \u00a0 \u00a0 \u00a0 \u00a0 \u00a0 \u00a0 \u00a0 \u00a0 \u00a0 \u00a0 \u00a0 <img fetchpriority=\"high\" decoding=\"async\" class=\"alignnone wp-image-16229\" src=\"https:\/\/yebodaglass.com\/wp-content\/uploads\/2025\/07\/d1ad5ea8ed4fd82e283a3a35878dd5c.png\" alt=\"\" width=\"240\" height=\"240\" srcset=\"https:\/\/yebodaglass.com\/wp-content\/uploads\/2025\/07\/d1ad5ea8ed4fd82e283a3a35878dd5c.png 220w, https:\/\/yebodaglass.com\/wp-content\/uploads\/2025\/07\/d1ad5ea8ed4fd82e283a3a35878dd5c-100x100.png 100w, https:\/\/yebodaglass.com\/wp-content\/uploads\/2025\/07\/d1ad5ea8ed4fd82e283a3a35878dd5c-150x150.png 150w, https:\/\/yebodaglass.com\/wp-content\/uploads\/2025\/07\/d1ad5ea8ed4fd82e283a3a35878dd5c-12x12.png 12w\" sizes=\"(max-width: 240px) 100vw, 240px\" \/>\u00a0 \u00a0 \u00a0 \u00a0 \u00a0<img decoding=\"async\" class=\"alignnone wp-image-16228\" src=\"https:\/\/yebodaglass.com\/wp-content\/uploads\/2025\/07\/4679f61166f64c6045dbc74c130db9a.png\" alt=\"\" width=\"240\" height=\"240\" srcset=\"https:\/\/yebodaglass.com\/wp-content\/uploads\/2025\/07\/4679f61166f64c6045dbc74c130db9a.png 220w, https:\/\/yebodaglass.com\/wp-content\/uploads\/2025\/07\/4679f61166f64c6045dbc74c130db9a-100x100.png 100w, https:\/\/yebodaglass.com\/wp-content\/uploads\/2025\/07\/4679f61166f64c6045dbc74c130db9a-150x150.png 150w, https:\/\/yebodaglass.com\/wp-content\/uploads\/2025\/07\/4679f61166f64c6045dbc74c130db9a-12x12.png 12w\" sizes=\"(max-width: 240px) 100vw, 240px\" \/>\u00a0 \u00a0 \u00a0 \u00a0 \u00a0 <img decoding=\"async\" class=\"alignnone wp-image-16230\" src=\"https:\/\/yebodaglass.com\/wp-content\/uploads\/2025\/07\/e59283ab6cb2ed3c93ba4f8a33db2ff.png\" alt=\"\" width=\"240\" height=\"240\" srcset=\"https:\/\/yebodaglass.com\/wp-content\/uploads\/2025\/07\/e59283ab6cb2ed3c93ba4f8a33db2ff.png 220w, https:\/\/yebodaglass.com\/wp-content\/uploads\/2025\/07\/e59283ab6cb2ed3c93ba4f8a33db2ff-100x100.png 100w, https:\/\/yebodaglass.com\/wp-content\/uploads\/2025\/07\/e59283ab6cb2ed3c93ba4f8a33db2ff-150x150.png 150w, https:\/\/yebodaglass.com\/wp-content\/uploads\/2025\/07\/e59283ab6cb2ed3c93ba4f8a33db2ff-12x12.png 12w\" sizes=\"(max-width: 240px) 100vw, 240px\" \/>\u00a0 \u00a0 \u00a0 <img loading=\"lazy\" decoding=\"async\" class=\"alignnone wp-image-16227\" src=\"https:\/\/yebodaglass.com\/wp-content\/uploads\/2025\/07\/8b499cc8b9c63806f1b8b3d5aa03275.png\" alt=\"\" width=\"240\" height=\"240\" srcset=\"https:\/\/yebodaglass.com\/wp-content\/uploads\/2025\/07\/8b499cc8b9c63806f1b8b3d5aa03275.png 220w, https:\/\/yebodaglass.com\/wp-content\/uploads\/2025\/07\/8b499cc8b9c63806f1b8b3d5aa03275-100x100.png 100w, https:\/\/yebodaglass.com\/wp-content\/uploads\/2025\/07\/8b499cc8b9c63806f1b8b3d5aa03275-150x150.png 150w, https:\/\/yebodaglass.com\/wp-content\/uploads\/2025\/07\/8b499cc8b9c63806f1b8b3d5aa03275-12x12.png 12w\" sizes=\"(max-width: 240px) 100vw, 240px\" \/><\/p>\t\t\t\t\t\t\t\t<\/div>\n\t\t\t\t<\/div>\n\t\t\t\t<\/div>\n\t\t<div class=\"elementor-element elementor-element-792eb8c e-flex e-con-boxed e-con e-parent\" data-id=\"792eb8c\" data-element_type=\"container\" data-e-type=\"container\" data-settings=\"{&quot;_ha_eqh_enable&quot;:false}\">\n\t\t\t\t\t<div class=\"e-con-inner\">\n\t\t\t\t<div class=\"elementor-element elementor-element-ceb50a8 elementor-widget elementor-widget-image\" data-id=\"ceb50a8\" data-element_type=\"widget\" data-e-type=\"widget\" data-widget_type=\"image.default\">\n\t\t\t\t<div class=\"elementor-widget-container\">\n\t\t\t\t\t\t\t\t\t\t\t\t\t\t\t<img decoding=\"async\" src=\"https:\/\/yebodaglass.com\/wp-content\/uploads\/elementor\/thumbs\/5-\u62f7\u8d1d-r8s91r4jraefhbdd35l6kv2hjse7woh0opfvhodwv4.webp\" title=\"YEBODA 17oz k\u00f6rnyezetbar\u00e1t \u00fcveg vizespalack \u2013 Tart\u00f3s \u00fcveg iv\u00f3palack\" alt=\"YEBODA 17oz k\u00f6rnyezetbar\u00e1t \u00fcveg vizespalack \u2013 Tart\u00f3s \u00fcveg iv\u00f3palack\" loading=\"lazy\" \/>\t\t\t\t\t\t\t\t\t\t\t\t\t\t\t<\/div>\n\t\t\t\t<\/div>\n\t\t\t\t<div class=\"elementor-element elementor-element-b2907c6 elementor-widget elementor-widget-text-editor\" data-id=\"b2907c6\" data-element_type=\"widget\" data-e-type=\"widget\" data-widget_type=\"text-editor.default\">\n\t\t\t\t<div class=\"elementor-widget-container\">\n\t\t\t\t\t\t\t\t\t<h2>Szem\u00e9lyek sz\u00e1m\u00e1ra:<\/h2><p>Ezek a 18 unci\u00e1s \u00fcveg kulacsok t\u00f6k\u00e9letesek a mindennapi higi\u00e9niai ig\u00e9nyekhez! Ak\u00e1r edz\u0151terembe, irod\u00e1ba, iskol\u00e1ba vagy t\u00far\u00e1z\u00e1sra viszed, ez az \u00fcveg kulacs ide\u00e1lis v\u00e1laszt\u00e1s az eg\u00e9szs\u00e9ged \u00e9s a j\u00f3l\u00e9ted szempontj\u00e1b\u00f3l. Biztons\u00e1gos, nem m\u00e9rgez\u0151, k\u00f6nnyen tiszt\u00edthat\u00f3, \u00e9s st\u00edlusos \u00e9s tart\u00f3s alternat\u00edv\u00e1t k\u00edn\u00e1l a m\u0171anyag palackokkal szemben.<\/p><h2>V\u00e1llalkoz\u00e1sok sz\u00e1m\u00e1ra:<\/h2><p>Ide\u00e1lis t\u00f6meges v\u00e1s\u00e1rl\u00e1si megold\u00e1sok! T\u00f6k\u00e9letes c\u00e9ges aj\u00e1nd\u00e9knak, olcs\u00f3 aj\u00e1nd\u00e9knak, vend\u00e9gk\u00e9nyeztet\u00e9snek sz\u00e1llod\u00e1k \u00e9s gy\u00f3gyf\u00fcrd\u0151k sz\u00e1m\u00e1ra, kiskereskedelmi \u00e1rucikkeknek k\u00e1v\u00e9z\u00f3k \u00e9s \u00e9ttermek sz\u00e1m\u00e1ra, vagy eg\u00e9szs\u00e9ges munkahelyi juttat\u00e1snak. A testreszabhat\u00f3 emberek er\u0151s\u00edtik a m\u00e1rkaim\u00e1zst.<\/p>\t\t\t\t\t\t\t\t<\/div>\n\t\t\t\t<\/div>\n\t\t\t\t\t<\/div>\n\t\t\t\t<\/div>\n\t\t\t\t<\/div>","protected":false},"excerpt":{"rendered":"<p>T\u00f6meges v\u00e1s\u00e1rl\u00e1s 18 oz-os \u00fcvegpalackok sziv\u00e1rg\u00e1smentes f\u00e9mfed\u00e9llel. K\u00f6rnyezetbar\u00e1t, tart\u00f3s \u00e9s t\u00f6k\u00e9letes v\u00e1llalkoz\u00e1sok, rendezv\u00e9nyek vagy kiskereskedelem sz\u00e1m\u00e1ra.<\/p>","protected":false},"featured_media":17160,"template":"","meta":[],"product_brand":[],"product_cat":[80,89,20],"product_tag":[],"class_list":{"0":"post-17145","1":"product","2":"type-product","3":"status-publish","4":"has-post-thumbnail","6":"product_cat-glass-bottles","7":"product_cat-sports-water-bottles","8":"product_cat-glass-containers","10":"first","11":"instock","12":"shipping-taxable","13":"product-type-grouped"},"jetpack_sharing_enabled":true,"_links":{"self":[{"href":"https:\/\/yebodaglass.com\/hu\/wp-json\/wp\/v2\/product\/17145","targetHints":{"allow":["GET"]}}],"collection":[{"href":"https:\/\/yebodaglass.com\/hu\/wp-json\/wp\/v2\/product"}],"about":[{"href":"https:\/\/yebodaglass.com\/hu\/wp-json\/wp\/v2\/types\/product"}],"version-history":[{"count":5,"href":"https:\/\/yebodaglass.com\/hu\/wp-json\/wp\/v2\/product\/17145\/revisions"}],"predecessor-version":[{"id":20957,"href":"https:\/\/yebodaglass.com\/hu\/wp-json\/wp\/v2\/product\/17145\/revisions\/20957"}],"wp:featuredmedia":[{"embeddable":true,"href":"https:\/\/yebodaglass.com\/hu\/wp-json\/wp\/v2\/media\/17160"}],"wp:attachment":[{"href":"https:\/\/yebodaglass.com\/hu\/wp-json\/wp\/v2\/media?parent=17145"}],"wp:term":[{"taxonomy":"product_brand","embeddable":true,"href":"https:\/\/yebodaglass.com\/hu\/wp-json\/wp\/v2\/product_brand?post=17145"},{"taxonomy":"product_cat","embeddable":true,"href":"https:\/\/yebodaglass.com\/hu\/wp-json\/wp\/v2\/product_cat?post=17145"},{"taxonomy":"product_tag","embeddable":true,"href":"https:\/\/yebodaglass.com\/hu\/wp-json\/wp\/v2\/product_tag?post=17145"}],"curies":[{"name":"wp","href":"https:\/\/api.w.org\/{rel}","templated":true}]}}