{"id":17123,"date":"2025-07-15T13:31:40","date_gmt":"2025-07-15T05:31:40","guid":{"rendered":"https:\/\/yebodaglass.com\/?post_type=product&#038;p=17123"},"modified":"2026-03-12T10:54:35","modified_gmt":"2026-03-12T02:54:35","slug":"vintage-milk-bottles-custom-32-oz-clear-glass-bottles","status":"publish","type":"product","link":"https:\/\/yebodaglass.com\/hu\/termek\/vintage-milk-bottles-custom-32-oz-clear-glass-bottles\/","title":{"rendered":"Vintage tejes\u00fcvegek \u2013 Egyedi 32 unci\u00e1s \u00e1tl\u00e1tsz\u00f3 \u00fcvegpalackok"},"content":{"rendered":"<p>This 930 ml (32 oz\/quart\/2 pint) clear glass milk bottle features a classic straight-shoulder silhouette inspired by vintage milk bottles, providing a timeless look for modern dairy and beverage packaging. Made from transparent and lead-free soda-lime clear glass, this is a reusable glass milk bottle that can be used with milk, juice, yogurt drinks, and plant-based beverages other than liquid beverages. The tamper-evident security ring screw cap used in the bottle top provides the proper bottle top safe bottling and transportation, thus it can be used by dairy farms, beverage brands, wholesalers, and even the suppliers of the own labels who seek the durable and recycling glass bottle top packaging.<\/p>\n<h2>F\u0151bb specifik\u00e1ci\u00f3k<\/h2>\n<table style=\"border-collapse: collapse; width: 80%; margin-left: auto; margin-right: auto;\" border=\"0\" width=\"80%\" cellspacing=\"0\" cellpadding=\"0\">\n<tbody>\n<tr style=\"height: 13.50pt;\">\n<td style=\"height: 13.50pt; width: 144.75pt;\" width=\"193\" height=\"18\">Term\u00e9k neve<\/td>\n<td style=\"width: 373.50pt;\" width=\"498\">\u00a032 unci\u00e1s \u00e1tl\u00e1tsz\u00f3 \u00fcveg tejespalack<\/td>\n<\/tr>\n<tr style=\"height: 13.50pt;\">\n<td style=\"height: 13.50pt;\" height=\"18\">Kapacit\u00e1s<\/td>\n<td>32 oz \/ 930ml \/ 1 quart \/ 2 pints<\/td>\n<\/tr>\n<tr style=\"height: 13.50pt;\">\n<td style=\"height: 13.50pt;\" height=\"18\">Bez\u00e1r\u00e1s<\/td>\n<td>\u00d3lommentes n\u00e1trium-m\u00e9sz \u00e1tl\u00e1tsz\u00f3 \u00fcveg<\/td>\n<\/tr>\n<tr style=\"height: 13.50pt;\">\n<td style=\"height: 13.50pt;\" height=\"18\">Csomagol\u00e1si specifik\u00e1ci\u00f3<\/td>\n<td>Csavaros kupak + biztons\u00e1gi gy\u0171r\u0171<\/td>\n<\/tr>\n<tr style=\"height: 13.50pt;\">\n<td style=\"height: 13.50pt;\" height=\"18\">Fed\u00e9l sz\u00edne<\/td>\n<td>Feh\u00e9r vagy fekete m\u0171anyag fed\u00e9l<\/td>\n<\/tr>\n<tr style=\"height: 13.50pt;\">\n<td style=\"height: 13.50pt;\" height=\"18\">Csomagol\u00e1s<\/td>\n<td>\u00a04 palack fed\u00e9llel dobozonk\u00e9nt<\/td>\n<\/tr>\n<tr style=\"height: 13.50pt;\">\n<td style=\"height: 13.50pt;\" height=\"18\">Jellemz\u0151<\/td>\n<td>BPA-mentes, \u00fajrahasznos\u00edthat\u00f3, \u00fajrafelhaszn\u00e1lhat\u00f3<\/td>\n<\/tr>\n<tr style=\"height: 13.50pt;\">\n<td style=\"height: 13.50pt;\" height=\"18\">Csomagol\u00e1si specifik\u00e1ci\u00f3<\/td>\n<td>Csavaros kupak + biztons\u00e1gi gy\u0171r\u0171<\/td>\n<\/tr>\n<tr style=\"height: 13.50pt;\">\n<td style=\"height: 13.50pt;\" height=\"18\">Alkalmaz\u00e1s<\/td>\n<td>Tej, gy\u00fcm\u00f6lcsl\u00e9, tejterm\u00e9k, nagy t\u00e9telben palackozott<\/td>\n<\/tr>\n<\/tbody>\n<\/table>\n<figure id=\"attachment_25284\" aria-describedby=\"caption-attachment-25284\" style=\"width: 500px\" class=\"wp-caption aligncenter\"><img fetchpriority=\"high\" decoding=\"async\" class=\"wp-image-25284\" src=\"https:\/\/yebodaglass.com\/wp-content\/uploads\/2025\/07\/vintage-milk-bottles-details.webp\" alt=\"vintage tejes\u00fcvegek - r\u00e9szletek\" width=\"500\" height=\"500\" srcset=\"https:\/\/yebodaglass.com\/wp-content\/uploads\/2025\/07\/vintage-milk-bottles-details.webp 1620w, https:\/\/yebodaglass.com\/wp-content\/uploads\/2025\/07\/vintage-milk-bottles-details-768x768.webp 768w, https:\/\/yebodaglass.com\/wp-content\/uploads\/2025\/07\/vintage-milk-bottles-details-1536x1536.webp 1536w, https:\/\/yebodaglass.com\/wp-content\/uploads\/2025\/07\/vintage-milk-bottles-details-12x12.webp 12w, https:\/\/yebodaglass.com\/wp-content\/uploads\/2025\/07\/vintage-milk-bottles-details-700x700.webp 700w, https:\/\/yebodaglass.com\/wp-content\/uploads\/2025\/07\/vintage-milk-bottles-details-100x100.webp 100w\" sizes=\"(max-width: 500px) 100vw, 500px\" \/><figcaption id=\"caption-attachment-25284\" class=\"wp-caption-text\">vintage tejes\u00fcvegek \u2013 r\u00e9szletek<\/figcaption><\/figure>\n<h2>Term\u00e9kjellemz\u0151k<\/h2>\n<h3>Rusztikus vintage megjelen\u00e9s \u00e9s nagy teljes\u00edtm\u00e9ny<\/h3>\n<p>Ez egy \u00e1tl\u00e1tsz\u00f3 \u00fcvegb\u0151l k\u00e9sz\u00fclt tejes\u00fcveg, amelyet a hagyom\u00e1nyos tejes\u00fcveg tart\u00e1lyok ihlettek a nosztalgikus diz\u00e1jn \u00e9s a megb\u00edzhat\u00f3 modern csomagol\u00e1si szabv\u00e1nyok \u00f6tv\u00f6z\u00e9s\u00e9vel.<\/p>\n<h3>Manipul\u00e1ci\u00f3biztos biztons\u00e1g<\/h3>\n<p>A biztons\u00e1gi gy\u0171r\u0171vel ell\u00e1tott csavaros kupak tov\u00e1bbi el\u0151nyt biztos\u00edt a palackoz\u00e1s \u00e9s a forgalmaz\u00e1s sor\u00e1n, ahol garant\u00e1lt a term\u00e9k frissess\u00e9ge \u00e9s biztons\u00e1ga.<\/p>\n<h3>\u00dajrahasznos\u00edthat\u00f3 \u00e9s k\u00f6rnyezetbar\u00e1t csomagol\u00e1s<\/h3>\n<p>Ez az \u00fajrahasznos\u00edthat\u00f3, \u00e1tl\u00e1tsz\u00f3 poharakb\u00f3l \u00e9s BPA-mentes m\u0171anyag kupakb\u00f3l \u00e1ll\u00f3, \u00fajrafelhaszn\u00e1lhat\u00f3 \u00fcveg tejespalack seg\u00edt n\u00e9pszer\u0171s\u00edteni m\u00e1s k\u00f6rnyezettudatos m\u00e1rk\u00e1kat, amelyek az \u00fajrafelhaszn\u00e1l\u00e1sra \u00e9s a fenntarthat\u00f3 beszerz\u00e9sre \u00f6sszpontos\u00edtanak.<\/p>\n<h2>Sikeres esettanulm\u00e1ny<\/h2>\n<p>Az egyik ausztr\u00e1l tejterm\u00e9km\u00e1rka hossz\u00fa t\u00e1v\u00fa sz\u00e1ll\u00edt\u00e1si \u00e9s gy\u00e1rt\u00e1si szerz\u0151d\u00e9st k\u00f6t\u00f6tt vel\u00fcnk, mint \u00fcvegpalackok besz\u00e1ll\u00edt\u00f3j\u00e1val. Az \u00fcgyf\u00e9lnek tejgazdas\u00e1ga van a r\u00e9gi\u00f3ban, \u00e9s friss tejet \u00e9s gy\u00fcm\u00f6lcslevet \u00e9rt\u00e9kes\u00edt bio \u00e9lelmiszerl\u00e1ncoknak.<\/p>\n<ul>\n<li><strong>Els\u0151 Rend<\/strong>20 000 egys\u00e9g (nagykereskedelmi rendel\u00e9s \u00f6mlesztett mennyis\u00e9gben)<\/li>\n<li><strong>Szem\u00e9lyre szab\u00e1s<\/strong>Szem\u00e9lyre szabott log\u00f3nyomtat\u00e1s, dombornyomott m\u00e1rkan\u00e9vvel ell\u00e1tott fekete kupak \u00e9s vonalk\u00f3dos feliratoz\u00e1s.<\/li>\n<li><strong>Alkalmaz\u00e1s<\/strong>Pr\u00e9mium tej \u00e9s hidegen sajtolt gy\u00fcm\u00f6lcsl\u00e9 palackoz\u00e1sa.<\/li>\n<li><strong>Eredm\u00e9ny<\/strong>Miut\u00e1n a m\u0171anyag tart\u00e1lyokat \u00fajrafelhaszn\u00e1lhat\u00f3 \u00fcveg tejes\u00fcvegekre cser\u00e9lt\u00e9k, a m\u00e1rka 28 sz\u00e1zal\u00e9kkal n\u0151tt a polcokon val\u00f3 megjelen\u00e9s\u00e9nek vonzereje, \u00e9s a v\u00e1s\u00e1rl\u00f3k jobban meg\u00e9rtett\u00e9k a friss tej min\u0151s\u00e9g\u00e9t.<\/li>\n<li><strong>\u00dajrarendel\u00e9s<\/strong>Negyed\u00e9vente t\u00f6bb mint 30 000 palacknyi ism\u00e9tl\u0151d\u0151 rendel\u00e9s \u00e9rkezik, mivel a kiskereskedelmi teljes\u00edtm\u00e9ny j\u00f3.<\/li>\n<\/ul>\n<p>A kancs\u00f3s, \u00fajrafelhaszn\u00e1lhat\u00f3 palack seg\u00edtett a v\u00e1s\u00e1rl\u00f3t pr\u00e9mium tejterm\u00e9kforr\u00e1sk\u00e9nt pozicion\u00e1lni, valamint n\u00f6velte a m\u00e1rka ismerts\u00e9g\u00e9t \u00e9s n\u00f6velte a palackok \u00fajrafelhaszn\u00e1l\u00e1s\u00e1t.<\/p>\n<h2>Szem\u00e9lyre szab\u00e1si aj\u00e1nl\u00e1sok B2B v\u00e1s\u00e1rl\u00f3knak<\/h2>\n<p>A m\u00e1rkatulajdonosoknak, forgalmaz\u00f3knak \u00e9s italgy\u00e1rt\u00f3knak a k\u00f6vetkez\u0151ket javasoljuk:<\/p>\n<ul>\n<li><strong>Egyedi log\u00f3nyomtat\u00e1s vagy dombornyom\u00e1s<\/strong>: Jav\u00edtsa a m\u00e1rkanevet szitanyom\u00e1ssal vagy log\u00f3k dombornyom\u00e1s\u00e1val az \u00fcveg vagy \u00fcveg test\u00e9re.<\/li>\n<li><strong>Saj\u00e1t m\u00e1rk\u00e1s palackkupakok \u00e9s fedelek<\/strong>Biztos\u00edtson feh\u00e9r vagy fekete, egyedi palackkupakokat, amelyek biztons\u00e1gi gy\u0171r\u0171vel vannak ell\u00e1tva, vagy tervezzen m\u00e1rk\u00e1s kupakokat a csomagol\u00e1s megk\u00fcl\u00f6nb\u00f6ztet\u00e9se \u00e9rdek\u00e9ben.<\/li>\n<li><strong>Kiskereskedelmi forgalomba k\u00e9sz \u00f6mlesztett csomagol\u00e1s<\/strong>A jelenlegi kartoncsomagol\u00e1st m\u00e1rk\u00e1zott, kiskereskedelmi forgalomba hozatalra k\u00e9sz kartonokra kell cser\u00e9lni a nagykereskedelmi \u00e9s forgalmaz\u00e1si csatorn\u00e1kban.<\/li>\n<\/ul>\n<p>\u00dcvegcsomagol\u00e1s-gy\u00e1rt\u00f3k\u00e9nt \u00e9s nagykeresked\u0151k\u00e9nt seg\u00edtj\u00fck a tej- \u00e9s italgy\u00e1rt\u00f3 v\u00e1llalatokat a stabil termel\u00e9si volumen \u00e9s az egyedi ig\u00e9nyek kiel\u00e9g\u00edt\u00e9s\u00e9ben.<\/p>","protected":false},"excerpt":{"rendered":"<p>946 ml-es, \u00e1tl\u00e1tsz\u00f3 \u00fcvegb\u0151l k\u00e9sz\u00fclt, vintage tejespalackok biztons\u00e1gi kupakkal. \u00dajrafelhaszn\u00e1lhat\u00f3, BPA-mentes, \u00e1tl\u00e1tsz\u00f3 \u00fcvegb\u0151l k\u00e9sz\u00fclt tejespalack tejterm\u00e9kek \u00e9s italok nagykereskedelmi csomagol\u00e1s\u00e1hoz.<\/p>","protected":false},"featured_media":25283,"template":"","meta":[],"product_brand":[],"product_cat":[82,80,20],"product_tag":[],"class_list":{"0":"post-17123","1":"product","2":"type-product","3":"status-publish","4":"has-post-thumbnail","6":"product_cat-milk-bottles","7":"product_cat-glass-bottles","8":"product_cat-glass-containers","10":"first","11":"instock","12":"shipping-taxable","13":"product-type-grouped"},"jetpack_sharing_enabled":true,"_links":{"self":[{"href":"https:\/\/yebodaglass.com\/hu\/wp-json\/wp\/v2\/product\/17123","targetHints":{"allow":["GET"]}}],"collection":[{"href":"https:\/\/yebodaglass.com\/hu\/wp-json\/wp\/v2\/product"}],"about":[{"href":"https:\/\/yebodaglass.com\/hu\/wp-json\/wp\/v2\/types\/product"}],"version-history":[{"count":5,"href":"https:\/\/yebodaglass.com\/hu\/wp-json\/wp\/v2\/product\/17123\/revisions"}],"predecessor-version":[{"id":25385,"href":"https:\/\/yebodaglass.com\/hu\/wp-json\/wp\/v2\/product\/17123\/revisions\/25385"}],"wp:featuredmedia":[{"embeddable":true,"href":"https:\/\/yebodaglass.com\/hu\/wp-json\/wp\/v2\/media\/25283"}],"wp:attachment":[{"href":"https:\/\/yebodaglass.com\/hu\/wp-json\/wp\/v2\/media?parent=17123"}],"wp:term":[{"taxonomy":"product_brand","embeddable":true,"href":"https:\/\/yebodaglass.com\/hu\/wp-json\/wp\/v2\/product_brand?post=17123"},{"taxonomy":"product_cat","embeddable":true,"href":"https:\/\/yebodaglass.com\/hu\/wp-json\/wp\/v2\/product_cat?post=17123"},{"taxonomy":"product_tag","embeddable":true,"href":"https:\/\/yebodaglass.com\/hu\/wp-json\/wp\/v2\/product_tag?post=17123"}],"curies":[{"name":"wp","href":"https:\/\/api.w.org\/{rel}","templated":true}]}}