{"id":17070,"date":"2025-07-15T10:20:04","date_gmt":"2025-07-15T02:20:04","guid":{"rendered":"https:\/\/yebodaglass.com\/?post_type=product&#038;p=17070"},"modified":"2025-09-15T12:39:03","modified_gmt":"2025-09-15T04:39:03","slug":"wholesale-round-17oz-25oz-34oz-50oz-glass-jars-with-airtight-lids-for-food-storage","status":"publish","type":"product","link":"https:\/\/yebodaglass.com\/hu\/wholesale-round-17oz-25oz-34oz-50oz-glass-jars-with-airtight-lids-for-food-storage\/","title":{"rendered":"Nagykereskedelmi kerek 16oz 24oz 32oz 48oz \u00fcveged\u00e9nyek l\u00e9gmentesen z\u00e1r\u00f3d\u00f3 fed\u00e9llel \u00e9lelmiszerek t\u00e1rol\u00e1s\u00e1ra"},"content":{"rendered":"<div data-elementor-type=\"wp-post\" data-elementor-id=\"17070\" class=\"elementor elementor-17070\" data-elementor-settings=\"{&quot;ha_cmc_init_switcher&quot;:&quot;no&quot;}\" data-elementor-post-type=\"product\">\n\t\t\t\t<div class=\"elementor-element elementor-element-bb0d695 e-flex e-con-boxed e-con e-parent\" data-id=\"bb0d695\" data-element_type=\"container\" data-e-type=\"container\" data-settings=\"{&quot;_ha_eqh_enable&quot;:false}\">\n\t\t\t\t\t<div class=\"e-con-inner\">\n\t\t\t\t<div class=\"elementor-element elementor-element-732f179 elementor-widget elementor-widget-text-editor\" data-id=\"732f179\" data-element_type=\"widget\" data-e-type=\"widget\" data-widget_type=\"text-editor.default\">\n\t\t\t\t<div class=\"elementor-widget-container\">\n\t\t\t\t\t\t\t\t\t<p>\u00dcdv\u00f6z\u00f6lj\u00fck a l\u00e9gmentesen z\u00e1r\u00f3d\u00f3, kerek \u00fcvegek vil\u00e1g\u00e1ban, melyek okos, mindent egy helyen tartalmaz\u00f3 nagykereskedelmi v\u00e1laszt\u00e9kunkban rejlenek. N\u00e9gy klasszikus form\u00e1t k\u00edn\u00e1lunk: 470 ml, 710 ml, 900 ml \u00e9s 1220 ml, \u00e9s mindegyik kiszerel\u00e9s l\u00e9gmentesen z\u00e1r\u00f3d\u00f3 fed\u00e9llel van ell\u00e1tva. Elk\u00f6telezettek vagyunk amellett, hogy biztons\u00e1gos, nedvess\u00e9g\u00e1ll\u00f3 \u00e9s tart\u00f3s \u00e9lelmiszert\u00e1rol\u00e1si megold\u00e1sokat k\u00edn\u00e1ljunk \u00d6nnek. Ak\u00e1r tiszta \u00e9s rendezett otthonra v\u00e1gyik, ak\u00e1r megb\u00edzhat\u00f3 \u00e9s hat\u00e9kony kereskedelmi ell\u00e1t\u00e1sra van sz\u00fcks\u00e9ge, a term\u00e9knek kiv\u00e1l\u00f3 min\u0151s\u00e9g\u0171nek \u00e9s eszt\u00e9tikusnak kell lennie. Egyedi szolg\u00e1ltat\u00e1sokat is k\u00edn\u00e1lunk, amelyek seg\u00edtenek egyedi m\u00e1rkaim\u00e1zs kialak\u00edt\u00e1s\u00e1ban.<\/p>\t\t\t\t\t\t\t\t<\/div>\n\t\t\t\t<\/div>\n\t\t\t\t<div class=\"elementor-element elementor-element-54c8d6c elementor-widget elementor-widget-heading\" data-id=\"54c8d6c\" data-element_type=\"widget\" data-e-type=\"widget\" data-widget_type=\"heading.default\">\n\t\t\t\t<div class=\"elementor-widget-container\">\n\t\t\t\t\t<h2 class=\"elementor-heading-title elementor-size-default\">F\u0151bb specifik\u00e1ci\u00f3k<\/h2>\t\t\t\t<\/div>\n\t\t\t\t<\/div>\n\t\t\t\t<div class=\"elementor-element elementor-element-14509d8 elementor-widget elementor-widget-text-editor\" data-id=\"14509d8\" data-element_type=\"widget\" data-e-type=\"widget\" data-widget_type=\"text-editor.default\">\n\t\t\t\t<div class=\"elementor-widget-container\">\n\t\t\t\t\t\t\t\t\t<table class=\"aligncenter\" style=\"border-collapse: collapse; width: 609.77pt;\" border=\"0\" width=\"813\" cellspacing=\"0\" cellpadding=\"0\"><tbody><tr style=\"height: 13.50pt;\"><td class=\"et2\" style=\"height: 13.50pt; width: 126.00pt;\" width=\"168\" height=\"18\">Specifik\u00e1ci\u00f3<\/td><td class=\"et2\" style=\"width: 483.75pt;\" width=\"645\">R\u00e9szletek<\/td><\/tr><tr style=\"height: 27.00pt;\"><td class=\"et2\" style=\"height: 27.00pt; width: 126.00pt;\" width=\"168\" height=\"36\">Kapacit\u00e1sbe\u00e1ll\u00edt\u00e1sok<\/td><td class=\"et2\" style=\"width: 483.75pt;\" width=\"645\">16oz\/500 ml (6 csomag), 24oz\/750 ml (4 csomag), 32oz\/1000 ml (3 csomag), 48oz\/1500 ml (2 csomag)<\/td><\/tr><tr style=\"height: 13.50pt;\"><td class=\"et2\" style=\"height: 13.50pt; width: 126.00pt;\" width=\"168\" height=\"18\">Sz\u00e1j\u00e1tm\u00e9r\u0151<\/td><td class=\"et2\" style=\"width: 483.75pt;\" width=\"645\">3,7 h\u00fcvelyk<\/td><\/tr><tr style=\"height: 13.50pt;\"><td class=\"et2\" style=\"height: 13.50pt; width: 126.00pt;\" width=\"168\" height=\"18\">Test \u00e1tm\u00e9r\u0151je<\/td><td class=\"et2\" style=\"width: 483.75pt;\" width=\"645\">4,3 h\u00fcvelyk, 4,5 h\u00fcvelyk<\/td><\/tr><tr style=\"height: 13.50pt;\"><td class=\"et2\" style=\"height: 13.50pt; width: 126.00pt;\" width=\"168\" height=\"18\">Magass\u00e1gbe\u00e1ll\u00edt\u00e1sok<\/td><td class=\"et2\" style=\"width: 483.75pt;\" width=\"645\">3,9 h\u00fcvelyk, 4,9 h\u00fcvelyk, 5,9 h\u00fcvelyk, 7,9 h\u00fcvelyk<\/td><\/tr><tr style=\"height: 13.50pt;\"><td class=\"et2\" style=\"height: 13.50pt; width: 126.00pt;\" width=\"168\" height=\"18\">Anyag<\/td><td class=\"et2\" style=\"width: 483.75pt;\" width=\"645\">\u00d3lommentes \u00fcveg<\/td><\/tr><\/tbody><\/table>\t\t\t\t\t\t\t\t<\/div>\n\t\t\t\t<\/div>\n\t\t\t\t\t<\/div>\n\t\t\t\t<\/div>\n\t\t<div class=\"elementor-element elementor-element-55e31eb e-flex e-con-boxed e-con e-parent\" data-id=\"55e31eb\" data-element_type=\"container\" data-e-type=\"container\" data-settings=\"{&quot;_ha_eqh_enable&quot;:false}\">\n\t\t\t\t\t<div class=\"e-con-inner\">\n\t\t\t\t<div class=\"elementor-element elementor-element-fc0900e elementor-widget elementor-widget-heading\" data-id=\"fc0900e\" data-element_type=\"widget\" data-e-type=\"widget\" data-widget_type=\"heading.default\">\n\t\t\t\t<div class=\"elementor-widget-container\">\n\t\t\t\t\t<h2 class=\"elementor-heading-title elementor-size-default\">Kiemelt szerepl\u0151k<\/h2>\t\t\t\t<\/div>\n\t\t\t\t<\/div>\n\t\t\t\t\t<\/div>\n\t\t\t\t<\/div>\n\t\t<div class=\"elementor-element elementor-element-723cd80 e-flex e-con-boxed e-con e-parent\" data-id=\"723cd80\" data-element_type=\"container\" data-e-type=\"container\" data-settings=\"{&quot;_ha_eqh_enable&quot;:false}\">\n\t\t\t\t\t<div class=\"e-con-inner\">\n\t\t<div class=\"elementor-element elementor-element-bf4cb81 e-con-full e-flex e-con e-child\" data-id=\"bf4cb81\" data-element_type=\"container\" data-e-type=\"container\" data-settings=\"{&quot;_ha_eqh_enable&quot;:false}\">\n\t\t\t\t<div class=\"elementor-element elementor-element-202a3f6 elementor-widget elementor-widget-image\" data-id=\"202a3f6\" data-element_type=\"widget\" data-e-type=\"widget\" data-widget_type=\"image.default\">\n\t\t\t\t<div class=\"elementor-widget-container\">\n\t\t\t\t\t\t\t\t\t\t\t\t\t\t\t<img decoding=\"async\" src=\"https:\/\/yebodaglass.com\/wp-content\/uploads\/elementor\/thumbs\/62-\u62f7\u8d1d-r8rxpogypls13q4cy9gzlc7dcpql77g4wxg603fw68.webp\" title=\"YEBODA 17oz 25oz 34oz 50oz \u00fcveged\u00e9nyek fed\u00e9llel konyhai \u00e9s kamra t\u00e1rol\u00e1shoz\" alt=\"YEBODA 17oz 25oz 34oz 50oz \u00fcveged\u00e9nyek fed\u00e9llel konyhai \u00e9s kamra t\u00e1rol\u00e1shoz\" loading=\"lazy\" \/>\t\t\t\t\t\t\t\t\t\t\t\t\t\t\t<\/div>\n\t\t\t\t<\/div>\n\t\t\t\t<div class=\"elementor-element elementor-element-fc1fd2d elementor-widget elementor-widget-text-editor\" data-id=\"fc1fd2d\" data-element_type=\"widget\" data-e-type=\"widget\" data-widget_type=\"text-editor.default\">\n\t\t\t\t<div class=\"elementor-widget-container\">\n\t\t\t\t\t\t\t\t\t<p>K\u00fcl\u00f6nb\u00f6z\u0151 m\u00e9retek: A k\u00e9szlet k\u00fcl\u00f6nb\u00f6z\u0151 m\u00e9ret\u0171 \u00fcvegeket tartalmaz, hogy megfeleljen a k\u00fcl\u00f6nf\u00e9le t\u00e1rol\u00e1si ig\u00e9nyeknek.<\/p>\t\t\t\t\t\t\t\t<\/div>\n\t\t\t\t<\/div>\n\t\t\t\t<\/div>\n\t\t<div class=\"elementor-element elementor-element-73418b7 e-con-full e-flex e-con e-child\" data-id=\"73418b7\" data-element_type=\"container\" data-e-type=\"container\" data-settings=\"{&quot;_ha_eqh_enable&quot;:false}\">\n\t\t\t\t<div class=\"elementor-element elementor-element-490e976 elementor-widget elementor-widget-image\" data-id=\"490e976\" data-element_type=\"widget\" data-e-type=\"widget\" data-widget_type=\"image.default\">\n\t\t\t\t<div class=\"elementor-widget-container\">\n\t\t\t\t\t\t\t\t\t\t\t\t\t\t\t<img decoding=\"async\" src=\"https:\/\/yebodaglass.com\/wp-content\/uploads\/elementor\/thumbs\/61-\u62f7\u8d1d-1-r8rxo42nbjmtr4ea3l3dfqfpplgkdd88p6b17hrijk.webp\" title=\"N\u00e9gyzet alak\u00fa 17oz 25oz 34oz 50oz l\u00e9gmentesen z\u00e1r\u00f3d\u00f3 t\u00e1rol\u00f3ed\u00e9nyek, \u00f6mlesztett\" alt=\"N\u00e9gyzet alak\u00fa 17oz 25oz 34oz 50oz l\u00e9gmentesen z\u00e1r\u00f3d\u00f3 t\u00e1rol\u00f3ed\u00e9nyek, \u00f6mlesztett\" loading=\"lazy\" \/>\t\t\t\t\t\t\t\t\t\t\t\t\t\t\t<\/div>\n\t\t\t\t<\/div>\n\t\t\t\t<div class=\"elementor-element elementor-element-28d6163 elementor-widget elementor-widget-text-editor\" data-id=\"28d6163\" data-element_type=\"widget\" data-e-type=\"widget\" data-widget_type=\"text-editor.default\">\n\t\t\t\t<div class=\"elementor-widget-container\">\n\t\t\t\t\t\t\t\t\t<p>\u00c1tl\u00e1tsz\u00f3 kialak\u00edt\u00e1s: Az \u00e1tl\u00e1tsz\u00f3 \u00fcvegszerkezet megk\u00f6nny\u00edti a t\u00e1rolt t\u00e1rgyak azonos\u00edt\u00e1s\u00e1t.<\/p>\t\t\t\t\t\t\t\t<\/div>\n\t\t\t\t<\/div>\n\t\t\t\t<\/div>\n\t\t\t\t\t<\/div>\n\t\t\t\t<\/div>\n\t\t<div class=\"elementor-element elementor-element-0289a6a e-flex e-con-boxed e-con e-parent\" data-id=\"0289a6a\" data-element_type=\"container\" data-e-type=\"container\" data-settings=\"{&quot;_ha_eqh_enable&quot;:false}\">\n\t\t\t\t\t<div class=\"e-con-inner\">\n\t\t<div class=\"elementor-element elementor-element-c96924d e-con-full e-flex e-con e-child\" data-id=\"c96924d\" data-element_type=\"container\" data-e-type=\"container\" data-settings=\"{&quot;_ha_eqh_enable&quot;:false}\">\n\t\t\t\t<div class=\"elementor-element elementor-element-21b20dd elementor-widget elementor-widget-image\" data-id=\"21b20dd\" data-element_type=\"widget\" data-e-type=\"widget\" data-widget_type=\"image.default\">\n\t\t\t\t<div class=\"elementor-widget-container\">\n\t\t\t\t\t\t\t\t\t\t\t\t\t\t\t<img decoding=\"async\" src=\"https:\/\/yebodaglass.com\/wp-content\/uploads\/elementor\/thumbs\/\u683c\u5f0f\u5de5\u53826-\u62f7\u8d1d-1-r8rxp0yzyqvv1h2hrhbbd04ui2yeuruuhp5106eqhs.webp\" title=\"YEBODA 17oz 25oz 34oz 50oz \u00fcveged\u00e9nyek fed\u00e9llel konyhai \u00e9s kamra t\u00e1rol\u00e1shoz\" alt=\"YEBODA 17oz 25oz 34oz 50oz \u00fcveged\u00e9nyek fed\u00e9llel konyhai \u00e9s kamra t\u00e1rol\u00e1shoz\" loading=\"lazy\" \/>\t\t\t\t\t\t\t\t\t\t\t\t\t\t\t<\/div>\n\t\t\t\t<\/div>\n\t\t\t\t<div class=\"elementor-element elementor-element-39f687a elementor-widget elementor-widget-text-editor\" data-id=\"39f687a\" data-element_type=\"widget\" data-e-type=\"widget\" data-widget_type=\"text-editor.default\">\n\t\t\t\t<div class=\"elementor-widget-container\">\n\t\t\t\t\t\t\t\t\t<p>Lez\u00e1rt: A f\u00e9mb\u0151l k\u00e9sz\u00fclt, r\u00e1pattinthat\u00f3 fedelek biztons\u00e1gos z\u00e1r\u00e1st biztos\u00edtanak, \u00edgy a tartalom friss marad.<\/p>\t\t\t\t\t\t\t\t<\/div>\n\t\t\t\t<\/div>\n\t\t\t\t<\/div>\n\t\t<div class=\"elementor-element elementor-element-476570b e-con-full e-flex e-con e-child\" data-id=\"476570b\" data-element_type=\"container\" data-e-type=\"container\" data-settings=\"{&quot;_ha_eqh_enable&quot;:false}\">\n\t\t\t\t<div class=\"elementor-element elementor-element-c3dbdb7 elementor-widget elementor-widget-image\" data-id=\"c3dbdb7\" data-element_type=\"widget\" data-e-type=\"widget\" data-widget_type=\"image.default\">\n\t\t\t\t<div class=\"elementor-widget-container\">\n\t\t\t\t\t\t\t\t\t\t\t\t\t\t\t<img decoding=\"async\" src=\"https:\/\/yebodaglass.com\/wp-content\/uploads\/elementor\/thumbs\/4-\u62f7\u8d1d-1-r8rxq79qiahrjxd1whliz7gl8f5xh5irnihvlmo0ps.webp\" title=\"YEBODA 17oz 25oz 34oz 50oz \u00fcveged\u00e9nyek fed\u00e9llel konyhai \u00e9s kamra t\u00e1rol\u00e1shoz\" alt=\"YEBODA 17oz 25oz 34oz 50oz \u00fcveged\u00e9nyek fed\u00e9llel konyhai \u00e9s kamra t\u00e1rol\u00e1shoz\" loading=\"lazy\" \/>\t\t\t\t\t\t\t\t\t\t\t\t\t\t\t<\/div>\n\t\t\t\t<\/div>\n\t\t\t\t<div class=\"elementor-element elementor-element-61991dc elementor-widget elementor-widget-text-editor\" data-id=\"61991dc\" data-element_type=\"widget\" data-e-type=\"widget\" data-widget_type=\"text-editor.default\">\n\t\t\t\t<div class=\"elementor-widget-container\">\n\t\t\t\t\t\t\t\t\t<p>K\u00e9nyelmes nyit\u00e1s \u00e9s z\u00e1r\u00e1s: N\u00e9gy egyszer\u0171 l\u00e9p\u00e9s (csat kinyit\u00e1sa \u2013 fed\u00e9l emel\u00e9se \u2013 a t\u00e1rgyak kiv\u00e9tele \u2013 fed\u00e9l visszahelyez\u00e9se \u00e9s z\u00e1r\u00e1sa), egyszer\u0171 \u00e9s k\u00e9nyelmes a mindennapi haszn\u00e1latra.<\/p>\t\t\t\t\t\t\t\t<\/div>\n\t\t\t\t<\/div>\n\t\t\t\t<\/div>\n\t\t\t\t\t<\/div>\n\t\t\t\t<\/div>\n\t\t<div class=\"elementor-element elementor-element-88b472e e-con-full e-flex e-con e-parent\" data-id=\"88b472e\" data-element_type=\"container\" data-e-type=\"container\" data-settings=\"{&quot;_ha_eqh_enable&quot;:false}\">\n\t\t\t\t<div class=\"elementor-element elementor-element-3582c55 elementor-widget elementor-widget-text-editor\" data-id=\"3582c55\" data-element_type=\"widget\" data-e-type=\"widget\" data-widget_type=\"text-editor.default\">\n\t\t\t\t<div class=\"elementor-widget-container\">\n\t\t\t\t\t\t\t\t\t<p>\u00a0 \u00a0 \u00a0 \u00a0 \u00a0 \u00a0 \u00a0 \u00a0 \u00a0 \u00a0 \u00a0 \u00a0 <img fetchpriority=\"high\" decoding=\"async\" class=\"alignnone wp-image-16229\" src=\"https:\/\/yebodaglass.com\/wp-content\/uploads\/2025\/07\/d1ad5ea8ed4fd82e283a3a35878dd5c.png\" alt=\"\" width=\"240\" height=\"240\" srcset=\"https:\/\/yebodaglass.com\/wp-content\/uploads\/2025\/07\/d1ad5ea8ed4fd82e283a3a35878dd5c.png 220w, https:\/\/yebodaglass.com\/wp-content\/uploads\/2025\/07\/d1ad5ea8ed4fd82e283a3a35878dd5c-100x100.png 100w, https:\/\/yebodaglass.com\/wp-content\/uploads\/2025\/07\/d1ad5ea8ed4fd82e283a3a35878dd5c-150x150.png 150w, https:\/\/yebodaglass.com\/wp-content\/uploads\/2025\/07\/d1ad5ea8ed4fd82e283a3a35878dd5c-12x12.png 12w\" sizes=\"(max-width: 240px) 100vw, 240px\" \/>\u00a0 \u00a0 \u00a0 \u00a0 \u00a0<img decoding=\"async\" class=\"alignnone wp-image-16228\" src=\"https:\/\/yebodaglass.com\/wp-content\/uploads\/2025\/07\/4679f61166f64c6045dbc74c130db9a.png\" alt=\"\" width=\"240\" height=\"240\" srcset=\"https:\/\/yebodaglass.com\/wp-content\/uploads\/2025\/07\/4679f61166f64c6045dbc74c130db9a.png 220w, https:\/\/yebodaglass.com\/wp-content\/uploads\/2025\/07\/4679f61166f64c6045dbc74c130db9a-100x100.png 100w, https:\/\/yebodaglass.com\/wp-content\/uploads\/2025\/07\/4679f61166f64c6045dbc74c130db9a-150x150.png 150w, https:\/\/yebodaglass.com\/wp-content\/uploads\/2025\/07\/4679f61166f64c6045dbc74c130db9a-12x12.png 12w\" sizes=\"(max-width: 240px) 100vw, 240px\" \/>\u00a0 \u00a0 \u00a0 \u00a0 \u00a0 <img decoding=\"async\" class=\"alignnone wp-image-16230\" src=\"https:\/\/yebodaglass.com\/wp-content\/uploads\/2025\/07\/e59283ab6cb2ed3c93ba4f8a33db2ff.png\" alt=\"\" width=\"240\" height=\"240\" srcset=\"https:\/\/yebodaglass.com\/wp-content\/uploads\/2025\/07\/e59283ab6cb2ed3c93ba4f8a33db2ff.png 220w, https:\/\/yebodaglass.com\/wp-content\/uploads\/2025\/07\/e59283ab6cb2ed3c93ba4f8a33db2ff-100x100.png 100w, https:\/\/yebodaglass.com\/wp-content\/uploads\/2025\/07\/e59283ab6cb2ed3c93ba4f8a33db2ff-150x150.png 150w, https:\/\/yebodaglass.com\/wp-content\/uploads\/2025\/07\/e59283ab6cb2ed3c93ba4f8a33db2ff-12x12.png 12w\" sizes=\"(max-width: 240px) 100vw, 240px\" \/>\u00a0 \u00a0 \u00a0 <img loading=\"lazy\" decoding=\"async\" class=\"alignnone wp-image-16227\" src=\"https:\/\/yebodaglass.com\/wp-content\/uploads\/2025\/07\/8b499cc8b9c63806f1b8b3d5aa03275.png\" alt=\"\" width=\"240\" height=\"240\" srcset=\"https:\/\/yebodaglass.com\/wp-content\/uploads\/2025\/07\/8b499cc8b9c63806f1b8b3d5aa03275.png 220w, https:\/\/yebodaglass.com\/wp-content\/uploads\/2025\/07\/8b499cc8b9c63806f1b8b3d5aa03275-100x100.png 100w, https:\/\/yebodaglass.com\/wp-content\/uploads\/2025\/07\/8b499cc8b9c63806f1b8b3d5aa03275-150x150.png 150w, https:\/\/yebodaglass.com\/wp-content\/uploads\/2025\/07\/8b499cc8b9c63806f1b8b3d5aa03275-12x12.png 12w\" sizes=\"(max-width: 240px) 100vw, 240px\" \/><\/p>\t\t\t\t\t\t\t\t<\/div>\n\t\t\t\t<\/div>\n\t\t\t\t<\/div>\n\t\t<div class=\"elementor-element elementor-element-792eb8c e-flex e-con-boxed e-con e-parent\" data-id=\"792eb8c\" data-element_type=\"container\" data-e-type=\"container\" data-settings=\"{&quot;_ha_eqh_enable&quot;:false}\">\n\t\t\t\t\t<div class=\"e-con-inner\">\n\t\t\t\t<div class=\"elementor-element elementor-element-ceb50a8 elementor-widget elementor-widget-image\" data-id=\"ceb50a8\" data-element_type=\"widget\" data-e-type=\"widget\" data-widget_type=\"image.default\">\n\t\t\t\t<div class=\"elementor-widget-container\">\n\t\t\t\t\t\t\t\t\t\t\t\t\t\t\t<img decoding=\"async\" src=\"https:\/\/yebodaglass.com\/wp-content\/uploads\/elementor\/thumbs\/51-\u62f7\u8d1d-1-r8rxufjl9ga7sr7v7bf37519gube44ba8g6jcge8ps.webp\" title=\"17oz 25oz 34oz 50oz l\u00e9gmentesen z\u00e1r\u00f3d\u00f3 t\u00e1rol\u00f3ed\u00e9nyek \u00f6mlesztett kiszerel\u00e9sben\" alt=\"17oz 25oz 34oz 50oz l\u00e9gmentesen z\u00e1r\u00f3d\u00f3 t\u00e1rol\u00f3ed\u00e9nyek \u00f6mlesztett kiszerel\u00e9sben\" loading=\"lazy\" \/>\t\t\t\t\t\t\t\t\t\t\t\t\t\t\t<\/div>\n\t\t\t\t<\/div>\n\t\t\t\t<div class=\"elementor-element elementor-element-b2907c6 elementor-widget elementor-widget-text-editor\" data-id=\"b2907c6\" data-element_type=\"widget\" data-e-type=\"widget\" data-widget_type=\"text-editor.default\">\n\t\t\t\t<div class=\"elementor-widget-container\">\n\t\t\t\t\t\t\t\t\t<h2>Szem\u00e9lyes felhaszn\u00e1l\u00e1s:<\/h2><p>Ezek a l\u00e9gmentesen z\u00e1r\u00f3d\u00f3 \u00fcveg t\u00e1rol\u00f3ed\u00e9nyek t\u00f6k\u00e9letesek sz\u00e1raz\u00e1ruk, gabonaf\u00e9l\u00e9k, liszt, k\u00e1v\u00e9bab, tea, t\u00e9szta vagy h\u00e1zi s\u00fctem\u00e9nyek t\u00e1rol\u00e1s\u00e1ra. A l\u00e9gmentesen z\u00e1r\u00f3d\u00f3 kialak\u00edt\u00e1s hat\u00e9konyan kiz\u00e1rja a nedvess\u00e9get \u00e9s a rovarokat, \u00edgy hosszabb ideig meg\u0151rzi a frissess\u00e9get. Az egys\u00e9ges kialak\u00edt\u00e1s rendezett t\u00e1rol\u00e1st \u00e9s k\u00f6nny\u0171 \u00e1ttekint\u00e9st biztos\u00edt a kamr\u00e1ban \u00e9s a h\u0171t\u0151szekr\u00e9nyben.<\/p><h2>Kereskedelmi felhaszn\u00e1l\u00e1s:<\/h2><p>Professzion\u00e1lis kereskedelmi t\u00e1rol\u00e1si \u00e9s teljes\u00edtm\u00e9nymegold\u00e1s! Ide\u00e1lis k\u00e1v\u00e9z\u00f3k, \u00e9ttermek, p\u00e9ks\u00e9gek, \u00e9lelmiszerboltok, \u00e9dess\u00e9gboltok \u00e9s egyebek sz\u00e1m\u00e1ra, ezek a l\u00e9gmentesen lez\u00e1rt \u00fcvegek ide\u00e1lisak k\u00fcl\u00f6nf\u00e9le \u00e9lelmiszerek t\u00e1rol\u00e1s\u00e1ra, bemutat\u00e1s\u00e1ra \u00e9s \u00e9rt\u00e9kes\u00edt\u00e9s\u00e9re. Higi\u00e9nikus, tart\u00f3s \u00e9s eszt\u00e9tikus kialak\u00edt\u00e1suk fokozza m\u00e1rk\u00e1ja professzionalizmus\u00e1t \u00e9s optimaliz\u00e1lja a konyhai hat\u00e9konys\u00e1got. K\u00f6zvetlen\u00fcl kiskereskedelmi csomagol\u00e1sban \u00e9rt\u00e9kes\u00edthet\u0151k, \u00e9s c\u00edmk\u00e9kkel vagy log\u00f3val is ell\u00e1that\u00f3k, \u00edgy hat\u00e9kony m\u00e1rka\u00e9p\u00edt\u00e9si \u00e9s marketingeszk\u00f6z\u00f6kk\u00e9 v\u00e1lnak.<\/p>\t\t\t\t\t\t\t\t<\/div>\n\t\t\t\t<\/div>\n\t\t\t\t\t<\/div>\n\t\t\t\t<\/div>\n\t\t\t\t<\/div>","protected":false},"excerpt":{"rendered":"<p>\u00dcdv\u00f6z\u00f6lj\u00fck a kerek \u00fcveg l\u00e9gmentesen z\u00e1r\u00f3d\u00f3 t\u00e1rol\u00f3ed\u00e9nyben, az okos, egyablakos nagykereskedelmi v\u00e1laszt\u00e1sunkban. N\u00e9gy klasszikus form\u00e1t k\u00edn\u00e1lunk: 17oz, 25oz, 34oz \u00e9s 50oz, minden magasdemonstr\u00e1ci\u00f3 l\u00e9gmentes fed\u00e9llel van ell\u00e1tva. Elk\u00f6telezettek vagyunk amellett, hogy biztons\u00e1gos, nedvess\u00e9g\u00e1ll\u00f3 \u00e9s hossz\u00fa \u00e9lettartam\u00fa \u00e9lelmiszer-t\u00e1rol\u00e1si megold\u00e1sokat k\u00edn\u00e1ljunk \u00d6nnek. Ak\u00e1r tiszta \u00e9s szervezett otthonra t\u00f6rekszik, ak\u00e1r [...]<\/p>","protected":false},"featured_media":17111,"template":"","meta":[],"product_brand":[],"product_cat":[83,87,20],"product_tag":[],"class_list":{"0":"post-17070","1":"product","2":"type-product","3":"status-publish","4":"has-post-thumbnail","6":"product_cat-glass-jars","7":"product_cat-food-storage-jars","8":"product_cat-glass-containers","10":"first","11":"instock","12":"shipping-taxable","13":"product-type-grouped"},"jetpack_sharing_enabled":true,"_links":{"self":[{"href":"https:\/\/yebodaglass.com\/hu\/wp-json\/wp\/v2\/product\/17070","targetHints":{"allow":["GET"]}}],"collection":[{"href":"https:\/\/yebodaglass.com\/hu\/wp-json\/wp\/v2\/product"}],"about":[{"href":"https:\/\/yebodaglass.com\/hu\/wp-json\/wp\/v2\/types\/product"}],"version-history":[{"count":5,"href":"https:\/\/yebodaglass.com\/hu\/wp-json\/wp\/v2\/product\/17070\/revisions"}],"predecessor-version":[{"id":21024,"href":"https:\/\/yebodaglass.com\/hu\/wp-json\/wp\/v2\/product\/17070\/revisions\/21024"}],"wp:featuredmedia":[{"embeddable":true,"href":"https:\/\/yebodaglass.com\/hu\/wp-json\/wp\/v2\/media\/17111"}],"wp:attachment":[{"href":"https:\/\/yebodaglass.com\/hu\/wp-json\/wp\/v2\/media?parent=17070"}],"wp:term":[{"taxonomy":"product_brand","embeddable":true,"href":"https:\/\/yebodaglass.com\/hu\/wp-json\/wp\/v2\/product_brand?post=17070"},{"taxonomy":"product_cat","embeddable":true,"href":"https:\/\/yebodaglass.com\/hu\/wp-json\/wp\/v2\/product_cat?post=17070"},{"taxonomy":"product_tag","embeddable":true,"href":"https:\/\/yebodaglass.com\/hu\/wp-json\/wp\/v2\/product_tag?post=17070"}],"curies":[{"name":"wp","href":"https:\/\/api.w.org\/{rel}","templated":true}]}}