{"id":17010,"date":"2025-07-14T17:39:58","date_gmt":"2025-07-14T09:39:58","guid":{"rendered":"https:\/\/yebodaglass.com\/?post_type=product&#038;p=17010"},"modified":"2026-03-11T15:58:49","modified_gmt":"2026-03-11T07:58:49","slug":"rectangular-glass-food-containers-with-lids-wholesale","status":"publish","type":"product","link":"https:\/\/yebodaglass.com\/hu\/termek\/rectangular-glass-food-containers-with-lids-wholesale\/","title":{"rendered":"23 oz-os t\u00e9glalap alak\u00fa \u00fcveges \u00e9lelmiszer-t\u00e1rol\u00f3ed\u00e9nyek fed\u00e9llel, nagykereskedelem"},"content":{"rendered":"<div data-elementor-type=\"wp-post\" data-elementor-id=\"17010\" class=\"elementor elementor-17010\" data-elementor-settings=\"{&quot;ha_cmc_init_switcher&quot;:&quot;no&quot;}\" data-elementor-post-type=\"product\">\n\t\t\t\t<div class=\"elementor-element elementor-element-bb0d695 e-flex e-con-boxed e-con e-parent\" data-id=\"bb0d695\" data-element_type=\"container\" data-e-type=\"container\" data-settings=\"{&quot;_ha_eqh_enable&quot;:false}\">\n\t\t\t\t\t<div class=\"e-con-inner\">\n\t\t\t\t<div class=\"elementor-element elementor-element-732f179 elementor-widget elementor-widget-text-editor\" data-id=\"732f179\" data-element_type=\"widget\" data-e-type=\"widget\" data-widget_type=\"text-editor.default\">\n\t\t\t\t<div class=\"elementor-widget-container\">\n\t\t\t\t\t\t\t\t\t<p>M\u00e9g mindig gondot okoz az \u00e9telek t\u00e1rol\u00e1sa? 23 unci\u00e1s, t\u00e9glalap alak\u00fa \u00fcveg \u00e9telt\u00e1rol\u00f3ink \u200b\u200b\u00e1tl\u00e1tsz\u00f3ak a jobb l\u00e1that\u00f3s\u00e1g \u00e9rdek\u00e9ben, \u00e9s l\u00e9gmentesen z\u00e1r\u00f3dnak a frissess\u00e9g meg\u0151rz\u00e9se \u00e9rdek\u00e9ben. Mikrohull\u00e1m\u00fa s\u00fct\u0151ben \u00e9s s\u00fct\u0151ben is haszn\u00e1lhat\u00f3k, \u00edgy k\u00f6nnyed\u00e9n magaddal viheted a finom \u00e9teleket!<\/p>\t\t\t\t\t\t\t\t<\/div>\n\t\t\t\t<\/div>\n\t\t\t\t<div class=\"elementor-element elementor-element-54c8d6c elementor-widget elementor-widget-heading\" data-id=\"54c8d6c\" data-element_type=\"widget\" data-e-type=\"widget\" data-widget_type=\"heading.default\">\n\t\t\t\t<div class=\"elementor-widget-container\">\n\t\t\t\t\t<h2 class=\"elementor-heading-title elementor-size-default\">F\u0151bb specifik\u00e1ci\u00f3k<\/h2>\t\t\t\t<\/div>\n\t\t\t\t<\/div>\n\t\t\t\t<div class=\"elementor-element elementor-element-14509d8 elementor-widget elementor-widget-text-editor\" data-id=\"14509d8\" data-element_type=\"widget\" data-e-type=\"widget\" data-widget_type=\"text-editor.default\">\n\t\t\t\t<div class=\"elementor-widget-container\">\n\t\t\t\t\t\t\t\t\t<table class=\"aligncenter\" style=\"border-collapse: collapse; width: 405.77pt;\" border=\"0\" width=\"541\" cellspacing=\"0\" cellpadding=\"0\"><tbody><tr style=\"height: 13.50pt;\"><td style=\"height: 13.50pt; width: 158.25pt;\" width=\"211\" height=\"18\">Specifik\u00e1ci\u00f3<\/td><td style=\"width: 247.50pt;\" width=\"330\">R\u00e9szlet<\/td><\/tr><tr style=\"height: 13.50pt;\"><td style=\"height: 13.50pt;\" height=\"18\">Kapacit\u00e1s kont\u00e9nerenk\u00e9nt<\/td><td>640 ml<\/td><\/tr><tr style=\"height: 13.50pt;\"><td style=\"height: 13.50pt;\" height=\"18\">Csomagol\u00e1si m\u00e9retek<\/td><td>12 * 6,3 * 12,4 h\u00fcvelyk<\/td><\/tr><tr style=\"height: 13.50pt;\"><td style=\"height: 13.50pt;\" height=\"18\">Anyag<\/td><td>Magas boroszilik\u00e1t \u00fcveg<\/td><\/tr><tr style=\"height: 13.50pt;\"><td style=\"height: 13.50pt;\" height=\"18\">Sz\u00edn (tart\u00e1lyok)<\/td><td>\u00c1tl\u00e1tsz\u00f3<\/td><\/tr><tr style=\"height: 13.50pt;\"><td style=\"height: 13.50pt;\" height=\"18\">Sz\u00edn (fed\u0151k)<\/td><td>\u00c1tl\u00e1tsz\u00f3, egy csipetnyi vil\u00e1gosk\u00e9kkel<\/td><\/tr><tr style=\"height: 13.50pt;\"><td style=\"height: 13.50pt;\" height=\"18\">Csomag mennyis\u00e9ge<\/td><td>6 csomag<\/td><\/tr><tr style=\"height: 13.50pt;\"><td style=\"height: 13.50pt;\" height=\"18\">Alak<\/td><td>N\u00e9gysz\u00f6gletes<\/td><\/tr><tr style=\"height: 13.50pt;\"><td style=\"height: 13.50pt;\" height=\"18\">Sziv\u00e1rg\u00e1smentes<\/td><td>Igen, ha kapcsokkal r\u00f6gz\u00edtik<\/td><\/tr><tr style=\"height: 13.50pt;\"><td style=\"height: 13.50pt;\" height=\"18\">H\u0151\u00e1ll\u00f3s\u00e1g<\/td><td>Ak\u00e1r 400\u00b0C-ig<\/td><\/tr><tr style=\"height: 13.50pt;\"><td style=\"height: 13.50pt;\" height=\"18\">Hideg\u00e1ll\u00f3s\u00e1g<\/td><td>Ak\u00e1r -20\u00b0C-ig<\/td><\/tr><tr style=\"height: 13.50pt;\"><td style=\"height: 13.50pt;\" height=\"18\">Rak\u00e1solhat\u00f3<\/td><td>Igen<\/td><\/tr><tr style=\"height: 13.50pt;\"><td style=\"height: 13.50pt;\" height=\"18\">Fed\u00e9lz\u00e1r\u00e1s<\/td><td>Oldals\u00f3 kapcsok a biztons\u00e1gos lez\u00e1r\u00e1shoz<\/td><\/tr><\/tbody><\/table>\t\t\t\t\t\t\t\t<\/div>\n\t\t\t\t<\/div>\n\t\t\t\t\t<\/div>\n\t\t\t\t<\/div>\n\t\t<div class=\"elementor-element elementor-element-55e31eb e-flex e-con-boxed e-con e-parent\" data-id=\"55e31eb\" data-element_type=\"container\" data-e-type=\"container\" data-settings=\"{&quot;_ha_eqh_enable&quot;:false}\">\n\t\t\t\t\t<div class=\"e-con-inner\">\n\t\t\t\t<div class=\"elementor-element elementor-element-fc0900e elementor-widget elementor-widget-heading\" data-id=\"fc0900e\" data-element_type=\"widget\" data-e-type=\"widget\" data-widget_type=\"heading.default\">\n\t\t\t\t<div class=\"elementor-widget-container\">\n\t\t\t\t\t<h2 class=\"elementor-heading-title elementor-size-default\">Kiemelt szerepl\u0151k<\/h2>\t\t\t\t<\/div>\n\t\t\t\t<\/div>\n\t\t\t\t\t<\/div>\n\t\t\t\t<\/div>\n\t\t<div class=\"elementor-element elementor-element-723cd80 e-flex e-con-boxed e-con e-parent\" data-id=\"723cd80\" data-element_type=\"container\" data-e-type=\"container\" data-settings=\"{&quot;_ha_eqh_enable&quot;:false}\">\n\t\t\t\t\t<div class=\"e-con-inner\">\n\t\t<div class=\"elementor-element elementor-element-bf4cb81 e-con-full e-flex e-con e-child\" data-id=\"bf4cb81\" data-element_type=\"container\" data-e-type=\"container\" data-settings=\"{&quot;_ha_eqh_enable&quot;:false}\">\n\t\t\t\t<div class=\"elementor-element elementor-element-202a3f6 elementor-widget elementor-widget-image\" data-id=\"202a3f6\" data-element_type=\"widget\" data-e-type=\"widget\" data-widget_type=\"image.default\">\n\t\t\t\t<div class=\"elementor-widget-container\">\n\t\t\t\t\t\t\t\t\t\t\t\t\t\t\t<img decoding=\"async\" src=\"https:\/\/yebodaglass.com\/wp-content\/uploads\/elementor\/thumbs\/21-\u62f7\u8d1d-1-r8qqsn78z6qpe6dcveve481du50qxrrjtpq1wia3s0.webp\" title=\"YEBODA 21oz-os \u00fcveges \u00e9lelmiszert\u00e1rol\u00f3k fed\u00e9llel \u2013 konyhai t\u00e1rol\u00f3k\u00e9szlet\" alt=\"YEBODA 21oz-os \u00fcveges \u00e9lelmiszert\u00e1rol\u00f3k fed\u00e9llel \u2013 konyhai t\u00e1rol\u00f3k\u00e9szlet\" loading=\"lazy\" \/>\t\t\t\t\t\t\t\t\t\t\t\t\t\t\t<\/div>\n\t\t\t\t<\/div>\n\t\t\t\t<div class=\"elementor-element elementor-element-fc1fd2d elementor-widget elementor-widget-text-editor\" data-id=\"fc1fd2d\" data-element_type=\"widget\" data-e-type=\"widget\" data-widget_type=\"text-editor.default\">\n\t\t\t\t<div class=\"elementor-widget-container\">\n\t\t\t\t\t\t\t\t\t<p>Magas \u00e9s alacsony h\u0151m\u00e9rs\u00e9kletnek ellen\u00e1ll\u00f3: Magas boroszilik\u00e1t \u00fcvegb\u0151l k\u00e9sz\u00fcltek, ezek az \u00fcveg eb\u00e9dtart\u00f3k ak\u00e1r 400\u00b0C-os \u00e9s -20\u00b0C-os h\u0151m\u00e9rs\u00e9kletet is elviselnek, \u00edgy sokoldal\u00faan haszn\u00e1lhat\u00f3k k\u00fcl\u00f6nf\u00e9le f\u0151z\u00e9si \u00e9s t\u00e1rol\u00e1si ig\u00e9nyekhez.<\/p>\t\t\t\t\t\t\t\t<\/div>\n\t\t\t\t<\/div>\n\t\t\t\t<\/div>\n\t\t<div class=\"elementor-element elementor-element-73418b7 e-con-full e-flex e-con e-child\" data-id=\"73418b7\" data-element_type=\"container\" data-e-type=\"container\" data-settings=\"{&quot;_ha_eqh_enable&quot;:false}\">\n\t\t\t\t<div class=\"elementor-element elementor-element-490e976 elementor-widget elementor-widget-image\" data-id=\"490e976\" data-element_type=\"widget\" data-e-type=\"widget\" data-widget_type=\"image.default\">\n\t\t\t\t<div class=\"elementor-widget-container\">\n\t\t\t\t\t\t\t\t\t\t\t\t\t\t\t<img decoding=\"async\" src=\"https:\/\/yebodaglass.com\/wp-content\/uploads\/elementor\/thumbs\/32-\u62f7\u8d1d-r8qqso5360rzpsbzpxa0opsufiw45gva5udjds8pls.webp\" title=\"YEBODA 21oz-os \u00fcveges \u00e9lelmiszert\u00e1rol\u00f3k fed\u00e9llel \u2013 konyhai t\u00e1rol\u00f3k\u00e9szlet\" alt=\"YEBODA 21oz-os \u00fcveges \u00e9lelmiszert\u00e1rol\u00f3k fed\u00e9llel \u2013 konyhai t\u00e1rol\u00f3k\u00e9szlet\" loading=\"lazy\" \/>\t\t\t\t\t\t\t\t\t\t\t\t\t\t\t<\/div>\n\t\t\t\t<\/div>\n\t\t\t\t<div class=\"elementor-element elementor-element-28d6163 elementor-widget elementor-widget-text-editor\" data-id=\"28d6163\" data-element_type=\"widget\" data-e-type=\"widget\" data-widget_type=\"text-editor.default\">\n\t\t\t\t<div class=\"elementor-widget-container\">\n\t\t\t\t\t\t\t\t\t<p>Biztons\u00e1gos z\u00e1r\u00f3d\u00e1s\u00fa fed\u00e9l: Az oldals\u00f3 z\u00e1r\u00f3d\u00e1s\u00fa fedelek szoros \u00e9s biztons\u00e1gos z\u00e1r\u00e1st biztos\u00edtanak, megakad\u00e1lyozz\u00e1k a sziv\u00e1rg\u00e1st \u00e9s a ki\u00f6ml\u00e9st, \u00e9s hosszabb ideig frissen tartj\u00e1k az \u00e9lelmiszereket.<\/p>\t\t\t\t\t\t\t\t<\/div>\n\t\t\t\t<\/div>\n\t\t\t\t<\/div>\n\t\t\t\t\t<\/div>\n\t\t\t\t<\/div>\n\t\t<div class=\"elementor-element elementor-element-d5c6ee3 e-flex e-con-boxed e-con e-parent\" data-id=\"d5c6ee3\" data-element_type=\"container\" data-e-type=\"container\" data-settings=\"{&quot;_ha_eqh_enable&quot;:false}\">\n\t\t\t\t\t<div class=\"e-con-inner\">\n\t\t<div class=\"elementor-element elementor-element-886f509 e-con-full e-flex e-con e-child\" data-id=\"886f509\" data-element_type=\"container\" data-e-type=\"container\" data-settings=\"{&quot;_ha_eqh_enable&quot;:false}\">\n\t\t\t\t<div class=\"elementor-element elementor-element-7036805 elementor-widget elementor-widget-image\" data-id=\"7036805\" data-element_type=\"widget\" data-e-type=\"widget\" data-widget_type=\"image.default\">\n\t\t\t\t<div class=\"elementor-widget-container\">\n\t\t\t\t\t\t\t\t\t\t\t\t\t\t\t<img decoding=\"async\" src=\"https:\/\/yebodaglass.com\/wp-content\/uploads\/elementor\/thumbs\/glass-food-containers-1-2-r8qqjy6zrcu80100n5kmjx0w0tviqk8xmohd3d67c0.webp\" title=\"YEBODA 21oz-os \u00fcveges \u00e9lelmiszert\u00e1rol\u00f3k fed\u00e9llel \u2013 konyhai t\u00e1rol\u00f3k\u00e9szlet\" alt=\"YEBODA 21oz-os \u00fcveges \u00e9lelmiszert\u00e1rol\u00f3k fed\u00e9llel \u2013 konyhai t\u00e1rol\u00f3k\u00e9szlet\" loading=\"lazy\" \/>\t\t\t\t\t\t\t\t\t\t\t\t\t\t\t<\/div>\n\t\t\t\t<\/div>\n\t\t\t\t<div class=\"elementor-element elementor-element-05721bf elementor-widget elementor-widget-text-editor\" data-id=\"05721bf\" data-element_type=\"widget\" data-e-type=\"widget\" data-widget_type=\"text-editor.default\">\n\t\t\t\t<div class=\"elementor-widget-container\">\n\t\t\t\t\t\t\t\t\t<p>Eleg\u00e1ns \u00e9s \u00e1tl\u00e1tsz\u00f3 kialak\u00edt\u00e1s: Az \u00e1tl\u00e1tsz\u00f3 \u00fcvegtest modern, letisztult megjelen\u00e9s\u00e9vel nemcsak fokozza a vizu\u00e1lis vonzer\u0151t, hanem lehet\u0151v\u00e9 teszi a tartalom k\u00f6nny\u0171 azonos\u00edt\u00e1s\u00e1t is, \u00edgy a rendszerez\u00e9s egyszer\u0171.<\/p>\t\t\t\t\t\t\t\t<\/div>\n\t\t\t\t<\/div>\n\t\t\t\t<\/div>\n\t\t<div class=\"elementor-element elementor-element-826245e e-con-full e-flex e-con e-child\" data-id=\"826245e\" data-element_type=\"container\" data-e-type=\"container\" data-settings=\"{&quot;_ha_eqh_enable&quot;:false}\">\n\t\t\t\t<div class=\"elementor-element elementor-element-65bbe9c elementor-widget elementor-widget-image\" data-id=\"65bbe9c\" data-element_type=\"widget\" data-e-type=\"widget\" data-widget_type=\"image.default\">\n\t\t\t\t<div class=\"elementor-widget-container\">\n\t\t\t\t\t\t\t\t\t\t\t\t\t\t\t<img decoding=\"async\" src=\"https:\/\/yebodaglass.com\/wp-content\/uploads\/elementor\/thumbs\/81-\u62f7\u8d1d-1-1-1-\u62f7\u8d1d-1-r8qqv5fr7a68cqqa8hvkrl9mv4nzgpps64cnz2kb6o.webp\" title=\"YEBODA 21oz-os \u00fcveges \u00e9lelmiszert\u00e1rol\u00f3k fed\u00e9llel \u2013 konyhai t\u00e1rol\u00f3k\u00e9szlet\" alt=\"YEBODA 21oz-os \u00fcveges \u00e9lelmiszert\u00e1rol\u00f3k fed\u00e9llel \u2013 konyhai t\u00e1rol\u00f3k\u00e9szlet\" loading=\"lazy\" \/>\t\t\t\t\t\t\t\t\t\t\t\t\t\t\t<\/div>\n\t\t\t\t<\/div>\n\t\t\t\t<div class=\"elementor-element elementor-element-0d5e45d elementor-widget elementor-widget-text-editor\" data-id=\"0d5e45d\" data-element_type=\"widget\" data-e-type=\"widget\" data-widget_type=\"text-editor.default\">\n\t\t\t\t<div class=\"elementor-widget-container\">\n\t\t\t\t\t\t\t\t\t<p>Tart\u00f3s anyag: Kiv\u00e1l\u00f3 min\u0151s\u00e9g\u0171, \u00e9lelmiszeripari min\u0151s\u00e9g\u0171, magas boroszilik\u00e1t \u00fcvegb\u0151l k\u00e9sz\u00fclt, ezek az \u00fcveg eb\u00e9ddobozok ellen\u00e1llnak a foltoknak, a szagoknak \u00e9s a t\u00f6r\u00e9snek, \u00edgy biztos\u00edtva a hossz\u00fa t\u00e1v\u00fa haszn\u00e1latot.<\/p>\t\t\t\t\t\t\t\t<\/div>\n\t\t\t\t<\/div>\n\t\t\t\t<\/div>\n\t\t\t\t\t<\/div>\n\t\t\t\t<\/div>\n\t\t<div class=\"elementor-element elementor-element-88b472e e-con-full e-flex e-con e-parent\" data-id=\"88b472e\" data-element_type=\"container\" data-e-type=\"container\" data-settings=\"{&quot;_ha_eqh_enable&quot;:false}\">\n\t\t\t\t<div class=\"elementor-element elementor-element-3582c55 elementor-widget elementor-widget-text-editor\" data-id=\"3582c55\" data-element_type=\"widget\" data-e-type=\"widget\" data-widget_type=\"text-editor.default\">\n\t\t\t\t<div class=\"elementor-widget-container\">\n\t\t\t\t\t\t\t\t\t<p>\u00a0 \u00a0 \u00a0 \u00a0 \u00a0 \u00a0 \u00a0 \u00a0 \u00a0 \u00a0 \u00a0 \u00a0 <img fetchpriority=\"high\" decoding=\"async\" class=\"alignnone wp-image-16229\" src=\"https:\/\/yebodaglass.com\/wp-content\/uploads\/2025\/07\/d1ad5ea8ed4fd82e283a3a35878dd5c.png\" alt=\"\" width=\"240\" height=\"240\" srcset=\"https:\/\/yebodaglass.com\/wp-content\/uploads\/2025\/07\/d1ad5ea8ed4fd82e283a3a35878dd5c.png 220w, https:\/\/yebodaglass.com\/wp-content\/uploads\/2025\/07\/d1ad5ea8ed4fd82e283a3a35878dd5c-100x100.png 100w, https:\/\/yebodaglass.com\/wp-content\/uploads\/2025\/07\/d1ad5ea8ed4fd82e283a3a35878dd5c-150x150.png 150w, https:\/\/yebodaglass.com\/wp-content\/uploads\/2025\/07\/d1ad5ea8ed4fd82e283a3a35878dd5c-12x12.png 12w\" sizes=\"(max-width: 240px) 100vw, 240px\" \/>\u00a0 \u00a0 \u00a0 \u00a0 \u00a0<img decoding=\"async\" class=\"alignnone wp-image-16228\" src=\"https:\/\/yebodaglass.com\/wp-content\/uploads\/2025\/07\/4679f61166f64c6045dbc74c130db9a.png\" alt=\"\" width=\"240\" height=\"240\" srcset=\"https:\/\/yebodaglass.com\/wp-content\/uploads\/2025\/07\/4679f61166f64c6045dbc74c130db9a.png 220w, https:\/\/yebodaglass.com\/wp-content\/uploads\/2025\/07\/4679f61166f64c6045dbc74c130db9a-100x100.png 100w, https:\/\/yebodaglass.com\/wp-content\/uploads\/2025\/07\/4679f61166f64c6045dbc74c130db9a-150x150.png 150w, https:\/\/yebodaglass.com\/wp-content\/uploads\/2025\/07\/4679f61166f64c6045dbc74c130db9a-12x12.png 12w\" sizes=\"(max-width: 240px) 100vw, 240px\" \/>\u00a0 \u00a0 \u00a0 \u00a0 \u00a0 <img decoding=\"async\" class=\"alignnone wp-image-16230\" src=\"https:\/\/yebodaglass.com\/wp-content\/uploads\/2025\/07\/e59283ab6cb2ed3c93ba4f8a33db2ff.png\" alt=\"\" width=\"240\" height=\"240\" srcset=\"https:\/\/yebodaglass.com\/wp-content\/uploads\/2025\/07\/e59283ab6cb2ed3c93ba4f8a33db2ff.png 220w, https:\/\/yebodaglass.com\/wp-content\/uploads\/2025\/07\/e59283ab6cb2ed3c93ba4f8a33db2ff-100x100.png 100w, https:\/\/yebodaglass.com\/wp-content\/uploads\/2025\/07\/e59283ab6cb2ed3c93ba4f8a33db2ff-150x150.png 150w, https:\/\/yebodaglass.com\/wp-content\/uploads\/2025\/07\/e59283ab6cb2ed3c93ba4f8a33db2ff-12x12.png 12w\" sizes=\"(max-width: 240px) 100vw, 240px\" \/>\u00a0 \u00a0 \u00a0 <img loading=\"lazy\" decoding=\"async\" class=\"alignnone wp-image-16227\" src=\"https:\/\/yebodaglass.com\/wp-content\/uploads\/2025\/07\/8b499cc8b9c63806f1b8b3d5aa03275.png\" alt=\"\" width=\"240\" height=\"240\" srcset=\"https:\/\/yebodaglass.com\/wp-content\/uploads\/2025\/07\/8b499cc8b9c63806f1b8b3d5aa03275.png 220w, https:\/\/yebodaglass.com\/wp-content\/uploads\/2025\/07\/8b499cc8b9c63806f1b8b3d5aa03275-100x100.png 100w, https:\/\/yebodaglass.com\/wp-content\/uploads\/2025\/07\/8b499cc8b9c63806f1b8b3d5aa03275-150x150.png 150w, https:\/\/yebodaglass.com\/wp-content\/uploads\/2025\/07\/8b499cc8b9c63806f1b8b3d5aa03275-12x12.png 12w\" sizes=\"(max-width: 240px) 100vw, 240px\" \/><\/p>\t\t\t\t\t\t\t\t<\/div>\n\t\t\t\t<\/div>\n\t\t\t\t<\/div>\n\t\t<div class=\"elementor-element elementor-element-792eb8c e-flex e-con-boxed e-con e-parent\" data-id=\"792eb8c\" data-element_type=\"container\" data-e-type=\"container\" data-settings=\"{&quot;_ha_eqh_enable&quot;:false}\">\n\t\t\t\t\t<div class=\"e-con-inner\">\n\t\t\t\t<div class=\"elementor-element elementor-element-ceb50a8 elementor-widget elementor-widget-image\" data-id=\"ceb50a8\" data-element_type=\"widget\" data-e-type=\"widget\" data-widget_type=\"image.default\">\n\t\t\t\t<div class=\"elementor-widget-container\">\n\t\t\t\t\t\t\t\t\t\t\t\t\t\t\t<img decoding=\"async\" src=\"https:\/\/yebodaglass.com\/wp-content\/uploads\/elementor\/thumbs\/111-r8lgryzbeqdjwqtvlht31fyfu5tqt4rnzj02s50iow.webp\" title=\"YEBODA 27oz-os \u00fcveg eb\u00e9dtart\u00f3k \u2013 l\u00e9gmentesen z\u00e1r\u00f3d\u00f3 \u00e9lelmiszert\u00e1rol\u00e1si megold\u00e1sok\" alt=\"YEBODA 27oz-os \u00fcveg eb\u00e9dtart\u00f3k \u2013 l\u00e9gmentesen z\u00e1r\u00f3d\u00f3 \u00e9lelmiszert\u00e1rol\u00e1si megold\u00e1sok\" loading=\"lazy\" \/>\t\t\t\t\t\t\t\t\t\t\t\t\t\t\t<\/div>\n\t\t\t\t<\/div>\n\t\t\t\t<div class=\"elementor-element elementor-element-b2907c6 elementor-widget elementor-widget-text-editor\" data-id=\"b2907c6\" data-element_type=\"widget\" data-e-type=\"widget\" data-widget_type=\"text-editor.default\">\n\t\t\t\t<div class=\"elementor-widget-container\">\n\t\t\t\t\t\t\t\t\t<h2 style=\"text-align: left;\">Alkalmazhat\u00f3 forgat\u00f3k\u00f6nyvek<\/h2><p style=\"text-align: left;\">Ezek az \u00fcveg \u00e9telt\u00e1rol\u00f3k t\u00f6k\u00e9letesek mindennapi haszn\u00e1latra otthon vagy \u00fatk\u00f6zben. Ak\u00e1r eg\u00e9szs\u00e9ges eb\u00e9deket k\u00e9sz\u00edtesz festm\u00e9nyekhez, ak\u00e1r marad\u00e9kokat t\u00e1rolsz, vagy a h\u0171t\u0151szekr\u00e9nyben rendszerezed a r\u00e1gcs\u00e1lnival\u00f3kat, ezek a fedeles \u00fcveg \u00e9telt\u00e1rol\u00f3k ragyog\u00f3an \u00e9s stabilan tartj\u00e1k az \u00e9teleidet. Ide\u00e1lisak \u00e9telfeldolgoz\u00e1shoz, \u00e9tkez\u00e9s el\u0151k\u00e9sz\u00edt\u00e9s\u00e9hez vagy ak\u00e1r mikrohull\u00e1m\u00fa s\u00fct\u0151ben val\u00f3 meleg\u00edt\u00e9shez, n\u00e9lk\u00fcl\u00f6zhetetlenek az elfoglalt emberek sz\u00e1m\u00e1ra, akik \u00e9rt\u00e9kelik a k\u00e9nyelmet, a fenntarthat\u00f3s\u00e1got \u00e9s az egyszer\u0171 \u00e9tkez\u00e9st.<\/p>\t\t\t\t\t\t\t\t<\/div>\n\t\t\t\t<\/div>\n\t\t\t\t\t<\/div>\n\t\t\t\t<\/div>\n\t\t\t\t<\/div>","protected":false},"excerpt":{"rendered":"<p>Nagykereskedelmi 23 unci\u00e1s, t\u00e9glalap alak\u00fa \u00fcveg \u00e9telt\u00e1rol\u00f3k fed\u00e9llel. Sziv\u00e1rg\u00e1smentes, mikrohull\u00e1m\u00fa s\u00fct\u0151ben \u00e9s s\u00fct\u0151ben haszn\u00e1lhat\u00f3. T\u00f6k\u00e9letes \u00e9telek el\u0151k\u00e9sz\u00edt\u00e9s\u00e9hez, \u00e9lelmiszerek t\u00e1rol\u00e1s\u00e1ra \u00e9s kereskedelmi haszn\u00e1latra.<\/p>","protected":false},"featured_media":17032,"template":"","meta":[],"product_brand":[],"product_cat":[20,85],"product_tag":[],"class_list":{"0":"post-17010","1":"product","2":"type-product","3":"status-publish","4":"has-post-thumbnail","6":"product_cat-glass-containers","7":"product_cat-glass-food-storage-containers","9":"first","10":"instock","11":"shipping-taxable","12":"product-type-grouped"},"jetpack_sharing_enabled":true,"_links":{"self":[{"href":"https:\/\/yebodaglass.com\/hu\/wp-json\/wp\/v2\/product\/17010","targetHints":{"allow":["GET"]}}],"collection":[{"href":"https:\/\/yebodaglass.com\/hu\/wp-json\/wp\/v2\/product"}],"about":[{"href":"https:\/\/yebodaglass.com\/hu\/wp-json\/wp\/v2\/types\/product"}],"version-history":[{"count":5,"href":"https:\/\/yebodaglass.com\/hu\/wp-json\/wp\/v2\/product\/17010\/revisions"}],"predecessor-version":[{"id":25379,"href":"https:\/\/yebodaglass.com\/hu\/wp-json\/wp\/v2\/product\/17010\/revisions\/25379"}],"wp:featuredmedia":[{"embeddable":true,"href":"https:\/\/yebodaglass.com\/hu\/wp-json\/wp\/v2\/media\/17032"}],"wp:attachment":[{"href":"https:\/\/yebodaglass.com\/hu\/wp-json\/wp\/v2\/media?parent=17010"}],"wp:term":[{"taxonomy":"product_brand","embeddable":true,"href":"https:\/\/yebodaglass.com\/hu\/wp-json\/wp\/v2\/product_brand?post=17010"},{"taxonomy":"product_cat","embeddable":true,"href":"https:\/\/yebodaglass.com\/hu\/wp-json\/wp\/v2\/product_cat?post=17010"},{"taxonomy":"product_tag","embeddable":true,"href":"https:\/\/yebodaglass.com\/hu\/wp-json\/wp\/v2\/product_tag?post=17010"}],"curies":[{"name":"wp","href":"https:\/\/api.w.org\/{rel}","templated":true}]}}