{"id":16945,"date":"2025-07-14T16:03:51","date_gmt":"2025-07-14T08:03:51","guid":{"rendered":"https:\/\/yebodaglass.com\/?post_type=product&#038;p=16945"},"modified":"2026-04-10T14:03:54","modified_gmt":"2026-04-10T06:03:54","slug":"wholesale-8-oz-wide-mouth-mason-jar-with-diamond-pattern","status":"publish","type":"product","link":"https:\/\/yebodaglass.com\/hu\/wholesale-8-oz-wide-mouth-mason-jar-with-diamond-pattern\/","title":{"rendered":"Nagykereskedelmi 8 oz-os sz\u00e9les sz\u00e1j\u00fa bef\u0151ttes\u00fcveg rombusz mint\u00e1val"},"content":{"rendered":"<p>A 8 unci\u00e1s, sz\u00e9les sz\u00e1j\u00fa bef\u0151ttes\u00fcveg hagyom\u00e1nyos hengeres kialak\u00edt\u00e1s\u00fa, rombusz alak\u00fa mint\u00e1kkal. A term\u00e9k ultra-tiszta, \u00e9lelmiszeripari min\u0151s\u00e9g\u0171 \u00fcvegb\u0151l k\u00e9sz\u00fclt, amelyhez egy ez\u00fcst f\u00e9m csavaros kupak tartozik, amely l\u00e9gmentesen z\u00e1r\u00f3dik.<\/p>\n<h2>Jellemz\u0151k<\/h2>\n<ul>\n<li><strong>Klasszikus sz\u00e9les sz\u00e1j\u00fa bef\u0151ttes\u00fcveg forma:<\/strong> Az egyenes fal\u00fa \u00fcveghenger szabv\u00e1nyos sz\u00e9les sz\u00e1j\u00fa menettel rendelkezik, \u00edgy kompatibilis az univerz\u00e1lis fedelekkel a k\u00f6nny\u0171 t\u00f6lt\u00e9s \u00e9rdek\u00e9ben.<\/li>\n<li><strong>Gy\u00e9m\u00e1ntmint\u00e1s steppelt minta:<\/strong> Az \u00fcveg m\u00e9ly gy\u00e9m\u00e1ntmint\u00e1zat\u00fa, vonz\u00f3 diz\u00e1jnt alkot, amely jobb kezel\u00e9si kontrollt biztos\u00edt a felhaszn\u00e1l\u00f3knak.<\/li>\n<li><strong>Vastag \u00e9s massz\u00edv palackkialak\u00edt\u00e1s:<\/strong> A palack vastag falai er\u0151s szerkezetet hoznak l\u00e9tre, m\u00edg a dombornyomott text\u00fara jobb kontrollt biztos\u00edt a felhaszn\u00e1l\u00f3k sz\u00e1m\u00e1ra.<\/li>\n<\/ul>\n<h2>F\u0151bb specifik\u00e1ci\u00f3k<\/h2>\n<table style=\"border-collapse: collapse; width: 80%; margin-left: auto; margin-right: auto;\" border=\"0\" width=\"615\" cellspacing=\"0\" cellpadding=\"0\">\n<tbody>\n<tr style=\"height: 13.50pt;\">\n<td style=\"height: 13.5pt; width: 162.75pt; text-align: center;\" width=\"217\" height=\"18\">Specifik\u00e1ci\u00f3<\/td>\n<td style=\"width: 298.5pt; text-align: center;\" width=\"398\">R\u00e9szlet<\/td>\n<\/tr>\n<tr style=\"height: 13.50pt;\">\n<td style=\"height: 13.5pt; text-align: center;\" height=\"18\">Kapacit\u00e1s<\/td>\n<td style=\"text-align: center;\">250 ml<\/td>\n<\/tr>\n<tr style=\"height: 13.50pt;\">\n<td style=\"height: 13.5pt; text-align: center;\" height=\"18\">Csomagol\u00e1si m\u00e9retek<\/td>\n<td style=\"text-align: center;\">12,4 * 9,4 * 4,7 h\u00fcvelyk<\/td>\n<\/tr>\n<tr style=\"height: 13.50pt;\">\n<td style=\"height: 13.5pt; text-align: center;\" height=\"18\">Anyag<\/td>\n<td style=\"text-align: center;\">\u00d3lommentes \u00fcveg<\/td>\n<\/tr>\n<tr style=\"height: 13.50pt;\">\n<td style=\"height: 13.5pt; text-align: center;\" height=\"18\">Fed\u00e9l t\u00edpusa<\/td>\n<td style=\"text-align: center;\">Csavaros f\u00e9m fed\u00e9l<\/td>\n<\/tr>\n<tr style=\"height: 13.50pt;\">\n<td style=\"height: 13.5pt; text-align: center;\" height=\"18\">Csomagol\u00e1si specifik\u00e1ci\u00f3<\/td>\n<td style=\"text-align: center;\">12 \u00fcveg dobozonk\u00e9nt<\/td>\n<\/tr>\n<tr style=\"height: 13.50pt;\">\n<td style=\"height: 13.5pt; text-align: center;\" height=\"18\">Alak<\/td>\n<td style=\"text-align: center;\">Hengeres<\/td>\n<\/tr>\n<tr style=\"height: 13.50pt;\">\n<td style=\"height: 13.5pt; text-align: center;\" height=\"18\">K\u00fcls\u0151 formatervez\u00e9s<\/td>\n<td style=\"text-align: center;\">Steppelt gy\u00e9m\u00e1ntminta a fel\u00fcletre v\u00e9sve<\/td>\n<\/tr>\n<tr style=\"height: 13.50pt;\">\n<td style=\"height: 13.5pt; text-align: center;\" height=\"18\">\u00c1tl\u00e1that\u00f3s\u00e1g<\/td>\n<td style=\"text-align: center;\">\u00c1tl\u00e1tsz\u00f3 \u00fcveg, amely lehet\u0151v\u00e9 teszi a bels\u0151 l\u00e1that\u00f3s\u00e1got<\/td>\n<\/tr>\n<\/tbody>\n<\/table>\n<h2>Sikert\u00f6rt\u00e9net: Egyedi megrendel\u00e9s egy pr\u00e9mium lekv\u00e1rm\u00e1rk\u00e1t\u00f3l<\/h2>\n<p>A georgiai lekv\u00e1rgy\u00e1rt\u00f3 c\u00e9g a mi 8 unci\u00e1s, sz\u00e9les sz\u00e1j\u00fa bef\u0151ttes\u00fcvegeinket v\u00e1lasztotta, amelyeket aranyozott f\u00e9m fed\u00e9llel \u00e9s matt fel\u00fclettel l\u00e1tott el. Az egyedi \u00fcvegek kiv\u00e9teles eredm\u00e9nyt hoztak, mivel a rombuszminta \u00e9s a matt fel\u00fclet 30%-kal n\u00f6velte a polcokon val\u00f3 l\u00e1that\u00f3s\u00e1got \u00e9s 65%-kal az ism\u00e9telt v\u00e1s\u00e1rl\u00e1sok sz\u00e1m\u00e1t. Ezt k\u00f6vet\u0151en t\u00f6bb mint 450 000 bef\u0151ttes\u00fcveget rendeltek \u00faj term\u00e9kcsal\u00e1djukhoz.<\/p>\n<h2>Testreszab\u00e1si javaslatok sz\u00e9les sz\u00e1j\u00fa bef\u0151ttes\u00fcvegekhez<\/h2>\n<ul>\n<li>Mintav\u00e1ltozatok: K\u00e9sz\u00edtsen k\u00fcl\u00f6nb\u00f6z\u0151 dombornyomott mint\u00e1kat, amelyek magukban foglalnak m\u00e9hsejt, vir\u00e1gos, geometrikus \u00e9s egyedi text\u00far\u00e1kat.<\/li>\n<li>Sz\u00ednes fed\u00e9lgy\u0171r\u0171k: A term\u00e9k t\u00f6bbf\u00e9le bevonatos f\u00e9mgy\u0171r\u0171t k\u00edn\u00e1l, t\u00f6bbek k\u00f6z\u00f6tt r\u00e9z, roz\u00e9arany \u00e9s fekete sz\u00ednben, hogy illeszkedjen mind az \u00fcvegekhez, mind a c\u00edmk\u00e9khez.<\/li>\n<li>Be\u00e9p\u00edtett sk\u00e1l\u00e1z\u00e1s: Az \u00fcvegkancs\u00f3 dombornyomott sk\u00e1l\u00e1val rendelkezik, amely unci\u00e1t \u00e9s millilitert mutat azoknak a felhaszn\u00e1l\u00f3knak, akiknek f\u0151z\u00e9shez, s\u00fct\u00e9shez \u00e9s k\u00e9zm\u0171vesked\u00e9shez sz\u00fcks\u00e9g\u00fck van m\u00e9rt\u00e9kegys\u00e9gre.<\/li>\n<\/ul>","protected":false},"excerpt":{"rendered":"<p>Sz\u00e9les sz\u00e1j\u00fa bef\u0151ttes\u00fcveg dombornyomott gy\u00e9m\u00e1nt mint\u00e1zattal \u00e9s f\u00e9m fed\u00e9llel. 227 ml-es sz\u00e9les sz\u00e1j\u00fa bef\u0151ttes\u00fcvegek aj\u00e1nd\u00e9kba, t\u00e1rol\u00e1sra \u00e9s dekor\u00e1ci\u00f3hoz. Egyedi m\u00e1rkajelz\u00e9s t\u00e1mogat\u00e1s\u00e1val.<\/p>","protected":false},"featured_media":16959,"template":"","meta":[],"product_brand":[],"product_cat":[84,83,20],"product_tag":[],"class_list":{"0":"post-16945","1":"product","2":"type-product","3":"status-publish","4":"has-post-thumbnail","6":"product_cat-mason-jars","7":"product_cat-glass-jars","8":"product_cat-glass-containers","10":"first","11":"instock","12":"shipping-taxable","13":"product-type-grouped"},"jetpack_sharing_enabled":true,"_links":{"self":[{"href":"https:\/\/yebodaglass.com\/hu\/wp-json\/wp\/v2\/product\/16945","targetHints":{"allow":["GET"]}}],"collection":[{"href":"https:\/\/yebodaglass.com\/hu\/wp-json\/wp\/v2\/product"}],"about":[{"href":"https:\/\/yebodaglass.com\/hu\/wp-json\/wp\/v2\/types\/product"}],"version-history":[{"count":5,"href":"https:\/\/yebodaglass.com\/hu\/wp-json\/wp\/v2\/product\/16945\/revisions"}],"predecessor-version":[{"id":25736,"href":"https:\/\/yebodaglass.com\/hu\/wp-json\/wp\/v2\/product\/16945\/revisions\/25736"}],"wp:featuredmedia":[{"embeddable":true,"href":"https:\/\/yebodaglass.com\/hu\/wp-json\/wp\/v2\/media\/16959"}],"wp:attachment":[{"href":"https:\/\/yebodaglass.com\/hu\/wp-json\/wp\/v2\/media?parent=16945"}],"wp:term":[{"taxonomy":"product_brand","embeddable":true,"href":"https:\/\/yebodaglass.com\/hu\/wp-json\/wp\/v2\/product_brand?post=16945"},{"taxonomy":"product_cat","embeddable":true,"href":"https:\/\/yebodaglass.com\/hu\/wp-json\/wp\/v2\/product_cat?post=16945"},{"taxonomy":"product_tag","embeddable":true,"href":"https:\/\/yebodaglass.com\/hu\/wp-json\/wp\/v2\/product_tag?post=16945"}],"curies":[{"name":"wp","href":"https:\/\/api.w.org\/{rel}","templated":true}]}}