{"id":16894,"date":"2025-07-14T13:11:18","date_gmt":"2025-07-14T05:11:18","guid":{"rendered":"https:\/\/yebodaglass.com\/?post_type=product&#038;p=16894"},"modified":"2026-03-25T14:14:13","modified_gmt":"2026-03-25T06:14:13","slug":"wholesale-16-oz-32-oz-clear-swing-top-glass-bottles","status":"publish","type":"product","link":"https:\/\/yebodaglass.com\/hu\/termek\/wholesale-16-oz-32-oz-clear-swing-top-glass-bottles\/","title":{"rendered":"Nagykereskedelmi 16 oz-os 32 oz-os \u00e1tl\u00e1tsz\u00f3 leng\u0151tetej\u0171 \u00fcvegpalackok"},"content":{"rendered":"<p>Ezek a kerek, billen\u0151 tetej\u0171 \u00fcvegpalackok krist\u00e1lytiszta \u00fcvegb\u0151l k\u00e9sz\u00fcltek. F\u0151 jellemz\u0151j\u00fck a csukl\u00f3s f\u00e9m dr\u00f3tcsat, amely r\u00f6gz\u00edti a piros-feh\u00e9r cs\u00edkos gumit\u00f6m\u00edt\u00e9s\u0171 ker\u00e1mia dug\u00f3t. A kialak\u00edt\u00e1s er\u0151s, l\u00e9gmentes z\u00e1r\u00e1st biztos\u00edt, ugyanakkor k\u00f6nnyen nyithat\u00f3 \u00e9s z\u00e1rhat\u00f3.<\/p>\n<h2>Kiemelt szerepl\u0151k<\/h2>\n<ul>\n<li><strong>Csavaros kupak t\u00f6m\u00edt\u00e9s:<\/strong> Gomb A f\u00e9m patentgomb z\u00e1rja a gumit\u00f6m\u00edt\u00e9st, \u00edgy biztos\u00edtva a j\u00f3 \u00e9s \u00fajrafelhaszn\u00e1lhat\u00f3 t\u00f6m\u00edt\u00e9st.<\/li>\n<li><strong>Tiszta hengeres kialak\u00edt\u00e1s:<\/strong> Az egyenes oldal\u00fa \u00fcvegpalack robusztus, k\u00f6nnyen moshat\u00f3 \u00e9s \u00e1tl\u00e1tsz\u00f3.<\/li>\n<li><strong>F\u00e9m szerelv\u00e9nyek:<\/strong> A nagy szil\u00e1rds\u00e1g\u00fa f\u00e9m zsan\u00e9r \u00e9s a gumibor\u00edt\u00e1s\u00fa ker\u00e1mia dug\u00f3 garant\u00e1lja a szerelv\u00e9ny hossz\u00fa \u00e9lettartam\u00e1t.<\/li>\n<\/ul>\n<h2 style=\"text-align: left;\">F\u0151bb specifik\u00e1ci\u00f3k<\/h2>\n<table class=\"aligncenter\" style=\"border-collapse: collapse; width: 303.77pt;\" border=\"0\" width=\"405\" cellspacing=\"0\" cellpadding=\"0\">\n<tbody>\n<tr style=\"height: 13.50pt;\">\n<td style=\"height: 13.50pt; width: 99.75pt;\" width=\"133\" height=\"18\">Param\u00e9ter<\/td>\n<td style=\"width: 204.00pt;\" width=\"272\">Le\u00edr\u00e1s<\/td>\n<\/tr>\n<tr style=\"height: 13.50pt;\">\n<td style=\"height: 13.50pt;\" height=\"18\">Kapacit\u00e1s<\/td>\n<td>500 ml (16 uncia) \/ 1000 ml (32 uncia)<\/td>\n<\/tr>\n<tr style=\"height: 13.50pt;\">\n<td style=\"height: 13.50pt;\" height=\"18\">Csomagol\u00e1si m\u00e9ret<\/td>\n<td>9,3 * 6,3 * 10,6 h\u00fcvelyk \/ 7,3 * 7,3 * 12,4 h\u00fcvelyk<\/td>\n<\/tr>\n<tr style=\"height: 13.50pt;\">\n<td style=\"height: 13.50pt;\" height=\"18\">Csomagol\u00e1si mennyis\u00e9g<\/td>\n<td>6 db\/doboz; 4 db\/doboz<\/td>\n<\/tr>\n<tr style=\"height: 13.50pt;\">\n<td style=\"height: 13.50pt;\" height=\"18\">Anyag<\/td>\n<td>100%-ban \u00fajrahasznos\u00edthat\u00f3 \u00f3lommentes \u00fcveg<\/td>\n<\/tr>\n<tr style=\"height: 13.50pt;\">\n<td style=\"height: 13.50pt;\" height=\"18\">Kupak t\u00edpusa<\/td>\n<td>Felpattinthat\u00f3 tet\u0151 gumit\u00f6m\u00edt\u00e9ssel<\/td>\n<\/tr>\n<\/tbody>\n<\/table>\n<h2>Sikert\u00f6rt\u00e9net: Egy \u00faj-angliai juharszirup-gy\u00e1rt\u00f3 n\u00f6veked\u00e9se<\/h2>\n<p>Egy \u00faj-angliai juharszirup-gy\u00e1rt\u00f3 kiv\u00e1lasztott egy 1 literes billen\u0151tet\u0151s palackunkat, aki ezut\u00e1n egy ny\u00edrf\u00e1ra nyomtatott mint\u00e1t \u00e9s egy barna gumiz\u00e1rat adott r\u00e1. A z\u00e1r h\u00e1romszoros\u00e1ra n\u00f6velte a juharszirup eltarthat\u00f3s\u00e1g\u00e1t, az \u00e1tl\u00e1tsz\u00f3 \u00fcveg pedig azt jelentette, hogy a v\u00e1s\u00e1rl\u00f3k k\u00f6nnyen megfigyelhett\u00e9k a term\u00e9k tisztas\u00e1g\u00e1t, \u00edgy az elad\u00e1sok 20 sz\u00e1zal\u00e9kkal n\u0151ttek. A v\u00e1llalat annyira el\u00e9gedett lett a term\u00e9kkel, hogy \u00fajabb 100 000 palackos rendel\u00e9st adott le \u00fajonnan bevezetett \u00edzes\u00edtett szirupjaikb\u00f3l \u00e9s aj\u00e1nd\u00e9kk\u00e9szleteikb\u0151l.<\/p>\n<h2>Swing Top \u00fcvegpalackok szem\u00e9lyre szab\u00e1sa<\/h2>\n<ul>\n<li>Klipsz \u00e9s dr\u00f3t anyagok: K\u00e9sz\u00fclhet horganyzott ac\u00e9lb\u00f3l, fekete bevonattal, r\u00e9zb\u0151l vagy antik s\u00e1rgar\u00e9zb\u0151l.<\/li>\n<li>\u00dctk\u00f6z\u0151- \u00e9s t\u00f6m\u00edt\u0151gy\u0171r\u0171 sz\u00ednei: A t\u00f6m\u00edt\u0151gy\u0171r\u0171 sz\u00edne \u00e9s a dug\u00f3 anyaga testreszabhat\u00f3 (ker\u00e1mia, m\u0171anyag).<\/li>\n<li>Integr\u00e1lt erjeszt\u00e9si v\u00e1kuumszelep: Speci\u00e1lis dug\u00f3val rendelkezik, amely testreszabott v\u00edzb\u00e1zis\u00fa vagy szelepes szeleppel rendelkezik, hogy k\u00f6nnyen haszn\u00e1lhat\u00f3 legyen otthoni s\u00f6rf\u0151z\u00e9si erjeszt\u00e9s sor\u00e1n.<\/li>\n<\/ul>","protected":false},"excerpt":{"rendered":"<p data-start=\"40\" data-end=\"220\">\u00c1tl\u00e1tsz\u00f3, billen\u0151tet\u0151s \u00fcvegpalackok biztons\u00e1gos, szor\u00edt\u00f3s tet\u0151vel a sziv\u00e1rg\u00e1smentes t\u00e1rol\u00e1s \u00e9rdek\u00e9ben. T\u00f6k\u00e9letes italokhoz \u00e9s folyad\u00e9kokhoz. K\u00f6zvetlen gy\u00e1ri sz\u00e1ll\u00edt\u00e1s, nagykereskedelmi kedvezm\u00e9nyekkel.<\/p>","protected":false},"featured_media":16911,"template":"","meta":[],"product_brand":[],"product_cat":[81,80,20],"product_tag":[],"class_list":{"0":"post-16894","1":"product","2":"type-product","3":"status-publish","4":"has-post-thumbnail","6":"product_cat-flip-top-bottles","7":"product_cat-glass-bottles","8":"product_cat-glass-containers","10":"first","11":"instock","12":"shipping-taxable","13":"product-type-grouped"},"jetpack_sharing_enabled":true,"_links":{"self":[{"href":"https:\/\/yebodaglass.com\/hu\/wp-json\/wp\/v2\/product\/16894","targetHints":{"allow":["GET"]}}],"collection":[{"href":"https:\/\/yebodaglass.com\/hu\/wp-json\/wp\/v2\/product"}],"about":[{"href":"https:\/\/yebodaglass.com\/hu\/wp-json\/wp\/v2\/types\/product"}],"version-history":[{"count":5,"href":"https:\/\/yebodaglass.com\/hu\/wp-json\/wp\/v2\/product\/16894\/revisions"}],"predecessor-version":[{"id":25602,"href":"https:\/\/yebodaglass.com\/hu\/wp-json\/wp\/v2\/product\/16894\/revisions\/25602"}],"wp:featuredmedia":[{"embeddable":true,"href":"https:\/\/yebodaglass.com\/hu\/wp-json\/wp\/v2\/media\/16911"}],"wp:attachment":[{"href":"https:\/\/yebodaglass.com\/hu\/wp-json\/wp\/v2\/media?parent=16894"}],"wp:term":[{"taxonomy":"product_brand","embeddable":true,"href":"https:\/\/yebodaglass.com\/hu\/wp-json\/wp\/v2\/product_brand?post=16894"},{"taxonomy":"product_cat","embeddable":true,"href":"https:\/\/yebodaglass.com\/hu\/wp-json\/wp\/v2\/product_cat?post=16894"},{"taxonomy":"product_tag","embeddable":true,"href":"https:\/\/yebodaglass.com\/hu\/wp-json\/wp\/v2\/product_tag?post=16894"}],"curies":[{"name":"wp","href":"https:\/\/api.w.org\/{rel}","templated":true}]}}