{"id":16805,"date":"2025-07-11T10:47:25","date_gmt":"2025-07-11T02:47:25","guid":{"rendered":"https:\/\/yebodaglass.com\/?post_type=product&#038;p=16805"},"modified":"2026-03-11T15:06:00","modified_gmt":"2026-03-11T07:06:00","slug":"clear-glass-jam-jars-with-metal-lids-wholesale","status":"publish","type":"product","link":"https:\/\/yebodaglass.com\/hu\/termek\/clear-glass-jam-jars-with-metal-lids-wholesale\/","title":{"rendered":"16 oz-os \u00e1tl\u00e1tsz\u00f3 \u00fcveg bef\u0151ttes\u00fcvegek f\u00e9m fed\u00e9llel, nagykereskedelem"},"content":{"rendered":"<div data-elementor-type=\"wp-post\" data-elementor-id=\"16805\" class=\"elementor elementor-16805\" data-elementor-settings=\"{&quot;ha_cmc_init_switcher&quot;:&quot;no&quot;}\" data-elementor-post-type=\"product\">\n\t\t\t\t<div class=\"elementor-element elementor-element-bb0d695 e-flex e-con-boxed e-con e-parent\" data-id=\"bb0d695\" data-element_type=\"container\" data-e-type=\"container\" data-settings=\"{&quot;_ha_eqh_enable&quot;:false}\">\n\t\t\t\t\t<div class=\"e-con-inner\">\n\t\t\t\t<div class=\"elementor-element elementor-element-732f179 elementor-widget elementor-widget-text-editor\" data-id=\"732f179\" data-element_type=\"widget\" data-e-type=\"widget\" data-widget_type=\"text-editor.default\">\n\t\t\t\t<div class=\"elementor-widget-container\">\n\t\t\t\t\t\t\t\t\t<p>16oz-es bef\u0151ttes\u00fcvegeink kerek, enyh\u00e9n dudoros kialak\u00edt\u00e1s\u00faak, er\u0151s f\u00e9m csavaros fed\u00e9llel. Ezek az \u00fcvegbef\u0151ttes\u00fcvegek t\u00f6k\u00e9letesek lekv\u00e1r, zsel\u00e9, m\u00e1rt\u00e1s, sz\u00f3sz vagy b\u00e1rmilyen h\u00e1zi k\u00e9sz\u00edt\u00e9s\u0171 term\u00e9k t\u00e1rol\u00e1s\u00e1ra. Az \u00fcveg \u00e9l\u00e9nk anyagb\u00f3l k\u00e9sz\u00fclt, amely a funkcionalit\u00e1st \u00f6tv\u00f6zi a letisztult, klasszikus megjelen\u00e9ssel, \u00edgy ide\u00e1lis mind az otthoni konyh\u00e1ba, mind az \u00fczletekbe.<\/p>\t\t\t\t\t\t\t\t<\/div>\n\t\t\t\t<\/div>\n\t\t\t\t<div class=\"elementor-element elementor-element-54c8d6c elementor-widget elementor-widget-heading\" data-id=\"54c8d6c\" data-element_type=\"widget\" data-e-type=\"widget\" data-widget_type=\"heading.default\">\n\t\t\t\t<div class=\"elementor-widget-container\">\n\t\t\t\t\t<h2 class=\"elementor-heading-title elementor-size-default\">F\u0151bb specifik\u00e1ci\u00f3k<\/h2>\t\t\t\t<\/div>\n\t\t\t\t<\/div>\n\t\t\t\t<div class=\"elementor-element elementor-element-14509d8 elementor-widget elementor-widget-text-editor\" data-id=\"14509d8\" data-element_type=\"widget\" data-e-type=\"widget\" data-widget_type=\"text-editor.default\">\n\t\t\t\t<div class=\"elementor-widget-container\">\n\t\t\t\t\t\t\t\t\t<table style=\"border-collapse: collapse; margin-left: auto; margin-right: auto; width: 80%;\" border=\"0\" width=\"468\" cellspacing=\"0\" cellpadding=\"0\"><tbody><tr style=\"height: 13.50pt;\"><td style=\"height: 13.50pt; width: 120.00pt;\" width=\"160\" height=\"18\">Param\u00e9ter<\/td><td style=\"width: 231.00pt;\" width=\"308\">Le\u00edr\u00e1s<\/td><\/tr><tr style=\"height: 13.50pt;\"><td style=\"height: 13.50pt;\" height=\"18\">Kapacit\u00e1s<\/td><td>500 ml \/ 16 uncia<\/td><\/tr><tr style=\"height: 13.50pt;\"><td style=\"height: 13.50pt;\" height=\"18\">Csomag mennyis\u00e9ge<\/td><td>12 db dobozonk\u00e9nt<\/td><\/tr><tr style=\"height: 13.50pt;\"><td style=\"height: 13.50pt;\" height=\"18\">Anyag<\/td><td>\u00d3lommentes \u00fcveg<\/td><\/tr><tr style=\"height: 13.50pt;\"><td style=\"height: 13.50pt;\" height=\"18\">Sz\u00e1j\u00e1tm\u00e9r\u0151<\/td><td>6,9 cm \/ 2,72 h\u00fcvelyk<\/td><\/tr><tr style=\"height: 13.50pt;\"><td style=\"height: 13.50pt;\" height=\"18\">Test \u00e1tm\u00e9r\u0151je<\/td><td>8,5 cm \/ 3,35 h\u00fcvelyk<\/td><\/tr><tr style=\"height: 13.50pt;\"><td style=\"height: 13.50pt;\" height=\"18\">Magass\u00e1g<\/td><td>12,8 cm \/ 5,04 h\u00fcvelyk<\/td><\/tr><tr style=\"height: 13.50pt;\"><td style=\"height: 13.50pt;\" height=\"18\">T\u00f6m\u00edt\u00e9s t\u00edpusa<\/td><td>F\u00e9m csavaros fed\u00e9l<\/td><\/tr><\/tbody><\/table>\t\t\t\t\t\t\t\t<\/div>\n\t\t\t\t<\/div>\n\t\t\t\t\t<\/div>\n\t\t\t\t<\/div>\n\t\t<div class=\"elementor-element elementor-element-55e31eb e-flex e-con-boxed e-con e-parent\" data-id=\"55e31eb\" data-element_type=\"container\" data-e-type=\"container\" data-settings=\"{&quot;_ha_eqh_enable&quot;:false}\">\n\t\t\t\t\t<div class=\"e-con-inner\">\n\t\t\t\t<div class=\"elementor-element elementor-element-fc0900e elementor-widget elementor-widget-heading\" data-id=\"fc0900e\" data-element_type=\"widget\" data-e-type=\"widget\" data-widget_type=\"heading.default\">\n\t\t\t\t<div class=\"elementor-widget-container\">\n\t\t\t\t\t<h2 class=\"elementor-heading-title elementor-size-default\">Kiemelt szerepl\u0151k<\/h2>\t\t\t\t<\/div>\n\t\t\t\t<\/div>\n\t\t\t\t\t<\/div>\n\t\t\t\t<\/div>\n\t\t<div class=\"elementor-element elementor-element-723cd80 e-flex e-con-boxed e-con e-parent\" data-id=\"723cd80\" data-element_type=\"container\" data-e-type=\"container\" data-settings=\"{&quot;_ha_eqh_enable&quot;:false}\">\n\t\t\t\t\t<div class=\"e-con-inner\">\n\t\t<div class=\"elementor-element elementor-element-bf4cb81 e-con-full e-flex e-con e-child\" data-id=\"bf4cb81\" data-element_type=\"container\" data-e-type=\"container\" data-settings=\"{&quot;_ha_eqh_enable&quot;:false}\">\n\t\t\t\t<div class=\"elementor-element elementor-element-202a3f6 elementor-widget elementor-widget-image\" data-id=\"202a3f6\" data-element_type=\"widget\" data-e-type=\"widget\" data-widget_type=\"image.default\">\n\t\t\t\t<div class=\"elementor-widget-container\">\n\t\t\t\t\t\t\t\t\t\t\t\t\t\t\t<img decoding=\"async\" src=\"https:\/\/yebodaglass.com\/wp-content\/uploads\/elementor\/thumbs\/5-4-r8kz92p28wq5ax8qlaapz5bm4tfpep5gwvmnr6g90g.webp\" title=\"Nagykereskedelmi 32 oz-os bef\u0151ttes\u00fcvegek hengeres kivitelben\" alt=\"Nagykereskedelmi 32 oz-os bef\u0151ttes\u00fcvegek hengeres kivitelben\" loading=\"lazy\" \/>\t\t\t\t\t\t\t\t\t\t\t\t\t\t\t<\/div>\n\t\t\t\t<\/div>\n\t\t\t\t<div class=\"elementor-element elementor-element-fc1fd2d elementor-widget elementor-widget-text-editor\" data-id=\"fc1fd2d\" data-element_type=\"widget\" data-e-type=\"widget\" data-widget_type=\"text-editor.default\">\n\t\t\t\t<div class=\"elementor-widget-container\">\n\t\t\t\t\t\t\t\t\t<p>Kiv\u00e1l\u00f3 min\u0151s\u00e9g\u0171 \u00fcveg bef\u0151ttes\u00fcvegek: Els\u0151 oszt\u00e1ly\u00fa \u00fcvegb\u0151l k\u00e9sz\u00fclt, \u00e1tl\u00e1tsz\u00f3 \u00e9s massz\u00edv, ellen\u00e1ll a h\u0151m\u00e9rs\u00e9klet-ingadoz\u00e1soknak, nem k\u00f6nnyen reped, \u00e9s kiv\u00e1l\u00f3 min\u0151s\u00e9g\u0171.<\/p>\t\t\t\t\t\t\t\t<\/div>\n\t\t\t\t<\/div>\n\t\t\t\t<\/div>\n\t\t<div class=\"elementor-element elementor-element-73418b7 e-con-full e-flex e-con e-child\" data-id=\"73418b7\" data-element_type=\"container\" data-e-type=\"container\" data-settings=\"{&quot;_ha_eqh_enable&quot;:false}\">\n\t\t\t\t<div class=\"elementor-element elementor-element-490e976 elementor-widget elementor-widget-image\" data-id=\"490e976\" data-element_type=\"widget\" data-e-type=\"widget\" data-widget_type=\"image.default\">\n\t\t\t\t<div class=\"elementor-widget-container\">\n\t\t\t\t\t\t\t\t\t\t\t\t\t\t\t<img decoding=\"async\" src=\"https:\/\/yebodaglass.com\/wp-content\/uploads\/elementor\/thumbs\/6-5-r8jh0iidgbtfzlg26a43gvb6w9cxxfmd4lm18tj6ao.webp\" title=\"Nagykereskedelmi 32 oz-os bef\u0151ttes\u00fcvegek hengeres kivitelben\" alt=\"Nagykereskedelmi 32 oz-os bef\u0151ttes\u00fcvegek hengeres kivitelben\" loading=\"lazy\" \/>\t\t\t\t\t\t\t\t\t\t\t\t\t\t\t<\/div>\n\t\t\t\t<\/div>\n\t\t\t\t<div class=\"elementor-element elementor-element-28d6163 elementor-widget elementor-widget-text-editor\" data-id=\"28d6163\" data-element_type=\"widget\" data-e-type=\"widget\" data-widget_type=\"text-editor.default\">\n\t\t\t\t<div class=\"elementor-widget-container\">\n\t\t\t\t\t\t\t\t\t<p>K\u00f6nnyen sim\u00edthat\u00f3 bels\u0151 fal: A palack bels\u0151 fala tiszta \u00e9s sorjamentes, a v\u00edzfoltok pedig egyetlen \u00f6bl\u00edt\u00e9ssel elt\u00e1vol\u00edthat\u00f3k, \u00edgy a tiszt\u00edt\u00e1s csod\u00e1latosan egyszer\u0171.<\/p>\t\t\t\t\t\t\t\t<\/div>\n\t\t\t\t<\/div>\n\t\t\t\t<\/div>\n\t\t\t\t\t<\/div>\n\t\t\t\t<\/div>\n\t\t<div class=\"elementor-element elementor-element-fc04ebb e-flex e-con-boxed e-con e-parent\" data-id=\"fc04ebb\" data-element_type=\"container\" data-e-type=\"container\" data-settings=\"{&quot;_ha_eqh_enable&quot;:false}\">\n\t\t\t\t\t<div class=\"e-con-inner\">\n\t\t<div class=\"elementor-element elementor-element-34afca3 e-con-full e-flex e-con e-child\" data-id=\"34afca3\" data-element_type=\"container\" data-e-type=\"container\" data-settings=\"{&quot;_ha_eqh_enable&quot;:false}\">\n\t\t\t\t<div class=\"elementor-element elementor-element-db07882 elementor-widget elementor-widget-image\" data-id=\"db07882\" data-element_type=\"widget\" data-e-type=\"widget\" data-widget_type=\"image.default\">\n\t\t\t\t<div class=\"elementor-widget-container\">\n\t\t\t\t\t\t\t\t\t\t\t\t\t\t\t<img decoding=\"async\" src=\"https:\/\/yebodaglass.com\/wp-content\/uploads\/elementor\/thumbs\/8-1-1-r8qmcumz53zvomh9ycam8joec0mee5e9ut6gv37hk0.webp\" title=\"Nagykereskedelmi 32 oz-os bef\u0151ttes\u00fcvegek hengeres kivitelben\" alt=\"Nagykereskedelmi 32 oz-os bef\u0151ttes\u00fcvegek hengeres kivitelben\" loading=\"lazy\" \/>\t\t\t\t\t\t\t\t\t\t\t\t\t\t\t<\/div>\n\t\t\t\t<\/div>\n\t\t\t\t<div class=\"elementor-element elementor-element-fe38982 elementor-widget elementor-widget-text-editor\" data-id=\"fe38982\" data-element_type=\"widget\" data-e-type=\"widget\" data-widget_type=\"text-editor.default\">\n\t\t\t\t<div class=\"elementor-widget-container\">\n\t\t\t\t\t\t\t\t\t<p>Lez\u00e1rt \u00e9s sziv\u00e1rg\u00e1smentes: A z\u00e1r\u00f3kupak szorosan illeszkedik a flakon sz\u00e1j\u00e1hoz, \u00edgy m\u00e9g akkor sem sziv\u00e1rog, ha kilom\u00e9tereken \u00e1t fejjel lefel\u00e9 \u00e9s r\u00e1zni kell, \u00edgy nyugodtan meg\u0151rizheted.<\/p>\t\t\t\t\t\t\t\t<\/div>\n\t\t\t\t<\/div>\n\t\t\t\t<\/div>\n\t\t<div class=\"elementor-element elementor-element-6d52589 e-con-full e-flex e-con e-child\" data-id=\"6d52589\" data-element_type=\"container\" data-e-type=\"container\" data-settings=\"{&quot;_ha_eqh_enable&quot;:false}\">\n\t\t\t\t<div class=\"elementor-element elementor-element-da95f29 elementor-widget elementor-widget-image\" data-id=\"da95f29\" data-element_type=\"widget\" data-e-type=\"widget\" data-widget_type=\"image.default\">\n\t\t\t\t<div class=\"elementor-widget-container\">\n\t\t\t\t\t\t\t\t\t\t\t\t\t\t\t<img decoding=\"async\" src=\"https:\/\/yebodaglass.com\/wp-content\/uploads\/elementor\/thumbs\/96-2-r8qmdfbfbgs6s1n8ll8eregjehsh3hod9nj5f6ctr4.webp\" title=\"Nagykereskedelmi 32 oz-os bef\u0151ttes\u00fcvegek hengeres kivitelben\" alt=\"Nagykereskedelmi 32 oz-os bef\u0151ttes\u00fcvegek hengeres kivitelben\" loading=\"lazy\" \/>\t\t\t\t\t\t\t\t\t\t\t\t\t\t\t<\/div>\n\t\t\t\t<\/div>\n\t\t\t\t<div class=\"elementor-element elementor-element-67a25ba elementor-widget elementor-widget-text-editor\" data-id=\"67a25ba\" data-element_type=\"widget\" data-e-type=\"widget\" data-widget_type=\"text-editor.default\">\n\t\t\t\t<div class=\"elementor-widget-container\">\n\t\t\t\t\t\t\t\t\t<p>Univerz\u00e1lis partner: Ez az egyszer\u0171 palack nagyon sokoldal\u00fa. Sz\u00e1raz \u00e1rukat vagy folyad\u00e9kokat is t\u00e1rolhat benne. J\u00f3l mutat \u00e9s praktikus a konyh\u00e1ban vagy a nappaliban.<\/p>\t\t\t\t\t\t\t\t<\/div>\n\t\t\t\t<\/div>\n\t\t\t\t<\/div>\n\t\t\t\t\t<\/div>\n\t\t\t\t<\/div>\n\t\t<div class=\"elementor-element elementor-element-284aded e-flex e-con-boxed e-con e-parent\" data-id=\"284aded\" data-element_type=\"container\" data-e-type=\"container\" data-settings=\"{&quot;_ha_eqh_enable&quot;:false}\">\n\t\t\t\t\t<div class=\"e-con-inner\">\n\t\t\t\t<div class=\"elementor-element elementor-element-992f613 elementor-widget elementor-widget-heading\" data-id=\"992f613\" data-element_type=\"widget\" data-e-type=\"widget\" data-widget_type=\"heading.default\">\n\t\t\t\t<div class=\"elementor-widget-container\">\n\t\t\t\t\t<h2 class=\"elementor-heading-title elementor-size-default\">Sikeres eset<\/h2>\t\t\t\t<\/div>\n\t\t\t\t<\/div>\n\t\t\t\t\t<\/div>\n\t\t\t\t<\/div>\n\t\t<div class=\"elementor-element elementor-element-8c06220 e-flex e-con-boxed e-con e-parent\" data-id=\"8c06220\" data-element_type=\"container\" data-e-type=\"container\" data-settings=\"{&quot;_ha_eqh_enable&quot;:false}\">\n\t\t\t\t\t<div class=\"e-con-inner\">\n\t\t\t\t<div class=\"elementor-element elementor-element-d2d7bab elementor-widget elementor-widget-text-editor\" data-id=\"d2d7bab\" data-element_type=\"widget\" data-e-type=\"widget\" data-widget_type=\"text-editor.default\">\n\t\t\t\t<div class=\"elementor-widget-container\">\n\t\t\t\t\t\t\t\t\t<p>Egy helyi, csal\u00e1di tulajdonban l\u00e9v\u0151 savany\u00fas\u00e1gm\u00e1rka \u00fagy d\u00f6nt\u00f6tt, hogy 470 ml-es \u00e1tl\u00e1tsz\u00f3 \u00fcveged\u00e9nyeinket haszn\u00e1lja \u00faj savany\u00fas\u00e1gm\u00e1rk\u00e1ja f\u0151 csomagol\u00e1sak\u00e9nt. A frissess\u00e9g meg\u0151rz\u00e9se \u00e9s a sz\u00e1ll\u00edt\u00e1s k\u00f6zbeni sziv\u00e1rg\u00e1s elker\u00fcl\u00e9se \u00e9rdek\u00e9ben az \u00fcvegek \u00e9lelmiszeripari min\u0151s\u00e9g\u0171 csavaros kupakkal \u00e9s meger\u0151s\u00edtett t\u00f6m\u00edt\u0151b\u00e9l\u00e9ssel rendelkeznek. Az \u00fcvegekre dombornyomott jel\u00f6l\u00e9sek \u00e9s m\u00e1rkalog\u00f3 is ker\u00fcl, hogy illeszkedjenek a sima fel\u00fclethez, \u00edgy a savany\u00fas\u00e1g \u00e9l\u00e9nk narancss\u00e1rga sz\u00edne k\u00f6nnyen l\u00e1that\u00f3 az \u00e1tl\u00e1tsz\u00f3 \u00fcvegen kereszt\u00fcl.<\/p><p>Ennek az \u00faj savany\u00fas\u00e1gterm\u00e9knek az elad\u00e1sai 36 sz\u00e1zal\u00e9kkal emelkedtek az egyedi bef\u0151ttes\u00fcvegek bevezet\u00e9se \u00f3ta, \u00e9s sz\u00e1mos region\u00e1lis kiskeresked\u0151 t\u00f6bb megrendel\u00e9st adott le. Ennek k\u00f6vetkezt\u00e9ben a v\u00e1llalat t\u00f6bb megrendel\u00e9st is leadott a termel\u00e9si ciklusok tekintet\u00e9ben.<\/p>\t\t\t\t\t\t\t\t<\/div>\n\t\t\t\t<\/div>\n\t\t\t\t<div class=\"elementor-element elementor-element-3bce01b elementor-widget elementor-widget-heading\" data-id=\"3bce01b\" data-element_type=\"widget\" data-e-type=\"widget\" data-widget_type=\"heading.default\">\n\t\t\t\t<div class=\"elementor-widget-container\">\n\t\t\t\t\t<h2 class=\"elementor-heading-title elementor-size-default\">Testreszab\u00e1si tippek<\/h2>\t\t\t\t<\/div>\n\t\t\t\t<\/div>\n\t\t\t\t<div class=\"elementor-element elementor-element-e620c8c elementor-widget elementor-widget-text-editor\" data-id=\"e620c8c\" data-element_type=\"widget\" data-e-type=\"widget\" data-widget_type=\"text-editor.default\">\n\t\t\t\t<div class=\"elementor-widget-container\">\n\t\t\t\t\t\t\t\t\t<ol><li><strong>Fed\u00e9l anyaga \u00e9s fel\u00fclete:<\/strong> V\u00e1lasszon a f\u00e9m csavaros fed\u00e9lhez k\u00fcl\u00f6nf\u00e9le fel\u00fcleteket, bele\u00e9rtve a matt fekete, arany vagy mint\u00e1s \u00f3nlemez fedeleket, hogy illeszkedjenek a m\u00e1rk\u00e1s csomagol\u00e1sok diz\u00e1jnj\u00e1hoz.<\/li><li><strong>V\u00e1kuumz\u00e1ras fed\u00e9l kialak\u00edt\u00e1sa:<\/strong> 2 darabos, szilikon t\u00f6m\u00edt\u00e9ssel ell\u00e1tott fed\u00e9llel rendelkezik, amely fokozza a term\u00e9k l\u00e9gmentes z\u00e1r\u00e1s\u00e1t savany\u00fas\u00e1gokban \u00e9s konzervekben.<\/li><li><strong>Dombornyomott log\u00f3 \u00fcvegen:<\/strong> Szem\u00e9lyre szabhatja az \u00fcveget egy dombornyomott log\u00f3val vagy m\u00e1rkajelz\u00e9ssel, amelyet tart\u00f3san v\u00e9shet az \u00fcveg test\u00e9re, \u00edgy nem kell c\u00edmk\u00e9zni az \u00fcveget.<\/li><\/ol>\t\t\t\t\t\t\t\t<\/div>\n\t\t\t\t<\/div>\n\t\t\t\t\t<\/div>\n\t\t\t\t<\/div>\n\t\t\t\t<\/div>","protected":false},"excerpt":{"rendered":"<p>470 ml-es (470 ml-es) \u00e1tl\u00e1tsz\u00f3 \u00fcveg bef\u0151ttes\u00fcvegek f\u00e9m fed\u00e9llel. T\u00f6k\u00e9letes lekv\u00e1rok, lekv\u00e1rok \u00e9s sz\u00f3szok t\u00e1rol\u00e1s\u00e1ra, l\u00e9gmentesen z\u00e1r\u00f3d\u00f3 \u00e9s klasszikus kialak\u00edt\u00e1s\u00fa.<\/p>","protected":false},"featured_media":17280,"template":"","meta":[],"product_brand":[],"product_cat":[83,20,84],"product_tag":[],"class_list":{"0":"post-16805","1":"product","2":"type-product","3":"status-publish","4":"has-post-thumbnail","6":"product_cat-glass-jars","7":"product_cat-glass-containers","8":"product_cat-mason-jars","10":"first","11":"instock","12":"shipping-taxable","13":"product-type-grouped"},"jetpack_sharing_enabled":true,"_links":{"self":[{"href":"https:\/\/yebodaglass.com\/hu\/wp-json\/wp\/v2\/product\/16805","targetHints":{"allow":["GET"]}}],"collection":[{"href":"https:\/\/yebodaglass.com\/hu\/wp-json\/wp\/v2\/product"}],"about":[{"href":"https:\/\/yebodaglass.com\/hu\/wp-json\/wp\/v2\/types\/product"}],"version-history":[{"count":5,"href":"https:\/\/yebodaglass.com\/hu\/wp-json\/wp\/v2\/product\/16805\/revisions"}],"predecessor-version":[{"id":25376,"href":"https:\/\/yebodaglass.com\/hu\/wp-json\/wp\/v2\/product\/16805\/revisions\/25376"}],"wp:featuredmedia":[{"embeddable":true,"href":"https:\/\/yebodaglass.com\/hu\/wp-json\/wp\/v2\/media\/17280"}],"wp:attachment":[{"href":"https:\/\/yebodaglass.com\/hu\/wp-json\/wp\/v2\/media?parent=16805"}],"wp:term":[{"taxonomy":"product_brand","embeddable":true,"href":"https:\/\/yebodaglass.com\/hu\/wp-json\/wp\/v2\/product_brand?post=16805"},{"taxonomy":"product_cat","embeddable":true,"href":"https:\/\/yebodaglass.com\/hu\/wp-json\/wp\/v2\/product_cat?post=16805"},{"taxonomy":"product_tag","embeddable":true,"href":"https:\/\/yebodaglass.com\/hu\/wp-json\/wp\/v2\/product_tag?post=16805"}],"curies":[{"name":"wp","href":"https:\/\/api.w.org\/{rel}","templated":true}]}}