{"id":16755,"date":"2025-07-10T17:05:59","date_gmt":"2025-07-10T09:05:59","guid":{"rendered":"https:\/\/yebodaglass.com\/?post_type=product&#038;p=16755"},"modified":"2026-04-09T15:56:47","modified_gmt":"2026-04-09T07:56:47","slug":"wholesale-12-oz-premium-clear-flip-top-bottles-for-kombucha","status":"publish","type":"product","link":"https:\/\/yebodaglass.com\/hu\/wholesale-12-oz-premium-clear-flip-top-bottles-for-kombucha\/","title":{"rendered":"Nagykereskedelmi 12 oz-os \u00e1tl\u00e1tsz\u00f3, flip tetej\u0171 kombucha palackok"},"content":{"rendered":"<p>A kombucha pattint\u00f3s tetej\u0171 palackjai hagyom\u00e1nyos k\u00f6nnycsepp form\u00e1t \u00e9s modern, k\u00fapos szerkezetet alkalmaznak. Az \u00fcvegek ultra-tiszta, \u00e9lelmiszeripari min\u0151s\u00e9g\u0171 \u00fcvegb\u0151l k\u00e9sz\u00fcltek, amelyet rozsdamentes ac\u00e9l csavaros kupakkal kombin\u00e1ltak, \u00e9s amely piros szilikon t\u00f6m\u00edt\u0151gy\u0171r\u0171vel rendelkezik a sziv\u00e1rg\u00e1s elleni l\u00e9gmentes v\u00e9delem \u00e9rdek\u00e9ben.<\/p>\n<h2>Kiemelt szerepl\u0151k<\/h2>\n<ul>\n<li><strong>K\u00f6nnycsepp alak\u00fa, sz\u0171k\u00fcl\u0151 der\u00e9k:<\/strong> A k\u00fapos der\u00e9k\u00fa, k\u00f6nnycsepp alak\u00fa ruha eleg\u00e1ns, k\u00f6nnyen tarthat\u00f3 \u00e9s \u00f6nthet\u0151.<\/li>\n<li><strong>R\u00e1pattinthat\u00f3 t\u00f6m\u00edt\u00e9s kialak\u00edt\u00e1sa:<\/strong> R\u00e1pattinthat\u00f3 kialak\u00edt\u00e1s szilikon t\u00f6m\u00edt\u0151dug\u00f3val: a f\u00e9m r\u00e1pattinthat\u00f3 kialak\u00edt\u00e1shoz szilikon t\u00f6m\u00edt\u0151dug\u00f3t adtak a k\u00f6nny\u0171 nyit\u00e1s \u00e9s z\u00e1r\u00e1s, valamint a kiv\u00e1l\u00f3 t\u00f6m\u00edt\u00e9si teljes\u00edtm\u00e9ny \u00e9rdek\u00e9ben.<\/li>\n<li><strong>Nagy \u00e1tl\u00e1tsz\u00f3s\u00e1g\u00fa \u00fcveg \u00c9lelmiszeripari min\u0151s\u00e9g\u0171 \u00fcveg:<\/strong> Ez a palack \u00e9lelmiszeripari min\u0151s\u00e9g\u0171, nagy \u00e1tl\u00e1tsz\u00f3s\u00e1g\u00fa \u00fcvegb\u0151l k\u00e9sz\u00fclt, \u00e1tl\u00e1tsz\u00f3, tiszta, biztons\u00e1gos, szagtalan \u00e9s korr\u00f3zi\u00f3\u00e1ll\u00f3 mind savakkal, mind l\u00fagokkal szemben.<\/li>\n<\/ul>\n<h2 style=\"text-align: left;\">F\u0151bb specifik\u00e1ci\u00f3k<\/h2>\n<table class=\"aligncenter\" style=\"border-collapse: collapse; width: 529.52pt;\" border=\"0\" width=\"706\" cellspacing=\"0\" cellpadding=\"0\">\n<tbody>\n<tr style=\"height: 13.50pt;\">\n<td style=\"height: 13.50pt; width: 117.75pt;\" width=\"157\" height=\"18\">Specifik\u00e1ci\u00f3<\/td>\n<td style=\"width: 411.75pt;\" width=\"549\">R\u00e9szletek<\/td>\n<\/tr>\n<tr style=\"height: 13.50pt;\">\n<td style=\"height: 13.50pt;\" height=\"18\">Kapacit\u00e1s<\/td>\n<td>350 ml<\/td>\n<\/tr>\n<tr style=\"height: 13.50pt;\">\n<td style=\"height: 13.50pt;\" height=\"18\">Csomagol\u00e1si m\u00e9retek<\/td>\n<td>9,4 * 8,6 * 6,1 h\u00fcvelyk<\/td>\n<\/tr>\n<tr style=\"height: 13.50pt;\">\n<td style=\"height: 13.50pt;\" height=\"18\">Anyag<\/td>\n<td>\u00d3lommentes \u00fcveg<\/td>\n<\/tr>\n<tr style=\"height: 13.50pt;\">\n<td style=\"height: 13.50pt;\" height=\"18\">Csomagol\u00e1si mennyis\u00e9g<\/td>\n<td>6 palack kartononk\u00e9nt<\/td>\n<\/tr>\n<tr style=\"height: 13.50pt;\">\n<td style=\"height: 13.50pt;\" height=\"18\">Megjelen\u00e9s<\/td>\n<td>\u00c1tl\u00e1tsz\u00f3, karcs\u00fa \u00e9s \u00edvelt palacktest<\/td>\n<\/tr>\n<tr style=\"height: 13.50pt;\">\n<td style=\"height: 13.50pt;\" height=\"18\">T\u00f6m\u00edt\u0151mechanizmus<\/td>\n<td style=\"text-align: left;\">\u00c1tl\u00e1tsz\u00f3, csukl\u00f3s \u00fcvegdug\u00f3, alj\u00e1n piros t\u00f6m\u00edt\u0151gy\u0171r\u0171vel<\/td>\n<\/tr>\n<\/tbody>\n<\/table>\n<h2>Sikert\u00f6rt\u00e9net: Egyedi megrendel\u00e9s egy kanadai k\u00e9zm\u0171ves ecetm\u00e1rk\u00e1t\u00f3l<\/h2>\n<p>Egy Brit Kolumbi\u00e1ban m\u0171k\u00f6d\u0151 k\u00e9zm\u0171ves ecetgy\u00e1rt\u00f3 c\u00e9g a mi 500 ml-es, felpattinthat\u00f3 tetej\u0171 \u00fcveg kulacsot v\u00e1lasztotta, amely egyedi s\u00e1rgar\u00e9z bevonat\u00fa foganty\u00faval volt felszerelve. Az egyedi palack hatalmas sikert aratott: a kiv\u00e1l\u00f3 t\u00f6m\u00edt\u00e9s 20%-kal cs\u00f6kkentette a p\u00e1rolg\u00e1si vesztes\u00e9get a hossz\u00fa \u00e9rlel\u00e9si folyamat sor\u00e1n. Az eleg\u00e1ns palackdiz\u00e1jn 50%-kal n\u00f6velte az \u00e1rat. A kezdeti siker\u00fck tov\u00e1bbi 650 000 palack megrendel\u00e9s\u00e9hez vezetett, amelyre sz\u00fcks\u00e9g\u00fck volt a gy\u00f3gyn\u00f6v\u00e9nyes iv\u00f3ecet-term\u00e9kcsal\u00e1d elind\u00edt\u00e1s\u00e1hoz.<\/p>\n<h2>A Kombucha Flip Top palackjai testreszabottak<\/h2>\n<ul>\n<li>Szilikon v\u00e9d\u0151h\u00fcvely: Ez egy opcion\u00e1lis, levehet\u0151, szilikonb\u00f3l k\u00e9sz\u00fclt, inert v\u00e9d\u0151h\u00fcvelyt k\u00edn\u00e1l, amely cs\u00fasz\u00e1sg\u00e1tl\u00f3, jobb fog\u00e1st biztos\u00edt a palackon, szigetel, \u00e9s emellett \u00fct\u00e9sv\u00e9delmet is ny\u00fajt a palacknak.<\/li>\n<li>Kamp\u00f3 \u00e9s retesz: Horganyzott ac\u00e9l, fekete, r\u00e9z vagy s\u00e1rgar\u00e9z kivitelben kaphat\u00f3.<\/li>\n<li>Sz\u0171k keresztmetszet \u00e9s a t\u00f6m\u00edt\u0151gy\u0171r\u0171 sz\u00edne: Egyedi dug\u00f3 \u00e9s t\u00f6m\u00edt\u0151gy\u0171r\u0171 sz\u00edne, valamint m\u00e1rka sz\u00ednei.<\/li>\n<\/ul>","protected":false},"excerpt":{"rendered":"<p>Kiv\u00e1l\u00f3 min\u0151s\u00e9g\u0171, pattinthat\u00f3 tetej\u0171 kombucha palackok er\u0151s f\u00e9m szor\u00edt\u00f3val. Ide\u00e1lis otthoni s\u00f6rf\u0151z\u00e9shez \u00e9s csomagol\u00e1shoz. Nagykereskedelmi kedvezm\u00e9nyek \u00e9s k\u00f6zvetlen gy\u00e1ri sz\u00e1ll\u00edt\u00e1s.<\/p>","protected":false},"featured_media":17254,"template":"","meta":[],"product_brand":[],"product_cat":[81,80,20],"product_tag":[],"class_list":{"0":"post-16755","1":"product","2":"type-product","3":"status-publish","4":"has-post-thumbnail","6":"product_cat-flip-top-bottles","7":"product_cat-glass-bottles","8":"product_cat-glass-containers","10":"first","11":"instock","12":"shipping-taxable","13":"product-type-grouped"},"jetpack_sharing_enabled":true,"_links":{"self":[{"href":"https:\/\/yebodaglass.com\/hu\/wp-json\/wp\/v2\/product\/16755","targetHints":{"allow":["GET"]}}],"collection":[{"href":"https:\/\/yebodaglass.com\/hu\/wp-json\/wp\/v2\/product"}],"about":[{"href":"https:\/\/yebodaglass.com\/hu\/wp-json\/wp\/v2\/types\/product"}],"version-history":[{"count":5,"href":"https:\/\/yebodaglass.com\/hu\/wp-json\/wp\/v2\/product\/16755\/revisions"}],"predecessor-version":[{"id":25702,"href":"https:\/\/yebodaglass.com\/hu\/wp-json\/wp\/v2\/product\/16755\/revisions\/25702"}],"wp:featuredmedia":[{"embeddable":true,"href":"https:\/\/yebodaglass.com\/hu\/wp-json\/wp\/v2\/media\/17254"}],"wp:attachment":[{"href":"https:\/\/yebodaglass.com\/hu\/wp-json\/wp\/v2\/media?parent=16755"}],"wp:term":[{"taxonomy":"product_brand","embeddable":true,"href":"https:\/\/yebodaglass.com\/hu\/wp-json\/wp\/v2\/product_brand?post=16755"},{"taxonomy":"product_cat","embeddable":true,"href":"https:\/\/yebodaglass.com\/hu\/wp-json\/wp\/v2\/product_cat?post=16755"},{"taxonomy":"product_tag","embeddable":true,"href":"https:\/\/yebodaglass.com\/hu\/wp-json\/wp\/v2\/product_tag?post=16755"}],"curies":[{"name":"wp","href":"https:\/\/api.w.org\/{rel}","templated":true}]}}