{"id":16710,"date":"2025-07-10T16:27:07","date_gmt":"2025-07-10T08:27:07","guid":{"rendered":"https:\/\/yebodaglass.com\/?post_type=product&#038;p=16710"},"modified":"2026-03-25T16:22:33","modified_gmt":"2026-03-25T08:22:33","slug":"wholesale-12-oz-amber-flip-top-beer-bottles","status":"publish","type":"product","link":"https:\/\/yebodaglass.com\/hu\/wholesale-12-oz-amber-flip-top-beer-bottles\/","title":{"rendered":"Nagykereskedelmi 12 oz-os borosty\u00e1nsz\u00edn\u0171, felpattinthat\u00f3 tetej\u0171 s\u00f6r\u00f6s\u00fcvegek"},"content":{"rendered":"<p>Ezek a felpattinthat\u00f3 tetej\u0171 s\u00f6r\u00f6s\u00fcvegek hengeres, borosty\u00e1nsz\u00edn\u0171 \u00e9s egyenes fal\u00fa \u00fcvegb\u0151l k\u00e9sz\u00fclt testtel rendelkeznek, amely hat\u00e9konyan blokkolja a k\u00e1ros UV-sugarakat, \u00edgy a s\u00f6r nem lesz kellemetlen \u00edz\u0171. A kupak egy csukl\u00f3s dr\u00f3tgy\u0171r\u0171s t\u00f6m\u00edt\u00e9ssel illeszkedik, amely egy csavaros kialak\u00edt\u00e1s, amely l\u00e9gmentes z\u00e1r\u00e1st biztos\u00edt, \u00e9s legink\u00e1bb azokhoz a s\u00f6r\u00f6kh\u00f6z alkalmas, amelyek m\u00e1sodlagos erjed\u00e9se alatt \u00e1llnak a palackban.<\/p>\n<h2>Kiemelt szerepl\u0151k<\/h2>\n<ul>\n<li><strong>UV-v\u00e9d\u0151 borosty\u00e1nsz\u00edn\u0171 \u00fcveg:<\/strong> A s\u00f6t\u00e9tbarna borosty\u00e1nsz\u00edn\u0171 \u00fcveg hat\u00e9konyan blokkolja a napf\u00e9nyt, megakad\u00e1lyozza, hogy a s\u00f6r f\u00e9nynek legyen kit\u00e9ve, \u00e9s meg\u0151rizze eredeti \u00edz\u00e9t.<\/li>\n<li><strong>L\u00e9gmentesen z\u00e1r\u00f3d\u00f3 csavaros t\u00f6m\u00edt\u00e9s:<\/strong> A dr\u00f3tgy\u0171r\u0171s kupak \u00e9s a t\u00f6m\u00edtett dug\u00f3 j\u00f3, megb\u00edzhat\u00f3 \u00e9s \u00fajrafelhaszn\u00e1lhat\u00f3, szoros z\u00e1r\u00e1st biztos\u00edt, amely garant\u00e1lja a s\u00f6r sz\u00e9nsavass\u00e1g\u00e1t \u00e9s frissess\u00e9g\u00e9t.<\/li>\n<li><strong>Tart\u00f3s \u00e9s \u00fajrafelhaszn\u00e1lhat\u00f3 konstrukci\u00f3:<\/strong> A vastag \u00fcveg \u00e9s az er\u0151s szerelv\u00e9nyek c\u00e9lja, hogy tart\u00f3sak legyenek az ipari tiszt\u00edt\u00e1s \u00e9s az ism\u00e9telt \u00fajrafelhaszn\u00e1l\u00e1s sor\u00e1n.<\/li>\n<\/ul>\n<h2 style=\"text-align: left;\">F\u0151bb specifik\u00e1ci\u00f3k<\/h2>\n<table class=\"aligncenter\" style=\"border-collapse: collapse; width: 497.27pt;\" border=\"0\" width=\"663\" cellspacing=\"0\" cellpadding=\"0\">\n<tbody>\n<tr style=\"height: 13.50pt;\">\n<td style=\"height: 13.50pt; width: 144.00pt;\" width=\"192\" height=\"18\">Specifik\u00e1ci\u00f3<\/td>\n<td style=\"width: 353.25pt;\" width=\"471\">R\u00e9szletek<\/td>\n<\/tr>\n<tr style=\"height: 13.50pt;\">\n<td style=\"height: 13.50pt;\" height=\"18\">Kapacit\u00e1s<\/td>\n<td>330 ml<\/td>\n<\/tr>\n<tr style=\"height: 13.50pt;\">\n<td style=\"height: 13.50pt;\" height=\"18\">Csomagol\u00e1si m\u00e9retek<\/td>\n<td>7,7 * 7,7 * 9,3 h\u00fcvelyk<\/td>\n<\/tr>\n<tr style=\"height: 13.50pt;\">\n<td style=\"height: 13.50pt;\" height=\"18\">\u00dcveg anyag<\/td>\n<td>\u00d3lommentes \u00fcveg<\/td>\n<\/tr>\n<tr style=\"height: 13.50pt;\">\n<td style=\"height: 13.50pt;\" height=\"18\">Csomagol\u00e1si mennyis\u00e9g<\/td>\n<td>9 palack kartononk\u00e9nt<\/td>\n<\/tr>\n<tr style=\"height: 13.50pt;\">\n<td style=\"height: 13.50pt;\" height=\"18\">Sz\u00edn<\/td>\n<td>Borosty\u00e1n<\/td>\n<\/tr>\n<tr style=\"height: 13.50pt;\">\n<td style=\"height: 13.50pt;\" height=\"18\">Palack alakja<\/td>\n<td>Sima hengeres test<\/td>\n<\/tr>\n<tr style=\"height: 13.50pt;\">\n<td style=\"height: 13.50pt;\" height=\"18\">Fel\u00fcletkezel\u00e9s<\/td>\n<td>Sima \u00e9s f\u00e9nyes<\/td>\n<\/tr>\n<tr style=\"height: 13.50pt;\">\n<td style=\"height: 13.50pt;\" height=\"18\">Palackkupak<\/td>\n<td>Fekete felpattinthat\u00f3 tet\u0151<\/td>\n<\/tr>\n<tr style=\"height: 13.50pt;\">\n<td style=\"height: 13.50pt;\" height=\"18\">Palackdug\u00f3<\/td>\n<td>Feh\u00e9r ker\u00e1mia dug\u00f3<\/td>\n<\/tr>\n<tr style=\"height: 13.50pt;\">\n<td style=\"height: 13.50pt;\" height=\"18\">R\u00f6gz\u00edt\u0151 mechanizmus<\/td>\n<td>F\u00e9m dr\u00f3tbilinccsel r\u00f6gz\u00edtve<\/td>\n<\/tr>\n<\/tbody>\n<\/table>\n<h2>Sikert\u00f6rt\u00e9net<\/h2>\n<p>Az egyik michigani k\u00e9zm\u0171ves s\u00f6rf\u0151zde a mi 500 ml-es borosty\u00e1nsz\u00edn\u0171, pattint\u00f3s tetej\u0171 s\u00f6r\u00f6spalackjainkat v\u00e1lasztotta, \u00e9s ker\u00e1mianyomtat\u00e1s\u00fa koml\u00f3toboz-mint\u00e1val \u00e9s r\u00e9zbevonat\u00fa f\u00e9mfoganty\u00fakkal l\u00e1tta el az \u00fcveget. Az \u00fcvegek testreszab\u00e1s\u00e1nak fontos el\u0151nyei vannak: az \u00fajrafelhaszn\u00e1lhat\u00f3 kupakok becsl\u00e9sek szerint palackonk\u00e9nt 0,05 doll\u00e1rnyi hullad\u00e9kot takar\u00edtanak meg; az \u00fcvegek szil\u00e1rds\u00e1ga az ipari mos\u00f3g\u00e9pekben azt jelenti, hogy mos\u00e1sonk\u00e9nt kevesebb, mint 2 sz\u00e1zal\u00e9kos t\u00f6r\u00e9si ar\u00e1nyt \u00e9rnek el. Ennek a sikernek az alapj\u00e1n t\u00f6bb mint 450 000 palackot rendeltek egy \u00faj, hord\u00f3ban \u00e9rlelt savany\u00fa s\u00f6rcsal\u00e1d elind\u00edt\u00e1s\u00e1hoz, \u00e9s egy\u00fcttm\u0171k\u00f6d\u00e9st k\u00f6t\u00f6ttek egy luxus\u00e9ttereml\u00e1nccal.<\/p>\n<h2>Flip Top s\u00f6r\u00f6s\u00fcvegek testreszab\u00e1sa<\/h2>\n<ul>\n<li>Egyedi ker\u00e1mia szitanyom\u00e1s: Az \u00e1lland\u00f3, \u00e9getett c\u00edmk\u00e9k, log\u00f3k vagy mint\u00e1k k\u00f6zvetlen\u00fcl a borosty\u00e1nsz\u00edn\u0171 \u00fcvegpalackokra nyomtathat\u00f3k, hogy kiv\u00e1l\u00f3 min\u0151s\u00e9g\u0171, hagyom\u00e1nyos megjelen\u00e9st biztos\u00edtsanak a s\u00f6r\u00f6spalackokon.<\/li>\n<li>Ny\u00e9l \u00e9s parafa sz\u00ednv\u00e1laszt\u00e9k: A foganty\u00fak k\u00fcl\u00f6nb\u00f6z\u0151 fel\u00fcletkezel\u00e9ssel (fekete, s\u00e1rgar\u00e9z, cink) kaphat\u00f3k, a parafa sz\u00edne pedig a s\u00f6rf\u0151zde m\u00e1rk\u00e1j\u00e1hoz igaz\u00edthat\u00f3.<\/li>\n<li>Dombornyom\u00e1sos \u0171rtartalom\/log\u00f3: Dombor\u00edtson egy kis, dombornyomott s\u00f6rf\u0151zde log\u00f3t vagy \u0171rtartalom-jel\u00f6l\u00e9st (pl. 500ml) az \u00fcvegre, \u00edgy a m\u00e1rkaim\u00e1zs tart\u00f3san exkluz\u00edv hat\u00e1st kelt.<\/li>\n<\/ul>","protected":false},"excerpt":{"rendered":"<p data-start=\"26\" data-end=\"202\">Nagykereskedelmi 340 ml-es, borosty\u00e1nsz\u00edn\u0171, pattint\u00f3s tetej\u0171 s\u00f6r\u00f6spalackok. Tart\u00f3s, \u00fajrafelhaszn\u00e1lhat\u00f3 \u00e9s UV-sz\u0171r\u0151s \u2013 t\u00f6k\u00e9letes otthoni s\u00f6rf\u0151z\u00e9shez, k\u00e9zm\u0171ves s\u00f6r\u00f6kh\u00f6z vagy kereskedelmi s\u00f6rf\u0151zd\u00e9khez. Ingyenes mint\u00e1k.<\/p>","protected":false},"featured_media":17395,"template":"","meta":[],"product_brand":[],"product_cat":[81,80,20],"product_tag":[],"class_list":{"0":"post-16710","1":"product","2":"type-product","3":"status-publish","4":"has-post-thumbnail","6":"product_cat-flip-top-bottles","7":"product_cat-glass-bottles","8":"product_cat-glass-containers","10":"first","11":"instock","12":"shipping-taxable","13":"product-type-grouped"},"jetpack_sharing_enabled":true,"_links":{"self":[{"href":"https:\/\/yebodaglass.com\/hu\/wp-json\/wp\/v2\/product\/16710","targetHints":{"allow":["GET"]}}],"collection":[{"href":"https:\/\/yebodaglass.com\/hu\/wp-json\/wp\/v2\/product"}],"about":[{"href":"https:\/\/yebodaglass.com\/hu\/wp-json\/wp\/v2\/types\/product"}],"version-history":[{"count":5,"href":"https:\/\/yebodaglass.com\/hu\/wp-json\/wp\/v2\/product\/16710\/revisions"}],"predecessor-version":[{"id":25607,"href":"https:\/\/yebodaglass.com\/hu\/wp-json\/wp\/v2\/product\/16710\/revisions\/25607"}],"wp:featuredmedia":[{"embeddable":true,"href":"https:\/\/yebodaglass.com\/hu\/wp-json\/wp\/v2\/media\/17395"}],"wp:attachment":[{"href":"https:\/\/yebodaglass.com\/hu\/wp-json\/wp\/v2\/media?parent=16710"}],"wp:term":[{"taxonomy":"product_brand","embeddable":true,"href":"https:\/\/yebodaglass.com\/hu\/wp-json\/wp\/v2\/product_brand?post=16710"},{"taxonomy":"product_cat","embeddable":true,"href":"https:\/\/yebodaglass.com\/hu\/wp-json\/wp\/v2\/product_cat?post=16710"},{"taxonomy":"product_tag","embeddable":true,"href":"https:\/\/yebodaglass.com\/hu\/wp-json\/wp\/v2\/product_tag?post=16710"}],"curies":[{"name":"wp","href":"https:\/\/api.w.org\/{rel}","templated":true}]}}