{"id":16648,"date":"2025-07-10T14:39:34","date_gmt":"2025-07-10T06:39:34","guid":{"rendered":"https:\/\/yebodaglass.com\/?post_type=product&#038;p=16648"},"modified":"2026-04-13T15:10:20","modified_gmt":"2026-04-13T07:10:20","slug":"clear-milk-storage-bottles-with-lids-wholesale","status":"publish","type":"product","link":"https:\/\/yebodaglass.com\/hu\/clear-milk-storage-bottles-with-lids-wholesale\/","title":{"rendered":"11oz\/310ml \u00e1tl\u00e1tsz\u00f3 tejt\u00e1rol\u00f3 palackok fed\u00e9llel, nagykereskedelem"},"content":{"rendered":"<p>A hagyom\u00e1nyos \u00fcveg tejespalack kialak\u00edt\u00e1sa azt mutatja, hogy a palack nyaka keskenyebb, mint a teljes alakja. Az \u00e1tl\u00e1tsz\u00f3, \u00e9lelmiszeripari min\u0151s\u00e9g\u0171 \u00fcveg a friss gy\u00fcm\u00f6lcsl\u00e9, tej \u00e9s a h\u00e1zi k\u00e9sz\u00edt\u00e9s\u0171 italok minden sz\u00edn\u00e1rnyalat\u00e1t megjelen\u00edti.<\/p>\n<h2>Kiemelt szerepl\u0151k<\/h2>\n<ul>\n<li><strong>Retro klasszikus k\u00fapos forma:<\/strong> A retr\u00f3 tejes\u00fcveg lekerek\u00edtett, k\u00fapos kialak\u00edt\u00e1s\u00fa, amely k\u00f6nnyen felismerhet\u0151, \u00e9s k\u00fcl\u00f6nf\u00e9le italok csomagol\u00e1s\u00e1ra \u00e9s bemutat\u00e1s\u00e1ra alkalmas.<\/li>\n<li><strong>Feh\u00e9r t\u00f6m\u00edt\u0151kupak kialak\u00edt\u00e1sa:<\/strong> A feh\u00e9r z\u00e1r\u00f3kupak hat\u00e9kony t\u00f6m\u00edt\u00e9st biztos\u00edt, amely l\u00e9gmentesen z\u00e1rja le az italokat, \u00edgy azok frissek maradnak.<\/li>\n<li><strong>Sz\u00e9les sz\u00e1j\u00fa, k\u00f6nnyen t\u00f6lthet\u0151 kialak\u00edt\u00e1s:<\/strong> A term\u00e9k sz\u00e9les sz\u00e1jny\u00edl\u00e1ssal rendelkezik, amely megk\u00f6nny\u00edti a felt\u00f6lt\u00e9st \u00e9s tiszt\u00edt\u00e1st, \u00edgy otthoni, \u00e9ttermi \u00e9s kereskedelmi k\u00f6rnyezetben is haszn\u00e1lhat\u00f3.<\/li>\n<\/ul>\n<h2 style=\"text-align: left;\">F\u0151bb specifik\u00e1ci\u00f3k<\/h2>\n<table class=\"aligncenter\" style=\"border-collapse: collapse; width: 346.52pt;\" border=\"0\" width=\"462\" cellspacing=\"0\" cellpadding=\"0\">\n<tbody>\n<tr style=\"height: 13.50pt;\">\n<td style=\"height: 13.50pt; width: 152.25pt;\" width=\"203\" height=\"18\">Specifik\u00e1ci\u00f3<\/td>\n<td style=\"width: 194.25pt;\" width=\"259\">R\u00e9szletek<\/td>\n<\/tr>\n<tr style=\"height: 13.50pt;\">\n<td style=\"height: 13.50pt;\" height=\"18\">Kapacit\u00e1s<\/td>\n<td>310 ml<\/td>\n<\/tr>\n<tr style=\"height: 13.50pt;\">\n<td style=\"height: 13.50pt;\" height=\"18\">Kaliber<\/td>\n<td>1,9 h\u00fcvelyk<\/td>\n<\/tr>\n<tr style=\"height: 13.50pt;\">\n<td style=\"height: 13.50pt;\" height=\"18\">Palack test \u00e1tm\u00e9r\u0151je<\/td>\n<td>2,5 h\u00fcvelyk<\/td>\n<\/tr>\n<tr style=\"height: 13.50pt;\">\n<td style=\"height: 13.50pt;\" height=\"18\">Palack magass\u00e1ga<\/td>\n<td>6 h\u00fcvelyk<\/td>\n<\/tr>\n<tr style=\"height: 13.50pt;\">\n<td style=\"height: 13.50pt;\" height=\"18\">Anyag<\/td>\n<td>\u00d3lommentes \u00fcveg<\/td>\n<\/tr>\n<tr style=\"height: 13.50pt;\">\n<td style=\"height: 13.50pt;\" height=\"18\">Csomagol\u00e1si specifik\u00e1ci\u00f3<\/td>\n<td>9\/12 db dobozonk\u00e9nt<\/td>\n<\/tr>\n<\/tbody>\n<\/table>\n<h2>Sikert\u00f6rt\u00e9net: Egyedi megrendel\u00e9s egy k\u00f6z\u00e9pnyugati tej\u00fczemt\u0151l<\/h2>\n<p>Egy wisconsini csal\u00e1di v\u00e1llalkoz\u00e1sk\u00e9nt m\u0171k\u00f6d\u0151 tej\u00fczem a mi tejespalackunkat v\u00e1lasztotta, \u00e9s saj\u00e1t, egyedi diz\u00e1jnt adott hozz\u00e1 dombornyomott farmlog\u00f3val \u00e9s barna \u00fcveggel. Az egyedi \u00fcveg tejespalack nagy sikert aratott, mert diz\u00e1jnja nosztalgi\u00e1t id\u00e9zett, \u00e9s a helyi v\u00e1s\u00e1rl\u00f3k\u00f6z\u00f6ns\u00e9get is felkeltette. A barna \u00fcveg diz\u00e1jnja 20 sz\u00e1zal\u00e9kkal meghosszabb\u00edtotta a tejsz\u00ednes tej eltarthat\u00f3s\u00e1g\u00e1t, ami a h\u00e1zhozsz\u00e1ll\u00edt\u00e1si el\u0151fizet\u00e9sek 40 sz\u00e1zal\u00e9kos n\u00f6veked\u00e9s\u00e9hez vezetett. A v\u00e1llalat az els\u0151 rendel\u00e9s ut\u00e1n 380 000 palackra n\u00f6velte a megrendel\u00e9s\u00e9t, mert be akart\u00e1k vezetni \u00faj \u00edzes\u00edtett tejterm\u00e9keiket.<\/p>\n<h2>\u00dcveg tejespalack testreszab\u00e1si javaslatok<\/h2>\n<ul>\n<li>A c\u00e9g t\u00f6bbf\u00e9le kupak sz\u00ednv\u00e1laszt\u00e9kot k\u00edn\u00e1l aranyozott pecs\u00e9tekkel \u00e9s hagyom\u00e1nyos kartondug\u00f3val, amelyek autentikus vintage megjelen\u00e9st k\u00f6lcs\u00f6n\u00f6znek.<\/li>\n<li>A sz\u00f6gletes \u00fcveg kialak\u00edt\u00e1sa modern, helytakar\u00e9kos megold\u00e1st k\u00edn\u00e1l, amely a hagyom\u00e1nyos, sz\u00f6gletes tejes\u00fcveg form\u00e1j\u00e1t haszn\u00e1lja.<\/li>\n<li>A c\u00e9g egyedi kartonb\u00f3l k\u00e9sz\u00fclt foganty\u00fakat, valamint szilikonh\u00fcvelyeket k\u00edn\u00e1l, amelyek jav\u00edtj\u00e1k a szigetel\u00e9st \u00e9s a fog\u00e1steljes\u00edtm\u00e9nyt.<\/li>\n<\/ul>","protected":false},"excerpt":{"rendered":"<p>Pr\u00e9mium min\u0151s\u00e9g\u0171 tejt\u00e1rol\u00f3 palackok tart\u00f3s \u00fcveggel \u00e9s biztons\u00e1gos tet\u0151vel. Tejes palack, t\u00f6k\u00e9letes otthoni vagy kereskedelmi haszn\u00e1latra. Egyedi m\u00e1rkajelz\u00e9si lehet\u0151s\u00e9gek t\u00e1mogat\u00e1s\u00e1val. Ingyenes mint\u00e1k.<\/p>","protected":false},"featured_media":17269,"template":"","meta":[],"product_brand":[],"product_cat":[82,80,20],"product_tag":[],"class_list":{"0":"post-16648","1":"product","2":"type-product","3":"status-publish","4":"has-post-thumbnail","6":"product_cat-milk-bottles","7":"product_cat-glass-bottles","8":"product_cat-glass-containers","10":"first","11":"instock","12":"shipping-taxable","13":"product-type-grouped"},"jetpack_sharing_enabled":true,"_links":{"self":[{"href":"https:\/\/yebodaglass.com\/hu\/wp-json\/wp\/v2\/product\/16648","targetHints":{"allow":["GET"]}}],"collection":[{"href":"https:\/\/yebodaglass.com\/hu\/wp-json\/wp\/v2\/product"}],"about":[{"href":"https:\/\/yebodaglass.com\/hu\/wp-json\/wp\/v2\/types\/product"}],"version-history":[{"count":5,"href":"https:\/\/yebodaglass.com\/hu\/wp-json\/wp\/v2\/product\/16648\/revisions"}],"predecessor-version":[{"id":25764,"href":"https:\/\/yebodaglass.com\/hu\/wp-json\/wp\/v2\/product\/16648\/revisions\/25764"}],"wp:featuredmedia":[{"embeddable":true,"href":"https:\/\/yebodaglass.com\/hu\/wp-json\/wp\/v2\/media\/17269"}],"wp:attachment":[{"href":"https:\/\/yebodaglass.com\/hu\/wp-json\/wp\/v2\/media?parent=16648"}],"wp:term":[{"taxonomy":"product_brand","embeddable":true,"href":"https:\/\/yebodaglass.com\/hu\/wp-json\/wp\/v2\/product_brand?post=16648"},{"taxonomy":"product_cat","embeddable":true,"href":"https:\/\/yebodaglass.com\/hu\/wp-json\/wp\/v2\/product_cat?post=16648"},{"taxonomy":"product_tag","embeddable":true,"href":"https:\/\/yebodaglass.com\/hu\/wp-json\/wp\/v2\/product_tag?post=16648"}],"curies":[{"name":"wp","href":"https:\/\/api.w.org\/{rel}","templated":true}]}}