{"id":16622,"date":"2025-07-10T13:37:41","date_gmt":"2025-07-10T05:37:41","guid":{"rendered":"https:\/\/yebodaglass.com\/?post_type=product&#038;p=16622"},"modified":"2026-03-11T13:58:10","modified_gmt":"2026-03-11T05:58:10","slug":"round-glass-mason-jars-for-jam-wholesale","status":"publish","type":"product","link":"https:\/\/yebodaglass.com\/hu\/termek\/round-glass-mason-jars-for-jam-wholesale\/","title":{"rendered":"10oz-os kerek \u00fcveges bef\u0151ttes\u00fcvegek lekv\u00e1r nagykereskedelemhez"},"content":{"rendered":"<div data-elementor-type=\"wp-post\" data-elementor-id=\"16622\" class=\"elementor elementor-16622\" data-elementor-settings=\"{&quot;ha_cmc_init_switcher&quot;:&quot;no&quot;}\" data-elementor-post-type=\"product\">\n\t\t\t\t<div class=\"elementor-element elementor-element-bb0d695 e-flex e-con-boxed e-con e-parent\" data-id=\"bb0d695\" data-element_type=\"container\" data-e-type=\"container\" data-settings=\"{&quot;_ha_eqh_enable&quot;:false}\">\n\t\t\t\t\t<div class=\"e-con-inner\">\n\t\t\t\t<div class=\"elementor-element elementor-element-732f179 elementor-widget elementor-widget-text-editor\" data-id=\"732f179\" data-element_type=\"widget\" data-e-type=\"widget\" data-widget_type=\"text-editor.default\">\n\t\t\t\t<div class=\"elementor-widget-container\">\n\t\t\t\t\t\t\t\t\t<p>300 ml-es, n\u00e9gyzet alak\u00fa, osztott fed\u00e9llel ell\u00e1tott bef\u0151ttes\u00fcvegeink a praktikumot a modern diz\u00e1jnnal \u00f6tv\u00f6zik. A l\u00e9gmentesen z\u00e1r\u00f3d\u00f3 fed\u00e9l biztos\u00edtja a lekv\u00e1r, a v\u00e9dett sz\u00f3sz vagy a frissess\u00e9g meg\u0151rz\u00e9s\u00e9t b\u00e1rmilyen h\u00e1zi k\u00e9sz\u00edt\u00e9s\u0171 kompoz\u00edci\u00f3ban. Az \u00e1tl\u00e1tsz\u00f3 r\u00e9teg felfedi az \u00fcveganyagokat, \u00edgy ide\u00e1lisak konyhai t\u00e1rol\u00e1sra, aj\u00e1nd\u00e9koz\u00e1sra vagy professzion\u00e1lis bemutat\u00e1sra.<\/p>\t\t\t\t\t\t\t\t<\/div>\n\t\t\t\t<\/div>\n\t\t\t\t<div class=\"elementor-element elementor-element-54c8d6c elementor-widget elementor-widget-heading\" data-id=\"54c8d6c\" data-element_type=\"widget\" data-e-type=\"widget\" data-widget_type=\"heading.default\">\n\t\t\t\t<div class=\"elementor-widget-container\">\n\t\t\t\t\t<h2 class=\"elementor-heading-title elementor-size-default\">F\u0151bb specifik\u00e1ci\u00f3k<\/h2>\t\t\t\t<\/div>\n\t\t\t\t<\/div>\n\t\t\t\t<div class=\"elementor-element elementor-element-14509d8 elementor-widget elementor-widget-text-editor\" data-id=\"14509d8\" data-element_type=\"widget\" data-e-type=\"widget\" data-widget_type=\"text-editor.default\">\n\t\t\t\t<div class=\"elementor-widget-container\">\n\t\t\t\t\t\t\t\t\t<table class=\"aligncenter\" style=\"border-collapse: collapse; width: 586.52pt;\" border=\"0\" width=\"782\" cellspacing=\"0\" cellpadding=\"0\"><tbody><tr style=\"height: 13.50pt;\"><td style=\"height: 13.50pt; width: 144.00pt;\" width=\"192\" height=\"18\">Specifik\u00e1ci\u00f3<\/td><td style=\"width: 442.50pt;\" width=\"590\">R\u00e9szletek<\/td><\/tr><tr style=\"height: 13.50pt;\"><td style=\"height: 13.50pt;\" height=\"18\">Kapacit\u00e1s<\/td><td>300 ml<\/td><\/tr><tr style=\"height: 13.50pt;\"><td style=\"height: 13.50pt;\" height=\"18\">Csomagol\u00e1si m\u00e9retek<\/td><td>10,6 * 10,6 * 4,1 h\u00fcvelyk<\/td><\/tr><tr style=\"height: 13.50pt;\"><td style=\"height: 13.50pt;\" height=\"18\">Anyag<\/td><td>Kiv\u00e1l\u00f3 min\u0151s\u00e9g\u0171 \u00fcveg<\/td><\/tr><tr style=\"height: 13.50pt;\"><td style=\"height: 13.50pt;\" height=\"18\">Csomagol\u00e1si mennyis\u00e9g<\/td><td>9 \u00fcveg dobozonk\u00e9nt<\/td><\/tr><tr style=\"height: 13.50pt;\"><td style=\"height: 13.50pt;\" height=\"18\">\u00dcveg alakja<\/td><td>Hengeres, kiss\u00e9 sz\u00e9lesebb talppal<\/td><\/tr><tr style=\"height: 13.50pt;\"><td style=\"height: 13.50pt;\" height=\"18\">\u00dcveg t\u00edpusa<\/td><td>\u00c1tl\u00e1tsz\u00f3, \u00edgy a tartalom teljes m\u00e9rt\u00e9kben l\u00e1that\u00f3<\/td><\/tr><tr style=\"height: 13.50pt;\"><td style=\"height: 13.50pt;\" height=\"18\">Fed\u00e9l t\u00edpusa<\/td><td>Ez\u00fcst sz\u00edn\u0171, csavaros tetej\u0171, bord\u00e1zott sz\u00e9lekkel a k\u00f6nny\u0171 megfog\u00e1s \u00e9s megh\u00faz\u00e1s \u00e9rdek\u00e9ben<\/td><\/tr><\/tbody><\/table>\t\t\t\t\t\t\t\t<\/div>\n\t\t\t\t<\/div>\n\t\t\t\t\t<\/div>\n\t\t\t\t<\/div>\n\t\t<div class=\"elementor-element elementor-element-55e31eb e-flex e-con-boxed e-con e-parent\" data-id=\"55e31eb\" data-element_type=\"container\" data-e-type=\"container\" data-settings=\"{&quot;_ha_eqh_enable&quot;:false}\">\n\t\t\t\t\t<div class=\"e-con-inner\">\n\t\t\t\t<div class=\"elementor-element elementor-element-fc0900e elementor-widget elementor-widget-heading\" data-id=\"fc0900e\" data-element_type=\"widget\" data-e-type=\"widget\" data-widget_type=\"heading.default\">\n\t\t\t\t<div class=\"elementor-widget-container\">\n\t\t\t\t\t<h2 class=\"elementor-heading-title elementor-size-default\">Kiemelt szerepl\u0151k<\/h2>\t\t\t\t<\/div>\n\t\t\t\t<\/div>\n\t\t\t\t\t<\/div>\n\t\t\t\t<\/div>\n\t\t<div class=\"elementor-element elementor-element-723cd80 e-flex e-con-boxed e-con e-parent\" data-id=\"723cd80\" data-element_type=\"container\" data-e-type=\"container\" data-settings=\"{&quot;_ha_eqh_enable&quot;:false}\">\n\t\t\t\t\t<div class=\"e-con-inner\">\n\t\t<div class=\"elementor-element elementor-element-bf4cb81 e-con-full e-flex e-con e-child\" data-id=\"bf4cb81\" data-element_type=\"container\" data-e-type=\"container\" data-settings=\"{&quot;_ha_eqh_enable&quot;:false}\">\n\t\t\t\t<div class=\"elementor-element elementor-element-202a3f6 elementor-widget elementor-widget-image\" data-id=\"202a3f6\" data-element_type=\"widget\" data-e-type=\"widget\" data-widget_type=\"image.default\">\n\t\t\t\t<div class=\"elementor-widget-container\">\n\t\t\t\t\t\t\t\t\t\t\t\t\t\t\t<img fetchpriority=\"high\" decoding=\"async\" width=\"1620\" height=\"1620\" src=\"https:\/\/yebodaglass.com\/wp-content\/uploads\/2025\/07\/3-3.webp\" class=\"attachment-full size-full wp-image-16637\" alt=\"Nagykereskedelmi 16 oz-os bef\u0151ttes\u00fcvegek lekv\u00e1ros\u00fcvegekhez\" \/>\t\t\t\t\t\t\t\t\t\t\t\t\t\t\t<\/div>\n\t\t\t\t<\/div>\n\t\t\t\t<div class=\"elementor-element elementor-element-fc1fd2d elementor-widget elementor-widget-text-editor\" data-id=\"fc1fd2d\" data-element_type=\"widget\" data-e-type=\"widget\" data-widget_type=\"text-editor.default\">\n\t\t\t\t<div class=\"elementor-widget-container\">\n\t\t\t\t\t\t\t\t\t<p>Sokoldal\u00fa \u00e9s praktikus felhaszn\u00e1l\u00e1s: Az \u00fcveg egyszer\u0171, m\u00e9gis funkcion\u00e1lis kialak\u00edt\u00e1sa alkalmass\u00e1 teszi k\u00fcl\u00f6nf\u00e9le dolgok, p\u00e9ld\u00e1ul f\u0171szerek, gy\u00f3gyn\u00f6v\u00e9nyek, snackek vagy apr\u00f3 konyhai hozz\u00e1val\u00f3k t\u00e1rol\u00e1s\u00e1ra, n\u00f6velve a mindennapi \u00e9letben val\u00f3 hasznoss\u00e1g\u00e1t.<\/p>\t\t\t\t\t\t\t\t<\/div>\n\t\t\t\t<\/div>\n\t\t\t\t<\/div>\n\t\t<div class=\"elementor-element elementor-element-73418b7 e-con-full e-flex e-con e-child\" data-id=\"73418b7\" data-element_type=\"container\" data-e-type=\"container\" data-settings=\"{&quot;_ha_eqh_enable&quot;:false}\">\n\t\t\t\t<div class=\"elementor-element elementor-element-490e976 elementor-widget elementor-widget-image\" data-id=\"490e976\" data-element_type=\"widget\" data-e-type=\"widget\" data-widget_type=\"image.default\">\n\t\t\t\t<div class=\"elementor-widget-container\">\n\t\t\t\t\t\t\t\t\t\t\t\t\t\t\t<img decoding=\"async\" width=\"1620\" height=\"1620\" src=\"https:\/\/yebodaglass.com\/wp-content\/uploads\/2025\/07\/6-5.webp\" class=\"attachment-large size-large wp-image-16638\" alt=\"Nagykereskedelmi 32 oz-os bef\u0151ttes\u00fcvegek hengeres kivitelben\" srcset=\"https:\/\/yebodaglass.com\/wp-content\/uploads\/2025\/07\/6-5.webp 1620w, https:\/\/yebodaglass.com\/wp-content\/uploads\/2025\/07\/elementor\/thumbs\/6-5-r8jh0iidgbtfzlg26a43gvb6w9cxxfmd4lm18tj6ao.webp 400w\" sizes=\"(max-width: 1620px) 100vw, 1620px\" \/>\t\t\t\t\t\t\t\t\t\t\t\t\t\t\t<\/div>\n\t\t\t\t<\/div>\n\t\t\t\t<div class=\"elementor-element elementor-element-28d6163 elementor-widget elementor-widget-text-editor\" data-id=\"28d6163\" data-element_type=\"widget\" data-e-type=\"widget\" data-widget_type=\"text-editor.default\">\n\t\t\t\t<div class=\"elementor-widget-container\">\n\t\t\t\t\t\t\t\t\t<p>Biztons\u00e1gos ez\u00fcst csavaros fed\u00e9l: A bord\u00e1zott ez\u00fcst fed\u00e9l szoros \u00e9s biztons\u00e1gos z\u00e1r\u00e1st biztos\u00edt, biztos\u00edtva, hogy a tartalom friss maradjon \u00e9s v\u00e9dve legyen a k\u00fcls\u0151 behat\u00e1sokt\u00f3l.<\/p>\t\t\t\t\t\t\t\t<\/div>\n\t\t\t\t<\/div>\n\t\t\t\t<\/div>\n\t\t\t\t\t<\/div>\n\t\t\t\t<\/div>\n\t\t<div class=\"elementor-element elementor-element-0289a6a e-flex e-con-boxed e-con e-parent\" data-id=\"0289a6a\" data-element_type=\"container\" data-e-type=\"container\" data-settings=\"{&quot;_ha_eqh_enable&quot;:false}\">\n\t\t\t\t\t<div class=\"e-con-inner\">\n\t\t<div class=\"elementor-element elementor-element-c96924d e-con-full e-flex e-con e-child\" data-id=\"c96924d\" data-element_type=\"container\" data-e-type=\"container\" data-settings=\"{&quot;_ha_eqh_enable&quot;:false}\">\n\t\t\t\t<div class=\"elementor-element elementor-element-21b20dd elementor-widget elementor-widget-image\" data-id=\"21b20dd\" data-element_type=\"widget\" data-e-type=\"widget\" data-widget_type=\"image.default\">\n\t\t\t\t<div class=\"elementor-widget-container\">\n\t\t\t\t\t\t\t\t\t\t\t\t\t\t\t<img decoding=\"async\" width=\"1000\" height=\"1000\" src=\"https:\/\/yebodaglass.com\/wp-content\/uploads\/2025\/07\/mason-jar-3.webp\" class=\"attachment-full size-full wp-image-18005\" alt=\"Nagykereskedelmi 16 oz-os bef\u0151ttes\u00fcvegek lekv\u00e1ros\u00fcvegekhez\" \/>\t\t\t\t\t\t\t\t\t\t\t\t\t\t\t<\/div>\n\t\t\t\t<\/div>\n\t\t\t\t<div class=\"elementor-element elementor-element-39f687a elementor-widget elementor-widget-text-editor\" data-id=\"39f687a\" data-element_type=\"widget\" data-e-type=\"widget\" data-widget_type=\"text-editor.default\">\n\t\t\t\t<div class=\"elementor-widget-container\">\n\t\t\t\t\t\t\t\t\t<p>Kompakt \u00e9s helytakar\u00e9kos kialak\u00edt\u00e1s: Meghat\u00e1rozott m\u00e9reteinek k\u00f6sz\u00f6nhet\u0151en a kancs\u00f3 kompakt \u00e9s k\u00f6nnyen t\u00e1rolhat\u00f3, j\u00f3l elf\u00e9r konyhaszekr\u00e9nyekben, kamr\u00e1kban vagy konyhapultokon an\u00e9lk\u00fcl, hogy t\u00fal sok helyet foglalna.<\/p>\t\t\t\t\t\t\t\t<\/div>\n\t\t\t\t<\/div>\n\t\t\t\t<\/div>\n\t\t<div class=\"elementor-element elementor-element-476570b e-con-full e-flex e-con e-child\" data-id=\"476570b\" data-element_type=\"container\" data-e-type=\"container\" data-settings=\"{&quot;_ha_eqh_enable&quot;:false}\">\n\t\t\t\t<div class=\"elementor-element elementor-element-c3dbdb7 elementor-widget elementor-widget-image\" data-id=\"c3dbdb7\" data-element_type=\"widget\" data-e-type=\"widget\" data-widget_type=\"image.default\">\n\t\t\t\t<div class=\"elementor-widget-container\">\n\t\t\t\t\t\t\t\t\t\t\t\t\t\t\t<img loading=\"lazy\" decoding=\"async\" width=\"1000\" height=\"1000\" src=\"https:\/\/yebodaglass.com\/wp-content\/uploads\/2025\/07\/mason-jar-1.webp\" class=\"attachment-large size-large wp-image-18003\" alt=\"Nagykereskedelmi 16 oz-os bef\u0151ttes\u00fcvegek lekv\u00e1ros\u00fcvegekhez\" \/>\t\t\t\t\t\t\t\t\t\t\t\t\t\t\t<\/div>\n\t\t\t\t<\/div>\n\t\t\t\t<div class=\"elementor-element elementor-element-61991dc elementor-widget elementor-widget-text-editor\" data-id=\"61991dc\" data-element_type=\"widget\" data-e-type=\"widget\" data-widget_type=\"text-editor.default\">\n\t\t\t\t<div class=\"elementor-widget-container\">\n\t\t\t\t\t\t\t\t\t<p>\u00c1tl\u00e1tsz\u00f3 \u00fcveg szerkezet: Az \u00e1tl\u00e1tsz\u00f3 \u00fcveg lehet\u0151v\u00e9 teszi a tartalom teljes l\u00e1that\u00f3s\u00e1g\u00e1t, \u00edgy k\u00f6nnyen azonos\u00edthat\u00f3 a benne t\u00e1rolt tartalom an\u00e9lk\u00fcl, hogy kinyitn\u00e1nk az \u00fcveget.<\/p>\t\t\t\t\t\t\t\t<\/div>\n\t\t\t\t<\/div>\n\t\t\t\t<\/div>\n\t\t\t\t\t<\/div>\n\t\t\t\t<\/div>\n\t\t<div class=\"elementor-element elementor-element-88b472e e-con-full e-flex e-con e-parent\" data-id=\"88b472e\" data-element_type=\"container\" data-e-type=\"container\" data-settings=\"{&quot;_ha_eqh_enable&quot;:false}\">\n\t\t\t\t<div class=\"elementor-element elementor-element-3582c55 elementor-widget elementor-widget-text-editor\" data-id=\"3582c55\" data-element_type=\"widget\" data-e-type=\"widget\" data-widget_type=\"text-editor.default\">\n\t\t\t\t<div class=\"elementor-widget-container\">\n\t\t\t\t\t\t\t\t\t<p>\u00a0 \u00a0 \u00a0 \u00a0 \u00a0 \u00a0 \u00a0 \u00a0 \u00a0 \u00a0 \u00a0 \u00a0 <img loading=\"lazy\" decoding=\"async\" class=\"alignnone wp-image-16229\" src=\"https:\/\/yebodaglass.com\/wp-content\/uploads\/2025\/07\/d1ad5ea8ed4fd82e283a3a35878dd5c.png\" alt=\"\" width=\"240\" height=\"240\" srcset=\"https:\/\/yebodaglass.com\/wp-content\/uploads\/2025\/07\/d1ad5ea8ed4fd82e283a3a35878dd5c.png 220w, https:\/\/yebodaglass.com\/wp-content\/uploads\/2025\/07\/d1ad5ea8ed4fd82e283a3a35878dd5c-100x100.png 100w, https:\/\/yebodaglass.com\/wp-content\/uploads\/2025\/07\/d1ad5ea8ed4fd82e283a3a35878dd5c-150x150.png 150w, https:\/\/yebodaglass.com\/wp-content\/uploads\/2025\/07\/d1ad5ea8ed4fd82e283a3a35878dd5c-12x12.png 12w\" sizes=\"(max-width: 240px) 100vw, 240px\" \/>\u00a0 \u00a0 \u00a0 \u00a0 \u00a0<img loading=\"lazy\" decoding=\"async\" class=\"alignnone wp-image-16228\" src=\"https:\/\/yebodaglass.com\/wp-content\/uploads\/2025\/07\/4679f61166f64c6045dbc74c130db9a.png\" alt=\"\" width=\"240\" height=\"240\" srcset=\"https:\/\/yebodaglass.com\/wp-content\/uploads\/2025\/07\/4679f61166f64c6045dbc74c130db9a.png 220w, https:\/\/yebodaglass.com\/wp-content\/uploads\/2025\/07\/4679f61166f64c6045dbc74c130db9a-100x100.png 100w, https:\/\/yebodaglass.com\/wp-content\/uploads\/2025\/07\/4679f61166f64c6045dbc74c130db9a-150x150.png 150w, https:\/\/yebodaglass.com\/wp-content\/uploads\/2025\/07\/4679f61166f64c6045dbc74c130db9a-12x12.png 12w\" sizes=\"(max-width: 240px) 100vw, 240px\" \/>\u00a0 \u00a0 \u00a0 \u00a0 \u00a0 <img loading=\"lazy\" decoding=\"async\" class=\"alignnone wp-image-16230\" src=\"https:\/\/yebodaglass.com\/wp-content\/uploads\/2025\/07\/e59283ab6cb2ed3c93ba4f8a33db2ff.png\" alt=\"\" width=\"240\" height=\"240\" srcset=\"https:\/\/yebodaglass.com\/wp-content\/uploads\/2025\/07\/e59283ab6cb2ed3c93ba4f8a33db2ff.png 220w, https:\/\/yebodaglass.com\/wp-content\/uploads\/2025\/07\/e59283ab6cb2ed3c93ba4f8a33db2ff-100x100.png 100w, https:\/\/yebodaglass.com\/wp-content\/uploads\/2025\/07\/e59283ab6cb2ed3c93ba4f8a33db2ff-150x150.png 150w, https:\/\/yebodaglass.com\/wp-content\/uploads\/2025\/07\/e59283ab6cb2ed3c93ba4f8a33db2ff-12x12.png 12w\" sizes=\"(max-width: 240px) 100vw, 240px\" \/>\u00a0 \u00a0 \u00a0 <img loading=\"lazy\" decoding=\"async\" class=\"alignnone wp-image-16227\" src=\"https:\/\/yebodaglass.com\/wp-content\/uploads\/2025\/07\/8b499cc8b9c63806f1b8b3d5aa03275.png\" alt=\"\" width=\"240\" height=\"240\" srcset=\"https:\/\/yebodaglass.com\/wp-content\/uploads\/2025\/07\/8b499cc8b9c63806f1b8b3d5aa03275.png 220w, https:\/\/yebodaglass.com\/wp-content\/uploads\/2025\/07\/8b499cc8b9c63806f1b8b3d5aa03275-100x100.png 100w, https:\/\/yebodaglass.com\/wp-content\/uploads\/2025\/07\/8b499cc8b9c63806f1b8b3d5aa03275-150x150.png 150w, https:\/\/yebodaglass.com\/wp-content\/uploads\/2025\/07\/8b499cc8b9c63806f1b8b3d5aa03275-12x12.png 12w\" sizes=\"(max-width: 240px) 100vw, 240px\" \/><\/p>\t\t\t\t\t\t\t\t<\/div>\n\t\t\t\t<\/div>\n\t\t\t\t<\/div>\n\t\t<div class=\"elementor-element elementor-element-792eb8c e-flex e-con-boxed e-con e-parent\" data-id=\"792eb8c\" data-element_type=\"container\" data-e-type=\"container\" data-settings=\"{&quot;_ha_eqh_enable&quot;:false}\">\n\t\t\t\t\t<div class=\"e-con-inner\">\n\t\t\t\t<div class=\"elementor-element elementor-element-ceb50a8 elementor-widget elementor-widget-image\" data-id=\"ceb50a8\" data-element_type=\"widget\" data-e-type=\"widget\" data-widget_type=\"image.default\">\n\t\t\t\t<div class=\"elementor-widget-container\">\n\t\t\t\t\t\t\t\t\t\t\t\t\t\t\t<img loading=\"lazy\" decoding=\"async\" width=\"1620\" height=\"1620\" src=\"https:\/\/yebodaglass.com\/wp-content\/uploads\/2025\/07\/5-1.webp\" class=\"attachment-full size-full wp-image-16640\" alt=\"\" srcset=\"https:\/\/yebodaglass.com\/wp-content\/uploads\/2025\/07\/5-1.webp 1620w, https:\/\/yebodaglass.com\/wp-content\/uploads\/2025\/07\/elementor\/thumbs\/5-1-r8jh3p6om46fc0thknokx2dfd9nq0i9m8d79skt57k.webp 400w\" sizes=\"(max-width: 1620px) 100vw, 1620px\" \/>\t\t\t\t\t\t\t\t\t\t\t\t\t\t\t<\/div>\n\t\t\t\t<\/div>\n\t\t\t\t<div class=\"elementor-element elementor-element-b2907c6 elementor-widget elementor-widget-text-editor\" data-id=\"b2907c6\" data-element_type=\"widget\" data-e-type=\"widget\" data-widget_type=\"text-editor.default\">\n\t\t\t\t<div class=\"elementor-widget-container\">\n\t\t\t\t\t\t\t\t\t<p>Szem\u00e9lyes haszn\u00e1lat:<\/p><p>Ezek a bef\u0151ttes\u00fcvegek t\u00f6k\u00e9letesek h\u00e1zi k\u00e9sz\u00edt\u00e9s\u0171 lekv\u00e1rokhoz, zsel\u00e9khez, sz\u00f3szokhoz, savany\u00fas\u00e1gokhoz vagy k\u00e9zm\u0171ves projektekhez. A l\u00e9gmentesen z\u00e1r\u00f3d\u00f3 fed\u00e9l frissen tartja az \u00e9teleket, a sz\u00f6gletes kialak\u00edt\u00e1s pedig tiszta \u00e9s st\u00edlusos t\u00e1rol\u00e1st biztos\u00edt.<\/p><p>Professzion\u00e1lis felhaszn\u00e1l\u00e1s:<\/p><p>Ezek a bef\u0151ttes\u00fcvegek ide\u00e1lisak kiskereskedelmi \u00fczletek, kistermel\u0151k vagy k\u00e9zm\u0171ves m\u00e1rk\u00e1k sz\u00e1m\u00e1ra. Az osztott z\u00e1r\u00f3fed\u00e9l biztos\u00edtja a term\u00e9k min\u0151s\u00e9g\u00e9t, jav\u00edtja a polcon val\u00f3 megjelen\u00e9st \u00e9s a v\u00e1s\u00e1rl\u00f3i vonzer\u0151t.<\/p>\t\t\t\t\t\t\t\t<\/div>\n\t\t\t\t<\/div>\n\t\t\t\t\t<\/div>\n\t\t\t\t<\/div>\n\t\t\t\t<\/div>","protected":false},"excerpt":{"rendered":"<p>Nagykereskedelmi 280 ml-es, n\u00e9gyzet alak\u00fa bef\u0151ttes\u00fcvegek osztott tet\u0151vel. T\u00f6k\u00e9letes lekv\u00e1rokhoz, lekv\u00e1rokhoz \u00e9s h\u00e1zi k\u00e9sz\u00edt\u00e9s\u0171 finoms\u00e1gokhoz \u2013 tart\u00f3sak, \u00fajrafelhaszn\u00e1lhat\u00f3k \u00e9s l\u00e9gmentesen z\u00e1r\u00f3dnak.<\/p>","protected":false},"featured_media":17271,"template":"","meta":[],"product_brand":[],"product_cat":[83,20,84],"product_tag":[],"class_list":{"0":"post-16622","1":"product","2":"type-product","3":"status-publish","4":"has-post-thumbnail","6":"product_cat-glass-jars","7":"product_cat-glass-containers","8":"product_cat-mason-jars","10":"first","11":"instock","12":"shipping-taxable","13":"product-type-grouped"},"jetpack_sharing_enabled":true,"_links":{"self":[{"href":"https:\/\/yebodaglass.com\/hu\/wp-json\/wp\/v2\/product\/16622","targetHints":{"allow":["GET"]}}],"collection":[{"href":"https:\/\/yebodaglass.com\/hu\/wp-json\/wp\/v2\/product"}],"about":[{"href":"https:\/\/yebodaglass.com\/hu\/wp-json\/wp\/v2\/types\/product"}],"version-history":[{"count":5,"href":"https:\/\/yebodaglass.com\/hu\/wp-json\/wp\/v2\/product\/16622\/revisions"}],"predecessor-version":[{"id":25356,"href":"https:\/\/yebodaglass.com\/hu\/wp-json\/wp\/v2\/product\/16622\/revisions\/25356"}],"wp:featuredmedia":[{"embeddable":true,"href":"https:\/\/yebodaglass.com\/hu\/wp-json\/wp\/v2\/media\/17271"}],"wp:attachment":[{"href":"https:\/\/yebodaglass.com\/hu\/wp-json\/wp\/v2\/media?parent=16622"}],"wp:term":[{"taxonomy":"product_brand","embeddable":true,"href":"https:\/\/yebodaglass.com\/hu\/wp-json\/wp\/v2\/product_brand?post=16622"},{"taxonomy":"product_cat","embeddable":true,"href":"https:\/\/yebodaglass.com\/hu\/wp-json\/wp\/v2\/product_cat?post=16622"},{"taxonomy":"product_tag","embeddable":true,"href":"https:\/\/yebodaglass.com\/hu\/wp-json\/wp\/v2\/product_tag?post=16622"}],"curies":[{"name":"wp","href":"https:\/\/api.w.org\/{rel}","templated":true}]}}