{"id":16530,"date":"2025-07-09T16:29:56","date_gmt":"2025-07-09T08:29:56","guid":{"rendered":"https:\/\/yebodaglass.com\/?post_type=product&#038;p=16530"},"modified":"2025-09-15T10:16:14","modified_gmt":"2025-09-15T02:16:14","slug":"wholesale-clear-8-5-oz-leak-proof-flip-top-water-bottle","status":"publish","type":"product","link":"https:\/\/yebodaglass.com\/hu\/wholesale-clear-8-5-oz-leak-proof-flip-top-water-bottle\/","title":{"rendered":"Nagykereskedelmi \u00e1tl\u00e1tsz\u00f3 8 oz-os sziv\u00e1rg\u00e1smentes, flip tetej\u0171 vizespalack"},"content":{"rendered":"<div data-elementor-type=\"wp-post\" data-elementor-id=\"16530\" class=\"elementor elementor-16530\" data-elementor-settings=\"{&quot;ha_cmc_init_switcher&quot;:&quot;no&quot;}\" data-elementor-post-type=\"product\">\n\t\t\t\t<div class=\"elementor-element elementor-element-bb0d695 e-flex e-con-boxed e-con e-parent\" data-id=\"bb0d695\" data-element_type=\"container\" data-e-type=\"container\" data-settings=\"{&quot;_ha_eqh_enable&quot;:false}\">\n\t\t\t\t\t<div class=\"e-con-inner\">\n\t\t\t\t<div class=\"elementor-element elementor-element-732f179 elementor-widget elementor-widget-text-editor\" data-id=\"732f179\" data-element_type=\"widget\" data-e-type=\"widget\" data-widget_type=\"text-editor.default\">\n\t\t\t\t<div class=\"elementor-widget-container\">\n\t\t\t\t\t\t\t\t\t<p>250 ml-es, \u00e1tl\u00e1tsz\u00f3, pattint\u00f3s tetej\u0171 kulacsunkat a k\u00e9nyelem \u00e9s a megb\u00edzhat\u00f3s\u00e1g jegy\u00e9ben tervezt\u00fck. A pattint\u00f3s tetej\u0171 kulacs biztons\u00e1gos sz\u00e1ll\u00edt\u00e1st biztos\u00edt, m\u00edg a kompakt, \u00e1tl\u00e1tsz\u00f3 \u00fcvegtest lehet\u0151v\u00e9 teszi, hogy bel\u00e1sson az ital belsej\u00e9be. T\u00f6k\u00e9letes a mindennapi hidrat\u00e1l\u00e1shoz, k\u00fclt\u00e9ri tev\u00e9kenys\u00e9gekhez vagy professzion\u00e1lis haszn\u00e1latra, ez a kulacs a praktikumot a letisztult, modern form\u00e1val \u00f6tv\u00f6zi.<\/p>\t\t\t\t\t\t\t\t<\/div>\n\t\t\t\t<\/div>\n\t\t\t\t<div class=\"elementor-element elementor-element-54c8d6c elementor-widget elementor-widget-heading\" data-id=\"54c8d6c\" data-element_type=\"widget\" data-e-type=\"widget\" data-widget_type=\"heading.default\">\n\t\t\t\t<div class=\"elementor-widget-container\">\n\t\t\t\t\t<h2 class=\"elementor-heading-title elementor-size-default\">F\u0151bb specifik\u00e1ci\u00f3k<\/h2>\t\t\t\t<\/div>\n\t\t\t\t<\/div>\n\t\t\t\t<div class=\"elementor-element elementor-element-14509d8 elementor-widget elementor-widget-text-editor\" data-id=\"14509d8\" data-element_type=\"widget\" data-e-type=\"widget\" data-widget_type=\"text-editor.default\">\n\t\t\t\t<div class=\"elementor-widget-container\">\n\t\t\t\t\t\t\t\t\t<table class=\"aligncenter\" style=\"border-collapse: collapse; width: 369.77pt;\" border=\"0\" width=\"493\" cellspacing=\"0\" cellpadding=\"0\"><tbody><tr style=\"height: 13.50pt;\"><td style=\"height: 13.50pt; width: 206.25pt;\" width=\"275\" height=\"18\">Specifik\u00e1ci\u00f3s t\u00e9tel<\/td><td style=\"width: 163.50pt;\" width=\"218\">R\u00e9szletek<\/td><\/tr><tr style=\"height: 13.50pt;\"><td style=\"height: 13.50pt;\" height=\"18\">Kapacit\u00e1s<\/td><td>250 ml<\/td><\/tr><tr style=\"height: 13.50pt;\"><td style=\"height: 13.50pt;\" height=\"18\">Csomag m\u00e9retei<\/td><td>8,5 * 7,9 * 7,9 h\u00fcvelyk<\/td><\/tr><tr style=\"height: 13.50pt;\"><td style=\"height: 13.50pt;\" height=\"18\">Anyag<\/td><td>\u00d3lommentes \u00fcveg<\/td><\/tr><tr style=\"height: 13.50pt;\"><td style=\"height: 13.50pt;\" height=\"18\">Csomagol\u00e1si specifik\u00e1ci\u00f3 dobozonk\u00e9nt<\/td><td>9 darab dobozonk\u00e9nt<\/td><\/tr><tr style=\"height: 13.50pt;\"><td style=\"height: 13.50pt;\" height=\"18\">Kupak t\u00edpusa<\/td><td>Felpattinthat\u00f3 tet\u0151 gumit\u00f6m\u00edt\u00e9ssel<\/td><\/tr><\/tbody><\/table>\t\t\t\t\t\t\t\t<\/div>\n\t\t\t\t<\/div>\n\t\t\t\t\t<\/div>\n\t\t\t\t<\/div>\n\t\t<div class=\"elementor-element elementor-element-55e31eb e-flex e-con-boxed e-con e-parent\" data-id=\"55e31eb\" data-element_type=\"container\" data-e-type=\"container\" data-settings=\"{&quot;_ha_eqh_enable&quot;:false}\">\n\t\t\t\t\t<div class=\"e-con-inner\">\n\t\t\t\t<div class=\"elementor-element elementor-element-fc0900e elementor-widget elementor-widget-heading\" data-id=\"fc0900e\" data-element_type=\"widget\" data-e-type=\"widget\" data-widget_type=\"heading.default\">\n\t\t\t\t<div class=\"elementor-widget-container\">\n\t\t\t\t\t<h2 class=\"elementor-heading-title elementor-size-default\">Kiemelt szerepl\u0151k<\/h2>\t\t\t\t<\/div>\n\t\t\t\t<\/div>\n\t\t\t\t\t<\/div>\n\t\t\t\t<\/div>\n\t\t<div class=\"elementor-element elementor-element-723cd80 e-flex e-con-boxed e-con e-parent\" data-id=\"723cd80\" data-element_type=\"container\" data-e-type=\"container\" data-settings=\"{&quot;_ha_eqh_enable&quot;:false}\">\n\t\t\t\t\t<div class=\"e-con-inner\">\n\t\t<div class=\"elementor-element elementor-element-bf4cb81 e-con-full e-flex e-con e-child\" data-id=\"bf4cb81\" data-element_type=\"container\" data-e-type=\"container\" data-settings=\"{&quot;_ha_eqh_enable&quot;:false}\">\n\t\t\t\t<div class=\"elementor-element elementor-element-202a3f6 elementor-widget elementor-widget-image\" data-id=\"202a3f6\" data-element_type=\"widget\" data-e-type=\"widget\" data-widget_type=\"image.default\">\n\t\t\t\t<div class=\"elementor-widget-container\">\n\t\t\t\t\t\t\t\t\t\t\t\t\t\t\t<img decoding=\"async\" src=\"https:\/\/yebodaglass.com\/wp-content\/uploads\/elementor\/thumbs\/flip-top-water-bottle-4-r9k84i60y2f6vvblsyy94lpb7ncabibkx2b7273stc.webp\" title=\"Nagykereskedelmi \u00e1tl\u00e1tsz\u00f3 8,5 oz-os sziv\u00e1rg\u00e1smentes, felpattinthat\u00f3 tetej\u0171 vizespalack\" alt=\"Nagykereskedelmi \u00e1tl\u00e1tsz\u00f3 8,5 oz-os sziv\u00e1rg\u00e1smentes, felpattinthat\u00f3 tetej\u0171 vizespalack\" loading=\"lazy\" \/>\t\t\t\t\t\t\t\t\t\t\t\t\t\t\t<\/div>\n\t\t\t\t<\/div>\n\t\t\t\t<div class=\"elementor-element elementor-element-fc1fd2d elementor-widget elementor-widget-text-editor\" data-id=\"fc1fd2d\" data-element_type=\"widget\" data-e-type=\"widget\" data-widget_type=\"text-editor.default\">\n\t\t\t\t<div class=\"elementor-widget-container\">\n\t\t\t\t\t\t\t\t\t<p>\u00c1tl\u00e1tsz\u00f3 kialak\u00edt\u00e1s: A felt\u0171n\u0151 \u00fcvegtest lehet\u0151v\u00e9 teszi, hogy k\u00f6nnyed\u00e9n megtekinthesse a benne l\u00e9v\u0151 folyad\u00e9k v\u00e9gs\u0151 mennyis\u00e9g\u00e9t \u00e9s sz\u00edn\u00e9t, ami l\u00e1that\u00f3 vonzer\u0151t k\u00f6lcs\u00f6n\u00f6z.<\/p>\t\t\t\t\t\t\t\t<\/div>\n\t\t\t\t<\/div>\n\t\t\t\t<\/div>\n\t\t<div class=\"elementor-element elementor-element-73418b7 e-con-full e-flex e-con e-child\" data-id=\"73418b7\" data-element_type=\"container\" data-e-type=\"container\" data-settings=\"{&quot;_ha_eqh_enable&quot;:false}\">\n\t\t\t\t<div class=\"elementor-element elementor-element-490e976 elementor-widget elementor-widget-image\" data-id=\"490e976\" data-element_type=\"widget\" data-e-type=\"widget\" data-widget_type=\"image.default\">\n\t\t\t\t<div class=\"elementor-widget-container\">\n\t\t\t\t\t\t\t\t\t\t\t\t\t\t\t<img decoding=\"async\" src=\"https:\/\/yebodaglass.com\/wp-content\/uploads\/elementor\/thumbs\/flip-top-water-bottle1-r9k8xn5wt6b6sozvnkdwf8zq5npwxq00xad2mzwfxc.webp\" title=\"Nagykereskedelmi \u00e1tl\u00e1tsz\u00f3 8,5 oz-os sziv\u00e1rg\u00e1smentes, felpattinthat\u00f3 tetej\u0171 vizespalack\" alt=\"Nagykereskedelmi \u00e1tl\u00e1tsz\u00f3 8,5 oz-os sziv\u00e1rg\u00e1smentes, felpattinthat\u00f3 tetej\u0171 vizespalack\" loading=\"lazy\" \/>\t\t\t\t\t\t\t\t\t\t\t\t\t\t\t<\/div>\n\t\t\t\t<\/div>\n\t\t\t\t<div class=\"elementor-element elementor-element-28d6163 elementor-widget elementor-widget-text-editor\" data-id=\"28d6163\" data-element_type=\"widget\" data-e-type=\"widget\" data-widget_type=\"text-editor.default\">\n\t\t\t\t<div class=\"elementor-widget-container\">\n\t\t\t\t\t\t\t\t\t<p>Pr\u00e9mium \u00fcveg: V\u00e1logatott vastag \u00fcveg, szagtalan \u00e9s kop\u00e1s\u00e1ll\u00f3, biztos lehet benne, hogy b\u00e1rmit beletehet, \u00e9s sok\u00e1ig nem fog elt\u00f6rni.<\/p>\t\t\t\t\t\t\t\t<\/div>\n\t\t\t\t<\/div>\n\t\t\t\t<\/div>\n\t\t\t\t\t<\/div>\n\t\t\t\t<\/div>\n\t\t<div class=\"elementor-element elementor-element-523cc7f e-flex e-con-boxed e-con e-parent\" data-id=\"523cc7f\" data-element_type=\"container\" data-e-type=\"container\" data-settings=\"{&quot;_ha_eqh_enable&quot;:false}\">\n\t\t\t\t\t<div class=\"e-con-inner\">\n\t\t<div class=\"elementor-element elementor-element-744006f e-con-full e-flex e-con e-child\" data-id=\"744006f\" data-element_type=\"container\" data-e-type=\"container\" data-settings=\"{&quot;_ha_eqh_enable&quot;:false}\">\n\t\t\t\t<div class=\"elementor-element elementor-element-9ce8179 elementor-widget elementor-widget-image\" data-id=\"9ce8179\" data-element_type=\"widget\" data-e-type=\"widget\" data-widget_type=\"image.default\">\n\t\t\t\t<div class=\"elementor-widget-container\">\n\t\t\t\t\t\t\t\t\t\t\t\t\t\t\t<img decoding=\"async\" src=\"https:\/\/yebodaglass.com\/wp-content\/uploads\/elementor\/thumbs\/flip-top-water-bottle-2-r9k84eeo6qa1lfh2exbqumngu3utgpwnkjp9539di8.webp\" title=\"Nagykereskedelmi \u00e1tl\u00e1tsz\u00f3 8,5 oz-os sziv\u00e1rg\u00e1smentes, felpattinthat\u00f3 tetej\u0171 vizespalack\" alt=\"Nagykereskedelmi \u00e1tl\u00e1tsz\u00f3 8,5 oz-os sziv\u00e1rg\u00e1smentes, felpattinthat\u00f3 tetej\u0171 vizespalack\" loading=\"lazy\" \/>\t\t\t\t\t\t\t\t\t\t\t\t\t\t\t<\/div>\n\t\t\t\t<\/div>\n\t\t\t\t<div class=\"elementor-element elementor-element-78c6605 elementor-widget elementor-widget-text-editor\" data-id=\"78c6605\" data-element_type=\"widget\" data-e-type=\"widget\" data-widget_type=\"text-editor.default\">\n\t\t\t\t<div class=\"elementor-widget-container\">\n\t\t\t\t\t\t\t\t\t<p>Biztons\u00e1gos bilincs \u2013 st\u00edlusos z\u00e1r\u00e1s: A f\u00e9m bilincsnek k\u00f6sz\u00f6nhet\u0151en a palackok szorosan z\u00e1r\u00f3dnak, megakad\u00e1lyozva a folyad\u00e9k sziv\u00e1rg\u00e1s\u00e1t \u00e9s meg\u0151rizve a tartalom csillog\u00e1s\u00e1t.<\/p>\t\t\t\t\t\t\t\t<\/div>\n\t\t\t\t<\/div>\n\t\t\t\t<\/div>\n\t\t<div class=\"elementor-element elementor-element-8519877 e-con-full e-flex e-con e-child\" data-id=\"8519877\" data-element_type=\"container\" data-e-type=\"container\" data-settings=\"{&quot;_ha_eqh_enable&quot;:false}\">\n\t\t\t\t<div class=\"elementor-element elementor-element-7d08a07 elementor-widget elementor-widget-image\" data-id=\"7d08a07\" data-element_type=\"widget\" data-e-type=\"widget\" data-widget_type=\"image.default\">\n\t\t\t\t<div class=\"elementor-widget-container\">\n\t\t\t\t\t\t\t\t\t\t\t\t\t\t\t<img decoding=\"async\" src=\"https:\/\/yebodaglass.com\/wp-content\/uploads\/elementor\/thumbs\/flip-top-water-bottle-3-r9k84gackecm8nec3y4zzm6e0vljw4448t083n6l5s.webp\" title=\"Nagykereskedelmi \u00e1tl\u00e1tsz\u00f3 8,5 oz-os sziv\u00e1rg\u00e1smentes, felpattinthat\u00f3 tetej\u0171 vizespalack\" alt=\"Nagykereskedelmi \u00e1tl\u00e1tsz\u00f3 8,5 oz-os sziv\u00e1rg\u00e1smentes, felpattinthat\u00f3 tetej\u0171 vizespalack\" loading=\"lazy\" \/>\t\t\t\t\t\t\t\t\t\t\t\t\t\t\t<\/div>\n\t\t\t\t<\/div>\n\t\t\t\t<div class=\"elementor-element elementor-element-dca6cea elementor-widget elementor-widget-text-editor\" data-id=\"dca6cea\" data-element_type=\"widget\" data-e-type=\"widget\" data-widget_type=\"text-editor.default\">\n\t\t\t\t<div class=\"elementor-widget-container\">\n\t\t\t\t\t\t\t\t\t<p>Sokoldal\u00fa felhaszn\u00e1l\u00e1s: Ezek a billen\u0151tet\u0151s palackok k\u00fcl\u00f6nleges italok, p\u00e9ld\u00e1ul italok, szirupok vagy h\u00e1zi k\u00e9sz\u00edt\u00e9s\u0171 te\u00e1k t\u00e1rol\u00e1s\u00e1ra alkalmasak, kiel\u00e9g\u00edtve a gar\u00e1zsok sokf\u00e9le ig\u00e9ny\u00e9t.<\/p>\t\t\t\t\t\t\t\t<\/div>\n\t\t\t\t<\/div>\n\t\t\t\t<\/div>\n\t\t\t\t\t<\/div>\n\t\t\t\t<\/div>\n\t\t<div class=\"elementor-element elementor-element-88b472e e-con-full e-flex e-con e-parent\" data-id=\"88b472e\" data-element_type=\"container\" data-e-type=\"container\" data-settings=\"{&quot;_ha_eqh_enable&quot;:false}\">\n\t\t\t\t<div class=\"elementor-element elementor-element-3582c55 elementor-widget elementor-widget-text-editor\" data-id=\"3582c55\" data-element_type=\"widget\" data-e-type=\"widget\" data-widget_type=\"text-editor.default\">\n\t\t\t\t<div class=\"elementor-widget-container\">\n\t\t\t\t\t\t\t\t\t<p>\u00a0 \u00a0 \u00a0 \u00a0 \u00a0 \u00a0 \u00a0 \u00a0 \u00a0 \u00a0 \u00a0 \u00a0 <img fetchpriority=\"high\" decoding=\"async\" class=\"alignnone wp-image-16229\" src=\"https:\/\/yebodaglass.com\/wp-content\/uploads\/2025\/07\/d1ad5ea8ed4fd82e283a3a35878dd5c.png\" alt=\"\" width=\"240\" height=\"240\" srcset=\"https:\/\/yebodaglass.com\/wp-content\/uploads\/2025\/07\/d1ad5ea8ed4fd82e283a3a35878dd5c.png 220w, https:\/\/yebodaglass.com\/wp-content\/uploads\/2025\/07\/d1ad5ea8ed4fd82e283a3a35878dd5c-100x100.png 100w, https:\/\/yebodaglass.com\/wp-content\/uploads\/2025\/07\/d1ad5ea8ed4fd82e283a3a35878dd5c-150x150.png 150w, https:\/\/yebodaglass.com\/wp-content\/uploads\/2025\/07\/d1ad5ea8ed4fd82e283a3a35878dd5c-12x12.png 12w\" sizes=\"(max-width: 240px) 100vw, 240px\" \/>\u00a0 \u00a0 \u00a0 \u00a0 \u00a0<img decoding=\"async\" class=\"alignnone wp-image-16228\" src=\"https:\/\/yebodaglass.com\/wp-content\/uploads\/2025\/07\/4679f61166f64c6045dbc74c130db9a.png\" alt=\"\" width=\"240\" height=\"240\" srcset=\"https:\/\/yebodaglass.com\/wp-content\/uploads\/2025\/07\/4679f61166f64c6045dbc74c130db9a.png 220w, https:\/\/yebodaglass.com\/wp-content\/uploads\/2025\/07\/4679f61166f64c6045dbc74c130db9a-100x100.png 100w, https:\/\/yebodaglass.com\/wp-content\/uploads\/2025\/07\/4679f61166f64c6045dbc74c130db9a-150x150.png 150w, https:\/\/yebodaglass.com\/wp-content\/uploads\/2025\/07\/4679f61166f64c6045dbc74c130db9a-12x12.png 12w\" sizes=\"(max-width: 240px) 100vw, 240px\" \/>\u00a0 \u00a0 \u00a0 \u00a0 \u00a0 <img decoding=\"async\" class=\"alignnone wp-image-16230\" src=\"https:\/\/yebodaglass.com\/wp-content\/uploads\/2025\/07\/e59283ab6cb2ed3c93ba4f8a33db2ff.png\" alt=\"\" width=\"240\" height=\"240\" srcset=\"https:\/\/yebodaglass.com\/wp-content\/uploads\/2025\/07\/e59283ab6cb2ed3c93ba4f8a33db2ff.png 220w, https:\/\/yebodaglass.com\/wp-content\/uploads\/2025\/07\/e59283ab6cb2ed3c93ba4f8a33db2ff-100x100.png 100w, https:\/\/yebodaglass.com\/wp-content\/uploads\/2025\/07\/e59283ab6cb2ed3c93ba4f8a33db2ff-150x150.png 150w, https:\/\/yebodaglass.com\/wp-content\/uploads\/2025\/07\/e59283ab6cb2ed3c93ba4f8a33db2ff-12x12.png 12w\" sizes=\"(max-width: 240px) 100vw, 240px\" \/>\u00a0 \u00a0 \u00a0 <img loading=\"lazy\" decoding=\"async\" class=\"alignnone wp-image-16227\" src=\"https:\/\/yebodaglass.com\/wp-content\/uploads\/2025\/07\/8b499cc8b9c63806f1b8b3d5aa03275.png\" alt=\"\" width=\"240\" height=\"240\" srcset=\"https:\/\/yebodaglass.com\/wp-content\/uploads\/2025\/07\/8b499cc8b9c63806f1b8b3d5aa03275.png 220w, https:\/\/yebodaglass.com\/wp-content\/uploads\/2025\/07\/8b499cc8b9c63806f1b8b3d5aa03275-100x100.png 100w, https:\/\/yebodaglass.com\/wp-content\/uploads\/2025\/07\/8b499cc8b9c63806f1b8b3d5aa03275-150x150.png 150w, https:\/\/yebodaglass.com\/wp-content\/uploads\/2025\/07\/8b499cc8b9c63806f1b8b3d5aa03275-12x12.png 12w\" sizes=\"(max-width: 240px) 100vw, 240px\" \/><\/p>\t\t\t\t\t\t\t\t<\/div>\n\t\t\t\t<\/div>\n\t\t\t\t<\/div>\n\t\t<div class=\"elementor-element elementor-element-792eb8c e-flex e-con-boxed e-con e-parent\" data-id=\"792eb8c\" data-element_type=\"container\" data-e-type=\"container\" data-settings=\"{&quot;_ha_eqh_enable&quot;:false}\">\n\t\t\t\t\t<div class=\"e-con-inner\">\n\t\t\t\t<div class=\"elementor-element elementor-element-ceb50a8 elementor-widget elementor-widget-image\" data-id=\"ceb50a8\" data-element_type=\"widget\" data-e-type=\"widget\" data-widget_type=\"image.default\">\n\t\t\t\t<div class=\"elementor-widget-container\">\n\t\t\t\t\t\t\t\t\t\t\t\t\t\t\t<img decoding=\"async\" src=\"https:\/\/yebodaglass.com\/wp-content\/uploads\/elementor\/thumbs\/flip-top-glass-bottles-2-r8e0rx6jsox8qb5sfklaelf6ftu44jofu43yfg9vhc.webp\" title=\"Kiv\u00e1l\u00f3 min\u0151s\u00e9g\u0171, pattint\u00f3s tetej\u0171 palackokat keresel h\u00e1zi k\u00e9sz\u00edt\u00e9s\u0171 italokhoz? Ez a 113 ml-es, pattint\u00f3s tetej\u0171 palack \u00e1tl\u00e1tsz\u00f3, tart\u00f3s \u00fcvegb\u0151l k\u00e9sz\u00fclt, \u00e9s biztons\u00e1gos, leng\u0151tekercses z\u00e1rral, gumit\u00f6m\u00edt\u00e9ssel \u00e9s dr\u00f3tszor\u00edt\u00f3val rendelkezik. Keskeny nyak\u00e1nak \u00e9s lekerek\u00edtett v\u00e1ll\u00e1nak k\u00f6sz\u00f6nhet\u0151en a ki\u00f6nt\u00e9s egyszer\u0171 \u00e9s pontos, m\u00edg az \u00e1tl\u00e1tsz\u00f3 testnek k\u00f6sz\u00f6nhet\u0151en j\u00f3l l\u00e1that\u00f3 a tartalom. T\u00f6k\u00e9letes h\u00e1zi k\u00e9sz\u00edt\u00e9s\u0171 italok, \u00e9tolajok, bor, ecet, sz\u00f3szok \u00e9s egyebek t\u00e1rol\u00e1s\u00e1ra.\" alt=\"Kiv\u00e1l\u00f3 min\u0151s\u00e9g\u0171, pattint\u00f3s tetej\u0171 palackokat keresel h\u00e1zi k\u00e9sz\u00edt\u00e9s\u0171 italokhoz? Ez a 113 ml-es, pattint\u00f3s tetej\u0171 palack \u00e1tl\u00e1tsz\u00f3, tart\u00f3s \u00fcvegb\u0151l k\u00e9sz\u00fclt, \u00e9s biztons\u00e1gos, leng\u0151tekercses z\u00e1rral, gumit\u00f6m\u00edt\u00e9ssel \u00e9s dr\u00f3tszor\u00edt\u00f3val rendelkezik. Keskeny nyak\u00e1nak \u00e9s lekerek\u00edtett v\u00e1ll\u00e1nak k\u00f6sz\u00f6nhet\u0151en a ki\u00f6nt\u00e9s egyszer\u0171 \u00e9s pontos, m\u00edg az \u00e1tl\u00e1tsz\u00f3 testnek k\u00f6sz\u00f6nhet\u0151en j\u00f3l l\u00e1that\u00f3 a tartalom. T\u00f6k\u00e9letes h\u00e1zi k\u00e9sz\u00edt\u00e9s\u0171 italok, \u00e9tolajok, bor, ecet, sz\u00f3szok \u00e9s egyebek t\u00e1rol\u00e1s\u00e1ra.\" loading=\"lazy\" \/>\t\t\t\t\t\t\t\t\t\t\t\t\t\t\t<\/div>\n\t\t\t\t<\/div>\n\t\t\t\t<div class=\"elementor-element elementor-element-b2907c6 elementor-widget elementor-widget-text-editor\" data-id=\"b2907c6\" data-element_type=\"widget\" data-e-type=\"widget\" data-widget_type=\"text-editor.default\">\n\t\t\t\t<div class=\"elementor-widget-container\">\n\t\t\t\t\t\t\t\t\t<h2>Szem\u00e9lyes felhaszn\u00e1l\u00e1s:<\/h2><p>Ez a pattint\u00f3s tetej\u0171 kulacs ide\u00e1lis v\u00edzhez, gy\u00fcm\u00f6lcsl\u00e9hez, jeges te\u00e1hoz vagy h\u00e1zi k\u00e9sz\u00edt\u00e9s\u0171 italokhoz. Friss \u00e9s k\u00f6nnyen em\u00e9szthet\u0151, kompakt \u00e9s hordozhat\u00f3 edz\u0151terembe, irod\u00e1ba vagy utaz\u00e1shoz.<\/p><p>Professzion\u00e1lis felhaszn\u00e1l\u00e1s:<\/p><p>Kiv\u00e1l\u00f3 k\u00e1v\u00e9z\u00f3kba, \u00e9ttermekbe, wellness m\u00e1rk\u00e1kba vagy aj\u00e1nd\u00e9kcsomagokba. Tart\u00f3s \u00e9s st\u00edlusos csomagol\u00e1s, amely fokozza a term\u00e9k bemutat\u00e1s\u00e1t \u00e9s a v\u00e1s\u00e1rl\u00f3i el\u00e9gedetts\u00e9get.<\/p>\t\t\t\t\t\t\t\t<\/div>\n\t\t\t\t<\/div>\n\t\t\t\t\t<\/div>\n\t\t\t\t<\/div>\n\t\t\t\t<\/div>","protected":false},"excerpt":{"rendered":"<p>Nagykereskedelmi 8 unci\u00e1s, \u00e1tl\u00e1tsz\u00f3, pattint\u00f3s tetej\u0171 vizespalackok. Sziv\u00e1rg\u00e1smentes, tart\u00f3s \u00e9s \u00fajrafelhaszn\u00e1lhat\u00f3 \u2013 t\u00f6k\u00e9letesek otthoni, k\u00fclt\u00e9ri vagy \u00fczleti italokhoz.<\/p>","protected":false},"featured_media":17285,"template":"","meta":[],"product_brand":[],"product_cat":[80,81,20],"product_tag":[],"class_list":{"0":"post-16530","1":"product","2":"type-product","3":"status-publish","4":"has-post-thumbnail","6":"product_cat-glass-bottles","7":"product_cat-flip-top-bottles","8":"product_cat-glass-containers","10":"first","11":"instock","12":"shipping-taxable","13":"product-type-grouped"},"jetpack_sharing_enabled":true,"_links":{"self":[{"href":"https:\/\/yebodaglass.com\/hu\/wp-json\/wp\/v2\/product\/16530","targetHints":{"allow":["GET"]}}],"collection":[{"href":"https:\/\/yebodaglass.com\/hu\/wp-json\/wp\/v2\/product"}],"about":[{"href":"https:\/\/yebodaglass.com\/hu\/wp-json\/wp\/v2\/types\/product"}],"version-history":[{"count":5,"href":"https:\/\/yebodaglass.com\/hu\/wp-json\/wp\/v2\/product\/16530\/revisions"}],"predecessor-version":[{"id":20921,"href":"https:\/\/yebodaglass.com\/hu\/wp-json\/wp\/v2\/product\/16530\/revisions\/20921"}],"wp:featuredmedia":[{"embeddable":true,"href":"https:\/\/yebodaglass.com\/hu\/wp-json\/wp\/v2\/media\/17285"}],"wp:attachment":[{"href":"https:\/\/yebodaglass.com\/hu\/wp-json\/wp\/v2\/media?parent=16530"}],"wp:term":[{"taxonomy":"product_brand","embeddable":true,"href":"https:\/\/yebodaglass.com\/hu\/wp-json\/wp\/v2\/product_brand?post=16530"},{"taxonomy":"product_cat","embeddable":true,"href":"https:\/\/yebodaglass.com\/hu\/wp-json\/wp\/v2\/product_cat?post=16530"},{"taxonomy":"product_tag","embeddable":true,"href":"https:\/\/yebodaglass.com\/hu\/wp-json\/wp\/v2\/product_tag?post=16530"}],"curies":[{"name":"wp","href":"https:\/\/api.w.org\/{rel}","templated":true}]}}