{"id":16378,"date":"2025-07-08T15:41:11","date_gmt":"2025-07-08T07:41:11","guid":{"rendered":"https:\/\/yebodaglass.com\/?post_type=product&#038;p=16378"},"modified":"2025-09-10T17:13:33","modified_gmt":"2025-09-10T09:13:33","slug":"clear-small-square-5-oz-flip-top-glass-bottles-in-bulk","status":"publish","type":"product","link":"https:\/\/yebodaglass.com\/hu\/clear-small-square-5-oz-flip-top-glass-bottles-in-bulk\/","title":{"rendered":"\u00c1tl\u00e1tsz\u00f3, kis n\u00e9gyzet alak\u00fa, 5 unci\u00e1s, flip top \u00fcvegpalackok \u00f6mlesztett kiszerel\u00e9sben"},"content":{"rendered":"<div data-elementor-type=\"wp-post\" data-elementor-id=\"16378\" class=\"elementor elementor-16378\" data-elementor-settings=\"{&quot;ha_cmc_init_switcher&quot;:&quot;no&quot;}\" data-elementor-post-type=\"product\">\n\t\t\t\t<div class=\"elementor-element elementor-element-bb0d695 e-flex e-con-boxed e-con e-parent\" data-id=\"bb0d695\" data-element_type=\"container\" data-e-type=\"container\" data-settings=\"{&quot;_ha_eqh_enable&quot;:false}\">\n\t\t\t\t\t<div class=\"e-con-inner\">\n\t\t\t\t<div class=\"elementor-element elementor-element-732f179 elementor-widget elementor-widget-text-editor\" data-id=\"732f179\" data-element_type=\"widget\" data-e-type=\"widget\" data-widget_type=\"text-editor.default\">\n\t\t\t\t<div class=\"elementor-widget-container\">\n\t\t\t\t\t\t\t\t\t<p>150 ml-es, \u00e1tl\u00e1tsz\u00f3, kis, n\u00e9gyzet alak\u00fa, pattint\u00f3s tetej\u0171 \u00fcvegpalackjaink egyszerre funkcionalit\u00e1st \u00e9s eleganci\u00e1t k\u00edn\u00e1lnak. A l\u00e9gmentesen z\u00e1r\u00f3d\u00f3, leng\u0151tekercses z\u00e1r meg\u0151rzi a frissess\u00e9get, m\u00edg a letisztult, n\u00e9gyzet alak\u00fa kialak\u00edt\u00e1s modern megjelen\u00e9st k\u00f6lcs\u00f6n\u00f6z. Ide\u00e1lisak ecet, olaj, italok vagy b\u00e1rmilyen h\u00e1ztart\u00e1si folyad\u00e9k t\u00e1rol\u00e1s\u00e1ra, \u00edgy t\u00f6k\u00e9letesek egy\u00e9ni konyh\u00e1kba vagy v\u00e1llalkoz\u00e1sokba.<\/p>\t\t\t\t\t\t\t\t<\/div>\n\t\t\t\t<\/div>\n\t\t\t\t<div class=\"elementor-element elementor-element-54c8d6c elementor-widget elementor-widget-heading\" data-id=\"54c8d6c\" data-element_type=\"widget\" data-e-type=\"widget\" data-widget_type=\"heading.default\">\n\t\t\t\t<div class=\"elementor-widget-container\">\n\t\t\t\t\t<h2 class=\"elementor-heading-title elementor-size-default\">F\u0151bb specifik\u00e1ci\u00f3k<\/h2>\t\t\t\t<\/div>\n\t\t\t\t<\/div>\n\t\t\t\t<div class=\"elementor-element elementor-element-14509d8 elementor-widget elementor-widget-text-editor\" data-id=\"14509d8\" data-element_type=\"widget\" data-e-type=\"widget\" data-widget_type=\"text-editor.default\">\n\t\t\t\t<div class=\"elementor-widget-container\">\n\t\t\t\t\t\t\t\t\t<table style=\"border-collapse: collapse; margin-left: auto; margin-right: auto; width: 80%;\" border=\"0\" width=\"383\" cellspacing=\"0\" cellpadding=\"0\"><tbody><tr style=\"height: 13.50pt;\"><td style=\"height: 13.50pt; width: 114.00pt;\" width=\"152\" height=\"18\">Param\u00e9ter<\/td><td style=\"width: 173.25pt;\" width=\"231\">Le\u00edr\u00e1s<\/td><\/tr><tr style=\"height: 13.50pt;\"><td style=\"height: 13.50pt;\" height=\"18\">Kapacit\u00e1s<\/td><td>150 ml<\/td><\/tr><tr style=\"height: 13.50pt;\"><td style=\"height: 13.50pt;\" height=\"18\">Csomagol\u00e1si m\u00e9ret<\/td><td>7,7 * 6,9 * 6,7 h\u00fcvelyk<\/td><\/tr><tr style=\"height: 13.50pt;\"><td style=\"height: 13.50pt;\" height=\"18\">Csomagol\u00e1si mennyis\u00e9g<\/td><td>9 db dobozonk\u00e9nt<\/td><\/tr><tr style=\"height: 13.50pt;\"><td style=\"height: 13.50pt;\" height=\"18\">Anyag<\/td><td>100%-ban \u00fajrahasznos\u00edthat\u00f3 \u00f3lommentes \u00fcveg<\/td><\/tr><tr style=\"height: 13.50pt;\"><td style=\"height: 13.50pt;\" height=\"18\">Kupak t\u00edpusa<\/td><td>Felpattinthat\u00f3 tet\u0151 gumit\u00f6m\u00edt\u00e9ssel<\/td><\/tr><\/tbody><\/table>\t\t\t\t\t\t\t\t<\/div>\n\t\t\t\t<\/div>\n\t\t\t\t\t<\/div>\n\t\t\t\t<\/div>\n\t\t<div class=\"elementor-element elementor-element-55e31eb e-flex e-con-boxed e-con e-parent\" data-id=\"55e31eb\" data-element_type=\"container\" data-e-type=\"container\" data-settings=\"{&quot;_ha_eqh_enable&quot;:false}\">\n\t\t\t\t\t<div class=\"e-con-inner\">\n\t\t\t\t<div class=\"elementor-element elementor-element-fc0900e elementor-widget elementor-widget-heading\" data-id=\"fc0900e\" data-element_type=\"widget\" data-e-type=\"widget\" data-widget_type=\"heading.default\">\n\t\t\t\t<div class=\"elementor-widget-container\">\n\t\t\t\t\t<h2 class=\"elementor-heading-title elementor-size-default\">Kiemelt szerepl\u0151k<\/h2>\t\t\t\t<\/div>\n\t\t\t\t<\/div>\n\t\t\t\t\t<\/div>\n\t\t\t\t<\/div>\n\t\t<div class=\"elementor-element elementor-element-723cd80 e-flex e-con-boxed e-con e-parent\" data-id=\"723cd80\" data-element_type=\"container\" data-e-type=\"container\" data-settings=\"{&quot;_ha_eqh_enable&quot;:false}\">\n\t\t\t\t\t<div class=\"e-con-inner\">\n\t\t<div class=\"elementor-element elementor-element-bf4cb81 e-con-full e-flex e-con e-child\" data-id=\"bf4cb81\" data-element_type=\"container\" data-e-type=\"container\" data-settings=\"{&quot;_ha_eqh_enable&quot;:false}\">\n\t\t\t\t<div class=\"elementor-element elementor-element-202a3f6 elementor-widget elementor-widget-image\" data-id=\"202a3f6\" data-element_type=\"widget\" data-e-type=\"widget\" data-widget_type=\"image.default\">\n\t\t\t\t<div class=\"elementor-widget-container\">\n\t\t\t\t\t\t\t\t\t\t\t\t\t\t\t<img decoding=\"async\" src=\"https:\/\/yebodaglass.com\/wp-content\/uploads\/elementor\/thumbs\/bottles-with-flip-top-1-2-r8fw9dre28o6jc8f37woh11rr5c1xfgvits7gs37a8.webp\" title=\"\u00c1tl\u00e1tsz\u00f3, kis n\u00e9gyzet alak\u00fa, 5 unci\u00e1s, flip top \u00fcvegpalackok \u00f6mlesztett kiszerel\u00e9sben\" alt=\"\u00c1tl\u00e1tsz\u00f3, kis n\u00e9gyzet alak\u00fa, 5 unci\u00e1s, flip top \u00fcvegpalackok \u00f6mlesztett kiszerel\u00e9sben\" loading=\"lazy\" \/>\t\t\t\t\t\t\t\t\t\t\t\t\t\t\t<\/div>\n\t\t\t\t<\/div>\n\t\t\t\t<div class=\"elementor-element elementor-element-fc1fd2d elementor-widget elementor-widget-text-editor\" data-id=\"fc1fd2d\" data-element_type=\"widget\" data-e-type=\"widget\" data-widget_type=\"text-editor.default\">\n\t\t\t\t<div class=\"elementor-widget-container\">\n\t\t\t\t\t\t\t\t\t<p>K\u00f6nnyen tiszt\u00edthat\u00f3: A pattinthat\u00f3 tetej\u0171 \u00fcveg sz\u00e1ja kerek \u00e9s sima, higi\u00e9nikus holtpontok n\u00e9lk\u00fcl, a nyit\u00f3 \u00e9s z\u00e1r\u00f3 r\u00e9szek pedig nem rejtik el a szennyez\u0151d\u00e9seket. A tiszt\u00edt\u00e1sa a szok\u00e1sos id\u0151pontokban nagyon egyszer\u0171. Csap alatt \u00f6bl\u00edtve \u00e9s let\u00f6r\u00f6lve tiszt\u00edthat\u00f3. Nem neh\u00e9z \u00e1polni.<\/p>\t\t\t\t\t\t\t\t<\/div>\n\t\t\t\t<\/div>\n\t\t\t\t<\/div>\n\t\t<div class=\"elementor-element elementor-element-73418b7 e-con-full e-flex e-con e-child\" data-id=\"73418b7\" data-element_type=\"container\" data-e-type=\"container\" data-settings=\"{&quot;_ha_eqh_enable&quot;:false}\">\n\t\t\t\t<div class=\"elementor-element elementor-element-490e976 elementor-widget elementor-widget-image\" data-id=\"490e976\" data-element_type=\"widget\" data-e-type=\"widget\" data-widget_type=\"image.default\">\n\t\t\t\t<div class=\"elementor-widget-container\">\n\t\t\t\t\t\t\t\t\t\t\t\t\t\t\t<img decoding=\"async\" src=\"https:\/\/yebodaglass.com\/wp-content\/uploads\/elementor\/thumbs\/flip-top-glass-bottle-1-1-r8g4k6oem9pl8u7eadn73mktwokktlp39rkvjd1tb4.webp\" title=\"\u00c1tl\u00e1tsz\u00f3, kis n\u00e9gyzet alak\u00fa, 5 unci\u00e1s, flip top \u00fcvegpalackok \u00f6mlesztett kiszerel\u00e9sben\" alt=\"\u00c1tl\u00e1tsz\u00f3, kis n\u00e9gyzet alak\u00fa, 5 unci\u00e1s, flip top \u00fcvegpalackok \u00f6mlesztett kiszerel\u00e9sben\" loading=\"lazy\" \/>\t\t\t\t\t\t\t\t\t\t\t\t\t\t\t<\/div>\n\t\t\t\t<\/div>\n\t\t\t\t<div class=\"elementor-element elementor-element-28d6163 elementor-widget elementor-widget-text-editor\" data-id=\"28d6163\" data-element_type=\"widget\" data-e-type=\"widget\" data-widget_type=\"text-editor.default\">\n\t\t\t\t<div class=\"elementor-widget-container\">\n\t\t\t\t\t\t\t\t\t<p>Kiv\u00e1l\u00f3 min\u0151s\u00e9g\u0171 anyagok: A v\u00edzforral\u00f3 teste vastag\u00edtott, magas boroszilik\u00e1t \u00fcvegb\u0151l k\u00e9sz\u00fclt, amely hideg \u00e9s meleg italokat is k\u00e9pes befogadni. K\u00fcl\u00f6n\u00f6sen er\u0151s \u00e9s tart\u00f3s. T\u00f6bb mint f\u00e9l \u00e9ve haszn\u00e1lom, \u00e9s m\u00e9g mindig olyan j\u00f3, mint az \u00faj. Nagyon szeretem ezt a tart\u00f3s min\u0151s\u00e9get~<\/p>\t\t\t\t\t\t\t\t<\/div>\n\t\t\t\t<\/div>\n\t\t\t\t<\/div>\n\t\t\t\t\t<\/div>\n\t\t\t\t<\/div>\n\t\t<div class=\"elementor-element elementor-element-523cc7f e-flex e-con-boxed e-con e-parent\" data-id=\"523cc7f\" data-element_type=\"container\" data-e-type=\"container\" data-settings=\"{&quot;_ha_eqh_enable&quot;:false}\">\n\t\t\t\t\t<div class=\"e-con-inner\">\n\t\t<div class=\"elementor-element elementor-element-744006f e-con-full e-flex e-con e-child\" data-id=\"744006f\" data-element_type=\"container\" data-e-type=\"container\" data-settings=\"{&quot;_ha_eqh_enable&quot;:false}\">\n\t\t\t\t<div class=\"elementor-element elementor-element-9ce8179 elementor-widget elementor-widget-image\" data-id=\"9ce8179\" data-element_type=\"widget\" data-e-type=\"widget\" data-widget_type=\"image.default\">\n\t\t\t\t<div class=\"elementor-widget-container\">\n\t\t\t\t\t\t\t\t\t\t\t\t\t\t\t<img decoding=\"async\" src=\"https:\/\/yebodaglass.com\/wp-content\/uploads\/elementor\/thumbs\/70-r8fzxd9jprcms6ildrrs380ulwshreg0o3joeie3kw.webp\" title=\"\u00c1tl\u00e1tsz\u00f3, kis n\u00e9gyzet alak\u00fa, 5 unci\u00e1s, flip top \u00fcvegpalackok \u00f6mlesztett kiszerel\u00e9sben\" alt=\"\u00c1tl\u00e1tsz\u00f3, kis n\u00e9gyzet alak\u00fa, 5 unci\u00e1s, flip top \u00fcvegpalackok \u00f6mlesztett kiszerel\u00e9sben\" loading=\"lazy\" \/>\t\t\t\t\t\t\t\t\t\t\t\t\t\t\t<\/div>\n\t\t\t\t<\/div>\n\t\t\t\t<div class=\"elementor-element elementor-element-78c6605 elementor-widget elementor-widget-text-editor\" data-id=\"78c6605\" data-element_type=\"widget\" data-e-type=\"widget\" data-widget_type=\"text-editor.default\">\n\t\t\t\t<div class=\"elementor-widget-container\">\n\t\t\t\t\t\t\t\t\t<p>J\u00f3 z\u00e1r\u00f3d\u00e1s: Ez a pattint\u00f3s tetej\u0171 \u00fcveg igaz\u00e1n j\u00f3l z\u00e1r! M\u00e9g ha fejjel lefel\u00e9 r\u00e1zod, akkor sem fog sziv\u00e1rogni. Nem sz\u00e1m\u00edt, milyen folyad\u00e9kot teszel bele, nem kell agg\u00f3dnod, hogy ki\u00f6mlik. Annyira k\u00e9nyelmes haszn\u00e1lni.<\/p>\t\t\t\t\t\t\t\t<\/div>\n\t\t\t\t<\/div>\n\t\t\t\t<\/div>\n\t\t<div class=\"elementor-element elementor-element-8519877 e-con-full e-flex e-con e-child\" data-id=\"8519877\" data-element_type=\"container\" data-e-type=\"container\" data-settings=\"{&quot;_ha_eqh_enable&quot;:false}\">\n\t\t\t\t<div class=\"elementor-element elementor-element-7d08a07 elementor-widget elementor-widget-image\" data-id=\"7d08a07\" data-element_type=\"widget\" data-e-type=\"widget\" data-widget_type=\"image.default\">\n\t\t\t\t<div class=\"elementor-widget-container\">\n\t\t\t\t\t\t\t\t\t\t\t\t\t\t\t<img decoding=\"async\" src=\"https:\/\/yebodaglass.com\/wp-content\/uploads\/elementor\/thumbs\/72-r8fzxf583ff7fefv2sl187jrsoj86snhccund2bb8g.webp\" title=\"\u00c1tl\u00e1tsz\u00f3, kis n\u00e9gyzet alak\u00fa, 5 unci\u00e1s, flip top \u00fcvegpalackok \u00f6mlesztett kiszerel\u00e9sben\" alt=\"\u00c1tl\u00e1tsz\u00f3, kis n\u00e9gyzet alak\u00fa, 5 unci\u00e1s, flip top \u00fcvegpalackok \u00f6mlesztett kiszerel\u00e9sben\" loading=\"lazy\" \/>\t\t\t\t\t\t\t\t\t\t\t\t\t\t\t<\/div>\n\t\t\t\t<\/div>\n\t\t\t\t<div class=\"elementor-element elementor-element-dca6cea elementor-widget elementor-widget-text-editor\" data-id=\"dca6cea\" data-element_type=\"widget\" data-e-type=\"widget\" data-widget_type=\"text-editor.default\">\n\t\t\t\t<div class=\"elementor-widget-container\">\n\t\t\t\t\t\t\t\t\t<p>Tartoz\u00e9kok: Tov\u00e1bbi 9 db kr\u00e9tat\u00e1bl\u00e1s c\u00edmke \u00e9s foly\u00e9kony kr\u00e9tatoll, valamint 1 db \u00f6sszecsukhat\u00f3 szilikon t\u00f6lcs\u00e9r, \u00edgy a biztons\u00e1gos csomagol\u00e1s biztos\u00edtja az \u00fcvegek biztons\u00e1gban t\u00f6rt\u00e9n\u0151 meg\u00e9rkez\u00e9s\u00e9t.<\/p>\t\t\t\t\t\t\t\t<\/div>\n\t\t\t\t<\/div>\n\t\t\t\t<\/div>\n\t\t\t\t\t<\/div>\n\t\t\t\t<\/div>\n\t\t<div class=\"elementor-element elementor-element-88b472e e-con-full e-flex e-con e-parent\" data-id=\"88b472e\" data-element_type=\"container\" data-e-type=\"container\" data-settings=\"{&quot;_ha_eqh_enable&quot;:false}\">\n\t\t\t\t<div class=\"elementor-element elementor-element-3582c55 elementor-widget elementor-widget-text-editor\" data-id=\"3582c55\" data-element_type=\"widget\" data-e-type=\"widget\" data-widget_type=\"text-editor.default\">\n\t\t\t\t<div class=\"elementor-widget-container\">\n\t\t\t\t\t\t\t\t\t<p>\u00a0 \u00a0 \u00a0 \u00a0 \u00a0 \u00a0 \u00a0 \u00a0 \u00a0 \u00a0 \u00a0 \u00a0 <img fetchpriority=\"high\" decoding=\"async\" class=\"alignnone wp-image-16229\" src=\"https:\/\/yebodaglass.com\/wp-content\/uploads\/2025\/07\/d1ad5ea8ed4fd82e283a3a35878dd5c.png\" alt=\"\" width=\"240\" height=\"240\" srcset=\"https:\/\/yebodaglass.com\/wp-content\/uploads\/2025\/07\/d1ad5ea8ed4fd82e283a3a35878dd5c.png 220w, https:\/\/yebodaglass.com\/wp-content\/uploads\/2025\/07\/d1ad5ea8ed4fd82e283a3a35878dd5c-100x100.png 100w, https:\/\/yebodaglass.com\/wp-content\/uploads\/2025\/07\/d1ad5ea8ed4fd82e283a3a35878dd5c-150x150.png 150w, https:\/\/yebodaglass.com\/wp-content\/uploads\/2025\/07\/d1ad5ea8ed4fd82e283a3a35878dd5c-12x12.png 12w\" sizes=\"(max-width: 240px) 100vw, 240px\" \/>\u00a0 \u00a0 \u00a0 \u00a0 \u00a0<img decoding=\"async\" class=\"alignnone wp-image-16228\" src=\"https:\/\/yebodaglass.com\/wp-content\/uploads\/2025\/07\/4679f61166f64c6045dbc74c130db9a.png\" alt=\"\" width=\"240\" height=\"240\" srcset=\"https:\/\/yebodaglass.com\/wp-content\/uploads\/2025\/07\/4679f61166f64c6045dbc74c130db9a.png 220w, https:\/\/yebodaglass.com\/wp-content\/uploads\/2025\/07\/4679f61166f64c6045dbc74c130db9a-100x100.png 100w, https:\/\/yebodaglass.com\/wp-content\/uploads\/2025\/07\/4679f61166f64c6045dbc74c130db9a-150x150.png 150w, https:\/\/yebodaglass.com\/wp-content\/uploads\/2025\/07\/4679f61166f64c6045dbc74c130db9a-12x12.png 12w\" sizes=\"(max-width: 240px) 100vw, 240px\" \/>\u00a0 \u00a0 \u00a0 \u00a0 \u00a0 <img decoding=\"async\" class=\"alignnone wp-image-16230\" src=\"https:\/\/yebodaglass.com\/wp-content\/uploads\/2025\/07\/e59283ab6cb2ed3c93ba4f8a33db2ff.png\" alt=\"\" width=\"240\" height=\"240\" srcset=\"https:\/\/yebodaglass.com\/wp-content\/uploads\/2025\/07\/e59283ab6cb2ed3c93ba4f8a33db2ff.png 220w, https:\/\/yebodaglass.com\/wp-content\/uploads\/2025\/07\/e59283ab6cb2ed3c93ba4f8a33db2ff-100x100.png 100w, https:\/\/yebodaglass.com\/wp-content\/uploads\/2025\/07\/e59283ab6cb2ed3c93ba4f8a33db2ff-150x150.png 150w, https:\/\/yebodaglass.com\/wp-content\/uploads\/2025\/07\/e59283ab6cb2ed3c93ba4f8a33db2ff-12x12.png 12w\" sizes=\"(max-width: 240px) 100vw, 240px\" \/>\u00a0 \u00a0 \u00a0 <img loading=\"lazy\" decoding=\"async\" class=\"alignnone wp-image-16227\" src=\"https:\/\/yebodaglass.com\/wp-content\/uploads\/2025\/07\/8b499cc8b9c63806f1b8b3d5aa03275.png\" alt=\"\" width=\"240\" height=\"240\" srcset=\"https:\/\/yebodaglass.com\/wp-content\/uploads\/2025\/07\/8b499cc8b9c63806f1b8b3d5aa03275.png 220w, https:\/\/yebodaglass.com\/wp-content\/uploads\/2025\/07\/8b499cc8b9c63806f1b8b3d5aa03275-100x100.png 100w, https:\/\/yebodaglass.com\/wp-content\/uploads\/2025\/07\/8b499cc8b9c63806f1b8b3d5aa03275-150x150.png 150w, https:\/\/yebodaglass.com\/wp-content\/uploads\/2025\/07\/8b499cc8b9c63806f1b8b3d5aa03275-12x12.png 12w\" sizes=\"(max-width: 240px) 100vw, 240px\" \/><\/p>\t\t\t\t\t\t\t\t<\/div>\n\t\t\t\t<\/div>\n\t\t\t\t<\/div>\n\t\t<div class=\"elementor-element elementor-element-792eb8c e-flex e-con-boxed e-con e-parent\" data-id=\"792eb8c\" data-element_type=\"container\" data-e-type=\"container\" data-settings=\"{&quot;_ha_eqh_enable&quot;:false}\">\n\t\t\t\t\t<div class=\"e-con-inner\">\n\t\t\t\t<div class=\"elementor-element elementor-element-ceb50a8 elementor-widget elementor-widget-image\" data-id=\"ceb50a8\" data-element_type=\"widget\" data-e-type=\"widget\" data-widget_type=\"image.default\">\n\t\t\t\t<div class=\"elementor-widget-container\">\n\t\t\t\t\t\t\t\t\t\t\t\t\t\t\t<img decoding=\"async\" src=\"https:\/\/yebodaglass.com\/wp-content\/uploads\/elementor\/thumbs\/flip-top-glass-bottles-2-r8e0rx6jsox8qb5sfklaelf6ftu44jofu43yfg9vhc.webp\" title=\"Kiv\u00e1l\u00f3 min\u0151s\u00e9g\u0171, pattint\u00f3s tetej\u0171 palackokat keresel h\u00e1zi k\u00e9sz\u00edt\u00e9s\u0171 italokhoz? Ez a 113 ml-es, pattint\u00f3s tetej\u0171 palack \u00e1tl\u00e1tsz\u00f3, tart\u00f3s \u00fcvegb\u0151l k\u00e9sz\u00fclt, \u00e9s biztons\u00e1gos, leng\u0151tekercses z\u00e1rral, gumit\u00f6m\u00edt\u00e9ssel \u00e9s dr\u00f3tszor\u00edt\u00f3val rendelkezik. Keskeny nyak\u00e1nak \u00e9s lekerek\u00edtett v\u00e1ll\u00e1nak k\u00f6sz\u00f6nhet\u0151en a ki\u00f6nt\u00e9s egyszer\u0171 \u00e9s pontos, m\u00edg az \u00e1tl\u00e1tsz\u00f3 testnek k\u00f6sz\u00f6nhet\u0151en j\u00f3l l\u00e1that\u00f3 a tartalom. T\u00f6k\u00e9letes h\u00e1zi k\u00e9sz\u00edt\u00e9s\u0171 italok, \u00e9tolajok, bor, ecet, sz\u00f3szok \u00e9s egyebek t\u00e1rol\u00e1s\u00e1ra.\" alt=\"Kiv\u00e1l\u00f3 min\u0151s\u00e9g\u0171, pattint\u00f3s tetej\u0171 palackokat keresel h\u00e1zi k\u00e9sz\u00edt\u00e9s\u0171 italokhoz? Ez a 113 ml-es, pattint\u00f3s tetej\u0171 palack \u00e1tl\u00e1tsz\u00f3, tart\u00f3s \u00fcvegb\u0151l k\u00e9sz\u00fclt, \u00e9s biztons\u00e1gos, leng\u0151tekercses z\u00e1rral, gumit\u00f6m\u00edt\u00e9ssel \u00e9s dr\u00f3tszor\u00edt\u00f3val rendelkezik. Keskeny nyak\u00e1nak \u00e9s lekerek\u00edtett v\u00e1ll\u00e1nak k\u00f6sz\u00f6nhet\u0151en a ki\u00f6nt\u00e9s egyszer\u0171 \u00e9s pontos, m\u00edg az \u00e1tl\u00e1tsz\u00f3 testnek k\u00f6sz\u00f6nhet\u0151en j\u00f3l l\u00e1that\u00f3 a tartalom. T\u00f6k\u00e9letes h\u00e1zi k\u00e9sz\u00edt\u00e9s\u0171 italok, \u00e9tolajok, bor, ecet, sz\u00f3szok \u00e9s egyebek t\u00e1rol\u00e1s\u00e1ra.\" loading=\"lazy\" \/>\t\t\t\t\t\t\t\t\t\t\t\t\t\t\t<\/div>\n\t\t\t\t<\/div>\n\t\t\t\t<div class=\"elementor-element elementor-element-b2907c6 elementor-widget elementor-widget-text-editor\" data-id=\"b2907c6\" data-element_type=\"widget\" data-e-type=\"widget\" data-widget_type=\"text-editor.default\">\n\t\t\t\t<div class=\"elementor-widget-container\">\n\t\t\t\t\t\t\t\t\t<h2>Szem\u00e9lyes felhaszn\u00e1l\u00e1s:<\/h2><p>Kiv\u00e1l\u00f3 h\u00e1zi k\u00e9sz\u00edt\u00e9s\u0171 sz\u00f3szhoz, sal\u00e1ta\u00f6ntethez, olajinf\u00fazi\u00f3hoz, gy\u00fcm\u00f6lcsl\u00e9hez vagy k\u00e9zm\u0171ves ital aj\u00e1nd\u00e9koz\u00e1s\u00e1ra. Kompakt, k\u00f6nnyen \u00f6nthet\u0151, \u00e9s frissen tartja a folyad\u00e9kokat.<\/p><h2>\u00dczleti felhaszn\u00e1l\u00e1s:<\/h2><p>Az \u00e9ttermeknek, italm\u00e1rk\u00e1knak vagy kis\u00e1llat-keresked\u00e9seknek t\u00f6k\u00e9letes, st\u00edlusos, \u00fajrahasznos\u00edthat\u00f3 csomagol\u00e1sra van sz\u00fcks\u00e9g\u00fck. A term\u00e9kek fokozz\u00e1k a megjelen\u00e9st, \u00e9s biztons\u00e1gos t\u00e1rol\u00e1st \u00e9s sz\u00e1ll\u00edt\u00e1st biztos\u00edtanak.<\/p>\t\t\t\t\t\t\t\t<\/div>\n\t\t\t\t<\/div>\n\t\t\t\t\t<\/div>\n\t\t\t\t<\/div>\n\t\t\t\t<\/div>","protected":false},"excerpt":{"rendered":"<p>140 ml-es, \u00e1tl\u00e1tsz\u00f3, n\u00e9gyzet alak\u00fa, pattint\u00f3s tetej\u0171 \u00fcvegpalackok. Tart\u00f3s, l\u00e9gmentesen z\u00e1r\u00f3d\u00f3 \u00e9s st\u00edlusos ecet, olajok, italok vagy h\u00e1zi k\u00e9sz\u00edt\u00e9s\u0171 italok t\u00e1rol\u00e1s\u00e1ra.<\/p>","protected":false},"featured_media":17301,"template":"","meta":[],"product_brand":[],"product_cat":[80,81,20],"product_tag":[],"class_list":{"0":"post-16378","1":"product","2":"type-product","3":"status-publish","4":"has-post-thumbnail","6":"product_cat-glass-bottles","7":"product_cat-flip-top-bottles","8":"product_cat-glass-containers","10":"first","11":"instock","12":"shipping-taxable","13":"product-type-grouped"},"jetpack_sharing_enabled":true,"_links":{"self":[{"href":"https:\/\/yebodaglass.com\/hu\/wp-json\/wp\/v2\/product\/16378","targetHints":{"allow":["GET"]}}],"collection":[{"href":"https:\/\/yebodaglass.com\/hu\/wp-json\/wp\/v2\/product"}],"about":[{"href":"https:\/\/yebodaglass.com\/hu\/wp-json\/wp\/v2\/types\/product"}],"version-history":[{"count":5,"href":"https:\/\/yebodaglass.com\/hu\/wp-json\/wp\/v2\/product\/16378\/revisions"}],"predecessor-version":[{"id":20498,"href":"https:\/\/yebodaglass.com\/hu\/wp-json\/wp\/v2\/product\/16378\/revisions\/20498"}],"wp:featuredmedia":[{"embeddable":true,"href":"https:\/\/yebodaglass.com\/hu\/wp-json\/wp\/v2\/media\/17301"}],"wp:attachment":[{"href":"https:\/\/yebodaglass.com\/hu\/wp-json\/wp\/v2\/media?parent=16378"}],"wp:term":[{"taxonomy":"product_brand","embeddable":true,"href":"https:\/\/yebodaglass.com\/hu\/wp-json\/wp\/v2\/product_brand?post=16378"},{"taxonomy":"product_cat","embeddable":true,"href":"https:\/\/yebodaglass.com\/hu\/wp-json\/wp\/v2\/product_cat?post=16378"},{"taxonomy":"product_tag","embeddable":true,"href":"https:\/\/yebodaglass.com\/hu\/wp-json\/wp\/v2\/product_tag?post=16378"}],"curies":[{"name":"wp","href":"https:\/\/api.w.org\/{rel}","templated":true}]}}