{"id":16344,"date":"2025-07-08T15:01:59","date_gmt":"2025-07-08T07:01:59","guid":{"rendered":"https:\/\/yebodaglass.com\/?post_type=product&#038;p=16344"},"modified":"2026-03-26T11:46:23","modified_gmt":"2026-03-26T03:46:23","slug":"clear-round-small-glass-flip-top-bottles-for-beverage-bulk","status":"publish","type":"product","link":"https:\/\/yebodaglass.com\/hu\/termek\/clear-round-small-glass-flip-top-bottles-for-beverage-bulk\/","title":{"rendered":"4oz-os \u00e1tl\u00e1tsz\u00f3, kerek, kis \u00fcvegb\u0151l k\u00e9sz\u00fclt, flip tetej\u0171 palackok italokhoz"},"content":{"rendered":"<p>Ezek az \u00fcvegb\u0151l k\u00e9sz\u00fclt, pattint\u00f3s tetej\u0171 palackok kompaktak, praktikusak, m\u00e9gis klasszikusak. A minimalista, hengeres \u00e9s lapos alj\u00fa forma kiv\u00e1l\u00f3 min\u0151s\u00e9g\u0171, \u00e1tl\u00e1tsz\u00f3 \u00fcvegb\u0151l k\u00e9sz\u00fclt, amely t\u00f6k\u00e9letesen bemutatja a benn\u00fck l\u00e9v\u0151 italt, legyen az v\u00edz vagy h\u00e1zi k\u00e9sz\u00edt\u00e9s\u0171 szirup.<\/p>\n<h2>Kiemelt szerepl\u0151k<\/h2>\n<ul>\n<li><strong>L\u00e9gmentesen z\u00e1r\u00f3d\u00f3, felpattinthat\u00f3 z\u00e1r\u00f3f\u00f3lia:<\/strong> A f\u00e9m r\u00f6gz\u00edt\u0151gy\u0171r\u0171 \u00e9s a z\u00e1r\u00f3dug\u00f3 \u00fajrafelhaszn\u00e1lhat\u00f3, biztons\u00e1gos t\u00f6m\u00edt\u00e9st biztos\u00edt, amely t\u00f6k\u00e9letes sz\u00e9nsavas italok eset\u00e9n vagy a tart\u00e1ly tartalm\u00e1nak meg\u0151rz\u00e9se \u00e9rdek\u00e9ben.<\/li>\n<li><strong>Kompakt hengeres kialak\u00edt\u00e1s:<\/strong> A kicsi, hengeres \u00fcveg kompakt, k\u00f6nnyen moshat\u00f3 \u00e9s hordozhat\u00f3.<\/li>\n<li><strong>J\u00f3l l\u00e1that\u00f3 \u00e1tl\u00e1tsz\u00f3 \u00fcveg:<\/strong> Az \u00e1tl\u00e1tsz\u00f3 \u00fcvegnek k\u00f6sz\u00f6nhet\u0151en k\u00f6nnyen nyomon k\u00f6vetheted a tartalm\u00e1t \u00e9s a szintet.<\/li>\n<\/ul>\n<h2 style=\"text-align: left;\">F\u0151bb specifik\u00e1ci\u00f3k<\/h2>\n<table class=\"aligncenter\" style=\"border-collapse: collapse; width: 661.52pt;\" border=\"0\" width=\"882\" cellspacing=\"0\" cellpadding=\"0\">\n<tbody>\n<tr style=\"height: 13.50pt;\">\n<td style=\"height: 13.50pt; width: 206.25pt;\" width=\"275\" height=\"18\">Specifik\u00e1ci\u00f3s t\u00e9tel<\/td>\n<td style=\"width: 455.25pt;\" width=\"607\">R\u00e9szletek<\/td>\n<\/tr>\n<tr style=\"height: 13.50pt;\">\n<td style=\"height: 13.50pt;\" height=\"18\">Kapacit\u00e1s<\/td>\n<td>120 ml (4 uncia)<\/td>\n<\/tr>\n<tr style=\"height: 13.50pt;\">\n<td style=\"height: 13.50pt;\" height=\"18\">Csomag m\u00e9retei<\/td>\n<td>8,9 * 6,9 * 6,7 h\u00fcvelyk<\/td>\n<\/tr>\n<tr style=\"height: 13.50pt;\">\n<td style=\"height: 13.50pt;\" height=\"18\">Anyag<\/td>\n<td>Kiv\u00e1l\u00f3 min\u0151s\u00e9g\u0171 \u00fcveg<\/td>\n<\/tr>\n<tr style=\"height: 13.50pt;\">\n<td style=\"height: 13.50pt;\" height=\"18\">Csomagol\u00e1si specifik\u00e1ci\u00f3 dobozonk\u00e9nt<\/td>\n<td>12 darab dobozonk\u00e9nt<\/td>\n<\/tr>\n<tr style=\"height: 13.50pt;\">\n<td style=\"height: 13.50pt;\" height=\"18\">Palack funkci\u00f3<\/td>\n<td>\u00c1tl\u00e1tsz\u00f3 test, f\u00e9m bilincsszer\u0171 fed\u00e9l (feh\u00e9r tetej piros t\u00f6m\u00edt\u0151 r\u00e9sszel)<\/td>\n<\/tr>\n<\/tbody>\n<\/table>\n<h2>Sikert\u00f6rt\u00e9net: Egyedi megrendel\u00e9s egy eur\u00f3pai k\u00fcl\u00f6nleges k\u00e1v\u00e9m\u00e1rk\u00e1t\u00f3l<\/h2>\n<p>250 ml-es \u00fcveg pattint\u00f3s tetej\u0171 palackjainkat egy d\u00e1n k\u00fcl\u00f6nleges k\u00e1v\u00e9p\u00f6rk\u00f6l\u0151 v\u00e1lasztotta, aki l\u00e9zergrav\u00edroz\u00e1ssal egy k\u00e1v\u00e9cserje mint\u00e1j\u00e1t l\u00e1tta el vel\u00fck. A hidegen f\u0151z\u00f6tt eszpressz\u00f3jukat ehhez az egyedi palackhoz tervezt\u00e9k: a l\u00e9gmentesen z\u00e1r\u00f3d\u00f3 csomagol\u00e1s 40 sz\u00e1zal\u00e9kkal meghosszabb\u00edtja a term\u00e9k eltarthat\u00f3s\u00e1g\u00e1t a kiskereskedelmi h\u0171t\u0151vitrinekben. Az \u00e1tl\u00e1tsz\u00f3 \u00fcveg visszaveri a koncentr\u00e1tum sz\u00edn\u00e9t, ami \u00e1ll\u00edt\u00e1suk szerint negyed\u00e9vel n\u00f6velte az impulzusv\u00e1s\u00e1rl\u00e1sok sz\u00e1m\u00e1t. Erre a sikerre \u00e9p\u00edtve tov\u00e1bbi 480 000 palackot rendeltek, hogy bemutass\u00e1k a fogyaszt\u00e1sra k\u00e9sz kokt\u00e9lk\u00e1v\u00e9-szirupok \u00e9s teaitalok \u00fajabb v\u00e1laszt\u00e9k\u00e1t.<\/p>\n<h2>Swing Top palackok szem\u00e9lyre szab\u00e1sa<\/h2>\n<ul>\n<li>Kamp\u00f3 \u00e9s dug\u00f3 sz\u00ednv\u00e1laszt\u00e9k: V\u00e1lasszon f\u00e9mkamp\u00f3 fel\u00fcletek (r\u00e9z, s\u00e1rgar\u00e9z, matt fekete) \u00e9s dug\u00f3 sz\u00ednek k\u00f6z\u00fcl, hogy m\u00e1rk\u00e1ja alapj\u00e1n a megfelel\u0151 megjelen\u00e9st alak\u00edtsa ki.<\/li>\n<li>N\u00e9gyzet alak\u00fa kialak\u00edt\u00e1s: Tervezzen modern, helytakar\u00e9kos, n\u00e9gyzet alak\u00fa, csavaros tetej\u0171 palackokat, amelyek n\u00f6velik a polcok stabilit\u00e1s\u00e1t \u00e9s jellegzetes megjelen\u00e9st k\u00f6lcs\u00f6n\u00f6znek a term\u00e9keknek.<\/li>\n<li>Integr\u00e1lt sz\u00edn\u00e1tmenetek: Tart\u00f3s nyomtatott beoszt\u00e1sok, amelyek akkor haszn\u00e1lhat\u00f3k, ha a koncentr\u00e1tum vagy az \u00f6sszetev\u0151 pontosabb m\u00e9r\u00e9s\u00e9re van sz\u00fcks\u00e9g (pl. k\u00e1v\u00e9, kokt\u00e9lok).<\/li>\n<\/ul>","protected":false},"excerpt":{"rendered":"<p>Kis \u00fcvegpalackok er\u0151s f\u00e9mz\u00e1rral \u00e9s l\u00e9gmentes z\u00e1r\u00e1ssal. A billen\u0151tet\u0151s palackok frissen tartj\u00e1k a tartalmat. K\u00e9szleten kaphat\u00f3, gyors, glob\u00e1lis sz\u00e1ll\u00edt\u00e1ssal.<\/p>","protected":false},"featured_media":17307,"template":"","meta":[],"product_brand":[],"product_cat":[81,80,20],"product_tag":[],"class_list":{"0":"post-16344","1":"product","2":"type-product","3":"status-publish","4":"has-post-thumbnail","6":"product_cat-flip-top-bottles","7":"product_cat-glass-bottles","8":"product_cat-glass-containers","10":"first","11":"instock","12":"shipping-taxable","13":"product-type-grouped"},"jetpack_sharing_enabled":true,"_links":{"self":[{"href":"https:\/\/yebodaglass.com\/hu\/wp-json\/wp\/v2\/product\/16344","targetHints":{"allow":["GET"]}}],"collection":[{"href":"https:\/\/yebodaglass.com\/hu\/wp-json\/wp\/v2\/product"}],"about":[{"href":"https:\/\/yebodaglass.com\/hu\/wp-json\/wp\/v2\/types\/product"}],"version-history":[{"count":5,"href":"https:\/\/yebodaglass.com\/hu\/wp-json\/wp\/v2\/product\/16344\/revisions"}],"predecessor-version":[{"id":25619,"href":"https:\/\/yebodaglass.com\/hu\/wp-json\/wp\/v2\/product\/16344\/revisions\/25619"}],"wp:featuredmedia":[{"embeddable":true,"href":"https:\/\/yebodaglass.com\/hu\/wp-json\/wp\/v2\/media\/17307"}],"wp:attachment":[{"href":"https:\/\/yebodaglass.com\/hu\/wp-json\/wp\/v2\/media?parent=16344"}],"wp:term":[{"taxonomy":"product_brand","embeddable":true,"href":"https:\/\/yebodaglass.com\/hu\/wp-json\/wp\/v2\/product_brand?post=16344"},{"taxonomy":"product_cat","embeddable":true,"href":"https:\/\/yebodaglass.com\/hu\/wp-json\/wp\/v2\/product_cat?post=16344"},{"taxonomy":"product_tag","embeddable":true,"href":"https:\/\/yebodaglass.com\/hu\/wp-json\/wp\/v2\/product_tag?post=16344"}],"curies":[{"name":"wp","href":"https:\/\/api.w.org\/{rel}","templated":true}]}}