{"id":3,"date":"2025-06-25T09:56:57","date_gmt":"2025-06-25T09:56:57","guid":{"rendered":"https:\/\/yebodaglass.com\/?page_id=3"},"modified":"2025-08-29T17:16:29","modified_gmt":"2025-08-29T09:16:29","slug":"privacy-policy","status":"publish","type":"page","link":"https:\/\/yebodaglass.com\/hu\/privacy-policy\/","title":{"rendered":"Adatv\u00e9delmi ir\u00e1nyelvek"},"content":{"rendered":"<div data-elementor-type=\"wp-page\" data-elementor-id=\"3\" class=\"elementor elementor-3\" data-elementor-settings=\"{&quot;ha_cmc_init_switcher&quot;:&quot;no&quot;}\" data-elementor-post-type=\"page\">\n\t\t\t\t<div class=\"elementor-element elementor-element-d02b64f e-flex e-con-boxed e-con e-parent\" data-id=\"d02b64f\" data-element_type=\"container\" data-e-type=\"container\" data-settings=\"{&quot;_ha_eqh_enable&quot;:false}\">\n\t\t\t\t\t<div class=\"e-con-inner\">\n\t\t<div class=\"elementor-element elementor-element-576ebfc e-con-full e-flex e-con e-child\" data-id=\"576ebfc\" data-element_type=\"container\" data-e-type=\"container\" data-settings=\"{&quot;_ha_eqh_enable&quot;:false}\">\n\t\t\t\t<div class=\"elementor-element elementor-element-7ee6d88 elementor-widget elementor-widget-breadcrumbs\" data-id=\"7ee6d88\" data-element_type=\"widget\" data-e-type=\"widget\" data-widget_type=\"breadcrumbs.default\">\n\t\t\t\t<div class=\"elementor-widget-container\">\n\t\t\t\t\t<nav aria-label=\"zsemlemorzsa\" class=\"rank-math-breadcrumb\"><p><span class=\"last\">Otthon<\/span><\/p><\/nav>\t\t\t\t<\/div>\n\t\t\t\t<\/div>\n\t\t\t\t<\/div>\n\t\t\t\t\t<\/div>\n\t\t\t\t<\/div>\n\t\t<div class=\"elementor-element elementor-element-41def54 e-flex e-con-boxed e-con e-parent\" data-id=\"41def54\" data-element_type=\"container\" data-e-type=\"container\" data-settings=\"{&quot;_ha_eqh_enable&quot;:false}\">\n\t\t\t\t\t<div class=\"e-con-inner\">\n\t\t\t\t<div class=\"elementor-element elementor-element-4e340a9 elementor-widget elementor-widget-heading\" data-id=\"4e340a9\" data-element_type=\"widget\" data-e-type=\"widget\" data-widget_type=\"heading.default\">\n\t\t\t\t<div class=\"elementor-widget-container\">\n\t\t\t\t\t<h1 class=\"elementor-heading-title elementor-size-default\">Adatv\u00e9delmi ir\u00e1nyelvek<\/h1>\t\t\t\t<\/div>\n\t\t\t\t<\/div>\n\t\t\t\t<div class=\"elementor-element elementor-element-2c09140 elementor-widget elementor-widget-text-editor\" data-id=\"2c09140\" data-element_type=\"widget\" data-e-type=\"widget\" data-widget_type=\"text-editor.default\">\n\t\t\t\t<div class=\"elementor-widget-container\">\n\t\t\t\t\t\t\t\t\t<h2>Milyen inform\u00e1ci\u00f3kat gy\u0171jt\u00fcnk?<\/h2><p>Amikor regisztr\u00e1l az oldalon, megrendel\u00e9st ad le, versenyen vagy nyerem\u00e9nyj\u00e1t\u00e9kon vesz r\u00e9szt, v\u00e1laszol egy felm\u00e9r\u00e9sre vagy kommunik\u00e1ci\u00f3ra, p\u00e9ld\u00e1ul e-mailre, vagy r\u00e9szt vesz a weboldal m\u00e1s funkci\u00f3iban, inform\u00e1ci\u00f3kat gy\u0171jt\u00fcnk \u00d6nr\u0151l. Rendel\u00e9s vagy regisztr\u00e1ci\u00f3 sor\u00e1n k\u00e9rhetj\u00fck a nev\u00e9t, e-mail c\u00edm\u00e9t, postai c\u00edm\u00e9t, telefonsz\u00e1m\u00e1t, hitelk\u00e1rtyaadatait vagy egy\u00e9b adatait. El\u0151fordulhat azonban, hogy n\u00e9vtelen\u00fcl l\u00e1togatja weboldalunkat. Az aj\u00e1nd\u00e9k c\u00edmzettj\u00e9r\u0151l is gy\u0171jt\u00fcnk inform\u00e1ci\u00f3kat, hogy teljes\u00edteni tudjuk az aj\u00e1nd\u00e9kv\u00e1s\u00e1rl\u00e1st. Az aj\u00e1nd\u00e9k c\u00edmzettj\u00e9r\u0151l gy\u0171jt\u00f6tt inform\u00e1ci\u00f3kat nem haszn\u00e1ljuk fel marketing c\u00e9lokra. Sok m\u00e1s weboldalhoz hasonl\u00f3an mi is \u201es\u00fctiket\u201d haszn\u00e1lunk a felhaszn\u00e1l\u00f3i \u00e9lm\u00e9ny jav\u00edt\u00e1sa \u00e9s a weboldalaink l\u00e1togat\u00f3ir\u00f3l \u00e9s l\u00e1togat\u00e1sair\u00f3l sz\u00f3l\u00f3 inform\u00e1ci\u00f3k gy\u0171jt\u00e9se \u00e9rdek\u00e9ben. K\u00e9rj\u00fck, olvassa el az al\u00e1bbi \u201eHaszn\u00e1lunk-e \u201es\u00fctiket\u201d?\u201d c\u00edm\u0171 r\u00e9szt a s\u00fctikr\u0151l \u00e9s azok haszn\u00e1lat\u00e1r\u00f3l sz\u00f3l\u00f3 inform\u00e1ci\u00f3k\u00e9rt.<\/p><h2>Hogyan haszn\u00e1ljuk fel az \u00d6n adatait?<\/h2><p>Az \u00d6nt\u0151l gy\u0171jt\u00f6tt inform\u00e1ci\u00f3kat, amikor regisztr\u00e1l, term\u00e9keket v\u00e1s\u00e1rol, versenyen vagy prom\u00f3ci\u00f3n vesz r\u00e9szt, v\u00e1laszol egy felm\u00e9r\u00e9sre vagy marketingkommunik\u00e1ci\u00f3ra, b\u00f6ng\u00e9szik a weboldalon, vagy bizonyos egy\u00e9b webhelyfunkci\u00f3kat haszn\u00e1l, a k\u00f6vetkez\u0151 m\u00f3dokon haszn\u00e1lhatjuk fel: A webhely\u00e9lm\u00e9ny szem\u00e9lyre szab\u00e1sa \u00e9s az \u00d6nt legink\u00e1bb \u00e9rdekl\u0151 tartalom \u00e9s term\u00e9kk\u00edn\u00e1lat megjelen\u00edt\u00e9se \u00e9rdek\u00e9ben. Az \u00fcgyf\u00e9lszolg\u00e1lati k\u00e9r\u00e9seire adott jobb v\u00e1laszok \u00e9rdek\u00e9ben. Tranzakci\u00f3i gyors feldolgoz\u00e1sa \u00e9rdek\u00e9ben. Verseny, prom\u00f3ci\u00f3, felm\u00e9r\u00e9s vagy egy\u00e9b webhelyfunkci\u00f3 lebonyol\u00edt\u00e1sa \u00e9rdek\u00e9ben. Ha feliratkozott e-mail h\u00edrlevel\u00fcnkre, id\u0151szakosan e-maileket k\u00fcldhet\u00fcnk \u00d6nnek. Ha a tov\u00e1bbiakban nem szeretne prom\u00f3ci\u00f3s e-maileket kapni t\u0151l\u00fcnk, k\u00e9rj\u00fck, olvassa el az al\u00e1bbi \u201eHozz\u00e1j\u00e1rul\u00e1s visszavon\u00e1sa\u201d r\u00e9szt. Ha nem feliratkozott e-mail h\u00edrleveleinkre, akkor ezeket az e-maileket nem fogja megkapni. Azok a l\u00e1togat\u00f3k, akik regisztr\u00e1lnak vagy r\u00e9szt vesznek a webhely m\u00e1s funkci\u00f3iban, p\u00e9ld\u00e1ul marketingprogramokban \u00e9s \u201ecsak tagoknak\u201d sz\u00f3l\u00f3 tartalmakban, v\u00e1laszthatnak, hogy szeretn\u00e9nek-e szerepelni az e-mail list\u00e1nkon, \u00e9s szeretn\u00e9nek-e e-mailben kommunik\u00e1lni t\u0151l\u00fcnk.<\/p><h2>Hogyan v\u00e9dj\u00fck a l\u00e1togat\u00f3i adatokat?<\/h2><p>Szem\u00e9lyes adatainak biztons\u00e1ga \u00e9rdek\u00e9ben sz\u00e1mos biztons\u00e1gi int\u00e9zked\u00e9st vezet\u00fcnk be. Szem\u00e9lyes adatait biztons\u00e1gos h\u00e1l\u00f3zatok m\u00f6g\u00f6tt t\u00e1roljuk, \u00e9s csak korl\u00e1tozott sz\u00e1m\u00fa szem\u00e9ly f\u00e9rhet hozz\u00e1juk, akik k\u00fcl\u00f6nleges hozz\u00e1f\u00e9r\u00e9si jogokkal rendelkeznek az ilyen rendszerekhez, \u00e9s k\u00f6telesek bizalmasan kezelni az inform\u00e1ci\u00f3kat. Amikor megrendel\u00e9seket ad le, vagy hozz\u00e1f\u00e9r szem\u00e9lyes adataihoz, biztons\u00e1gos szerver haszn\u00e1lat\u00e1t k\u00edn\u00e1ljuk. Az \u00d6n \u00e1ltal megadott \u00f6sszes \u00e9rz\u00e9keny\/hitelinform\u00e1ci\u00f3t Secure Socket Layer (SSL) technol\u00f3gi\u00e1n kereszt\u00fcl tov\u00e1bb\u00edtjuk, majd titkos\u00edtjuk adatb\u00e1zisainkba, hogy csak a fent le\u00edrtak szerint lehessen hozz\u00e1f\u00e9rni.<\/p><h2>Haszn\u00e1lunk \u201es\u00fctiket\u201d?<\/h2><p>Igen. A s\u00fctik kis f\u00e1jlok, amelyeket egy webhely vagy annak szolg\u00e1ltat\u00f3ja a webb\u00f6ng\u00e9sz\u0151j\u00e9n kereszt\u00fcl tov\u00e1bb\u00edt a sz\u00e1m\u00edt\u00f3g\u00e9p merevlemez\u00e9re (ha enged\u00e9lyezi), \u00e9s amelyek lehet\u0151v\u00e9 teszik a webhely vagy a szolg\u00e1ltat\u00f3 rendszerei sz\u00e1m\u00e1ra, hogy felismerj\u00e9k a b\u00f6ng\u00e9sz\u0151j\u00e9t, valamint r\u00f6gz\u00edtsenek \u00e9s megjegyezzenek bizonyos inform\u00e1ci\u00f3kat. P\u00e9ld\u00e1ul s\u00fctiket haszn\u00e1lunk a bev\u00e1s\u00e1rl\u00f3kos\u00e1rban tal\u00e1lhat\u00f3 t\u00e9telek megjegyz\u00e9s\u00e9re \u00e9s feldolgoz\u00e1s\u00e1ra. Arra is haszn\u00e1ljuk \u0151ket, hogy meg\u00e9rts\u00fck az \u00d6n preferenci\u00e1it a kor\u00e1bbi vagy jelenlegi webhelytev\u00e9kenys\u00e9gek alapj\u00e1n, ami lehet\u0151v\u00e9 teszi sz\u00e1munkra, hogy jobb szolg\u00e1ltat\u00e1sokat ny\u00fajtsunk \u00d6nnek. S\u00fctiket haszn\u00e1lunk a webhelyforgalomr\u00f3l \u00e9s a webhelyen v\u00e9gzett interakci\u00f3kr\u00f3l sz\u00f3l\u00f3 \u00f6sszes\u00edtett adatok \u00f6ssze\u00e1ll\u00edt\u00e1s\u00e1ra is, hogy a j\u00f6v\u0151ben jobb webhely\u00e9lm\u00e9nyt \u00e9s eszk\u00f6z\u00f6ket k\u00edn\u00e1lhassunk. Szerz\u0151d\u00e9st k\u00f6thet\u00fcnk harmadik f\u00e9l szolg\u00e1ltat\u00f3kkal, hogy seg\u00edtsenek nek\u00fcnk jobban meg\u00e9rteni webhelyl\u00e1togat\u00f3inkat. Ezek a szolg\u00e1ltat\u00f3k nem jogosultak a nev\u00fcnkben gy\u0171jt\u00f6tt inform\u00e1ci\u00f3k felhaszn\u00e1l\u00e1s\u00e1ra, kiv\u00e9ve, ha seg\u00edtenek \u00fczleti tev\u00e9kenys\u00e9g\u00fcnk lebonyol\u00edt\u00e1s\u00e1ban \u00e9s fejleszt\u00e9s\u00e9ben. D\u00f6nthet \u00fagy, hogy sz\u00e1m\u00edt\u00f3g\u00e9pe figyelmeztesse \u00d6nt minden alkalommal, amikor s\u00fctit k\u00fcldenek, vagy kikapcsolhatja az \u00f6sszes s\u00fctit. Ezt a b\u00f6ng\u00e9sz\u0151 (p\u00e9ld\u00e1ul a Google Chrome, a Microsoft Edge vagy a Safari) be\u00e1ll\u00edt\u00e1sain kereszt\u00fcl teheti meg. Minden b\u00f6ng\u00e9sz\u0151 kicsit m\u00e1s, ez\u00e9rt a b\u00f6ng\u00e9sz\u0151 \u201eS\u00fag\u00f3\u201d men\u00fcj\u00e9ben tal\u00e1l inform\u00e1ci\u00f3t a s\u00fctik m\u00f3dos\u00edt\u00e1s\u00e1nak helyes m\u00f3dj\u00e1r\u00f3l. Ha kikapcsolja a s\u00fctiket, akkor nem f\u00e9r hozz\u00e1 sz\u00e1mos olyan funkci\u00f3hoz, amelyek hat\u00e9konyabb\u00e1 teszik a webhely\u00e9lm\u00e9nyt, \u00e9s egyes szolg\u00e1ltat\u00e1saink nem fognak megfelel\u0151en m\u0171k\u00f6dni. Azonban tov\u00e1bbra is leadhat rendel\u00e9seket telefonon az \u00fcgyf\u00e9lszolg\u00e1lattal val\u00f3 kapcsolatfelv\u00e9tellel.<\/p><h2>Kiadjuk-e k\u00fcls\u0151 feleknek az \u00e1ltalunk gy\u0171jt\u00f6tt inform\u00e1ci\u00f3kat?<\/h2><p>Szem\u00e9lyes azonos\u00edt\u00e1sra alkalmas adatait nem adjuk el, nem cser\u00e9lj\u00fck el \u00e9s m\u00e1s m\u00f3don sem adjuk \u00e1t k\u00fcls\u0151 feleknek, kiv\u00e9ve, ha el\u0151zetesen \u00e9rtes\u00edtj\u00fck \u00d6nt, kiv\u00e9ve az al\u00e1bbiakban le\u00edrtakat. A \u201ek\u00fcls\u0151 felek\u201d kifejez\u00e9s nem foglalja mag\u00e1ban \u00fczleti tev\u00e9kenys\u00e9g\u00fcnket. Nem foglalja mag\u00e1ban a weboldal-t\u00e1rhelyszolg\u00e1ltat\u00f3 partnereket \u00e9s m\u00e1s feleket sem, akik seg\u00edtenek nek\u00fcnk weboldalunk m\u0171k\u00f6dtet\u00e9s\u00e9ben, \u00fczleti tev\u00e9kenys\u00e9g\u00fcnk lebonyol\u00edt\u00e1s\u00e1ban vagy az \u00d6n kiszolg\u00e1l\u00e1s\u00e1ban, amennyiben ezek a felek beleegyeznek abba, hogy ezeket az inform\u00e1ci\u00f3kat bizalmasan kezelik. Adatait akkor is kiadhatjuk, ha \u00fagy v\u00e9lj\u00fck, hogy a kiad\u00e1s a t\u00f6rv\u00e9nyek betart\u00e1sa, weboldalunk ir\u00e1nyelveinek betartat\u00e1sa, vagy a saj\u00e1t vagy m\u00e1sok jogainak, tulajdon\u00e1nak vagy biztons\u00e1g\u00e1nak v\u00e9delme \u00e9rdek\u00e9ben sz\u00fcks\u00e9ges. Azonban nem szem\u00e9lyazonos\u00edt\u00e1sra alkalmas l\u00e1togat\u00f3i adatokat \u00e1tadhatunk m\u00e1s feleknek marketing, rekl\u00e1m vagy egy\u00e9b c\u00e9lokra. Hogyan iratkozhat le, t\u00e1vol\u00edthat el vagy m\u00f3dos\u00edthat a nek\u00fcnk megadott inform\u00e1ci\u00f3kat? E-mail-feliratkoz\u00e1sainak m\u00f3dos\u00edt\u00e1s\u00e1hoz k\u00e9rj\u00fck, jelezze ezt nek\u00fcnk a \u201eFi\u00f3kom\u201d r\u00e9szben tal\u00e1lhat\u00f3 be\u00e1ll\u00edt\u00e1sok m\u00f3dos\u00edt\u00e1s\u00e1val. Felh\u00edvjuk figyelm\u00e9t, hogy az e-mail-k\u00e9sz\u00edt\u00e9si \u00fctemterv miatt el\u0151fordulhat, hogy m\u00e1r folyamatban l\u00e9v\u0151 e-maileket kap. Az \u00f6sszes online fi\u00f3kadat\u00e1nak adatb\u00e1zisunkb\u00f3l val\u00f3 t\u00f6rl\u00e9s\u00e9hez jelentkezzen be weboldalunk \u201eFi\u00f3kom\u201d r\u00e9sz\u00e9be, \u00e9s t\u00e1vol\u00edtsa el sz\u00e1ll\u00edt\u00e1si c\u00edm\u00e9t, sz\u00e1ml\u00e1z\u00e1si c\u00edm\u00e9t \u00e9s fizet\u00e9si adatait. Felh\u00edvjuk figyelm\u00e9t, hogy az egyes \u00e9rt\u00e9kes\u00edt\u00e9si tranzakci\u00f3kr\u00f3l inform\u00e1ci\u00f3kat t\u00e1rolhatunk az adott tranzakci\u00f3 kiszolg\u00e1l\u00e1sa \u00e9s a nyilv\u00e1ntart\u00e1s c\u00e9lj\u00e1b\u00f3l. Harmadik f\u00e9lre mutat\u00f3 linkek Annak \u00e9rdek\u00e9ben, hogy nagyobb \u00e9rt\u00e9ket ny\u00fajtsunk \u00d6nnek, harmadik f\u00e9lre mutat\u00f3 linkeket helyezhet\u00fcnk el weboldalunkon. Ezek a hivatkozott webhelyek k\u00fcl\u00f6n\u00e1ll\u00f3 \u00e9s f\u00fcggetlen adatv\u00e9delmi szab\u00e1lyzattal rendelkeznek. Ez\u00e9rt nem v\u00e1llalunk felel\u0151ss\u00e9get ezen hivatkozott webhelyek tartalm\u00e1\u00e9rt \u00e9s tev\u00e9kenys\u00e9gei\u00e9rt. Mindazon\u00e1ltal igyeksz\u00fcnk megv\u00e9deni webhely\u00fcnk integrit\u00e1s\u00e1t, \u00e9s \u00f6r\u00f6mmel fogadunk minden visszajelz\u00e9st ezekkel a hivatkozott webhelyekkel kapcsolatban (bele\u00e9rtve azt is, ha egy adott hivatkoz\u00e1s nem m\u0171k\u00f6dik). Szab\u00e1lyzatunk m\u00f3dos\u00edt\u00e1sait, amennyiben \u00fagy d\u00f6nt\u00fcnk, hogy m\u00f3dos\u00edtjuk adatv\u00e9delmi szab\u00e1lyzatunkat, ezen az oldalon tessz\u00fck k\u00f6zz\u00e9. A szab\u00e1lyzat m\u00f3dos\u00edt\u00e1sai csak a m\u00f3dos\u00edt\u00e1s d\u00e1tuma ut\u00e1n gy\u0171jt\u00f6tt inform\u00e1ci\u00f3kra vonatkoznak.<\/p><h2>K\u00e9rd\u00e9sek \u00e9s visszajelz\u00e9sek<\/h2><p>\u00d6r\u00f6mmel fogadjuk az adatv\u00e9delemmel kapcsolatos k\u00e9rd\u00e9seit, \u00e9szrev\u00e9teleit \u00e9s agg\u00e1lyait. K\u00e9rj\u00fck, k\u00fcldj\u00f6n nek\u00fcnk visszajelz\u00e9st az adatv\u00e9delemmel vagy b\u00e1rmilyen m\u00e1s probl\u00e9m\u00e1val kapcsolatban. Csak online szab\u00e1lyzat. Ez az online adatv\u00e9delmi szab\u00e1lyzat csak a weboldalunkon kereszt\u00fcl gy\u0171jt\u00f6tt inform\u00e1ci\u00f3kra vonatkozik, az offline gy\u0171jt\u00f6tt inform\u00e1ci\u00f3kra nem.<\/p><h2>Az \u00d6n hozz\u00e1j\u00e1rul\u00e1sa<\/h2><p>A weboldalunkon kereszt\u00fcl t\u00f6rt\u00e9n\u0151 v\u00e1s\u00e1rl\u00e1ssal, szem\u00e9lyes vagy \u00fczleti adatokkal kapcsolatos \u00e9rdekl\u0151d\u00e9s beny\u00fajt\u00e1s\u00e1val \u00e1raj\u00e1nlat k\u00e9r\u00e9se, megrendel\u00e9s b\u00e1rmilyen m\u00f3don t\u00f6rt\u00e9n\u0151 kifizet\u00e9se vagy kisz\u00e1ll\u00edt\u00e1s megszervez\u00e9se c\u00e9lj\u00e1b\u00f3l \u00d6n hozz\u00e1j\u00e1rul ahhoz, hogy ezeket az adatokat az \u00d6n \u00e9rdek\u00e9ben gy\u0171jts\u00fck, t\u00e1roljuk \u00e9s felhaszn\u00e1ljuk, \u00e9s\/vagy szolg\u00e1ltat\u00e1saink \u00e9s aj\u00e1nlataink fejleszt\u00e9se \u00e9rdek\u00e9ben. Ezzel hozz\u00e1j\u00e1rul ahhoz is, hogy k\u00f6z\u00f6lj\u00fck, \u00d6n a Yeboda \u00fcgyfele, valamint ahhoz is, hogy v\u00e1llalkoz\u00e1sa nev\u00e9t, log\u00f3j\u00e1t \u00e9s csomagol\u00e1s\u00e1t term\u00e9keink \u00e9s szolg\u00e1ltat\u00e1saink bemutat\u00e1sa c\u00e9lj\u00e1b\u00f3l felhaszn\u00e1ljuk, kiv\u00e9ve, ha m\u00e1sk\u00e9pp van felt\u00fcntetve.<\/p><h2>A hozz\u00e1j\u00e1rul\u00e1s visszavon\u00e1s\u00e1val<\/h2><p>B\u00e1rmikor visszavonhatja hozz\u00e1j\u00e1rul\u00e1s\u00e1t a Yeboda adatainak gy\u0171jt\u00e9s\u00e9hez, felhaszn\u00e1l\u00e1s\u00e1hoz vagy nyilv\u00e1noss\u00e1gra hozatal\u00e1hoz a vel\u00fcnk val\u00f3 kapcsolatfelv\u00e9tel \u00fatj\u00e1n. A Yeboda fenntartja a jogot, hogy meg\u0151rizze a kor\u00e1bban gy\u0171jt\u00f6tt inform\u00e1ci\u00f3kat a megrendel\u00e9sek teljes\u00edt\u00e9se, illetve a vit\u00e1k vagy vizsg\u00e1latok rendez\u00e9se \u00e9rdek\u00e9ben. Weboldalunk megl\u00e1togat\u00e1sakor automatikusan megkapjuk az eszk\u00f6z internetprotokoll-c\u00edm\u00e9t (IP-c\u00edm\u00e9t), a hozz\u00e1vet\u0151leges f\u00f6ldrajzi r\u00e9gi\u00f3t, valamint a b\u00f6ng\u00e9sz\u0151j\u00e9vel \u00e9s oper\u00e1ci\u00f3s rendszer\u00e9vel kapcsolatos egy\u00e9b alapvet\u0151 inform\u00e1ci\u00f3kat, hogy jobban tudjunk seg\u00edteni, \u00e9s jobb, szem\u00e9lyre szabottabb \u00e9lm\u00e9nyt ny\u00fajtsunk \u00fcgyfeleinknek.<\/p>\t\t\t\t\t\t\t\t<\/div>\n\t\t\t\t<\/div>\n\t\t\t\t\t<\/div>\n\t\t\t\t<\/div>\n\t\t<div class=\"elementor-element elementor-element-ea91219 e-flex e-con-boxed e-con e-parent\" data-id=\"ea91219\" data-element_type=\"container\" data-e-type=\"container\" data-settings=\"{&quot;_ha_eqh_enable&quot;:false}\">\n\t\t\t\t\t<div class=\"e-con-inner\">\n\t\t\t\t<div class=\"elementor-element elementor-element-7e7f6e4 elementor-widget elementor-widget-heading\" data-id=\"7e7f6e4\" data-element_type=\"widget\" data-e-type=\"widget\" data-widget_type=\"heading.default\">\n\t\t\t\t<div class=\"elementor-widget-container\">\n\t\t\t\t\t<p class=\"elementor-heading-title elementor-size-default\">Ind\u00edtsa el az \u00fcvegcsomagol\u00e1st<br> utaz\u00e1s Yebod\u00e1val<\/p>\t\t\t\t<\/div>\n\t\t\t\t<\/div>\n\t\t\t\t<div class=\"elementor-element elementor-element-1ca6b54 elementor-widget elementor-widget-heading\" data-id=\"1ca6b54\" data-element_type=\"widget\" data-e-type=\"widget\" data-widget_type=\"heading.default\">\n\t\t\t\t<div class=\"elementor-widget-container\">\n\t\t\t\t\t<p class=\"elementor-heading-title elementor-size-default\">\nL\u00e9pjen kapcsolatba term\u00e9kspecialist\u00e1nkkal most<\/p>\t\t\t\t<\/div>\n\t\t\t\t<\/div>\n\t\t\t\t<div class=\"elementor-element elementor-element-a48bb7c elementor-align-center elementor-widget elementor-widget-button\" data-id=\"a48bb7c\" data-element_type=\"widget\" data-e-type=\"widget\" data-widget_type=\"button.default\">\n\t\t\t\t<div class=\"elementor-widget-container\">\n\t\t\t\t\t\t\t\t\t<div class=\"elementor-button-wrapper\">\n\t\t\t\t\t<a class=\"elementor-button elementor-button-link elementor-size-sm\" href=\"https:\/\/yebodaglass.com\/hu\/contact\/\">\n\t\t\t\t\t\t<span class=\"elementor-button-content-wrapper\">\n\t\t\t\t\t\t\t\t\t<span class=\"elementor-button-text\">Kezd\u00e9s<\/span>\n\t\t\t\t\t<\/span>\n\t\t\t\t\t<\/a>\n\t\t\t\t<\/div>\n\t\t\t\t\t\t\t\t<\/div>\n\t\t\t\t<\/div>\n\t\t\t\t\t<\/div>\n\t\t\t\t<\/div>\n\t\t\t\t<\/div>","protected":false},"excerpt":{"rendered":"<p>Kezd\u0151lap Adatv\u00e9delmi szab\u00e1lyzat Milyen inform\u00e1ci\u00f3kat gy\u0171jt\u00fcnk? Inform\u00e1ci\u00f3kat gy\u0171jt\u00fcnk \u00d6nt\u0151l, amikor regisztr\u00e1l a webhelyen, megrendel\u00e9st ad le, r\u00e9szt vesz egy versenyen vagy nyerem\u00e9nyj\u00e1t\u00e9kban, v\u00e1laszol egy felm\u00e9r\u00e9sre vagy kommunik\u00e1ci\u00f3ra, p\u00e9ld\u00e1ul e-mailben, vagy r\u00e9szt vesz egy m\u00e1sik webhelyfunkci\u00f3ban. Rendel\u00e9s vagy regisztr\u00e1ci\u00f3 sor\u00e1n megk\u00e9rdezhetj\u00fck \u00d6nt\u0151l a nev\u00e9t, e-mail c\u00edm\u00e9t, [...]<\/p>","protected":false},"author":1,"featured_media":0,"parent":0,"menu_order":0,"comment_status":"closed","ping_status":"closed","template":"elementor_header_footer","meta":{"footnotes":""},"class_list":["post-3","page","type-page","status-publish","hentry"],"blocksy_meta":[],"jetpack_sharing_enabled":true,"_links":{"self":[{"href":"https:\/\/yebodaglass.com\/hu\/wp-json\/wp\/v2\/pages\/3","targetHints":{"allow":["GET"]}}],"collection":[{"href":"https:\/\/yebodaglass.com\/hu\/wp-json\/wp\/v2\/pages"}],"about":[{"href":"https:\/\/yebodaglass.com\/hu\/wp-json\/wp\/v2\/types\/page"}],"author":[{"embeddable":true,"href":"https:\/\/yebodaglass.com\/hu\/wp-json\/wp\/v2\/users\/1"}],"replies":[{"embeddable":true,"href":"https:\/\/yebodaglass.com\/hu\/wp-json\/wp\/v2\/comments?post=3"}],"version-history":[{"count":6,"href":"https:\/\/yebodaglass.com\/hu\/wp-json\/wp\/v2\/pages\/3\/revisions"}],"predecessor-version":[{"id":20202,"href":"https:\/\/yebodaglass.com\/hu\/wp-json\/wp\/v2\/pages\/3\/revisions\/20202"}],"wp:attachment":[{"href":"https:\/\/yebodaglass.com\/hu\/wp-json\/wp\/v2\/media?parent=3"}],"curies":[{"name":"wp","href":"https:\/\/api.w.org\/{rel}","templated":true}]}}