{"id":19576,"date":"2025-08-22T14:45:03","date_gmt":"2025-08-22T06:45:03","guid":{"rendered":"https:\/\/yebodaglass.com\/?page_id=19576"},"modified":"2025-08-29T18:01:01","modified_gmt":"2025-08-29T10:01:01","slug":"request-free-samples","status":"publish","type":"page","link":"https:\/\/yebodaglass.com\/hu\/request-free-samples\/","title":{"rendered":"Ingyenes mint\u00e1k k\u00e9r\u00e9se"},"content":{"rendered":"<div data-elementor-type=\"wp-page\" data-elementor-id=\"19576\" class=\"elementor elementor-19576\" data-elementor-settings=\"{&quot;ha_cmc_init_switcher&quot;:&quot;no&quot;}\" data-elementor-post-type=\"page\">\n\t\t\t\t<div class=\"elementor-element elementor-element-2d4a8d5 e-flex e-con-boxed e-con e-parent\" data-id=\"2d4a8d5\" data-element_type=\"container\" data-e-type=\"container\" data-settings=\"{&quot;_ha_eqh_enable&quot;:false}\">\n\t\t\t\t\t<div class=\"e-con-inner\">\n\t\t\t\t<div class=\"elementor-element elementor-element-88309fe elementor-widget elementor-widget-breadcrumbs\" data-id=\"88309fe\" data-element_type=\"widget\" data-e-type=\"widget\" data-widget_type=\"breadcrumbs.default\">\n\t\t\t\t<div class=\"elementor-widget-container\">\n\t\t\t\t\t<nav aria-label=\"zsemlemorzsa\" class=\"rank-math-breadcrumb\"><p><span class=\"last\">Otthon<\/span><\/p><\/nav>\t\t\t\t<\/div>\n\t\t\t\t<\/div>\n\t\t\t\t\t<\/div>\n\t\t\t\t<\/div>\n\t\t<div class=\"elementor-element elementor-element-41def54 e-flex e-con-boxed e-con e-parent\" data-id=\"41def54\" data-element_type=\"container\" data-e-type=\"container\" data-settings=\"{&quot;_ha_eqh_enable&quot;:false}\">\n\t\t\t\t\t<div class=\"e-con-inner\">\n\t\t\t\t<div class=\"elementor-element elementor-element-4e340a9 elementor-widget elementor-widget-heading\" data-id=\"4e340a9\" data-element_type=\"widget\" data-e-type=\"widget\" data-widget_type=\"heading.default\">\n\t\t\t\t<div class=\"elementor-widget-container\">\n\t\t\t\t\t<h1 class=\"elementor-heading-title elementor-size-default\">Ingyenes mint\u00e1k k\u00e9r\u00e9se<\/h1>\t\t\t\t<\/div>\n\t\t\t\t<\/div>\n\t\t\t\t<div class=\"elementor-element elementor-element-2c09140 elementor-widget elementor-widget-text-editor\" data-id=\"2c09140\" data-element_type=\"widget\" data-e-type=\"widget\" data-widget_type=\"text-editor.default\">\n\t\t\t\t<div class=\"elementor-widget-container\">\n\t\t\t\t\t\t\t\t\t<p>A Yeboda ingyenes mint\u00e1t* k\u00edn\u00e1l \u00fcgyfeleinknek a teljes rendel\u00e9si elk\u00f6telezetts\u00e9g ut\u00e1n. Ez egy opcion\u00e1lis folyamat, amely seg\u00edt az \u00fcgyf\u00e9lnek biztosabb\u00e1 tenni az eredm\u00e9nyt. Besz\u00e9ljen vel\u00fcnk most a projektj\u00e9r\u0151l. Egyik term\u00e9kszak\u00e9rt\u0151nk 1 munkanapon bel\u00fcl felveszi \u00d6nnel a kapcsolatot.<\/p><p><strong>A mint\u00e1k 3 t\u00edpusban \u00e1llnak rendelkez\u00e9sre:<\/strong><\/p><ul><li>Digit\u00e1lis 3D renderel\u00e9s (m\u0171alkot\u00e1s \u00e9s \u00fcveged\u00e9ny st\u00edlusa interakt\u00edv 3D-ben, p\u00e9lda.)<\/li><li>Megl\u00e9v\u0151 mint\u00e1k (m\u00e1r elk\u00e9sz\u00edtett \u00fcveged\u00e9nyek)<\/li><li>Egyedi mint\u00e1k** (teljesen egyedi minta az \u00d6n specifik\u00e1ci\u00f3ja szerint)<\/li><\/ul><p><strong>Jegyzet:<\/strong><\/p><ul><li>Bizonyos felt\u00e9telek \u00e9s term\u00e9kkateg\u00f3ri\u00e1k f\u00fcggv\u00e9ny\u00e9ben. A sz\u00e1ll\u00edt\u00e1si k\u00f6lts\u00e9get nem tartalmazza.<\/li><li>Az egy\u00e9ni mintad\u00edj visszat\u00e9r\u00edt\u00e9sre ker\u00fcl, amint a teljes gy\u00e1rt\u00e1si megrendel\u00e9s megt\u00f6rt\u00e9nt.<\/li><li>A k\u00f6lts\u00e9gt\u00e9r\u00edt\u00e9s csak a teljes gy\u00e1rt\u00e1sra v\u00e9gleges\u00edtett m\u0171mint\u00e1kra vonatkozik.<\/li><\/ul>\t\t\t\t\t\t\t\t<\/div>\n\t\t\t\t<\/div>\n\t\t\t\t\t<\/div>\n\t\t\t\t<\/div>\n\t\t<div class=\"elementor-element elementor-element-ea91219 e-flex e-con-boxed e-con e-parent\" data-id=\"ea91219\" data-element_type=\"container\" data-e-type=\"container\" data-settings=\"{&quot;_ha_eqh_enable&quot;:false}\">\n\t\t\t\t\t<div class=\"e-con-inner\">\n\t\t\t\t<div class=\"elementor-element elementor-element-7e7f6e4 elementor-widget elementor-widget-heading\" data-id=\"7e7f6e4\" data-element_type=\"widget\" data-e-type=\"widget\" data-widget_type=\"heading.default\">\n\t\t\t\t<div class=\"elementor-widget-container\">\n\t\t\t\t\t<p class=\"elementor-heading-title elementor-size-default\">Ind\u00edtsa el az \u00fcvegcsomagol\u00e1st<br> utaz\u00e1s Yebod\u00e1val<\/p>\t\t\t\t<\/div>\n\t\t\t\t<\/div>\n\t\t\t\t<div class=\"elementor-element elementor-element-1ca6b54 elementor-widget elementor-widget-heading\" data-id=\"1ca6b54\" data-element_type=\"widget\" data-e-type=\"widget\" data-widget_type=\"heading.default\">\n\t\t\t\t<div class=\"elementor-widget-container\">\n\t\t\t\t\t<p class=\"elementor-heading-title elementor-size-default\">\nL\u00e9pjen kapcsolatba term\u00e9kspecialist\u00e1nkkal most<\/p>\t\t\t\t<\/div>\n\t\t\t\t<\/div>\n\t\t\t\t<div class=\"elementor-element elementor-element-a48bb7c elementor-align-center elementor-widget elementor-widget-button\" data-id=\"a48bb7c\" data-element_type=\"widget\" data-e-type=\"widget\" data-widget_type=\"button.default\">\n\t\t\t\t<div class=\"elementor-widget-container\">\n\t\t\t\t\t\t\t\t\t<div class=\"elementor-button-wrapper\">\n\t\t\t\t\t<a class=\"elementor-button elementor-button-link elementor-size-sm\" href=\"https:\/\/yebodaglass.com\/hu\/contact\/\">\n\t\t\t\t\t\t<span class=\"elementor-button-content-wrapper\">\n\t\t\t\t\t\t\t\t\t<span class=\"elementor-button-text\">Kezd\u00e9s<\/span>\n\t\t\t\t\t<\/span>\n\t\t\t\t\t<\/a>\n\t\t\t\t<\/div>\n\t\t\t\t\t\t\t\t<\/div>\n\t\t\t\t<\/div>\n\t\t\t\t\t<\/div>\n\t\t\t\t<\/div>\n\t\t\t\t<\/div>","protected":false},"excerpt":{"rendered":"<p>Kezd\u0151lap Ingyenes mint\u00e1k k\u00e9r\u00e9se A Yeboda ingyenes mint\u00e1kat* k\u00edn\u00e1l \u00fcgyfeleinknek a teljes rendel\u00e9si k\u00f6telezetts\u00e9gv\u00e1llal\u00e1s ut\u00e1n. Ez egy opcion\u00e1lis folyamat, amely seg\u00edt az \u00fcgyf\u00e9lnek biztosabb\u00e1 tenni az eredm\u00e9nyt. Besz\u00e9ljen vel\u00fcnk most a projektj\u00e9r\u0151l. Egyik term\u00e9kszak\u00e9rt\u0151nk 1 munkanapon bel\u00fcl felveszi \u00d6nnel a kapcsolatot. A mint\u00e1k rendelkez\u00e9sre \u00e1llnak [...]<\/p>","protected":false},"author":1,"featured_media":0,"parent":0,"menu_order":0,"comment_status":"closed","ping_status":"closed","template":"elementor_header_footer","meta":{"footnotes":""},"class_list":["post-19576","page","type-page","status-publish","hentry"],"blocksy_meta":[],"jetpack_sharing_enabled":true,"_links":{"self":[{"href":"https:\/\/yebodaglass.com\/hu\/wp-json\/wp\/v2\/pages\/19576","targetHints":{"allow":["GET"]}}],"collection":[{"href":"https:\/\/yebodaglass.com\/hu\/wp-json\/wp\/v2\/pages"}],"about":[{"href":"https:\/\/yebodaglass.com\/hu\/wp-json\/wp\/v2\/types\/page"}],"author":[{"embeddable":true,"href":"https:\/\/yebodaglass.com\/hu\/wp-json\/wp\/v2\/users\/1"}],"replies":[{"embeddable":true,"href":"https:\/\/yebodaglass.com\/hu\/wp-json\/wp\/v2\/comments?post=19576"}],"version-history":[{"count":6,"href":"https:\/\/yebodaglass.com\/hu\/wp-json\/wp\/v2\/pages\/19576\/revisions"}],"predecessor-version":[{"id":20206,"href":"https:\/\/yebodaglass.com\/hu\/wp-json\/wp\/v2\/pages\/19576\/revisions\/20206"}],"wp:attachment":[{"href":"https:\/\/yebodaglass.com\/hu\/wp-json\/wp\/v2\/media?parent=19576"}],"curies":[{"name":"wp","href":"https:\/\/api.w.org\/{rel}","templated":true}]}}