{"id":19567,"date":"2025-08-22T14:17:55","date_gmt":"2025-08-22T06:17:55","guid":{"rendered":"https:\/\/yebodaglass.com\/?page_id=19567"},"modified":"2025-08-29T18:02:25","modified_gmt":"2025-08-29T10:02:25","slug":"terms-of-services","status":"publish","type":"page","link":"https:\/\/yebodaglass.com\/hu\/terms-of-services\/","title":{"rendered":"Szolg\u00e1ltat\u00e1si felt\u00e9telek"},"content":{"rendered":"<div data-elementor-type=\"wp-page\" data-elementor-id=\"19567\" class=\"elementor elementor-19567\" data-elementor-settings=\"{&quot;ha_cmc_init_switcher&quot;:&quot;no&quot;}\" data-elementor-post-type=\"page\">\n\t\t\t\t<div class=\"elementor-element elementor-element-e2993ff e-flex e-con-boxed e-con e-parent\" data-id=\"e2993ff\" data-element_type=\"container\" data-e-type=\"container\" data-settings=\"{&quot;_ha_eqh_enable&quot;:false}\">\n\t\t\t\t\t<div class=\"e-con-inner\">\n\t\t\t\t<div class=\"elementor-element elementor-element-fef54fd elementor-widget elementor-widget-breadcrumbs\" data-id=\"fef54fd\" data-element_type=\"widget\" data-e-type=\"widget\" data-widget_type=\"breadcrumbs.default\">\n\t\t\t\t<div class=\"elementor-widget-container\">\n\t\t\t\t\t<nav aria-label=\"zsemlemorzsa\" class=\"rank-math-breadcrumb\"><p><span class=\"last\">Otthon<\/span><\/p><\/nav>\t\t\t\t<\/div>\n\t\t\t\t<\/div>\n\t\t\t\t\t<\/div>\n\t\t\t\t<\/div>\n\t\t<div class=\"elementor-element elementor-element-41def54 e-flex e-con-boxed e-con e-parent\" data-id=\"41def54\" data-element_type=\"container\" data-e-type=\"container\" data-settings=\"{&quot;_ha_eqh_enable&quot;:false}\">\n\t\t\t\t\t<div class=\"e-con-inner\">\n\t\t\t\t<div class=\"elementor-element elementor-element-4e340a9 elementor-widget elementor-widget-heading\" data-id=\"4e340a9\" data-element_type=\"widget\" data-e-type=\"widget\" data-widget_type=\"heading.default\">\n\t\t\t\t<div class=\"elementor-widget-container\">\n\t\t\t\t\t<h1 class=\"elementor-heading-title elementor-size-default\"> Szolg\u00e1ltat\u00e1si felt\u00e9telek <\/h1>\t\t\t\t<\/div>\n\t\t\t\t<\/div>\n\t\t\t\t<div class=\"elementor-element elementor-element-2c09140 elementor-widget elementor-widget-text-editor\" data-id=\"2c09140\" data-element_type=\"widget\" data-e-type=\"widget\" data-widget_type=\"text-editor.default\">\n\t\t\t\t<div class=\"elementor-widget-container\">\n\t\t\t\t\t\t\t\t\t<h2>Fontos<\/h2><p>K\u00e9rj\u00fck, figyelmesen olvassa el ezeket a Felhaszn\u00e1l\u00e1si felt\u00e9teleket. A weboldal el\u00e9r\u00e9s\u00e9vel \u00d6n elfogadja, hogy az al\u00e1bbi felt\u00e9telek k\u00f6telez\u0151 \u00e9rv\u00e9ny\u0171ek \u00d6nre n\u00e9zve. Ha nem \u00e9rt egyet az al\u00e1bbi Felhaszn\u00e1l\u00e1si felt\u00e9telekkel, k\u00e9rj\u00fck, ne l\u00e1togassa meg ezt a weboldalt. A YEBODA fenntartja a jogot, hogy ezeket a felt\u00e9teleket el\u0151zetes \u00e9rtes\u00edt\u00e9s n\u00e9lk\u00fcl megv\u00e1ltoztassa, m\u00f3dos\u00edtsa vagy kieg\u00e9sz\u00edtse.<\/p><h2>Felt\u00e9telek elfogad\u00e1sa<\/h2><p>A Yeboda v\u00e1llalat (\u201eYeboda\u201d) bizonyos \u00fcveg csomagol\u00f3anyagokat sz\u00e1ll\u00edt \u00e9s egy\u00e9b szolg\u00e1ltat\u00e1sokat (\u201eSzolg\u00e1ltat\u00e1sok\u201d) ny\u00fajt \u00d6nnek ezen a weboldalon (\u201eWeboldal\u201d) kereszt\u00fcl, \u00e9s a weboldalhoz \u00e9s a Szolg\u00e1ltat\u00e1sokhoz val\u00f3 hozz\u00e1f\u00e9r\u00e9st \u00e9s azok haszn\u00e1lat\u00e1t a k\u00f6vetkez\u0151 felt\u00e9telek (\u201eFelt\u00e9telek\u201d) elfogad\u00e1sa \u00e9s betart\u00e1sa eset\u00e9n biztos\u00edtjuk \u00d6nnek.<\/p><p>A Weboldal haszn\u00e1lat\u00e1val vagy a Felhaszn\u00e1l\u00e1si felt\u00e9telek elfogad\u00e1s\u00e1nak jelz\u00e9s\u00e9vel \u00d6n elismeri, hogy elolvasta, elfogadta \u00e9s egyet\u00e9rt a jelen Felt\u00e9telekkel. Ha nem \u00e9rt egyet a Felt\u00e9telekkel, nem haszn\u00e1lhatja a Weboldalt.<\/p><p>A Yeboda fenntartja a jogot, hogy ezeket a Felt\u00e9teleket b\u00e1rmikor, el\u0151zetes \u00e9rtes\u00edt\u00e9s n\u00e9lk\u00fcl m\u00f3dos\u00edtsa, \u00e9s a weboldal vagy a szolg\u00e1ltat\u00e1sok tov\u00e1bbi el\u00e9r\u00e9se vagy haszn\u00e1lata az ilyen v\u00e1ltoztat\u00e1sok ut\u00e1n a m\u00f3dos\u00edtott Felt\u00e9telek elfogad\u00e1s\u00e1t jelenti. Az \u00d6n felel\u0151ss\u00e9ge, hogy rendszeresen fel\u00fclvizsg\u00e1lja ezeket a Felt\u00e9teleket. A Felt\u00e9telek utols\u00f3 friss\u00edt\u00e9s\u00e9nek d\u00e1tuma: 2020.08.21.<\/p><p>Ha nem \u00e9rt egyet ezen Felt\u00e9telek egy vagy t\u00f6bb pontj\u00e1val, ne l\u00e1togassa meg \u00e9s ne haszn\u00e1lja ezt a Weboldalt vagy a Szolg\u00e1ltat\u00e1sokat.<\/p><h2>Bejegyz\u00e9s<\/h2><p>A Weboldal bizonyos ter\u00fcleteit regisztr\u00e1ci\u00f3 n\u00e9lk\u00fcl is haszn\u00e1lhatja, bele\u00e9rtve fi\u00f3k (\u201eFi\u00f3k\u201d) vagy jelsz\u00f3 (egy\u00fcttesen: \u201eHiteles\u00edt\u0151 adatok\u201d) l\u00e9trehoz\u00e1s\u00e1t.<\/p>\t\t\t\t\t\t\t\t<\/div>\n\t\t\t\t<\/div>\n\t\t\t\t\t<\/div>\n\t\t\t\t<\/div>\n\t\t<div class=\"elementor-element elementor-element-ea91219 e-flex e-con-boxed e-con e-parent\" data-id=\"ea91219\" data-element_type=\"container\" data-e-type=\"container\" data-settings=\"{&quot;_ha_eqh_enable&quot;:false}\">\n\t\t\t\t\t<div class=\"e-con-inner\">\n\t\t\t\t<div class=\"elementor-element elementor-element-7e7f6e4 elementor-widget elementor-widget-heading\" data-id=\"7e7f6e4\" data-element_type=\"widget\" data-e-type=\"widget\" data-widget_type=\"heading.default\">\n\t\t\t\t<div class=\"elementor-widget-container\">\n\t\t\t\t\t<p class=\"elementor-heading-title elementor-size-default\">Ind\u00edtsa el az \u00fcvegcsomagol\u00e1st<br> utaz\u00e1s Yebod\u00e1val<\/p>\t\t\t\t<\/div>\n\t\t\t\t<\/div>\n\t\t\t\t<div class=\"elementor-element elementor-element-1ca6b54 elementor-widget elementor-widget-heading\" data-id=\"1ca6b54\" data-element_type=\"widget\" data-e-type=\"widget\" data-widget_type=\"heading.default\">\n\t\t\t\t<div class=\"elementor-widget-container\">\n\t\t\t\t\t<p class=\"elementor-heading-title elementor-size-default\">\nL\u00e9pjen kapcsolatba term\u00e9kspecialist\u00e1nkkal most<\/p>\t\t\t\t<\/div>\n\t\t\t\t<\/div>\n\t\t\t\t<div class=\"elementor-element elementor-element-a48bb7c elementor-align-center elementor-widget elementor-widget-button\" data-id=\"a48bb7c\" data-element_type=\"widget\" data-e-type=\"widget\" data-widget_type=\"button.default\">\n\t\t\t\t<div class=\"elementor-widget-container\">\n\t\t\t\t\t\t\t\t\t<div class=\"elementor-button-wrapper\">\n\t\t\t\t\t<a class=\"elementor-button elementor-button-link elementor-size-sm\" href=\"https:\/\/yebodaglass.com\/hu\/contact\/\">\n\t\t\t\t\t\t<span class=\"elementor-button-content-wrapper\">\n\t\t\t\t\t\t\t\t\t<span class=\"elementor-button-text\">Kezd\u00e9s<\/span>\n\t\t\t\t\t<\/span>\n\t\t\t\t\t<\/a>\n\t\t\t\t<\/div>\n\t\t\t\t\t\t\t\t<\/div>\n\t\t\t\t<\/div>\n\t\t\t\t\t<\/div>\n\t\t\t\t<\/div>\n\t\t\t\t<\/div>","protected":false},"excerpt":{"rendered":"<p>Kezd\u0151lap \u00c1ltal\u00e1nos Szerz\u0151d\u00e9si Felt\u00e9telek Fontos K\u00e9rj\u00fck, olvassa el figyelmesen ezeket az \u00c1ltal\u00e1nos Szerz\u0151d\u00e9si Felt\u00e9teleket. A weboldalra val\u00f3 bel\u00e9p\u00e9ssel \u00d6n elfogadja az al\u00e1bbiakban meghat\u00e1rozott felt\u00e9teleket. Ha nem \u00e9rt egyet az al\u00e1bbiakban meghat\u00e1rozott \u00c1ltal\u00e1nos Szerz\u0151d\u00e9si Felt\u00e9telekkel, k\u00e9rj\u00fck, ne l\u00e9pjen be erre a weboldalra. A YEBODA fenntartja a jogot, hogy megv\u00e1ltoztassa, m\u00f3dos\u00edtsa vagy kieg\u00e9sz\u00edtse [...]<\/p>","protected":false},"author":1,"featured_media":0,"parent":0,"menu_order":0,"comment_status":"closed","ping_status":"closed","template":"elementor_header_footer","meta":{"footnotes":""},"class_list":["post-19567","page","type-page","status-publish","hentry"],"blocksy_meta":[],"jetpack_sharing_enabled":true,"_links":{"self":[{"href":"https:\/\/yebodaglass.com\/hu\/wp-json\/wp\/v2\/pages\/19567","targetHints":{"allow":["GET"]}}],"collection":[{"href":"https:\/\/yebodaglass.com\/hu\/wp-json\/wp\/v2\/pages"}],"about":[{"href":"https:\/\/yebodaglass.com\/hu\/wp-json\/wp\/v2\/types\/page"}],"author":[{"embeddable":true,"href":"https:\/\/yebodaglass.com\/hu\/wp-json\/wp\/v2\/users\/1"}],"replies":[{"embeddable":true,"href":"https:\/\/yebodaglass.com\/hu\/wp-json\/wp\/v2\/comments?post=19567"}],"version-history":[{"count":5,"href":"https:\/\/yebodaglass.com\/hu\/wp-json\/wp\/v2\/pages\/19567\/revisions"}],"predecessor-version":[{"id":20031,"href":"https:\/\/yebodaglass.com\/hu\/wp-json\/wp\/v2\/pages\/19567\/revisions\/20031"}],"wp:attachment":[{"href":"https:\/\/yebodaglass.com\/hu\/wp-json\/wp\/v2\/media?parent=19567"}],"curies":[{"name":"wp","href":"https:\/\/api.w.org\/{rel}","templated":true}]}}