{"id":24603,"date":"2025-12-25T09:22:12","date_gmt":"2025-12-25T01:22:12","guid":{"rendered":"https:\/\/yebodaglass.com\/?post_type=product&#038;p=24603"},"modified":"2025-12-25T10:26:37","modified_gmt":"2025-12-25T02:26:37","slug":"unique-glass-jars-with-bamboo-lids-bulk","status":"publish","type":"product","link":"https:\/\/yebodaglass.com\/fr\/unique-glass-jars-with-bamboo-lids-bulk\/","title":{"rendered":"Bocaux en verre uniques avec couvercles en bambou, 500 ml, 750 ml et 1100 ml, en vrac"},"content":{"rendered":"<p data-start=\"66\" data-end=\"288\">Ces bocaux en verre uniques sont doux, de forme arrondie, avec un col \u00e9lanc\u00e9 et un corps parfaitement arrondi. Le corps de chaque bocal est en verre parfaitement transparent, aux courbes \u00e9l\u00e9gantes, et surmont\u00e9 d&#039;un couvercle en bambou lisse et l\u00e9ger, ce qui le distingue des autres.<\/p>\n<h2>Caract\u00e9ristiques du produit<\/h2>\n<ul>\n<li><strong>Forme arrondie et pleine :<\/strong> Le col fin et la silhouette harmonieuse du corps offrent une capacit\u00e9 de stockage maximale et conf\u00e8rent une texture lisse et agr\u00e9able au regard.<\/li>\n<li><strong>Corps enti\u00e8rement transparent :<\/strong> L&#039;un est en verre borosilicate de haute qualit\u00e9, ce qui permet de voir le contenu du bocal sans ouvrir le couvercle, afin d&#039;identifier facilement ce qu&#039;il contient.<\/li>\n<li><strong>Couvercle en bambou simple :<\/strong> Le couvercle plat beige en bambou est l\u00e9ger et s&#039;accorde avec le style du bocal en verre ; sa mati\u00e8re apporte une touche de fra\u00eecheur et de puret\u00e9.<\/li>\n<\/ul>\n<h2 style=\"text-align: left;\">Sp\u00e9cifications cl\u00e9s<\/h2>\n<table class=\"aligncenter\" style=\"border-collapse: collapse; width: 364.52pt;\" border=\"0\" width=\"486\" cellspacing=\"0\" cellpadding=\"0\">\n<tbody>\n<tr style=\"height: 13.50pt;\">\n<td style=\"height: 13.50pt; width: 105.00pt;\" width=\"140\" height=\"18\">Sp\u00e9cification<\/td>\n<td style=\"width: 259.50pt;\" width=\"346\">D\u00e9tails<\/td>\n<\/tr>\n<tr style=\"height: 13.50pt;\">\n<td style=\"height: 13.50pt;\" height=\"18\">Dimensions<\/td>\n<td>500 ml : 10 \u00d7 10,5 cm \/ 750 ml : 10,5 \u00d7 12 cm \/ 1100 ml : 11,5 \u00d7 16 cm<\/td>\n<\/tr>\n<tr style=\"height: 13.50pt;\">\n<td style=\"height: 13.50pt;\" height=\"18\">Mat\u00e9riel<\/td>\n<td>Verre borosilicat\u00e9 haute r\u00e9sistance, bambou<\/td>\n<\/tr>\n<tr style=\"height: 13.50pt;\">\n<td style=\"height: 13.50pt;\" height=\"18\">Type de couvercle<\/td>\n<td>Couvercle plat en bambou<\/td>\n<\/tr>\n<tr style=\"height: 13.50pt;\">\n<td style=\"height: 13.50pt;\" height=\"18\">Caract\u00e9ristique du mat\u00e9riau<\/td>\n<td>R\u00e9sistant \u00e0 la chaleur et aux produits chimiques, haute clart\u00e9<\/td>\n<\/tr>\n<tr style=\"height: 13.50pt;\">\n<td style=\"height: 13.50pt;\" height=\"18\">Id\u00e9al pour<\/td>\n<td>Bocaux en verre uniques, bocaux en verre avec couvercles<\/td>\n<\/tr>\n<\/tbody>\n<\/table>\n<h2>Succ\u00e8s garanti : La gamme de produits phares d&#039;une \u00e9picerie fine<\/h2>\n<p>La cha\u00eene d&#039;\u00e9piceries haut de gamme a utilis\u00e9 notre bocal en verre de 750 ml avec couvercle pour ses c\u00e9r\u00e9ales m\u00e9lang\u00e9es et son granola. R\u00e9sultat\u00a0? Son design \u00e9l\u00e9gant est rapidement devenu embl\u00e9matique, la gamme a \u00e9t\u00e9 baptis\u00e9e \u00ab\u00a0Bocaux Courbes\u00a0\u00bb, et a entra\u00een\u00e9 une augmentation de 50\u00a0% des ventes directes. De plus, l&#039;attrait du design des bocaux a g\u00e9n\u00e9r\u00e9 une hausse de 200\u00a0% du contenu partag\u00e9 par les utilisateurs sur les r\u00e9seaux sociaux. Extr\u00eamement satisfaite du produit, l&#039;\u00e9picerie a pass\u00e9 une nouvelle commande de 80\u00a0000 bocaux afin de commercialiser la gamme \u00e0 l&#039;\u00e9chelle nationale.<\/p>\n<h2>Recommandations de personnalisation pour des bocaux en verre uniques<\/h2>\n<ul>\n<li>Couleurs du verre\u00a0: Outre le verre transparent, vous pouvez \u00e9galement trouver des verres de couleur tendre comme l\u2019ambre, le bleu cobalt ou le vert.<\/li>\n<li>Gravure laser\u00a0: des logos ou des motifs permanents sont grav\u00e9s directement sur la surface du verre.<\/li>\n<li>S\u00e9rigraphie : Imprimez votre logo color\u00e9, votre taille ou vos rayures d\u00e9coratives sur le verre \u00e0 l&#039;aide de pigments c\u00e9ramiques lavables en machine, durables et r\u00e9sistants.<\/li>\n<li>Graduations permanentes en relief : Moulez des graduations permanentes en relief (ml\/oz) dans le verre pour en accro\u00eetre la praticit\u00e9.<\/li>\n<\/ul>","protected":false},"excerpt":{"rendered":"<p dir=\"auto\">Sublimez votre d\u00e9coration avec ces bocaux en verre uniques. Notre bocal avec couvercle est fabriqu\u00e9 en verre borosilicate haute r\u00e9sistance et pr\u00e9sente une finition en bambou naturel. Disponible imm\u00e9diatement pour une livraison rapide.<\/p>","protected":false},"featured_media":24604,"template":"","meta":[],"product_brand":[],"product_cat":[122,124,137],"product_tag":[],"class_list":{"0":"post-24603","1":"product","2":"type-product","3":"status-publish","4":"has-post-thumbnail","6":"product_cat-custom-glass-packaging","7":"product_cat-custom-glass-jars","8":"product_cat-glass-jars-with-lids","10":"first","11":"instock","12":"shipping-taxable","13":"product-type-simple"},"jetpack_sharing_enabled":true,"_links":{"self":[{"href":"https:\/\/yebodaglass.com\/fr\/wp-json\/wp\/v2\/product\/24603","targetHints":{"allow":["GET"]}}],"collection":[{"href":"https:\/\/yebodaglass.com\/fr\/wp-json\/wp\/v2\/product"}],"about":[{"href":"https:\/\/yebodaglass.com\/fr\/wp-json\/wp\/v2\/types\/product"}],"version-history":[{"count":4,"href":"https:\/\/yebodaglass.com\/fr\/wp-json\/wp\/v2\/product\/24603\/revisions"}],"predecessor-version":[{"id":24612,"href":"https:\/\/yebodaglass.com\/fr\/wp-json\/wp\/v2\/product\/24603\/revisions\/24612"}],"wp:featuredmedia":[{"embeddable":true,"href":"https:\/\/yebodaglass.com\/fr\/wp-json\/wp\/v2\/media\/24604"}],"wp:attachment":[{"href":"https:\/\/yebodaglass.com\/fr\/wp-json\/wp\/v2\/media?parent=24603"}],"wp:term":[{"taxonomy":"product_brand","embeddable":true,"href":"https:\/\/yebodaglass.com\/fr\/wp-json\/wp\/v2\/product_brand?post=24603"},{"taxonomy":"product_cat","embeddable":true,"href":"https:\/\/yebodaglass.com\/fr\/wp-json\/wp\/v2\/product_cat?post=24603"},{"taxonomy":"product_tag","embeddable":true,"href":"https:\/\/yebodaglass.com\/fr\/wp-json\/wp\/v2\/product_tag?post=24603"}],"curies":[{"name":"wp","href":"https:\/\/api.w.org\/{rel}","templated":true}]}}