{"id":24588,"date":"2025-12-24T14:14:57","date_gmt":"2025-12-24T06:14:57","guid":{"rendered":"https:\/\/yebodaglass.com\/?post_type=product&#038;p=24588"},"modified":"2025-12-25T10:18:26","modified_gmt":"2025-12-25T02:18:26","slug":"borosilicate-glass-jars-with-lids-and-spoons-bulk","status":"publish","type":"product","link":"https:\/\/yebodaglass.com\/fr\/borosilicate-glass-jars-with-lids-and-spoons-bulk\/","title":{"rendered":"Bocaux en verre borosilicate de 300 ml, 350 ml et 450 ml avec couvercles et cuill\u00e8res (vente en gros)"},"content":{"rendered":"<p data-start=\"66\" data-end=\"288\">Ce bocal en verre, avec son couvercle et sa cuill\u00e8re, est enti\u00e8rement compos\u00e9 de verre borosilicate. De forme cylindrique, il est fourni avec un couvercle en bambou beige clair et une cuill\u00e8re. Son utilisation est simple.<\/p>\n<h2>Caract\u00e9ristiques du produit<\/h2>\n<ul>\n<li><strong>Structure combin\u00e9e couvercle et cuill\u00e8re :<\/strong> Il s&#039;agira d&#039;une cuill\u00e8re en bambou fix\u00e9e au centre du couvercle, et cette structure permettra d&#039;\u00e9viter de perdre les ustensiles et simplifiera le processus.<\/li>\n<li><strong>Verre borosilicat\u00e9 :<\/strong> Le verre borosilicate poss\u00e8de une excellente r\u00e9sistance \u00e0 la temp\u00e9rature (-20 \u00b0C \u00e0 150 \u00b0C), est incassable et peut \u00eatre r\u00e9utilis\u00e9.<\/li>\n<li><strong>Couvercle en bambou superbement herm\u00e9tique\u00a0:<\/strong> Le bocal en verre poss\u00e8de un couvercle en bambou beige clair avec un joint d&#039;\u00e9tanch\u00e9it\u00e9 int\u00e9gr\u00e9, ce qui en fait un r\u00e9cipient efficace pour conserver les produits secs.<\/li>\n<\/ul>\n<h2 style=\"text-align: left;\">Sp\u00e9cifications cl\u00e9s<\/h2>\n<table class=\"aligncenter\" style=\"border-collapse: collapse; width: 528.02pt;\" border=\"0\" width=\"704\" cellspacing=\"0\" cellpadding=\"0\">\n<tbody>\n<tr style=\"height: 13.50pt;\">\n<td style=\"height: 13.50pt; width: 135.00pt;\" width=\"180\" height=\"18\">Attribut<\/td>\n<td style=\"width: 393.00pt;\" width=\"524\">D\u00e9tails<\/td>\n<\/tr>\n<tr style=\"height: 13.50pt;\">\n<td style=\"height: 13.50pt;\" height=\"18\">Dimensions<\/td>\n<td>300 ml : 6,5 \u00d7 10 cm ; 350 ml : 6,5 \u00d7 12 cm ; 450 ml : 6,5 \u00d7 15 cm<\/td>\n<\/tr>\n<tr style=\"height: 13.50pt;\">\n<td style=\"height: 13.50pt;\" height=\"18\">Mat\u00e9riel<\/td>\n<td>Verre borosilicat\u00e9 \u00e0 haute teneur en ammonium, bambou<\/td>\n<\/tr>\n<tr style=\"height: 13.50pt;\">\n<td style=\"height: 13.50pt;\" height=\"18\">Pot en forme de bocal<\/td>\n<td>Forme cylindrique droite, paroi int\u00e9rieure lisse, base circulaire plate<\/td>\n<\/tr>\n<tr style=\"height: 13.50pt;\">\n<td style=\"height: 13.50pt;\" height=\"18\">Type de couvercle<\/td>\n<td>Couvercle plat en bambou beige clair<\/td>\n<\/tr>\n<tr style=\"height: 13.50pt;\">\n<td style=\"height: 13.50pt;\" height=\"18\">Caract\u00e9ristiques du mat\u00e9riau borosilicate<\/td>\n<td>Haute transparence, excellente r\u00e9sistance \u00e0 la temp\u00e9rature<\/td>\n<\/tr>\n<tr style=\"height: 13.50pt;\">\n<td style=\"height: 13.50pt;\" height=\"18\">Id\u00e9al pour<\/td>\n<td>Bocaux en verre avec couvercles et cuill\u00e8res, bocaux en verre avec couvercles<\/td>\n<\/tr>\n<\/tbody>\n<\/table>\n<h2>T\u00e9moignage de r\u00e9ussite\u00a0: Croissance rapide du r\u00e9seau de distributeurs<\/h2>\n<p>Un fournisseur r\u00e9gional d&#039;articles de cuisine et de produits alimentaires a command\u00e9 initialement 4\u00a0000 bocaux en verre avec couvercles et cuill\u00e8res. L&#039;accueil du march\u00e9 a \u00e9t\u00e9 exceptionnel. Le premier type de bocal, en verre borosilicate de haute qualit\u00e9, a permis d&#039;augmenter la dur\u00e9e de conservation des aliments de 43\u00a0%\u00a0; le second, gr\u00e2ce \u00e0 son \u00e9tanch\u00e9it\u00e9 sup\u00e9rieure, a r\u00e9duit le taux de casse de 39\u00a0%. Fort de ces r\u00e9sultats, le distributeur a pass\u00e9 une nouvelle commande de 320\u00a0000 bocaux avec couvercles.<\/p>\n<h2>Suggestions de personnalisation pour les bocaux en verre avec couvercles<\/h2>\n<ul>\n<li>Manche de cuill\u00e8re personnalis\u00e9\u00a0: Utilisez la gravure laser pour apposer le logo de votre entreprise sur le manche de la cuill\u00e8re en bambou.<\/li>\n<li>Fond textur\u00e9\u00a0: Un fin motif quadrill\u00e9 est grav\u00e9 sur le fond du bocal, ce qui am\u00e9liore l\u2019adh\u00e9rence sur le plan de travail lisse de la cuisine.<\/li>\n<li>Options de taille de cuill\u00e8res\u00a0: Des cuill\u00e8res de diff\u00e9rentes tailles (par exemple des mini-cuill\u00e8res de 300\u00a0ml) sont disponibles en accessoires optionnels.<\/li>\n<li>Rev\u00eatement anti-taches\u00a0: Ce rev\u00eatement transparent de qualit\u00e9 alimentaire, appliqu\u00e9 sur la paroi int\u00e9rieure du bocal, emp\u00eache les taches d\u2019\u00e9pices ou d\u2019aliments fonc\u00e9s.<\/li>\n<li>Zone d&#039;\u00e9tiquette givr\u00e9e\u00a0: Il s&#039;agit d&#039;une zone rectangulaire givr\u00e9e sur laquelle le produit est \u00e9tiquet\u00e9.<\/li>\n<\/ul>","protected":false},"excerpt":{"rendered":"<p dir=\"auto\">Bulk glass jar with lid and spoon offering glass jars with lid in transparent borosilicate, minimalist bamboo elements, gradient sizes. Bulk order discounts.<\/p>","protected":false},"featured_media":24596,"template":"","meta":[],"product_brand":[],"product_cat":[122,124,137],"product_tag":[],"class_list":{"0":"post-24588","1":"product","2":"type-product","3":"status-publish","4":"has-post-thumbnail","6":"product_cat-custom-glass-packaging","7":"product_cat-custom-glass-jars","8":"product_cat-glass-jars-with-lids","10":"first","11":"instock","12":"shipping-taxable","13":"product-type-simple"},"jetpack_sharing_enabled":true,"_links":{"self":[{"href":"https:\/\/yebodaglass.com\/fr\/wp-json\/wp\/v2\/product\/24588","targetHints":{"allow":["GET"]}}],"collection":[{"href":"https:\/\/yebodaglass.com\/fr\/wp-json\/wp\/v2\/product"}],"about":[{"href":"https:\/\/yebodaglass.com\/fr\/wp-json\/wp\/v2\/types\/product"}],"version-history":[{"count":4,"href":"https:\/\/yebodaglass.com\/fr\/wp-json\/wp\/v2\/product\/24588\/revisions"}],"predecessor-version":[{"id":24610,"href":"https:\/\/yebodaglass.com\/fr\/wp-json\/wp\/v2\/product\/24588\/revisions\/24610"}],"wp:featuredmedia":[{"embeddable":true,"href":"https:\/\/yebodaglass.com\/fr\/wp-json\/wp\/v2\/media\/24596"}],"wp:attachment":[{"href":"https:\/\/yebodaglass.com\/fr\/wp-json\/wp\/v2\/media?parent=24588"}],"wp:term":[{"taxonomy":"product_brand","embeddable":true,"href":"https:\/\/yebodaglass.com\/fr\/wp-json\/wp\/v2\/product_brand?post=24588"},{"taxonomy":"product_cat","embeddable":true,"href":"https:\/\/yebodaglass.com\/fr\/wp-json\/wp\/v2\/product_cat?post=24588"},{"taxonomy":"product_tag","embeddable":true,"href":"https:\/\/yebodaglass.com\/fr\/wp-json\/wp\/v2\/product_tag?post=24588"}],"curies":[{"name":"wp","href":"https:\/\/api.w.org\/{rel}","templated":true}]}}