{"id":24586,"date":"2025-12-24T14:26:16","date_gmt":"2025-12-24T06:26:16","guid":{"rendered":"https:\/\/yebodaglass.com\/?post_type=product&#038;p=24586"},"modified":"2026-03-12T15:46:01","modified_gmt":"2026-03-12T07:46:01","slug":"custom-food-storage-glass-jars-for-packaging-bulk","status":"publish","type":"product","link":"https:\/\/yebodaglass.com\/fr\/custom-food-storage-glass-jars-for-packaging-bulk\/","title":{"rendered":"Bocaux en verre personnalis\u00e9s de 175 ml \u00e0 500 ml pour le stockage et le conditionnement en vrac des aliments."},"content":{"rendered":"<p>Ces bocaux en verre pour la conservation des aliments pr\u00e9sentent une forme cylindrique lisse et un verre transparent cristallin qui permet de voir clairement leur contenu. Les couvercles sont en bois naturel et munis d&#039;un joint en silicone pour pr\u00e9server la fra\u00eecheur des aliments.<\/p>\n<h2>Caract\u00e9ristiques du produit<\/h2>\n<ul>\n<li><strong>R\u00e9sistance aux hautes temp\u00e9ratures : <\/strong>Le verre borosilicate \u00e0 haute teneur r\u00e9siste aux variations de temp\u00e9rature et convient donc \u00e0 la conservation des aliments chauds et froids. De plus, sa grande r\u00e9sistance aux chocs offre une plus grande polyvalence d&#039;utilisation.<\/li>\n<li><strong>Superbe couvercle en silicone :<\/strong> L&#039;\u00e9tanch\u00e9it\u00e9 du couvercle est assur\u00e9e par un couvercle en bois muni d&#039;un joint en silicone int\u00e9gr\u00e9, ce qui pr\u00e9serve la fra\u00eecheur et \u00e9vite les fuites.<\/li>\n<li><strong>Diff\u00e9rentes tailles :<\/strong> Il existe en diff\u00e9rentes tailles, comme mini, petite et grande, pour r\u00e9pondre \u00e0 tous vos besoins en mati\u00e8re de stockage de produits secs.<\/li>\n<\/ul>\n<h2>Sp\u00e9cifications cl\u00e9s<\/h2>\n<table style=\"border-collapse: collapse; width: 80%; margin-left: auto; margin-right: auto;\" border=\"0\" width=\"360\" cellspacing=\"0\" cellpadding=\"0\">\n<tbody>\n<tr style=\"height: 13.50pt;\">\n<td style=\"height: 13.5pt; width: 54pt; text-align: center;\" width=\"72\" height=\"18\">Capacit\u00e9 (ml)<\/td>\n<td style=\"width: 54pt; text-align: center;\" width=\"72\">Taille (cm)<\/td>\n<td style=\"width: 54pt; text-align: center;\" width=\"72\">Diam\u00e8tre de la bouche<\/td>\n<td style=\"width: 54pt; text-align: center;\" width=\"72\">Mat\u00e9riel<\/td>\n<td style=\"width: 54pt; text-align: center;\" width=\"72\">Couleur<\/td>\n<\/tr>\n<tr style=\"height: 13.50pt;\">\n<td style=\"height: 13.5pt; text-align: center;\" align=\"right\" height=\"18\">175<\/td>\n<td style=\"text-align: center;\">6,5 x 10,0<\/td>\n<td class=\"et2\" style=\"text-align: center;\" rowspan=\"5\">65 mm<\/td>\n<td class=\"et2\" style=\"text-align: center;\" rowspan=\"5\">borosilicate<\/td>\n<td class=\"et2\" style=\"text-align: center;\" rowspan=\"5\">Clair ou personnalis\u00e9<\/td>\n<\/tr>\n<tr style=\"height: 13.50pt;\">\n<td style=\"height: 13.5pt; text-align: center;\" align=\"right\" height=\"18\">250<\/td>\n<td style=\"text-align: center;\">6,5 x 10,0<\/td>\n<\/tr>\n<tr style=\"height: 13.50pt;\">\n<td style=\"height: 13.5pt; text-align: center;\" align=\"right\" height=\"18\">300<\/td>\n<td style=\"text-align: center;\">6,5 x 12,0<\/td>\n<\/tr>\n<tr style=\"height: 13.50pt;\">\n<td style=\"height: 13.5pt; text-align: center;\" align=\"right\" height=\"18\">380<\/td>\n<td style=\"text-align: center;\">6,5 x 15,0<\/td>\n<\/tr>\n<tr style=\"height: 13.50pt;\">\n<td style=\"height: 13.5pt; text-align: center;\" align=\"right\" height=\"18\">500<\/td>\n<td style=\"text-align: center;\">6,5 x 20,0<\/td>\n<\/tr>\n<\/tbody>\n<\/table>\n<h2>Histoire \u00e0 succ\u00e8s<\/h2>\n<p>Une importante cha\u00eene canadienne de produits naturels a d\u00e9cid\u00e9 de personnaliser tous nos bocaux de conservation avec des couvercles en bois sculpt\u00e9 et des bocaux en verre ambr\u00e9. Ces caract\u00e9ristiques de personnalisation se sont av\u00e9r\u00e9es tr\u00e8s b\u00e9n\u00e9fiques\u00a0: le verre ambr\u00e9 a r\u00e9duit d\u2019un quart la d\u00e9gradation des herbes et des th\u00e9s sensibles \u00e0 la lumi\u00e8re, tandis que les \u00e9tiquettes claires indiquant la taille et le joint herm\u00e9tique ont diminu\u00e9 de 18\u00a0% le gaspillage des produits en magasin. Forts de ces r\u00e9sultats, ils ont ensuite command\u00e9 deux cent mille bocaux suppl\u00e9mentaires pour leurs plus de 500\u00a0magasins.<\/p>\n<h2>Recommandations pour la personnalisation des bocaux de conservation de cuisine<\/h2>\n<ul>\n<li>Personnalisation du couvercle en bois : La marque de votre produit peut \u00eatre d\u00e9coup\u00e9e au laser, grav\u00e9e ou estamp\u00e9e sur le couvercle en bois.<\/li>\n<li>Verre opaque : Disponible en bocaux de verre ambr\u00e9 ou vert pour conserver les produits sensibles \u00e0 la lumi\u00e8re, tels que les \u00e9pices, le caf\u00e9 ou certaines vitamines.<\/li>\n<li>Espace pour \u00e9tiquette tableau noir\u00a0: L\u2019\u00e9tiquette peut \u00eatre facilement chang\u00e9e gr\u00e2ce \u00e0 l\u2019espace int\u00e9gr\u00e9 pour peinture tableau noir ou aux autocollants tableau noir.<\/li>\n<\/ul>","protected":false},"excerpt":{"rendered":"<p>Bocaux de conservation en verre de qualit\u00e9 sup\u00e9rieure avec couvercles en bois naturel et joint en silicone. Bocaux de rangement polyvalents pour une organisation moderne du garde-manger. En stock.<\/p>","protected":false},"featured_media":24592,"template":"","meta":[],"product_brand":[],"product_cat":[122,124,137],"product_tag":[],"class_list":{"0":"post-24586","1":"product","2":"type-product","3":"status-publish","4":"has-post-thumbnail","6":"product_cat-custom-glass-packaging","7":"product_cat-custom-glass-jars","8":"product_cat-glass-jars-with-lids","10":"first","11":"instock","12":"shipping-taxable","13":"product-type-simple"},"jetpack_sharing_enabled":true,"_links":{"self":[{"href":"https:\/\/yebodaglass.com\/fr\/wp-json\/wp\/v2\/product\/24586","targetHints":{"allow":["GET"]}}],"collection":[{"href":"https:\/\/yebodaglass.com\/fr\/wp-json\/wp\/v2\/product"}],"about":[{"href":"https:\/\/yebodaglass.com\/fr\/wp-json\/wp\/v2\/types\/product"}],"version-history":[{"count":3,"href":"https:\/\/yebodaglass.com\/fr\/wp-json\/wp\/v2\/product\/24586\/revisions"}],"predecessor-version":[{"id":25413,"href":"https:\/\/yebodaglass.com\/fr\/wp-json\/wp\/v2\/product\/24586\/revisions\/25413"}],"wp:featuredmedia":[{"embeddable":true,"href":"https:\/\/yebodaglass.com\/fr\/wp-json\/wp\/v2\/media\/24592"}],"wp:attachment":[{"href":"https:\/\/yebodaglass.com\/fr\/wp-json\/wp\/v2\/media?parent=24586"}],"wp:term":[{"taxonomy":"product_brand","embeddable":true,"href":"https:\/\/yebodaglass.com\/fr\/wp-json\/wp\/v2\/product_brand?post=24586"},{"taxonomy":"product_cat","embeddable":true,"href":"https:\/\/yebodaglass.com\/fr\/wp-json\/wp\/v2\/product_cat?post=24586"},{"taxonomy":"product_tag","embeddable":true,"href":"https:\/\/yebodaglass.com\/fr\/wp-json\/wp\/v2\/product_tag?post=24586"}],"curies":[{"name":"wp","href":"https:\/\/api.w.org\/{rel}","templated":true}]}}