{"id":24578,"date":"2025-12-24T11:51:36","date_gmt":"2025-12-24T03:51:36","guid":{"rendered":"https:\/\/yebodaglass.com\/?post_type=product&#038;p=24578"},"modified":"2025-12-24T13:14:13","modified_gmt":"2025-12-24T05:14:13","slug":"borosilicate-glass-jars-with-bamboo-lids-and-spoons-bulk","status":"publish","type":"product","link":"https:\/\/yebodaglass.com\/fr\/borosilicate-glass-jars-with-bamboo-lids-and-spoons-bulk\/","title":{"rendered":"Bocaux en verre borosilicate de 500 ml, 850 ml et 1150 ml avec couvercles et cuill\u00e8res en bambou (vente en gros)"},"content":{"rendered":"<p data-start=\"66\" data-end=\"288\">Ces bocaux en verre, avec leurs couvercles et cuill\u00e8res en bambou, sont fabriqu\u00e9s en verre borosilicate transparent et pr\u00e9sentent une silhouette arrondie classique et intemporelle. Ils sont compl\u00e9t\u00e9s par un couvercle plat en bambou clair et une cuill\u00e8re en bambou de la m\u00eame couleur.<\/p>\n<h2>Caract\u00e9ristiques du produit<\/h2>\n<ul>\n<li><strong>Design arrondi classique :<\/strong> Sa grande taille facilite grandement le rangement des objets, car il y a suffisamment de place pour tout ce que vous souhaitez y mettre, et vous pouvez y acc\u00e9der rapidement.<\/li>\n<li><strong>Ensemble couvercle et cuill\u00e8re en bambou :<\/strong> Le paquet comprend un couvercle et une cuill\u00e8re de la m\u00eame couleur, parfaitement assortis et pr\u00eats \u00e0 l&#039;emploi imm\u00e9diatement, sans aucun probl\u00e8me.<\/li>\n<li><strong>Verre borosilicate de qualit\u00e9 sup\u00e9rieure\u00a0:<\/strong> Ce produit est capable de r\u00e9sister \u00e0 des variations rapides de temp\u00e9rature et reste transparent pendant longtemps.<\/li>\n<\/ul>\n<h2 style=\"text-align: left;\">Sp\u00e9cifications cl\u00e9s<\/h2>\n<table class=\"aligncenter\" style=\"border-collapse: collapse; width: 622.52pt;\" border=\"0\" width=\"830\" cellspacing=\"0\" cellpadding=\"0\">\n<tbody>\n<tr style=\"height: 13.50pt;\">\n<td style=\"height: 13.50pt; width: 186.75pt;\" width=\"249\" height=\"18\">Attribut<\/td>\n<td style=\"width: 435.75pt;\" width=\"581\">D\u00e9tails<\/td>\n<\/tr>\n<tr style=\"height: 13.50pt;\">\n<td style=\"height: 13.50pt;\" height=\"18\">Capacit\u00e9<\/td>\n<td>500 ml, 850 ml, 1150 ml<\/td>\n<\/tr>\n<tr style=\"height: 13.50pt;\">\n<td style=\"height: 13.50pt;\" height=\"18\">Dimensions<\/td>\n<td>7\u00d710,5 cm \/ 7\u00d713 cm \/ 7,5\u00d714 cm<\/td>\n<\/tr>\n<tr style=\"height: 13.50pt;\">\n<td style=\"height: 13.50pt;\" height=\"18\">Mat\u00e9riel<\/td>\n<td>Verre borosilicate transparent et bambou (couvercle et cuill\u00e8re)<\/td>\n<\/tr>\n<tr style=\"height: 13.50pt;\">\n<td style=\"height: 13.50pt;\" height=\"18\">Type de couvercle<\/td>\n<td>Couvercle plat en bambou beige clair (avec joint d&#039;\u00e9tanch\u00e9it\u00e9 herm\u00e9tique \u00e0 l&#039;int\u00e9rieur)<\/td>\n<\/tr>\n<tr style=\"height: 13.50pt;\">\n<td style=\"height: 13.50pt;\" height=\"18\">Caract\u00e9ristiques du mat\u00e9riau borosilicate<\/td>\n<td>Haute transparence, excellente r\u00e9sistance \u00e0 la temp\u00e9rature, r\u00e9sistance \u00e0 la corrosion<\/td>\n<\/tr>\n<tr style=\"height: 13.50pt;\">\n<td style=\"height: 13.50pt;\" height=\"18\">Id\u00e9al pour<\/td>\n<td>Bocaux en verre en vrac, bocaux en verre avec cuill\u00e8res<\/td>\n<\/tr>\n<\/tbody>\n<\/table>\n<h2>T\u00e9moignage de r\u00e9ussite\u00a0: Croissance rapide du r\u00e9seau de distributeurs<\/h2>\n<p>Un fournisseur national d&#039;articles de cuisine et de produits alimentaires a pass\u00e9 une premi\u00e8re commande de 15\u00a0000 unit\u00e9s de nos bocaux en verre avec couvercles en bambou et cuill\u00e8res incluses. La cha\u00eene de supermarch\u00e9s a annonc\u00e9 que la dur\u00e9e de conservation des aliments secs \u00e9tait prolong\u00e9e de 42\u00a0% gr\u00e2ce \u00e0 la fermeture herm\u00e9tique assur\u00e9e par le couvercle en bambou, et que l&#039;espace en rayon \u00e9tait r\u00e9duit de 32\u00a0% gr\u00e2ce \u00e0 la forme ronde et compacte des bocaux. Par cons\u00e9quent, le distributeur a d\u00e9cid\u00e9 de passer une commande suppl\u00e9mentaire de 380\u00a0000 bocaux en verre en gros afin de r\u00e9pondre imm\u00e9diatement \u00e0 la forte demande du march\u00e9.<\/p>\n<h2>Suggestions de personnalisation pour les bocaux en verre en vrac<\/h2>\n<ul>\n<li>Joints d&#039;\u00e9tanch\u00e9it\u00e9 en silicone color\u00e9\u00a0: Fournit des joints d&#039;\u00e9tanch\u00e9it\u00e9 int\u00e9rieurs en silicone de qualit\u00e9 alimentaire, color\u00e9s, pour les couvercles, qui peuvent \u00eatre personnalis\u00e9s.<\/li>\n<li>Teinture personnalis\u00e9e du bambou\u00a0: indiquez la couleur exacte (naturelle, fonc\u00e9e, etc.) que vous souhaitez pour le couvercle et la cuill\u00e8re en bambou.<\/li>\n<li>Ic\u00f4nes grav\u00e9es pour indiquer l&#039;usage\u00a0: Apposez de petites ic\u00f4nes pour les \u00e9pices, les c\u00e9r\u00e9ales ou le miel sur l&#039;\u00e9paule du pot afin de rep\u00e9rer facilement l&#039;emplacement de rangement du produit id\u00e9al.<\/li>\n<li>Fond textur\u00e9\u00a0: Le motif quadrill\u00e9 tr\u00e8s discret appliqu\u00e9 au fond du bocal permet une meilleure adh\u00e9rence sur les plans de travail lisses de la cuisine.<\/li>\n<\/ul>","protected":false},"excerpt":{"rendered":"<p dir=\"auto\">D\u00e9couvrez nos bocaux en verre avec couvercles en bambou et cuill\u00e8res assorties \u2013 forme bulbeuse \u00e9l\u00e9gante, verre transparent, clip pour cuill\u00e8re assorti. Mod\u00e8les personnalisables.<\/p>","protected":false},"featured_media":24581,"template":"","meta":[],"product_brand":[],"product_cat":[122,124,137],"product_tag":[],"class_list":{"0":"post-24578","1":"product","2":"type-product","3":"status-publish","4":"has-post-thumbnail","6":"product_cat-custom-glass-packaging","7":"product_cat-custom-glass-jars","8":"product_cat-glass-jars-with-lids","10":"first","11":"instock","12":"shipping-taxable","13":"product-type-simple"},"jetpack_sharing_enabled":true,"_links":{"self":[{"href":"https:\/\/yebodaglass.com\/fr\/wp-json\/wp\/v2\/product\/24578","targetHints":{"allow":["GET"]}}],"collection":[{"href":"https:\/\/yebodaglass.com\/fr\/wp-json\/wp\/v2\/product"}],"about":[{"href":"https:\/\/yebodaglass.com\/fr\/wp-json\/wp\/v2\/types\/product"}],"version-history":[{"count":3,"href":"https:\/\/yebodaglass.com\/fr\/wp-json\/wp\/v2\/product\/24578\/revisions"}],"predecessor-version":[{"id":24585,"href":"https:\/\/yebodaglass.com\/fr\/wp-json\/wp\/v2\/product\/24578\/revisions\/24585"}],"wp:featuredmedia":[{"embeddable":true,"href":"https:\/\/yebodaglass.com\/fr\/wp-json\/wp\/v2\/media\/24581"}],"wp:attachment":[{"href":"https:\/\/yebodaglass.com\/fr\/wp-json\/wp\/v2\/media?parent=24578"}],"wp:term":[{"taxonomy":"product_brand","embeddable":true,"href":"https:\/\/yebodaglass.com\/fr\/wp-json\/wp\/v2\/product_brand?post=24578"},{"taxonomy":"product_cat","embeddable":true,"href":"https:\/\/yebodaglass.com\/fr\/wp-json\/wp\/v2\/product_cat?post=24578"},{"taxonomy":"product_tag","embeddable":true,"href":"https:\/\/yebodaglass.com\/fr\/wp-json\/wp\/v2\/product_tag?post=24578"}],"curies":[{"name":"wp","href":"https:\/\/api.w.org\/{rel}","templated":true}]}}