{"id":24570,"date":"2025-12-24T10:32:19","date_gmt":"2025-12-24T02:32:19","guid":{"rendered":"https:\/\/yebodaglass.com\/?post_type=product&#038;p=24570"},"modified":"2025-12-24T16:47:49","modified_gmt":"2025-12-24T08:47:49","slug":"custom-glass-jar-with-bamboo-lid-for-food-storage-bulk","status":"publish","type":"product","link":"https:\/\/yebodaglass.com\/fr\/custom-glass-jar-with-bamboo-lid-for-food-storage-bulk\/","title":{"rendered":"Bocal en verre sur mesure avec couvercle en bambou pour le stockage des aliments en vrac\u00a0: 450\u00a0ml, 560\u00a0ml, 700\u00a0ml et 950\u00a0ml"},"content":{"rendered":"<p>Finies les gal\u00e8res avec les couvercles en plastique\u00a0! Nous fabriquons des bocaux en verre avec couvercle en bambou, con\u00e7us pour les marques qui recherchent une solution de rangement vraiment pratique. Ces bocaux transforment la gestion quotidienne des stocks en un atout pour votre marque. Les commandes en gros b\u00e9n\u00e9ficient de finitions personnalis\u00e9es \u00e0 votre image.<\/p>\n<h2>Caract\u00e9ristiques du produit<\/h2>\n<p><strong>Joint de couvercle en bambou<\/strong><\/p>\n<p>Pr\u00e9serve la fra\u00eecheur des grains de caf\u00e9 : ni humidit\u00e9, ni odeur, ni stress pour les bocaux de conservation.<\/p>\n<p><strong>Verre r\u00e9sistant \u00e0 la chaleur<\/strong><\/p>\n<p>Supporte le miel chaud, le sirop froid \u2013 aucun choc thermique \u00e0 pr\u00e9voir.<\/p>\n<p><strong>Clart\u00e9 sans faille<\/strong><\/p>\n<p>Admirez chaque grain de gel\u00e9e en verre : vos bocaux de conservation mettent en valeur votre produit.<\/p>\n<h2>Sp\u00e9cifications cl\u00e9s<\/h2>\n<table style=\"border-collapse: collapse; width: 80%; margin-left: auto; margin-right: auto;\" border=\"0\" width=\"360\" cellspacing=\"0\" cellpadding=\"0\">\n<tbody>\n<tr style=\"height: 13.50pt;\">\n<td style=\"height: 13.5pt; width: 54pt; text-align: center;\" width=\"72\" height=\"18\">Capacit\u00e9 (ml)<\/td>\n<td style=\"width: 54pt; text-align: center;\" width=\"72\">Taille (cm)<\/td>\n<td style=\"width: 54pt; text-align: center;\" width=\"72\">Diam\u00e8tre de la bouche<\/td>\n<td style=\"width: 54pt; text-align: center;\" width=\"72\">Mat\u00e9riel<\/td>\n<td style=\"width: 54pt; text-align: center;\" width=\"72\">Couleur<\/td>\n<\/tr>\n<tr style=\"height: 13.50pt;\">\n<td style=\"height: 13.5pt; text-align: center;\" align=\"right\" height=\"18\">450<\/td>\n<td style=\"text-align: center;\">8,5 x 10,0<\/td>\n<td class=\"et2\" style=\"text-align: center;\" rowspan=\"4\">85 mm<\/td>\n<td class=\"et2\" style=\"text-align: center;\" rowspan=\"4\">borosilicate<\/td>\n<td class=\"et2\" style=\"text-align: center;\" rowspan=\"4\">Clair et personnalis\u00e9<\/td>\n<\/tr>\n<tr style=\"height: 13.50pt;\">\n<td style=\"height: 13.5pt; text-align: center;\" align=\"right\" height=\"18\">560<\/td>\n<td style=\"text-align: center;\">8,5 x 12,0<\/td>\n<\/tr>\n<tr style=\"height: 13.50pt;\">\n<td style=\"height: 13.5pt; text-align: center;\" align=\"right\" height=\"18\">700<\/td>\n<td style=\"text-align: center;\">8,5 x 15,0<\/td>\n<\/tr>\n<tr style=\"height: 13.50pt;\">\n<td style=\"height: 13.5pt; text-align: center;\" align=\"right\" height=\"18\">950<\/td>\n<td style=\"text-align: center;\">8,5 x 20,0<\/td>\n<\/tr>\n<\/tbody>\n<\/table>\n<h2>Cas de r\u00e9ussite<\/h2>\n<p>Cette marque est tr\u00e8s soucieuse de l&#039;environnement. Elle a d\u00e9cid\u00e9 de remplacer les contenants en plastique par des bocaux en verre avec couvercle en bambou. La marque pr\u00f4ne le d\u00e9veloppement durable et un aspect naturel. Les couvercles en bambou correspondent parfaitement \u00e0 ses valeurs. Les personnes soucieuses de l&#039;environnement et recherchant des produits de qualit\u00e9 appr\u00e9cieront sans aucun doute cette initiative. La marque a op\u00e9r\u00e9 ce changement pour ses produits, dans le but d&#039;\u00eatre \u00e9coresponsable. Ces bocaux en verre avec couvercles en bambou en sont un \u00e9l\u00e9ment essentiel. Ils t\u00e9moignent de son engagement environnemental et de son souci de la qualit\u00e9.<\/p>\n<p>Apr\u00e8s le lancement du produit par la marque, les ventes ont augment\u00e9 de 20 % en trois mois, et leur gamme de snacks bio a rencontr\u00e9 un franc succ\u00e8s aupr\u00e8s des consommateurs.<\/p>\n<h2>Votre guide de personnalisation<\/h2>\n<ol>\n<li><strong>\u00c9tiquettes personnalis\u00e9es\u00a0: <\/strong>On peut utiliser les bocaux de rangement en verre \u00e0 des fins de branding en y ajoutant simplement des \u00e9tiquettes personnalis\u00e9es, des logos ou tout autre motif qui facilitera la reconnaissance de la marque et permettra \u00e9galement des modifications de design en fonction des exigences du march\u00e9.<\/li>\n<li><strong>Mat\u00e9riau du couvercle : <\/strong>Outre les couvercles en bambou, il est possible d&#039;opter pour d&#039;autres mat\u00e9riaux naturels ou des couvercles en m\u00e9tal afin de r\u00e9pondre aux exigences de la marque. Les couvercles en m\u00e9tal conf\u00e8rent une allure plus moderne et luxueuse, tandis que les couvercles en bambou sont plus \u00e9cologiques.<\/li>\n<li><strong>\u00c9tiquettes de capacit\u00e9\u00a0: <\/strong>Il est possible de personnaliser diff\u00e9rentes \u00e9tiquettes ou graduations de capacit\u00e9 pour diff\u00e9rents usages, par exemple pour mesurer avec pr\u00e9cision la quantit\u00e9 ou le poids des articles stock\u00e9s, rendant ainsi l&#039;exp\u00e9rience utilisateur plus conviviale et pratique.<\/li>\n<\/ol>","protected":false},"excerpt":{"rendered":"<p>Bocal en verre \u00e9l\u00e9gant avec couvercle en bambou, id\u00e9al pour organiser et conserver les aliments. Parfait pour garder la fra\u00eecheur des produits secs. Commandes en gros et \u00e9chantillons gratuits disponibles.<\/p>","protected":false},"featured_media":24577,"template":"","meta":[],"product_brand":[],"product_cat":[122,124,137],"product_tag":[],"class_list":{"0":"post-24570","1":"product","2":"type-product","3":"status-publish","4":"has-post-thumbnail","6":"product_cat-custom-glass-packaging","7":"product_cat-custom-glass-jars","8":"product_cat-glass-jars-with-lids","10":"first","11":"instock","12":"shipping-taxable","13":"product-type-simple"},"jetpack_sharing_enabled":true,"_links":{"self":[{"href":"https:\/\/yebodaglass.com\/fr\/wp-json\/wp\/v2\/product\/24570","targetHints":{"allow":["GET"]}}],"collection":[{"href":"https:\/\/yebodaglass.com\/fr\/wp-json\/wp\/v2\/product"}],"about":[{"href":"https:\/\/yebodaglass.com\/fr\/wp-json\/wp\/v2\/types\/product"}],"version-history":[{"count":4,"href":"https:\/\/yebodaglass.com\/fr\/wp-json\/wp\/v2\/product\/24570\/revisions"}],"predecessor-version":[{"id":24602,"href":"https:\/\/yebodaglass.com\/fr\/wp-json\/wp\/v2\/product\/24570\/revisions\/24602"}],"wp:featuredmedia":[{"embeddable":true,"href":"https:\/\/yebodaglass.com\/fr\/wp-json\/wp\/v2\/media\/24577"}],"wp:attachment":[{"href":"https:\/\/yebodaglass.com\/fr\/wp-json\/wp\/v2\/media?parent=24570"}],"wp:term":[{"taxonomy":"product_brand","embeddable":true,"href":"https:\/\/yebodaglass.com\/fr\/wp-json\/wp\/v2\/product_brand?post=24570"},{"taxonomy":"product_cat","embeddable":true,"href":"https:\/\/yebodaglass.com\/fr\/wp-json\/wp\/v2\/product_cat?post=24570"},{"taxonomy":"product_tag","embeddable":true,"href":"https:\/\/yebodaglass.com\/fr\/wp-json\/wp\/v2\/product_tag?post=24570"}],"curies":[{"name":"wp","href":"https:\/\/api.w.org\/{rel}","templated":true}]}}