{"id":24552,"date":"2025-12-23T15:56:39","date_gmt":"2025-12-23T07:56:39","guid":{"rendered":"https:\/\/yebodaglass.com\/?post_type=product&#038;p=24552"},"modified":"2025-12-24T09:18:02","modified_gmt":"2025-12-24T01:18:02","slug":"empty-unique-glass-jars-with-lids-wholesale","status":"publish","type":"product","link":"https:\/\/yebodaglass.com\/fr\/empty-unique-glass-jars-with-lids-wholesale\/","title":{"rendered":"Bocaux en verre vides uniques de 350 ml \u00e0 950 ml avec couvercles, vente en gros"},"content":{"rendered":"<p data-start=\"66\" data-end=\"288\">Ce sont des bocaux en verre originaux, munis de couvercles eux-m\u00eames munis de leurs propres couvercles\u00a0: ils pr\u00e9sentent une forme trap\u00e9zo\u00efdale inhabituelle, \u00e9troite en haut, plus large en bas et aux angles aigus. Le contenu est parfaitement visible gr\u00e2ce aux couvercles en bambou naturel, l\u00e9gers et faciles \u00e0 manipuler.<\/p>\n<h2>Caract\u00e9ristiques du produit<\/h2>\n<ul>\n<li><strong>Forme trap\u00e9zo\u00efdale \u00e0 multiples facettes :<\/strong> La forme trap\u00e9zo\u00efdale, plus fine en haut et plus large en bas, avec des angles aigus, est non seulement plus stable que les pots cylindriques, mais elle offre \u00e9galement une impression de profondeur visuelle.<\/li>\n<li><strong>Corps transparent :<\/strong> Le corps de ce bocal est fabriqu\u00e9 en verre enti\u00e8rement transparent, ce qui permet de voir clairement son contenu sans ouvrir le couvercle.<\/li>\n<li><strong>Couvercle en bambou :<\/strong> Le couvercle en bambou est un couvercle l\u00e9ger dot\u00e9 d&#039;une couche d&#039;\u00e9tanch\u00e9it\u00e9 int\u00e9rieure, d&#039;un design sobre et d&#039;une excellente \u00e9tanch\u00e9it\u00e9.<\/li>\n<\/ul>\n<h2 style=\"text-align: left;\">Sp\u00e9cifications cl\u00e9s<\/h2>\n<table class=\"aligncenter\" style=\"border-collapse: collapse; width: 459.02pt;\" border=\"0\" width=\"612\" cellspacing=\"0\" cellpadding=\"0\">\n<tbody>\n<tr style=\"height: 13.50pt;\">\n<td style=\"height: 13.50pt; width: 100.50pt;\" width=\"134\" height=\"18\">Sp\u00e9cification<\/td>\n<td style=\"width: 358.50pt;\" width=\"478\">D\u00e9tails<\/td>\n<\/tr>\n<tr style=\"height: 13.50pt;\">\n<td style=\"height: 13.50pt;\" height=\"18\">Capacit\u00e9<\/td>\n<td>350 ml \/ 500 ml \/ 750 ml \/ 950 ml<\/td>\n<\/tr>\n<tr style=\"height: 13.50pt;\">\n<td style=\"height: 13.50pt;\" height=\"18\">Dimensions<\/td>\n<td>10\u00d710,2 cm \/ 11,5\u00d712 cm \/ 12,5\u00d713,7 cm \/ 14\u00d715,2 cm<\/td>\n<\/tr>\n<tr style=\"height: 13.50pt;\">\n<td style=\"height: 13.50pt;\" height=\"18\">Mat\u00e9riel<\/td>\n<td>Verre borosilicat\u00e9 \u00e0 haute teneur en verre<\/td>\n<\/tr>\n<tr style=\"height: 13.50pt;\">\n<td style=\"height: 13.50pt;\" height=\"18\">Pot en forme de bocal<\/td>\n<td>Pyramide tronqu\u00e9e \u00e0 plusieurs facettes (base \u00e9largie)<\/td>\n<\/tr>\n<tr style=\"height: 13.50pt;\">\n<td style=\"height: 13.50pt;\" height=\"18\">Type de couvercle<\/td>\n<td>Couvercle plat en bambou l\u00e9ger avec joint d&#039;\u00e9tanch\u00e9it\u00e9.<\/td>\n<\/tr>\n<tr style=\"height: 13.50pt;\">\n<td style=\"height: 13.50pt;\" height=\"18\">Caract\u00e9ristique du mat\u00e9riau<\/td>\n<td>R\u00e9sistant \u00e0 la chaleur et aux produits chimiques, haute clart\u00e9<\/td>\n<\/tr>\n<tr style=\"height: 13.50pt;\">\n<td style=\"height: 13.50pt;\" height=\"18\">Id\u00e9al pour<\/td>\n<td>Bocaux en verre avec couvercles en gros, bocaux en verre avec couvercles en bois<\/td>\n<\/tr>\n<\/tbody>\n<\/table>\n<h2>Histoire \u00e0 succ\u00e8s<\/h2>\n<p>Une entreprise de th\u00e9 haut de gamme recherchait un emballage \u00e0 la fois esth\u00e9tique et fonctionnel. Elle a choisi nos bocaux en verre de 500 ml, au design unique et munis de couvercles, pour sa nouvelle gamme de th\u00e9s d&#039;origine unique. Fabriqu\u00e9s en verre borosilicate, ces bocaux sont non seulement r\u00e9sistants (avec un taux de casse de seulement 0,2 % pendant le transport), mais leur design \u00e0 multiples facettes met parfaitement en valeur la couleur et la texture du th\u00e9. Ce succ\u00e8s a entra\u00een\u00e9 une augmentation de 70 % des partages de produits sur les r\u00e9seaux sociaux. Face \u00e0 cet engouement, l&#039;entreprise a command\u00e9 200\u00a0000 bocaux suppl\u00e9mentaires pour une promotion internationale.<\/p>\n<h2>Options de personnalisation des bocaux et couvercles en verre (vente en gros)<\/h2>\n<ul>\n<li>Couvercles promotionnels pour bocaux en bambou\u00a0: vous pouvez d\u00e9sormais opter pour un couvercle de bocal en bambou monobloc avec logos grav\u00e9s au laser.<\/li>\n<li>Frost, d\u00e9cidez d&#039;appliquer une finition givr\u00e9e sur les facettes altern\u00e9es du corps du pot afin de cr\u00e9er des jeux d&#039;ombre et de lumi\u00e8re saisissants.<\/li>\n<li>Motifs g\u00e9om\u00e9triques s\u00e9rigraphi\u00e9s \u2013 Motifs qui reprennent les angles du corps du pot sur une ou deux surfaces.<\/li>\n<li>\u00c9l\u00e9ments d\u00e9coratifs en vitrail \u2013 Ceux-ci peuvent \u00eatre utilis\u00e9s sur certaines facettes (par exemple la fa\u00e7ade) avec du verre color\u00e9 pour cr\u00e9er un contraste.<\/li>\n<\/ul>","protected":false},"excerpt":{"rendered":"<p dir=\"auto\">D\u00e9couvrez notre gamme de bocaux et couvercles en verre en gros, incluant des bocaux uniques avec couvercles trap\u00e9zo\u00efdaux \u00e0 facettes, en verre borosilicate de haute qualit\u00e9 et couvercles en bambou. Livraison rapide.<\/p>","protected":false},"featured_media":24554,"template":"","meta":[],"product_brand":[],"product_cat":[122,124,137],"product_tag":[],"class_list":{"0":"post-24552","1":"product","2":"type-product","3":"status-publish","4":"has-post-thumbnail","6":"product_cat-custom-glass-packaging","7":"product_cat-custom-glass-jars","8":"product_cat-glass-jars-with-lids","10":"first","11":"instock","12":"shipping-taxable","13":"product-type-simple"},"jetpack_sharing_enabled":true,"_links":{"self":[{"href":"https:\/\/yebodaglass.com\/fr\/wp-json\/wp\/v2\/product\/24552","targetHints":{"allow":["GET"]}}],"collection":[{"href":"https:\/\/yebodaglass.com\/fr\/wp-json\/wp\/v2\/product"}],"about":[{"href":"https:\/\/yebodaglass.com\/fr\/wp-json\/wp\/v2\/types\/product"}],"version-history":[{"count":3,"href":"https:\/\/yebodaglass.com\/fr\/wp-json\/wp\/v2\/product\/24552\/revisions"}],"predecessor-version":[{"id":24568,"href":"https:\/\/yebodaglass.com\/fr\/wp-json\/wp\/v2\/product\/24552\/revisions\/24568"}],"wp:featuredmedia":[{"embeddable":true,"href":"https:\/\/yebodaglass.com\/fr\/wp-json\/wp\/v2\/media\/24554"}],"wp:attachment":[{"href":"https:\/\/yebodaglass.com\/fr\/wp-json\/wp\/v2\/media?parent=24552"}],"wp:term":[{"taxonomy":"product_brand","embeddable":true,"href":"https:\/\/yebodaglass.com\/fr\/wp-json\/wp\/v2\/product_brand?post=24552"},{"taxonomy":"product_cat","embeddable":true,"href":"https:\/\/yebodaglass.com\/fr\/wp-json\/wp\/v2\/product_cat?post=24552"},{"taxonomy":"product_tag","embeddable":true,"href":"https:\/\/yebodaglass.com\/fr\/wp-json\/wp\/v2\/product_tag?post=24552"}],"curies":[{"name":"wp","href":"https:\/\/api.w.org\/{rel}","templated":true}]}}