{"id":24543,"date":"2025-12-23T15:34:26","date_gmt":"2025-12-23T07:34:26","guid":{"rendered":"https:\/\/yebodaglass.com\/?post_type=product&#038;p=24543"},"modified":"2026-04-10T16:06:08","modified_gmt":"2026-04-10T08:06:08","slug":"wide-mouth-glass-jars-with-stainless-steel-lids-bulk","status":"publish","type":"product","link":"https:\/\/yebodaglass.com\/fr\/wide-mouth-glass-jars-with-stainless-steel-lids-bulk\/","title":{"rendered":"Bocaux en verre \u00e0 large ouverture de 600 ml, 1000 ml et 1200 ml avec couvercles en acier inoxydable (vente en gros)"},"content":{"rendered":"<p>Ces bocaux en verre \u00e0 large ouverture affichent un style moderne gr\u00e2ce \u00e0 leur forme cylindrique et \u00e0 l&#039;utilisation de verre borosilicate ultra-transparent. Le couvercle en acier inoxydable et le joint en silicone de qualit\u00e9 alimentaire assurent une \u00e9tanch\u00e9it\u00e9 parfaite \u00e0 l&#039;air et \u00e0 l&#039;humidit\u00e9.<\/p>\n<h2>Caract\u00e9ristiques du produit<\/h2>\n<ul>\n<li><strong>Verre borosilicate transparent comme du cristal\u00a0:<\/strong> Le verre borosilicat\u00e9 conserve son aspect transparent tandis que ses propri\u00e9t\u00e9s durables et sa facilit\u00e9 de nettoyage lui permettent de r\u00e9sister aux chocs thermiques.<\/li>\n<li><strong>Couvercle scell\u00e9 en acier inoxydable :<\/strong> Le couvercle scell\u00e9 en acier inoxydable cr\u00e9e une barri\u00e8re herm\u00e9tique et s\u00fbre pour les aliments gr\u00e2ce \u00e0 son bouchon \u00e0 vis en acier inoxydable et son joint en silicone int\u00e9gr\u00e9.<\/li>\n<li><strong>Conception cylindrique \u00e0 parois droites\u00a0:<\/strong> La conception cylindrique simple \u00e0 parois droites permet aux utilisateurs d&#039;empiler les objets en toute s\u00e9curit\u00e9 gr\u00e2ce \u00e0 une capacit\u00e9 de stockage maximale.<\/li>\n<\/ul>\n<h2>Sp\u00e9cifications cl\u00e9s<\/h2>\n<table style=\"border-collapse: collapse; width: 80%; margin-left: auto; margin-right: auto;\" border=\"0\" width=\"360\" cellspacing=\"0\" cellpadding=\"0\">\n<tbody>\n<tr style=\"height: 13.50pt;\">\n<td style=\"height: 13.5pt; width: 54pt; text-align: center;\" width=\"72\" height=\"18\">Capacit\u00e9 (ml)<\/td>\n<td style=\"width: 54pt; text-align: center;\" width=\"72\">Taille (cm)<\/td>\n<td style=\"width: 54pt; text-align: center;\" width=\"72\">Diam\u00e8tre de la bouche<\/td>\n<td style=\"width: 54pt; text-align: center;\" width=\"72\">Mat\u00e9riel<\/td>\n<td style=\"width: 54pt; text-align: center;\" width=\"72\">Forme<\/td>\n<\/tr>\n<tr style=\"height: 13.50pt;\">\n<td style=\"height: 13.5pt; text-align: center;\" align=\"right\" height=\"18\">600<\/td>\n<td style=\"text-align: center;\">9.5&#215;10.0<\/td>\n<td class=\"et2\" style=\"text-align: center;\" rowspan=\"3\">95 mm<\/td>\n<td class=\"et2\" style=\"text-align: center;\" rowspan=\"3\">borosilicate<\/td>\n<td class=\"et2\" style=\"text-align: center;\" rowspan=\"3\">Rond droit \u2013 c\u00f4t\u00e9<\/td>\n<\/tr>\n<tr style=\"height: 13.50pt;\">\n<td style=\"height: 13.5pt; text-align: center;\" align=\"right\" height=\"18\">1000<\/td>\n<td style=\"text-align: center;\">9.5&#215;15.0<\/td>\n<\/tr>\n<tr style=\"height: 13.50pt;\">\n<td style=\"height: 13.5pt; text-align: center;\" align=\"right\" height=\"18\">1200<\/td>\n<td style=\"text-align: center;\">9.5&#215;20.0<\/td>\n<\/tr>\n<\/tbody>\n<\/table>\n<h2>Cas de r\u00e9ussite<\/h2>\n<p>Une cha\u00eene de supermarch\u00e9s am\u00e9ricaine a choisi nos bocaux de conservation de 950 ml (32 onces) et a personnalis\u00e9 les graduations et les couvercles de diff\u00e9rentes couleurs pour distinguer les cat\u00e9gories de produits. L&#039;excellente \u00e9tanch\u00e9it\u00e9 a permis de pr\u00e9server la fra\u00eecheur des aliments, r\u00e9duisant ainsi le gaspillage de 45 %, tandis que la transparence du verre et les graduations ont augment\u00e9 les ventes de produits en vrac de 28 %. Le syst\u00e8me de vente en vrac de cette cha\u00eene de supermarch\u00e9s a rencontr\u00e9 un tel succ\u00e8s qu&#039;elle a pass\u00e9 une commande suppl\u00e9mentaire de 380\u00a0000 bocaux en verre pour sa nouvelle gamme de produits d&#039;\u00e9picerie pr\u00e9emball\u00e9s et ses box par abonnement en ligne.<\/p>\n<h2>Les bocaux en verre \u00e0 large ouverture offrent de multiples options de personnalisation.<\/h2>\n<ul>\n<li>Finitions des couvercles\u00a0: Les options disponibles comprennent l\u2019acier inoxydable, le noir, le cuivre et diverses finitions en \u00e9mail color\u00e9.<\/li>\n<li>S\u00e9rigraphie : La surface en verre permet aux utilisateurs d&#039;imprimer des lignes d&#039;\u00e9chelle, des guides de contenu et des motifs d\u00e9coratifs.<\/li>\n<li>Accessoires : Les accessoires proposent une combinaison de cuill\u00e8res, d&#039;\u00e9tiquettes et de couvercles en bois personnalis\u00e9s pour cr\u00e9er diverses options de design.<\/li>\n<\/ul>","protected":false},"excerpt":{"rendered":"<p>Vente directe d&#039;usine de bocaux en verre \u00e0 large ouverture avec couvercles en acier inoxydable, parfaits pour conserver les fruits, les c\u00e9r\u00e9ales, etc. Ces bocaux alimentaires sont personnalisables.<\/p>","protected":false},"featured_media":24550,"template":"","meta":[],"product_brand":[],"product_cat":[137,124,122],"product_tag":[],"class_list":{"0":"post-24543","1":"product","2":"type-product","3":"status-publish","4":"has-post-thumbnail","6":"product_cat-glass-jars-with-lids","7":"product_cat-custom-glass-jars","8":"product_cat-custom-glass-packaging","10":"first","11":"instock","12":"shipping-taxable","13":"product-type-simple"},"jetpack_sharing_enabled":true,"_links":{"self":[{"href":"https:\/\/yebodaglass.com\/fr\/wp-json\/wp\/v2\/product\/24543","targetHints":{"allow":["GET"]}}],"collection":[{"href":"https:\/\/yebodaglass.com\/fr\/wp-json\/wp\/v2\/product"}],"about":[{"href":"https:\/\/yebodaglass.com\/fr\/wp-json\/wp\/v2\/types\/product"}],"version-history":[{"count":5,"href":"https:\/\/yebodaglass.com\/fr\/wp-json\/wp\/v2\/product\/24543\/revisions"}],"predecessor-version":[{"id":25747,"href":"https:\/\/yebodaglass.com\/fr\/wp-json\/wp\/v2\/product\/24543\/revisions\/25747"}],"wp:featuredmedia":[{"embeddable":true,"href":"https:\/\/yebodaglass.com\/fr\/wp-json\/wp\/v2\/media\/24550"}],"wp:attachment":[{"href":"https:\/\/yebodaglass.com\/fr\/wp-json\/wp\/v2\/media?parent=24543"}],"wp:term":[{"taxonomy":"product_brand","embeddable":true,"href":"https:\/\/yebodaglass.com\/fr\/wp-json\/wp\/v2\/product_brand?post=24543"},{"taxonomy":"product_cat","embeddable":true,"href":"https:\/\/yebodaglass.com\/fr\/wp-json\/wp\/v2\/product_cat?post=24543"},{"taxonomy":"product_tag","embeddable":true,"href":"https:\/\/yebodaglass.com\/fr\/wp-json\/wp\/v2\/product_tag?post=24543"}],"curies":[{"name":"wp","href":"https:\/\/api.w.org\/{rel}","templated":true}]}}